{"id":121622,"date":"2026-01-16T10:34:00","date_gmt":"2026-01-16T10:34:00","guid":{"rendered":"https:\/\/www.star-ts.com\/chinese-translation\/"},"modified":"2026-01-16T10:34:31","modified_gmt":"2026-01-16T10:34:31","slug":"chinese-translation","status":"publish","type":"page","link":"https:\/\/www.star-ts.com\/ga\/chinese-translation\/","title":{"rendered":"Seirbh\u00eds\u00ed Aistri\u00fach\u00e1in na S\u00edne"},"content":{"rendered":"<div id='full_slider_1'  class='avia-fullwidth-slider main_color avia-shadow av-small-hide av-mini-hide  avia-builder-el-0  el_before_av_one_full  avia-builder-el-first   container_wrap sidebar_right'  ><div  class='avia-slideshow av-rwpzv1-82e281e97c25d7a532516b2b1adb0033 avia-slideshow-featured av_slideshow_full avia-slide-slider av-small-hide av-mini-hide av-slideshow-ui av-control-default av-slideshow-manual av-loop-once av-loop-manual-endless av-default-height-applied   avia-slideshow-1' data-slideshow-options=\"{&quot;animation&quot;:&quot;slide&quot;,&quot;autoplay&quot;:false,&quot;loop_autoplay&quot;:&quot;once&quot;,&quot;interval&quot;:5,&quot;loop_manual&quot;:&quot;manual-endless&quot;,&quot;autoplay_stopper&quot;:false,&quot;noNavigation&quot;:false,&quot;bg_slider&quot;:false,&quot;keep_padding&quot;:false,&quot;hoverpause&quot;:false,&quot;show_slide_delay&quot;:0}\"  itemprop=\"image\" itemscope=\"itemscope\" itemtype=\"https:\/\/schema.org\/ImageObject\" ><ul class='avia-slideshow-inner ' style='padding-bottom: 33.59375%;'><li  class='avia-slideshow-slide av-rwpzv1-82e281e97c25d7a532516b2b1adb0033__0  av-single-slide slide-1 slide-odd'><div data-rel='slideshow-1' class='avia-slide-wrap '   ><div class='av-slideshow-caption av-rwpzv1-82e281e97c25d7a532516b2b1adb0033__0 caption_fullwidth caption_center caption_center_framed caption_framed'><div class=\"container caption_container\"><div class=\"slideshow_caption\"><div class=\"slideshow_inner_caption\"><div class=\"slideshow_align_caption\"><h2 class='avia-caption-title '  itemprop=\"name\" >Aistri\u00fach\u00e1n S\u00edneach<\/h2><div class='avia-caption-content '  itemprop=\"description\" ><p>Aistri\u00fa go S\u00ednis Traidisi\u00fanta agus S\u00ednis Simplithe araon<\/p>\n<\/div><\/div><\/div><\/div><\/div><\/div><img decoding=\"async\" fetchpriority=\"high\" class=\"wp-image-54385 avia-img-lazy-loading-not-54385\"  src=\"https:\/\/www.star-ts.com\/wp-content\/uploads\/2018\/07\/byodo-in-temple-314555_1280-1280x430.jpg\" width=\"1280\" height=\"430\" title='byodo-in-temple-314555_1280' alt=''  itemprop=\"thumbnailUrl\"   \/><\/div><\/li><\/ul><\/div><\/div><div id='after_full_slider_1'  class='main_color av_default_container_wrap container_wrap sidebar_right'  ><div class='container av-section-cont-open' ><div class='template-page content  av-content-small alpha units'><div class='post-entry post-entry-type-page post-entry-121622'><div class='entry-content-wrapper clearfix'>\n<div  class='flex_column av-laaj8d-0cd48a6fe1a7464398ed74cf7145a3da av_one_full  avia-builder-el-1  el_after_av_slideshow_full  el_before_av_two_third  avia-builder-el-first  first flex_column_div  '     ><section  class='av_textblock_section av-il5g65-82e5c9c24e566ec55ffa7d2090571033 '   itemscope=\"itemscope\" itemtype=\"https:\/\/schema.org\/CreativeWork\" ><div class='avia_textblock'  itemprop=\"text\" ><h1>Seirbh\u00eds\u00ed Aistri\u00fach\u00e1in na S\u00edne<\/h1>\n<h3>Malairt\u00ed S\u00edneacha<\/h3>\n<table>\n<tbody>\n<tr>\n<th>T\u00edr | R\u00e9igi\u00fan<\/th>\n<th>Teanga Labhartha<\/th>\n<th>Teanga Aistrithe<\/th>\n<\/tr>\n<tr>\n<td>M\u00f3rth\u00edr na S\u00edne<\/td>\n<td>Mandair\u00ednis<\/td>\n<td>S\u00ednis Shimplithe<\/td>\n<\/tr>\n<tr>\n<td>Taiwan<\/td>\n<td>Mandair\u00ednis<\/td>\n<td>S\u00ednis Thraidisi\u00fanta<\/td>\n<\/tr>\n<tr>\n<td>Hong Cong<\/td>\n<td>Cantainis<\/td>\n<td>S\u00ednis Thraidisi\u00fanta<\/td>\n<\/tr>\n<tr>\n<td>Singeap\u00f3r<\/td>\n<td>Mandair\u00ednis<\/td>\n<td>S\u00ednis Shimplithe<\/td>\n<\/tr>\n<\/tbody>\n<\/table>\n<\/div><\/section><\/div>\n<p><div  class='flex_column av-hzvf0d-40028465099509570f05831af325f2d9 av_two_third  avia-builder-el-3  el_after_av_one_full  el_before_av_one_third  first flex_column_div  column-top-margin'     ><section  class='av_textblock_section av-ftpmpp-35de4113e9ebb8d319adc981071fa552 '   itemscope=\"itemscope\" itemtype=\"https:\/\/schema.org\/CreativeWork\" ><div class='avia_textblock'  itemprop=\"text\" ><h3>Aistritheoir\u00ed S\u00edneacha<\/h3>\n<p>T\u00e1 taith\u00ed fhairsing ag STAR in aistri\u00fach\u00e1n S\u00ednise. T\u00e1 oifig\u00ed againn i Shanghai, Beijing agus Taipei. Aistr\u00edonn \u00e1r bhfoirne l\u00e1mhleabhair, l\u00e1ithre\u00e1in ghr\u00e9as\u00e1in agus \u00e1bhar marga\u00edochta chun cabhr\u00fa le d\u00edolach\u00e1in idirn\u00e1isi\u00fanta sa tS\u00edn agus sa T\u00e9av\u00e1in. T\u00e1imid <a href=\"https:\/\/www.star-ts.com\/ga\/ceisteanna-coitianta\/cad-e-deimhniu-iso-9001\/\">ISO 9001<\/a> agus <a href=\"https:\/\/www.star-ts.com\/ga\/ceisteanna-coitianta\/cad-e-deimhniu-iso-17100\/\">ISO 17100<\/a> c\u00e1il\u00edochta deimhnithe.<\/p>\n<p>M\u00e1 t\u00e1 t\u00fa ag lorg <strong>seirbh\u00eds\u00ed gairmi\u00fala aistri\u00fach\u00e1in S\u00ednise<\/strong>, cuirimid <strong>aistri\u00fach\u00e1in S\u00ednise ardchaighde\u00e1in<\/strong> ar f\u00e1il at\u00e1 saindeartha do do riachtanais. Seachadann \u00e1r bhfoireann aistritheoir\u00ed saineolacha aistri\u00fach\u00e1in S\u00ednise i bhform\u00e1id comhaid ar bith beagnach, ag cinnti\u00fa go nd\u00e9antar d\u2019\u00e1bhar a chumars\u00e1id go cruinn agus go h\u00e9ifeachtach. <\/p>\n<p>Speisialt\u00f3ireacht againn i ndoicim\u00e9id a aistri\u00fa ag \u00fas\u00e1id bogearra\u00ed ceannr\u00f3da\u00edocha tionscail ar n\u00f3s <strong>QuarkXPress<\/strong>, <strong>Adobe InDesign<\/strong>, <strong>FrameMaker<\/strong>, <strong>HTML<\/strong>, <strong>XML<\/strong>, <strong>AutoCAD DXF<\/strong>, <strong>Microsoft PowerPoint<\/strong>, <strong>Excel<\/strong>, agus <strong>Word<\/strong>. T\u00e1 \u00e1r n-aistritheoir\u00ed oilte ar dhoicim\u00e9id theicni\u00fala chasta, \u00e1bhair mharga\u00edochta agus cumars\u00e1id ghn\u00f3 a l\u00e1imhse\u00e1il, ag cinnti\u00fa go gcuirtear do theachtaireacht in i\u00fal le cruinneas agus le h\u00e1bharthacht chult\u00fartha. <\/p>\n<p>S\u00edneann \u00e1r seirbh\u00eds\u00ed n\u00edos faide n\u00e1 aistri\u00fach\u00e1n simpl\u00ed. Cuirimid <strong>r\u00e9itigh chuimsitheacha log\u00e1naithe<\/strong> ar f\u00e1il chun d\u2019\u00e1bhar a oiri\u00fan\u00fa do mhargadh na S\u00edne, ag cur san \u00e1ireamh nuances teanga agus difr\u00edochta\u00ed cult\u00fartha. Cinnt\u00edonn s\u00e9 seo go n-athshonra\u00edonn d\u2019\u00e1bhair le do spriocghr\u00fapa agus go mbaineann siad an tionchar inmhianaithe amach.  <\/p>\n<p>Ina theannta sin, t\u00e1 \u00e1r bhfoireann feistithe chun tionscadail mh\u00f3rsc\u00e1la a bhainisti\u00fa le spriocdh\u00e1ta\u00ed daingean, ag sol\u00e1thar seirbh\u00eds \u00e9ifeachtach agus iontaofa gan cur isteach ar ch\u00e1il\u00edocht. Tuigimid a th\u00e1bhachta\u00ed at\u00e1 cumars\u00e1id shoil\u00e9ir chruinn sa ghn\u00f3, agus t\u00e1imid tiomanta cabhr\u00fa leat chun rath a bhaint amach i margadh na S\u00edne. <\/p>\n<p>Cib\u00e9 an bhfuil aistri\u00fach\u00e1in uait le haghaidh <strong>l\u00e1mhleabhair theicni\u00fala<\/strong>, <strong>br\u00f3isi\u00fair mharga\u00edochta<\/strong>, <strong>l\u00e1ithre\u00e1in ghr\u00e9as\u00e1in<\/strong>, n\u00f3 <strong>l\u00e1ithreoireachta\u00ed gn\u00f3<\/strong>, t\u00e1 an saineolas againn chun tortha\u00ed eisceacht\u00fala a shol\u00e1thar. Iontaobhas orainn <strong>seirbh\u00eds\u00ed gairmi\u00fala aistri\u00fach\u00e1in S\u00ednise<\/strong> a shol\u00e1thar a chomhl\u00edonann do riachtanais shonracha agus a chabhra\u00edonn leat do spriocanna a bhaint amach.<\/p>\n<\/div><\/section><\/div>\n<style type=\"text\/css\" data-created_by=\"avia_inline_auto\" id=\"style-css-av-e8p5tp-1b5f7101e3deaeb4ff68ed270f1f88ee\">\n.flex_column.av-e8p5tp-1b5f7101e3deaeb4ff68ed270f1f88ee{\nborder-radius:0px 0px 0px 0px;\npadding:0px 0px 0px 0px;\n}\n<\/style>\n<div  class='flex_column av-e8p5tp-1b5f7101e3deaeb4ff68ed270f1f88ee av_one_third  avia-builder-el-5  el_after_av_two_third  el_before_av_one_full  flex_column_div av-zero-column-padding  column-top-margin'     ><section  class='av_textblock_section av-cndz4t-4182919ebf4c871530c7c75a2f3f3f32 '   itemscope=\"itemscope\" itemtype=\"https:\/\/schema.org\/CreativeWork\" ><div class='avia_textblock'  itemprop=\"text\" ><h4>Seirbh\u00eds\u00ed aistri\u00fach\u00e1in<\/h4>\n<ul>\n<li><a href=\"https:\/\/www.star-ts.com\/translation-services\/documents\/health-and-safety\/\">L\u00e1mhleabhair sl\u00e1inte agus s\u00e1bh\u00e1ilteachta<\/a><\/li>\n<li><a href=\"https:\/\/www.star-ts.com\/translation-services\/documents\/employee-handbooks\/\">L\u00e1mhleabhar fostaithe<\/a><\/li>\n<li><a href=\"https:\/\/www.star-ts.com\/ga\/seirbhisi-aistriuchain\/seirbhisi-aistriuchain-i-dtionscal-na-ngluaistean-teicniuil\/\">Doicim\u00e9id uathghluaisneacha<\/a><\/li>\n<li><a href=\"https:\/\/www.star-ts.com\/ga\/seirbhisi-aistriuchain\/aistriu-doicimead\/\">L\u00e1mhleabhair oibreora agus \u00fas\u00e1ideora<\/a><\/li>\n<li><a href=\"https:\/\/www.star-ts.com\/translation-services\/government-translation-services\/\">Tuarasc\u00e1lacha bliant\u00fala<\/a><\/li>\n<li><a href=\"https:\/\/www.star-ts.com\/marketing-services\/\">Marga\u00edocht l\u00e1ithre\u00e1n gr\u00e9as\u00e1in<\/a><\/li>\n<\/ul>\n<\/div><\/section><\/div><\/p>\n<div  class='flex_column av-bjxkvh-8b98ce13fbf40d4d2900a26165209f6f av_one_full  avia-builder-el-7  el_after_av_one_third  el_before_av_section  avia-builder-el-last  first flex_column_div  column-top-margin'     ><section  class='av_textblock_section av-8sawi5-d176b14aa96ca6de3499a95863db8464 '   itemscope=\"itemscope\" itemtype=\"https:\/\/schema.org\/CreativeWork\" ><div class='avia_textblock'  itemprop=\"text\" ><h3>S\u00ednis shimplithe n\u00f3 S\u00ednis Thraidisi\u00fanta?<\/h3>\n<p>An raibh a fhios agat go bhfuil n\u00edos m\u00f3 n\u00e1 can\u00faint S\u00edneach amh\u00e1in ann? C\u00e9n ceann a theasta\u00edonn uait le haghaidh do ghn\u00f3? <\/p>\n<p>Is minic a iarrtar <strong>aistri\u00fach\u00e1n Mandair\u00ednise<\/strong> n\u00f3 <strong>aistri\u00fach\u00e1n Cantonese orainn;<\/strong> mar sin f\u00e9in, tugtar Mandair\u00ednis na S\u00edne ar na teangacha oifigi\u00fala labhartha i bPoblacht na S\u00edne (an T\u00e9av\u00e1in, pr\u00edomhchathair: Taipei) agus Daon-Phoblacht na S\u00edne (M\u00f3rth\u00edr na S\u00edne).<\/p>\n<p>C\u00e9n leagan den tS\u00ednis at\u00e1 uait?<\/p>\n<p>N\u00ed thagra\u00edonn an t\u00e9arma Mandair\u00ednis ach do Sh\u00edneach labhartha caighde\u00e1nach, at\u00e1 mar an gc\u00e9anna agus intuigthe go frithph\u00e1irteach sa T\u00e9av\u00e1in agus i M\u00f3rth\u00edr na S\u00edne. C\u00e9 go bhfuil scripteanna \u00e9ags\u00fala a \u00fas\u00e1idtear i gceantair \u00e9ags\u00fala i M\u00f3rcheantar <em>na S\u00edne<\/em>. <\/p>\n<p><strong>Is \u00ed an<\/strong> tS\u00ednis Thraidisi\u00fanta an script a \u00fas\u00e1idtear sa T\u00e9av\u00e1in agus i Hong Cong, ach \u00fas\u00e1ideann M\u00f3rth\u00edr na S\u00edne agus Singeap\u00f3r <strong>S\u00ednis Simplithe<\/strong>.<\/p>\n<h4>Cl\u00f3fhoirne S\u00edneacha<\/h4>\n<p>Scr\u00edobhtar teangacha S\u00edneacha ag baint \u00fas\u00e1ide as id\u00e9agrafa\u00ed Han. M\u00e1 t\u00e1 t\u00fa ag forbairt t\u00e1irge do mhargadh na S\u00edne, n\u00ed m\u00f3r duit cinneadh a dh\u00e9anamh ar an gcl\u00f3 is fearr le h\u00fas\u00e1id i do dhoicim\u00e9id. Mar riail ghinear\u00e1lta, molaimid <em>SimSun<\/em>a \u00fas\u00e1id. Is malairt \u00e9 seo ar an gcl\u00f3 Arial agus t\u00e1 s\u00e9 comhl\u00edontach unicode.   <\/p>\n<figure><a href=\"http:\/\/www.star-ts.com\/download\/cta\/star-chinese-web.pdf\"><img decoding=\"async\" src=\"https:\/\/www.star-ts.com\/wp-content\/uploads\/2014\/07\/china-cta-land.png\" alt=\"Chinese Web design, Chinese translation services\" width=\"194\" height=\"198\"\/><\/a><\/figure>\n<h4>Cad \u00e9 an cl\u00f3 S\u00edneach is fearr le h\u00fas\u00e1id ar do l\u00e1ithre\u00e1n gr\u00e9as\u00e1in?<\/h4>\n<p>\u00cdosl\u00f3d\u00e1il \u00e1r r-leabhar saor in aisce ar <a href=\"http:\/\/www.star-ts.com\/download\/cta\/star-chinese-web.pdf\">Barr 10 Leideanna do Dhearadh Gr\u00e9as\u00e1in na S\u00edne<\/a> don fhreagra agus leideanna suimi\u00fala eile. Scr\u00edofa ag \u00e1r bhfoireann, cabhr\u00f3idh an r\u00edomhleabhar seo le do ch\u00e9ad tionscadal l\u00e1ithre\u00e1n gr\u00e9as\u00e1in S\u00edneach eile a dh\u00e9anamh rath\u00fail.<\/p>\n<p>Is minic a itear orainn ag custaim\u00e9ir\u00ed an f\u00e9idir linn comhairle a chur orthu maidir le t\u00e1irg\u00ed a foinsi\u00fa \u00f3n tS\u00edn; scr\u00edobhamar alt ar an \u00e1bhar foinsithe \u00f3n tS\u00edn ar \u00e1r mblag.<\/p>\n<\/div><\/section><br \/>\n<section  class='av_textblock_section av-8sawi5-2-5028b60957f11a11a4cde1935587e727 '   itemscope=\"itemscope\" itemtype=\"https:\/\/schema.org\/CreativeWork\" ><div class='avia_textblock'  itemprop=\"text\" ><h3>Cad is S\u00ednis simplithe ann?<\/h3>\n<p>Is \u00ed an tS\u00ednis shimplithe an fhoirm scr\u00edofa den tS\u00ednis a \u00fas\u00e1idtear i M\u00f3rth\u00edr na S\u00edne agus i Singeap\u00f3r.<\/p>\n<p>T\u00e1 an tacar carachtar simplithe in \u00fas\u00e1id ag Daingin na S\u00edne \u00f3 thart ar 1950. Th\u00e1inig an tacar \u00f3 na carachtair thraidisi\u00fanta n\u00edos deacra S\u00edneacha agus laghdaigh s\u00e9 castacht agus l\u00edon na str\u00f3canna d&#8217;fhonn litearthacht sa t\u00edr a fheabhs\u00fa. <\/p>\n<p>T\u00e1 os cionn 50,000 carachtar san aib\u00edtir Sh\u00edneach. N\u00ed m\u00f3r don ghn\u00e1thdhn\u00e1 dhuine a thuiscint idir siombail\u00ed 2000 agus 3000 a bheith in ann an nuacht\u00e1n laeth\u00fail a l\u00e9amh. <\/p>\n<h3>Cad is S\u00ednis Thraidisi\u00fanta ann?<\/h3>\n<p>Is \u00ed an tS\u00ednis Thraidisi\u00fanta an fhoirm scr\u00edofa de na S\u00ednigh a \u00fas\u00e1idtear i Hong Cong agus sa T\u00e9av\u00e1in. Taitn\u00edonn na carachtair thraidisi\u00fanta S\u00edneacha siar n\u00edos m\u00f3 n\u00e1 3,000 bliain &#8211; ina bhfoirm luath, \u00fas\u00e1ideadh iad 1200 B.C. agus th\u00e1inig siad chun cinn thar na c\u00e9adta bliain ina n-uir\u00edll nua-aimseartha a \u00fas\u00e1ideadh, n\u00edos m\u00f3 n\u00f3 n\u00edos l\u00fa gan athr\u00fa, le haghaidh 2000 bliain. <\/p>\n<h3>Cad is Unicode ann?<\/h3>\n<p>Forbra\u00edodh Unicode chun cur ar chumas c\u00f3rais r\u00edomhaireachta tacair charachtair idirn\u00e1isi\u00fanta ar n\u00f3s na S\u00edne a thaispe\u00e1int. Is \u00e9 Unicode an c\u00f3ras c\u00f3daithe is fearr chun tacair charachtair idirn\u00e1isi\u00fanta a thaispe\u00e1int i bhformh\u00f3r na dteangacha. T\u00e1 s\u00e9 seo glactha ag c\u00f3ras ar n\u00f3s Adobe InDesign, mar shampla, chun t\u00e1irgeadh doicim\u00e9ad ilteangach a chumas\u00fa.<\/p>\n<\/div><\/section><br \/>\n<section  class='av_textblock_section av-8sawi5-1-67e5a3909cdae81eaac8c7ae7334934e '   itemscope=\"itemscope\" itemtype=\"https:\/\/schema.org\/CreativeWork\" ><div class='avia_textblock'  itemprop=\"text\" ><h3>Comhl\u00edonadh Dl\u00edthi\u00fail F\u00f3gra\u00edochta na S\u00edne<\/h3>\n<p>An raibh a fhios agat go bhfuil dl\u00ed f\u00f3gra\u00edochta na S\u00edne ag cur isteach ar \u00fas\u00e1id focal \u00e1irithe? Cuireann s\u00e9 cosc ar roinnt superlatives i gcoitinne. <\/p>\n<p>Is f\u00e9idir len\u00e1r bhfoirne athbhreithni\u00fa a dh\u00e9anamh ar d&#8217;\u00e1bhar marga\u00edochta agus d\u00edolach\u00e1in chun comhairle a thabhairt maidir leis an mbealach is fearr chun na caighde\u00e1in dhl\u00edthi\u00fala a chomhl\u00edonadh.<\/p>\n<\/div><\/section><\/p><\/div>\n<\/div><\/div><\/div><!-- close content main div --><\/div><\/div>\n<style type=\"text\/css\" data-created_by=\"avia_inline_auto\" id=\"style-css-av-k0gx2157-307699bb8bdeb8c22c0065ee0c218e70\">\n.avia-section.av-k0gx2157-307699bb8bdeb8c22c0065ee0c218e70{\nbackground-color:#ff7f27;\nbackground-image:unset;\n}\n<\/style>\n<div id='av_section_1'  class='avia-section av-k0gx2157-307699bb8bdeb8c22c0065ee0c218e70 main_color avia-section-default avia-no-border-styling  avia-builder-el-11  el_after_av_one_full  avia-builder-el-last  avia-bg-style-scroll container_wrap sidebar_right'  ><div class='container av-section-cont-open' ><div class='template-page content  av-content-small alpha units'><div class='post-entry post-entry-type-page post-entry-121622'><div class='entry-content-wrapper clearfix'>\n<section  class='av_textblock_section av-zffpn-9b19d1d65eda350fe1fbef528189f03e '   itemscope=\"itemscope\" itemtype=\"https:\/\/schema.org\/CreativeWork\" ><div class='avia_textblock'  itemprop=\"text\" ><h2><span style=\"color: #ffffff;\">Tosaigh Anois<\/span><\/h2>\n<div  class='avia-button-wrap av-aaau3-f46fb9f92b884aff202e721aa3a6206c-wrap avia-button-left  avia-builder-el-13  avia-builder-el-no-sibling '><a href='https:\/\/www.star-ts.com\/ga\/dean-teagmhail\/'  class='avia-button av-aaau3-f46fb9f92b884aff202e721aa3a6206c av-link-btn avia-icon_select-no avia-size-x-large avia-position-left avia-color-light'   aria-label=\"D\u00e9an Teagmh\u00e1il linn\"><span class='avia_iconbox_title' >D\u00e9an Teagmh\u00e1il linn<\/span><\/a><\/div>\n<\/div><\/section>\n<\/div><\/div><\/div><!-- close content main div --><\/div><\/div><div id='after_section_1'  class='main_color av_default_container_wrap container_wrap sidebar_right'  ><div class='container av-section-cont-open' ><div class='template-page content  av-content-small alpha units'><div class='post-entry post-entry-type-page post-entry-121622'><div class='entry-content-wrapper clearfix'>\n","protected":false},"excerpt":{"rendered":"<p>T\u00e1 taith\u00ed fhairsing ag STAR in aistri\u00fach\u00e1n S\u00ednise. T\u00e1 oifig\u00ed againn i Shanghai, Beijing, Taipei agus Taiwan. Aistreoidh \u00e1r bhfoirne do l\u00e1mhleabhair, l\u00e1ithre\u00e1in ghr\u00e9as\u00e1in agus \u00e1bhar marga\u00edochta chun cabhr\u00fa le d&#8217;fh\u00f3rsa d\u00edolach\u00e1in idirn\u00e1isi\u00fanta sa tS\u00edn agus sa T\u00e9av\u00e1in. T\u00e1imid ISO 9001 agus ISO 17100 c\u00e1il\u00edochta deimhnithe.<\/p>\n","protected":false},"author":1,"featured_media":54385,"parent":0,"menu_order":2,"comment_status":"closed","ping_status":"closed","template":"","meta":{"footnotes":""},"class_list":["post-121622","page","type-page","status-publish","has-post-thumbnail","hentry"],"_links":{"self":[{"href":"https:\/\/www.star-ts.com\/ga\/wp-json\/wp\/v2\/pages\/121622","targetHints":{"allow":["GET"]}}],"collection":[{"href":"https:\/\/www.star-ts.com\/ga\/wp-json\/wp\/v2\/pages"}],"about":[{"href":"https:\/\/www.star-ts.com\/ga\/wp-json\/wp\/v2\/types\/page"}],"author":[{"embeddable":true,"href":"https:\/\/www.star-ts.com\/ga\/wp-json\/wp\/v2\/users\/1"}],"replies":[{"embeddable":true,"href":"https:\/\/www.star-ts.com\/ga\/wp-json\/wp\/v2\/comments?post=121622"}],"version-history":[{"count":0,"href":"https:\/\/www.star-ts.com\/ga\/wp-json\/wp\/v2\/pages\/121622\/revisions"}],"wp:featuredmedia":[{"embeddable":true,"href":"https:\/\/www.star-ts.com\/ga\/wp-json\/wp\/v2\/media\/54385"}],"wp:attachment":[{"href":"https:\/\/www.star-ts.com\/ga\/wp-json\/wp\/v2\/media?parent=121622"}],"curies":[{"name":"wp","href":"https:\/\/api.w.org\/{rel}","templated":true}]}}