{"id":121540,"date":"2026-01-16T10:32:47","date_gmt":"2026-01-16T10:32:47","guid":{"rendered":"https:\/\/www.star-ts.com\/ceisteanna-coitianta\/"},"modified":"2026-01-16T10:33:32","modified_gmt":"2026-01-16T10:33:32","slug":"ceisteanna-coitianta","status":"publish","type":"page","link":"https:\/\/www.star-ts.com\/ga\/ceisteanna-coitianta\/","title":{"rendered":"Ceisteanna Coitianta aistri\u00fach\u00e1in | Ceisteanna Coitianta"},"content":{"rendered":"<div id='full_slider_1'  class='avia-fullwidth-slider main_color avia-shadow av-medium-hide av-small-hide av-mini-hide  avia-builder-el-0  el_before_av_one_full  avia-builder-el-first   container_wrap sidebar_right'  ><div  class='avia-slideshow av-njjqvq-d5a889113d83c4f76fd82ffae68ffe45 avia-slideshow-featured av_slideshow_full avia-slide-slider av-medium-hide av-small-hide av-mini-hide av-slideshow-ui av-control-default av-slideshow-manual av-loop-once av-loop-manual-endless av-default-height-applied   avia-slideshow-1' data-slideshow-options=\"{&quot;animation&quot;:&quot;slide&quot;,&quot;autoplay&quot;:false,&quot;loop_autoplay&quot;:&quot;once&quot;,&quot;interval&quot;:5,&quot;loop_manual&quot;:&quot;manual-endless&quot;,&quot;autoplay_stopper&quot;:false,&quot;noNavigation&quot;:false,&quot;bg_slider&quot;:false,&quot;keep_padding&quot;:false,&quot;hoverpause&quot;:false,&quot;show_slide_delay&quot;:0}\"  itemprop=\"image\" itemscope=\"itemscope\" itemtype=\"https:\/\/schema.org\/ImageObject\" ><ul class='avia-slideshow-inner ' style='padding-bottom: 28.666666666667%;'><li  class='avia-slideshow-slide av-njjqvq-d5a889113d83c4f76fd82ffae68ffe45__0  av-single-slide slide-1 slide-odd'><div data-rel='slideshow-1' class='avia-slide-wrap '   ><div class='av-slideshow-caption av-njjqvq-d5a889113d83c4f76fd82ffae68ffe45__0 caption_fullwidth caption_center caption_center_framed caption_framed'><div class=\"container caption_container\"><div class=\"slideshow_caption\"><div class=\"slideshow_inner_caption\"><div class=\"slideshow_align_caption\"><h2 class='avia-caption-title '  itemprop=\"name\" >Ceisteanna Coitianta<\/h2><div class='avia-caption-content '  itemprop=\"description\" ><p>Cuardaigh na ceisteanna is minice a chuirtear orainn faoin\u00e1r seirbh\u00eds\u00ed.<\/p>\n<\/div><\/div><\/div><\/div><\/div><\/div><img decoding=\"async\" fetchpriority=\"high\" class=\"wp-image-54419 avia-img-lazy-loading-not-54419\"  src=\"https:\/\/www.star-ts.com\/wp-content\/uploads\/2018\/07\/FAQ-3-1500x430.jpg\" width=\"1500\" height=\"430\" title='Ceisteanna Coitianta (3)' alt='Leathanach Ceisteanna Coitianta'  itemprop=\"thumbnailUrl\"   \/><\/div><\/li><\/ul><\/div><\/div><div id='after_full_slider_1'  class='main_color av_default_container_wrap container_wrap sidebar_right'  ><div class='container av-section-cont-open' ><div class='template-page content  av-content-small alpha units'><div class='post-entry post-entry-type-page post-entry-121540'><div class='entry-content-wrapper clearfix'>\n\n<style type=\"text\/css\" data-created_by=\"avia_inline_auto\" id=\"style-css-av-2wk9xi-60617ef0983ae8f4e91e0bacc477c677\">\n.flex_column.av-2wk9xi-60617ef0983ae8f4e91e0bacc477c677{\nborder-radius:0px 0px 0px 0px;\npadding:0px 0px 0px 0px;\n}\n<\/style>\n<div  class='flex_column av-2wk9xi-60617ef0983ae8f4e91e0bacc477c677 av_one_full  avia-builder-el-1  el_after_av_slideshow_full  el_before_av_one_half  avia-builder-el-first  first flex_column_div av-zero-column-padding  '     ><section  class='av_textblock_section av-kkffkdru-75ec6588fa9a19fc873698ea2b67ca3d '   itemscope=\"itemscope\" itemtype=\"https:\/\/schema.org\/CreativeWork\" ><div class='avia_textblock'  itemprop=\"text\" ><h1>Ceisteanna Coitianta<\/h1>\n<p>T\u00e1 na ceisteanna is coitianta a chuirtear orainn faoin\u00e1r seirbh\u00eds\u00ed curtha le ch\u00e9ile againn duit in\u00e1r gceisteanna coitianta aistri\u00fach\u00e1in. Iarrtar orainn de ghn\u00e1th faoi chostais, faoin\u00e1r bpr\u00f3iseas agus faoin gcaoi a mbainimid c\u00e1il\u00edocht amach.<\/p>\n<\/div><\/section><\/div>\n<div  class='flex_column av-khcmiu-c01f20113ea704d905eac555f9089d79 av_one_half  avia-builder-el-3  el_after_av_one_full  el_before_av_one_half  first flex_column_div  column-top-margin'     ><section  class='av_textblock_section av-idpi46-d5fc85527339d52c9c0c89410c193c75 '   itemscope=\"itemscope\" itemtype=\"https:\/\/schema.org\/CreativeWork\" ><div class='avia_textblock'  itemprop=\"text\" ><h3>C\u00e1il\u00edocht<\/h3>\n<ul>\n<li><a href=\"https:\/\/www.star-ts.com\/ga\/ceisteanna-coitianta\/cad-e-deimhniu-iso-9001\/\">Cad \u00e9 deimhni\u00fa ISO 9001?<\/a><\/li>\n<li><a href=\"https:\/\/www.star-ts.com\/ga\/ceisteanna-coitianta\/cad-e-deimhniu-iso-17100\/\">Cad \u00e9 deimhni\u00fa ISO 17100?<\/a><\/li>\n<li><a href=\"https:\/\/www.star-ts.com\/translation-faq\/why-do-you-proofread-with-a-second-translator\/\">C\u00e9n f\u00e1th a bhfuil t\u00fa ag l\u00e9amh le dara haistritheoir?<\/a><\/li>\n<li><a href=\"https:\/\/www.star-ts.com\/ga\/ceisteanna-coitianta\/cad-e-caighdean-oifigiuil-na-gaeilge\/\">Cad \u00e9 an <em>Caighde\u00e1n Oifigi\u00fail<\/em>?<\/a><\/li>\n<li><a href=\"https:\/\/www.star-ts.com\/translation-faq\/what-is-a-sanity-check\/\">Cad is seice\u00e1il &#8216;sanity&#8217; ann?<\/a><\/li>\n<li><a href=\"https:\/\/www.star-ts.com\/translation-faq\/what-is-an-in-context-review\/\">Cad is athbhreithni\u00fa comhth\u00e9acs ann?<\/a><\/li>\n<li><a href=\"https:\/\/www.star-ts.com\/ga\/ceisteanna-coitianta\/cad-is-bearla-idirnaisiunta-ann\/\">Cad is B\u00e9arla Idirn\u00e1isi\u00fanta ann?<\/a><\/li>\n<li><a href=\"https:\/\/www.star-ts.com\/translation-faq\/what-is-transcreation\/\">Cad is traschr\u00edbhint ann?<\/a><\/li>\n<li><a href=\"https:\/\/www.star-ts.com\/translation-faq\/why-is-context-important-in-translation\/\">C\u00e9n f\u00e1th a bhfuil comhth\u00e9acs t\u00e1bhachtach san aistri\u00fach\u00e1n?<\/a><\/li>\n<li><a href=\"https:\/\/www.star-ts.com\/translation-faq\/certified-translation\/\">Cad is aistri\u00fach\u00e1n deimhnithe ann?<\/a><\/li>\n<\/ul>\n<\/div><\/section><\/div>\n\n<style type=\"text\/css\" data-created_by=\"avia_inline_auto\" id=\"style-css-av-grut9i-bd72b10f7ca02e37fe04c801854218c5\">\n.flex_column.av-grut9i-bd72b10f7ca02e37fe04c801854218c5{\nborder-radius:0px 0px 0px 0px;\npadding:0px 0px 0px 0px;\n}\n<\/style>\n<div  class='flex_column av-grut9i-bd72b10f7ca02e37fe04c801854218c5 av_one_half  avia-builder-el-5  el_after_av_one_half  el_before_av_one_half  flex_column_div av-zero-column-padding  column-top-margin'     ><section  class='av_textblock_section av-fowf5i-3aa5cc7ac171b3f924f396329e47db29 '   itemscope=\"itemscope\" itemtype=\"https:\/\/schema.org\/CreativeWork\" ><div class='avia_textblock'  itemprop=\"text\" ><h3>Am agus Costas<\/h3>\n<ul>\n<li><a href=\"https:\/\/www.star-ts.com\/translation-faq\/how-long-does-it-take-to-translate-a-document\/\">C\u00e1 fhad a th\u00f3gann s\u00e9 doicim\u00e9ad a aistri\u00fa?<\/a><\/li>\n<li><a href=\"https:\/\/www.star-ts.com\/translation-faq\/how-fast-can-you-translate-a-document\/\">C\u00e9 chomh tapa is f\u00e9idir leat doicim\u00e9ad a aistri\u00fa?<\/a><\/li>\n<li><a href=\"https:\/\/www.star-ts.com\/translation-faq\/why-do-you-have-minimum-charges\/\">C\u00e9n f\u00e1th a bhfuil \u00edosmhuirir agat?<\/a><\/li>\n<li><a href=\"https:\/\/www.star-ts.com\/translation-faq\/why-does-cheap-translation-cost-more\/\">C\u00e9n f\u00e1th a gcosna\u00edonn aistri\u00fach\u00e1n saor n\u00edos m\u00f3?<\/a><\/li>\n<li><a href=\"https:\/\/www.star-ts.com\/translation-faq\/what-is-a-rush-translation\/\">Cad is aistri\u00fach\u00e1n &#8216;Rush&#8217; ann?<\/a><\/li>\n<li><a href=\"https:\/\/www.star-ts.com\/ga\/ceisteanna-coitianta\/miniu-ar-cen-fath-nach-comhartha-maith-e-aistriuchan-trialach-ar-chaighdean\/\">C\u00e9n f\u00e1th go bhfuil aistri\u00fach\u00e1n t\u00e1st\u00e1la t\u00e1scaire bocht c\u00e1il\u00edochta?<\/a><\/li>\n<li><a href=\"https:\/\/www.star-ts.com\/translation-faq\/how-do-you-price-translation-projects\/\">Conas a dh\u00e9anann t\u00fa tionscadail aistri\u00fach\u00e1in praghas?<\/a><\/li>\n<\/ul>\n<\/div><\/section><\/div>\n<p><div  class='flex_column av-et1ikm-feb0e3df5a8038437d166165afb195ea av_one_half  avia-builder-el-7  el_after_av_one_half  el_before_av_one_half  first flex_column_div  column-top-margin'     ><section  class='av_textblock_section av-d04erq-a7ecda0c064a3f4f3b460370f109541f '   itemscope=\"itemscope\" itemtype=\"https:\/\/schema.org\/CreativeWork\" ><div class='avia_textblock'  itemprop=\"text\" ><h3>T\u00e1irg\u00ed agus Pr\u00f3isis<\/h3>\n<ul>\n<li><a href=\"https:\/\/www.star-ts.com\/translation-faq\/what-is-back-translation\/\">Cad is aistri\u00fach\u00e1n ar ais ann?<\/a><\/li>\n<li><a href=\"https:\/\/www.star-ts.com\/translation-faq\/why-do-you-need-the-source-files-for-translation\/\">C\u00e9n f\u00e1th a bhfuil na comhaid foinse de dh\u00edth ort le haghaidh aistri\u00fach\u00e1in?<\/a><\/li>\n<li><a href=\"https:\/\/www.star-ts.com\/translation-faq\/why-is-the-length-of-a-translation-important\/\">C\u00e9n f\u00e1th a bhfuil fad aistri\u00fach\u00e1in t\u00e1bhachtach?<\/a><\/li>\n<li><a href=\"https:\/\/www.star-ts.com\/translation-faq\/app-translation-for-android-and-ios\/\">Aistri\u00fach\u00e1n app do Android agus iOS<\/a><\/li>\n<li><a href=\"https:\/\/www.star-ts.com\/translation-faq\/what-is-a-pseudo-translation\/\">Cad is aistri\u00fach\u00e1n pseudo ann?<\/a><\/li>\n<li><a href=\"https:\/\/www.star-ts.com\/translation-faq\/how-should-i-get-a-translation-reviewed\/\">Conas ba ch\u00f3ir dom aistri\u00fach\u00e1n a athbhreithni\u00fa?<\/a><\/li>\n<li><a href=\"https:\/\/www.star-ts.com\/translation-faq\/how-to-review-your-translations\/\">Conas athbhreithni\u00fa a dh\u00e9anamh ar do chuid aistri\u00fach\u00e1n<\/a><\/li>\n<li><a href=\"https:\/\/www.star-ts.com\/ga\/ceisteanna-coitianta\/ui-translation\/\">Conas a aistr\u00edonn t\u00fa Comh\u00e9adain \u00das\u00e1ideora (UI)?<\/a><\/li>\n<\/ul>\n<\/div><\/section><\/div>\n<style type=\"text\/css\" data-created_by=\"avia_inline_auto\" id=\"style-css-av-bdfhye-072be1e48ae97d4bda3345c50510ab18\">\n.flex_column.av-bdfhye-072be1e48ae97d4bda3345c50510ab18{\nborder-radius:0px 0px 0px 0px;\npadding:0px 0px 0px 0px;\n}\n<\/style>\n<div  class='flex_column av-bdfhye-072be1e48ae97d4bda3345c50510ab18 av_one_half  avia-builder-el-9  el_after_av_one_half  el_before_av_one_half  flex_column_div av-zero-column-padding  column-top-margin'     ><section  class='av_textblock_section av-8re2ye-3710b0e8270936abef461c30ba592aed '   itemscope=\"itemscope\" itemtype=\"https:\/\/schema.org\/CreativeWork\" ><div class='avia_textblock'  itemprop=\"text\" ><h3>Ceisteanna Teicni\u00fala<\/h3>\n<ul>\n<li><a href=\"https:\/\/www.star-ts.com\/ga\/ceisteanna-coitianta\/cad-e-dtp\/\">Cad \u00e9 DTP?<\/a><\/li>\n<li><a href=\"https:\/\/www.star-ts.com\/ga\/ceisteanna-coitianta\/ceard-e-ocr\/\">Cad \u00e9 OCR?<\/a><\/li>\n<li><a href=\"https:\/\/www.star-ts.com\/translation-faq\/what-is-terminology\/\">Cad is t\u00e9arma\u00edocht ann?<\/a><\/li>\n<li><a href=\"https:\/\/www.star-ts.com\/translation-faq\/what-is-segmentation\/\">Cad is deighilt ann?<\/a><\/li>\n<li><a href=\"https:\/\/www.star-ts.com\/ga\/bilingual-table\/\">Cad is t\u00e1bla d\u00e1theangach ann?<\/a><\/li>\n<li><a href=\"https:\/\/www.star-ts.com\/translation-faq\/what-is-cloud-translation\/\">Cad is aistri\u00fach\u00e1n scamall ann?<\/a><\/li>\n<li><a href=\"https:\/\/www.star-ts.com\/translation-faq\/what-is-crowd-translation\/\">Cad is aistri\u00fach\u00e1n slua ann?<\/a><\/li>\n<li><a href=\"https:\/\/www.star-ts.com\/translation-faq\/what-is-machine-translation\/\">Cad is aistri\u00fach\u00e1n meais\u00edn ann?<\/a><\/li>\n<li><a href=\"https:\/\/www.star-ts.com\/translation-faq\/what-is-translation-memory\/\">Cad is cuimhne aistri\u00fach\u00e1in ann?<\/a><\/li>\n<li><a href=\"https:\/\/www.star-ts.com\/translation-faq\/how-does-translation-memory-work\/\">C\u00e9n chaoi a n-oibr\u00edonn cuimhne aistri\u00fach\u00e1in?<\/a><\/li>\n<li><a href=\"https:\/\/www.star-ts.com\/translation-faq\/how-to-translate-a-wordpress-site\/\">Conas su\u00edomh WordPress a aistri\u00fa<\/a><\/li>\n<li><a href=\"https:\/\/www.star-ts.com\/translation-faq\/what-is-multilingual-search-engine-submission\/\">Cad is aighneacht innill chuardaigh ilteangach ann?<\/a><\/li>\n<li><a href=\"https:\/\/www.star-ts.com\/ga\/ceisteanna-coitianta\/ceard-i-an-difriocht-idir-an-t-aistriuchan-agus-an-loganu\/\">Cad \u00e9 an difr\u00edocht idir aistri\u00fach\u00e1n agus log\u00e1n\u00fa?<\/a><\/li>\n<li><a href=\"https:\/\/www.star-ts.com\/ga\/ceisteanna-coitianta\/ceard-iad-marcanna-bearrtha-agus-marcanna-sceite-agus-cen-fath-a-bhfuil-tabhacht-ag-baint-leo\/\">&#8216;Cad iad barra agus bleeds agus c\u00e9n f\u00e1th a bhfuil siad t\u00e1bhachtach?<\/a><\/li>\n<li><a href=\"https:\/\/www.star-ts.com\/translation-faq\/what-is-a-file-format-definition-ffd-file\/\">Cad is comhad sainmh\u00ednithe ar fhorm\u00e1id chomhaid (FFD) ann?<\/a><\/li>\n<li><a href=\"https:\/\/www.star-ts.com\/translation-faq\/how-world-monetary-values-are-displayed\/\">Conas a thaispe\u00e1ntar luachanna airgeada\u00edochta domhanda?<\/a><\/li>\n<\/ul>\n<\/div><\/section><\/div><\/p>\n<div  class='flex_column av-et1ikm-4-646301b6cd088cc66a5cd6e3e768d566 av_one_half  avia-builder-el-11  el_after_av_one_half  el_before_av_one_half  first flex_column_div  column-top-margin'     ><section  class='av_textblock_section av-d04erq-3-21bef2224556c5e6cd1595a81ad39524 '   itemscope=\"itemscope\" itemtype=\"https:\/\/schema.org\/CreativeWork\" ><div class='avia_textblock'  itemprop=\"text\" ><h3>Conas:<\/h3>\n<ul>\n<li><a href=\"https:\/\/www.star-ts.com\/ga\/conas-comhaid-indesign-a-aistriu\/\">Conas comhaid InDesign a aistri\u00fa<\/a><\/li>\n<li><a href=\"https:\/\/www.star-ts.com\/translation-faq\/how-to-translate-a-wordpress-site\/\">Conas su\u00edomh WordPress a aistri\u00fa<\/a><\/li>\n<li><a href=\"https:\/\/www.star-ts.com\/how-do-you-translate-a-wordpress-website-with-wpml\/\">Conas a aistr\u00edonn t\u00fa su\u00edomh gr\u00e9as\u00e1in WordPress le WPML?<\/a><\/li>\n<li><a href=\"https:\/\/www.star-ts.com\/alchemer-translation\/\">Seirbh\u00eds\u00ed Aistri\u00fach\u00e1in Alchemer (SurveyGizmo) | Conas Suirbh\u00e9anna a Aistri\u00fa<\/a><\/li>\n<li><a href=\"https:\/\/www.star-ts.com\/ga\/crowdin-localization-services\/\">Seirbh\u00eds\u00ed Log\u00e1naithe CrowdIn<\/a><\/li>\n<li><a href=\"https:\/\/www.star-ts.com\/academy\/how-to-improve-google-rank-by-deleting-web-pages\/\">Conas c\u00e9im Google a fheabhs\u00fa tr\u00ed leathanaigh ghr\u00e9as\u00e1in a scriosadh<\/a><\/li>\n<li><a href=\"https:\/\/www.star-ts.com\/ga\/ceisteanna-coitianta\/ui-translation\/\">Comh\u00e9adain \u00das\u00e1ideora a Aistri\u00fa (UI)<\/a><\/li>\n<li><a href=\"https:\/\/www.star-ts.com\/marketing-services\/marketing-campaigns\/ssi-web-translation\/\">Aistri\u00fach\u00e1n SSI Web<\/a><\/li>\n<li><a href=\"https:\/\/www.star-ts.com\/walkme-translation\/\">Aistri\u00fach\u00e1n WalkMe<\/a><\/li>\n<li><a href=\"https:\/\/www.star-ts.com\/seo\/\">SEO<\/a><\/li>\n<\/ul>\n<\/div><\/section><\/div>\n<div  class='flex_column av-et1ikm-2-5b9403ca5e63aaa0fb0e758e7795aaae av_one_half  avia-builder-el-13  el_after_av_one_half  el_before_av_one_full  flex_column_div  column-top-margin'     ><section  class='av_textblock_section av-d04erq-1-7b0623745fdca9f85663cc80c45a61c4 '   itemscope=\"itemscope\" itemtype=\"https:\/\/schema.org\/CreativeWork\" ><div class='avia_textblock'  itemprop=\"text\" ><h3>Eile<\/h3>\n<ul>\n<li><a href=\"https:\/\/www.star-ts.com\/about\/glossary\/\">Gluais de th\u00e9arma\u00ed coitianta a \u00fas\u00e1idtear san aistri\u00fach\u00e1n.<\/a><\/li>\n<li><a href=\"https:\/\/www.star-ts.com\/better-english\/typewriter-fun-with-english\/\">Cl\u00f3scr\u00edobh\u00e1n, Spraoi le B\u00e9arla<\/a><\/li>\n<li><a href=\"https:\/\/www.star-ts.com\/translation\/calculator-spelling-in-different-languages\/\">Litri\u00fa \u00c1ireamh\u00e1n i dTeangacha \u00c9ags\u00fala<\/a><\/li>\n<li><a href=\"https:\/\/www.star-ts.com\/better-english\/7-funniest-english-grammar-mistakes-infographics\/\">7 Bot\u00fain Gramada\u00ed B\u00e9arla greannmhar<\/a><\/li>\n<li><a href=\"https:\/\/www.star-ts.com\/language\/free-welcome-poster-in-different-languages\/\">P\u00f3staer F\u00e1ilte Saor in Aisce i 16 Theanga \u00e9ags\u00fala<\/a><\/li>\n<\/ul>\n<\/div><\/section><\/div>\n\n<style type=\"text\/css\" data-created_by=\"avia_inline_auto\" id=\"style-css-av-7lyb92-36794f5a27b62ca8c02c5c136288dffc\">\n.flex_column.av-7lyb92-36794f5a27b62ca8c02c5c136288dffc{\nborder-radius:0px 0px 0px 0px;\npadding:0px 0px 0px 0px;\n}\n<\/style>\n<div  class='flex_column av-7lyb92-36794f5a27b62ca8c02c5c136288dffc av_one_full  avia-builder-el-15  el_after_av_one_half  el_before_av_one_full  first flex_column_div av-zero-column-padding  column-top-margin'     ><section  class='av_textblock_section av-5txcuu-1d26cfae1ac4e978f6df9b75e8409fbd '   itemscope=\"itemscope\" itemtype=\"https:\/\/schema.org\/CreativeWork\" ><div class='avia_textblock'  itemprop=\"text\" ><h3>Cad a deir \u00e1r gCustaim\u00e9ir\u00ed<\/h3>\n<p>&#8220;<em>Cumars\u00e1id iontaofa, tapa, oscailte: b\u00edonn taca\u00edocht do chustaim\u00e9ir\u00ed ann i gc\u00f3na\u00ed\u2026 freagra\u00ed tapa.<\/em>\u201d<\/p>\n<p>&#8220;<em>T\u00e1 a gcuid seirbh\u00edse agus aird ar mhionsonra\u00ed foirfe. Ina theannta sin, t\u00e1 siad s\u00e1sta i gc\u00f3na\u00ed a bheith ag obair leat agus a fheabhs\u00fa. <\/em>&#8221;<\/p>\n<p><em>&#8216;&#8221; Tugann a mbunachar sonra\u00ed m\u00f3r de t\u00e9arma\u00edocht agus eochairfhocail d\u00fainn coigiltis.<\/em>&#8221;<\/p>\n<\/div><\/section><\/div>\n<div  class='flex_column av-617pau-03f7d87942a31dd4b6e1824f912e42a0 av_one_full  avia-builder-el-17  el_after_av_one_full  avia-builder-el-last  first flex_column_div  column-top-margin'     ><section  class='av_textblock_section av-3wufja-252fabc8e4271840debb2c3dd52ea662 '   itemscope=\"itemscope\" itemtype=\"https:\/\/schema.org\/CreativeWork\" ><div class='avia_textblock'  itemprop=\"text\" ><div  class='avia-button-wrap avia-button-center  avia-builder-el-19  avia-builder-el-no-sibling '>\n<style type=\"text\/css\" data-created_by=\"avia_inline_auto\" id=\"style-css-av-1xtf2e-65afefc47551a86bfaa02592ee6f4efd\">\n#top #wrap_all .avia-button.av-1xtf2e-65afefc47551a86bfaa02592ee6f4efd:hover{\ncolor:white;\ntransition:all 0.4s ease-in-out;\n}\n#top #wrap_all .avia-button.av-1xtf2e-65afefc47551a86bfaa02592ee6f4efd:hover .avia-svg-icon svg:first-child{\nfill:white;\nstroke:white;\n}\n<\/style>\n<a href='https:\/\/www.star-ts.com\/ga\/dean-teagmhail\/' class='avia-color-theme-color avia-font-color-theme-color avia-button avia-button-fullwidth av-1xtf2e-65afefc47551a86bfaa02592ee6f4efd avia-icon_select-no avia-color-theme-color'  title=\"Contact Us\" aria-label=\"Contact Us\"><span class='avia_iconbox_title' >D\u00e9an Teagmh\u00e1il linn<\/span><span class='avia_button_background avia-button avia-button-fullwidth avia-color-theme-color-highlight'><\/span><\/a><\/div>\n<\/div><\/section><\/div>\n","protected":false},"excerpt":{"rendered":"<p>Na ceisteanna is fearr agus freagra\u00ed faoi sheirbh\u00eds\u00ed aistri\u00fach\u00e1in.<\/p>\n","protected":false},"author":1,"featured_media":54419,"parent":0,"menu_order":5,"comment_status":"closed","ping_status":"closed","template":"","meta":{"footnotes":""},"class_list":["post-121540","page","type-page","status-publish","has-post-thumbnail","hentry"],"_links":{"self":[{"href":"https:\/\/www.star-ts.com\/ga\/wp-json\/wp\/v2\/pages\/121540","targetHints":{"allow":["GET"]}}],"collection":[{"href":"https:\/\/www.star-ts.com\/ga\/wp-json\/wp\/v2\/pages"}],"about":[{"href":"https:\/\/www.star-ts.com\/ga\/wp-json\/wp\/v2\/types\/page"}],"author":[{"embeddable":true,"href":"https:\/\/www.star-ts.com\/ga\/wp-json\/wp\/v2\/users\/1"}],"replies":[{"embeddable":true,"href":"https:\/\/www.star-ts.com\/ga\/wp-json\/wp\/v2\/comments?post=121540"}],"version-history":[{"count":0,"href":"https:\/\/www.star-ts.com\/ga\/wp-json\/wp\/v2\/pages\/121540\/revisions"}],"wp:featuredmedia":[{"embeddable":true,"href":"https:\/\/www.star-ts.com\/ga\/wp-json\/wp\/v2\/media\/54419"}],"wp:attachment":[{"href":"https:\/\/www.star-ts.com\/ga\/wp-json\/wp\/v2\/media?parent=121540"}],"curies":[{"name":"wp","href":"https:\/\/api.w.org\/{rel}","templated":true}]}}