{"id":121506,"date":"2026-01-16T10:31:32","date_gmt":"2026-01-16T10:31:32","guid":{"rendered":"https:\/\/www.star-ts.com\/maidir-le\/key-performance-solutions-limited\/"},"modified":"2026-01-16T10:32:19","modified_gmt":"2026-01-16T10:32:19","slug":"key-performance-solutions-limited","status":"publish","type":"page","link":"https:\/\/www.star-ts.com\/ga\/maidir-le\/key-performance-solutions-limited\/","title":{"rendered":"Pr\u00edomh-R\u00e9itigh Feidhm\u00edochta Teoranta"},"content":{"rendered":"<p>\n<style type=\"text\/css\" data-created_by=\"avia_inline_auto\" id=\"style-css-av-7kvaaj-8d91a9c2430cffd72d91dcfb0a2ea4ba\">\n.flex_column.av-7kvaaj-8d91a9c2430cffd72d91dcfb0a2ea4ba{\nborder-radius:0px 0px 0px 0px;\npadding:0px 0px 0px 0px;\n}\n<\/style>\n<div  class='flex_column av-7kvaaj-8d91a9c2430cffd72d91dcfb0a2ea4ba av_one_full  avia-builder-el-0  el_before_av_one_full  avia-builder-el-first  first flex_column_div av-zero-column-padding  '     ><section  class='av_textblock_section av-3dh5gcb-0730aefb1dbce7c687c00b9a9b977315 '   itemscope=\"itemscope\" itemtype=\"https:\/\/schema.org\/CreativeWork\" ><div class='avia_textblock'  itemprop=\"text\" ><div class=\"posit\">\n<h1>Key Performance Solutions<br \/>\nT\/A STAR Translation Services<\/h1>\n<\/div>\n<\/div><\/section><br \/>\n<section  class='av_textblock_section av-1mmo4ez-a0e787cfe341df559a98ce1dadf7bceb '   itemscope=\"itemscope\" itemtype=\"https:\/\/schema.org\/CreativeWork\" ><div class='avia_textblock'  itemprop=\"text\" ><h2><strong>Faisn\u00e9is faoin gCuideachta<\/strong><\/h2>\n<p><strong>Sol\u00e1thra\u00edonn Key Performance Solutions Limited,<\/strong>cuideachta reg no: 358439, seirbh\u00eds\u00ed aistri\u00fach\u00e1in agus faisn\u00e9ise ilteangach do chuideachta\u00ed ar fud na cruinne.<\/p>\n<p>Is cuideachta theoranta \u00e9 Key Performance Solutions Ltd a buna\u00edodh i mBaile \u00c1tha Cliath agus at\u00e1 cl\u00e1raithe in \u00c9irinn.<\/p>\n<p>Ceirdeanna s\u00e9 faoi na hainmneacha tr\u00e1d\u00e1la seo a leanas &#8230;<\/p>\n<p>Uimhir chl\u00e1r\u00fach\u00e1in cuideachta <strong>STAR Translation Services<\/strong> 498394 agus uimhir chl\u00e1r\u00fach\u00e1in cuideachta <strong>STAR Technology Solutions <\/strong> 227710.<\/p>\n<p>T\u00e1 an chuideachta faoi thaca\u00edocht <a href=\"https:\/\/directory.enterprise-ireland.com\/vendor\/key-performance-solutions-ltd\" target=\"_blank\" rel=\"noopener\">Fiontra\u00edocht \u00c9ireann<\/a> agus is ball \u00ed de <a href=\"https:\/\/www.star-group.net\" target=\"_blank\" rel=\"noopener\">STAR Group (STAR AG)<\/a> san Eilv\u00e9is<\/p>\n<p>Sti\u00farth\u00f3ir\u00ed: <a href=\"https:\/\/www.linkedin.com\/in\/damianscattergood\/\" target=\"_blank\" rel=\"noopener\">Damian Scattergood<\/a> agus Paul Quigley<\/p>\n<p><strong>Fond\u00faireacht:<\/strong><\/p>\n<p>Buna\u00edodh Pr\u00edomh-R\u00e9itigh Feidhm\u00edochta i 2002. Bh\u00ed an tosaithe nasctha le Fiontra\u00edocht \u00c9ireann \u00f3 l\u00e1 amh\u00e1in. <\/p>\n<p>Chuaigh an chuideachta i gcomhar le STAR AG an bhliain sin agus thosaigh s\u00ed ag tr\u00e1d\u00e1il mar STAR Translation Services go gairid ina dhiaidh sin. \u00d3 shin i leith t\u00e1 an chuideachta tar \u00e9is f\u00e1s chun bheith ina phr\u00edomhshol\u00e1thra\u00ed seirbh\u00eds\u00ed aistri\u00fach\u00e1in in \u00c9irinn.<\/p>\n<p>Aistr\u00edonn an chuideachta go breis agus 200 teanga. Sol\u00e1thra\u00edonn s\u00e9 na seirbh\u00eds\u00ed me\u00e1n seo a leanas:<\/p>\n<ul>\n<li>Dearadh Gr\u00e9as\u00e1in<\/li>\n<li>Aistri\u00fach\u00e1n gr\u00e9as\u00e1in<\/li>\n<li>Seirbh\u00eds\u00ed Sinsearach ilteangach<\/li>\n<li>Aistri\u00fach\u00e1n c\u00e1ip\u00e9ise<\/li>\n<li>Seirbh\u00eds\u00ed Foilsitheoireachta Deisce Ilteangach<\/li>\n<li>Aistri\u00fach\u00e1n F\u00edse agus Guth-overs<\/li>\n<li>Log\u00e1n\u00fa Bogearra\u00ed<\/li>\n<\/ul>\n<p><strong>Deimhnithe:<\/strong><\/p>\n<p>T\u00e1 <a href=\"https:\/\/directory.enterprise-ireland.com\/vendor\/key-performance-solutions-ltd\" target=\"_blank\" rel=\"noopener\">Key Performance Solutions Ltd<\/a> deimhnithe do chaighde\u00e1in ch\u00e1il\u00edochta <a href=\"https:\/\/www.star-ts.com\/ga\/cad-e-deimhniu-iso-9001\/\">ISO 9001<\/a> agus <a href=\"https:\/\/www.star-ts.com\/ga\/cad-e-deimhniu-iso-17100\/\">ISO 17100<\/a><\/p>\n<\/div><\/section><\/p><\/div><div  class='flex_column av-1kjj7vf-028537725fc0ae383d82bbc87a674ba5 av_one_full  avia-builder-el-3  el_after_av_one_full  avia-builder-el-last  first flex_column_div  column-top-margin'     ><section  class='av_textblock_section av-1252723-9d0f0c717eeebd02b26d428033f7c32a '   itemscope=\"itemscope\" itemtype=\"https:\/\/schema.org\/CreativeWork\" ><div class='avia_textblock'  itemprop=\"text\" ><div  class='avia-button-wrap avia-button-center  avia-builder-el-5  avia-builder-el-no-sibling '>\n<style type=\"text\/css\" data-created_by=\"avia_inline_auto\" id=\"style-css-av-mb87yz-00fa1799e4f1664ed218de0cb5ec860d\">\n#top #wrap_all .avia-button.av-mb87yz-00fa1799e4f1664ed218de0cb5ec860d:hover{\ncolor:white;\ntransition:all 0.4s ease-in-out;\n}\n#top #wrap_all .avia-button.av-mb87yz-00fa1799e4f1664ed218de0cb5ec860d:hover .avia-svg-icon svg:first-child{\nfill:white;\nstroke:white;\n}\n<\/style>\n<a href=\"https:\/\/www.star-ts.com\/ga\/dean-teagmhail\/\" class=\"avia-color-theme-color avia-font-color-theme-color avia-button avia-button-fullwidth av-mb87yz-00fa1799e4f1664ed218de0cb5ec860d avia-icon_select-no avia-color-theme-color\" title=\"Contact Us\" aria-label=\"Contact Us\"><span class='avia_iconbox_title' >D\u00e9an Teagmh\u00e1il linn<\/span><span class='avia_button_background avia-button avia-button-fullwidth avia-color-theme-color-highlight'><\/span><\/a><\/div>\n<\/div><\/section><\/div><\/p>\n","protected":false},"excerpt":{"rendered":"<p>Sol\u00e1thra\u00edonn Key Performance Solutions Limited, seirbh\u00eds\u00ed faisn\u00e9ise aistri\u00fach\u00e1in agus ilteangacha do chuideachta\u00ed ar fud an domhain.<\/p>\n","protected":false},"author":1,"featured_media":52871,"parent":52751,"menu_order":16,"comment_status":"closed","ping_status":"open","template":"","meta":{"footnotes":""},"class_list":["post-121506","page","type-page","status-publish","has-post-thumbnail","hentry"],"_links":{"self":[{"href":"https:\/\/www.star-ts.com\/ga\/wp-json\/wp\/v2\/pages\/121506","targetHints":{"allow":["GET"]}}],"collection":[{"href":"https:\/\/www.star-ts.com\/ga\/wp-json\/wp\/v2\/pages"}],"about":[{"href":"https:\/\/www.star-ts.com\/ga\/wp-json\/wp\/v2\/types\/page"}],"author":[{"embeddable":true,"href":"https:\/\/www.star-ts.com\/ga\/wp-json\/wp\/v2\/users\/1"}],"replies":[{"embeddable":true,"href":"https:\/\/www.star-ts.com\/ga\/wp-json\/wp\/v2\/comments?post=121506"}],"version-history":[{"count":0,"href":"https:\/\/www.star-ts.com\/ga\/wp-json\/wp\/v2\/pages\/121506\/revisions"}],"up":[{"embeddable":true,"href":"https:\/\/www.star-ts.com\/ga\/wp-json\/wp\/v2\/pages\/52751"}],"wp:featuredmedia":[{"embeddable":true,"href":"https:\/\/www.star-ts.com\/ga\/wp-json\/wp\/v2\/media\/52871"}],"wp:attachment":[{"href":"https:\/\/www.star-ts.com\/ga\/wp-json\/wp\/v2\/media?parent=121506"}],"curies":[{"name":"wp","href":"https:\/\/api.w.org\/{rel}","templated":true}]}}