{"id":121441,"date":"2026-01-16T10:28:49","date_gmt":"2026-01-16T10:28:49","guid":{"rendered":"https:\/\/www.star-ts.com\/seirbhisi-aistriuchain\/an-talmhaiocht\/"},"modified":"2026-01-16T10:29:08","modified_gmt":"2026-01-16T10:29:08","slug":"an-talmhaiocht","status":"publish","type":"page","link":"https:\/\/www.star-ts.com\/ga\/seirbhisi-aistriuchain\/an-talmhaiocht\/","title":{"rendered":"Seirbh\u00eds\u00ed Aistri\u00fach\u00e1in Talmha\u00edochta"},"content":{"rendered":"<div id='full_slider_1'  class='avia-fullwidth-slider main_color avia-shadow av-small-hide av-mini-hide  avia-builder-el-0  el_before_av_one_fourth  avia-builder-el-first   container_wrap sidebar_right'  ><div  class='avia-slideshow av-jrhph4ih-747547f69cfa624501df8afdd49fe3e4 avia-slideshow-featured av_slideshow_full avia-slide-slider av-small-hide av-mini-hide av-slideshow-ui av-control-default av-slideshow-manual av-loop-once av-loop-manual-endless av-default-height-applied   avia-slideshow-1' data-slideshow-options=\"{&quot;animation&quot;:&quot;slide&quot;,&quot;autoplay&quot;:false,&quot;loop_autoplay&quot;:&quot;once&quot;,&quot;interval&quot;:5,&quot;loop_manual&quot;:&quot;manual-endless&quot;,&quot;autoplay_stopper&quot;:false,&quot;noNavigation&quot;:false,&quot;bg_slider&quot;:false,&quot;keep_padding&quot;:false,&quot;hoverpause&quot;:false,&quot;show_slide_delay&quot;:0}\"  itemprop=\"image\" itemscope=\"itemscope\" itemtype=\"https:\/\/schema.org\/ImageObject\" ><ul class='avia-slideshow-inner ' style='padding-bottom: 28.666666666667%;'><li  class='avia-slideshow-slide av-jrhph4ih-747547f69cfa624501df8afdd49fe3e4__0  av-single-slide slide-1 slide-odd'><div data-rel='slideshow-1' class='avia-slide-wrap '   ><div class='av-slideshow-caption av-jrhph4ih-747547f69cfa624501df8afdd49fe3e4__0 caption_fullwidth caption_center caption_center_framed caption_framed'><div class=\"container caption_container\"><div class=\"slideshow_caption\"><div class=\"slideshow_inner_caption\"><div class=\"slideshow_align_caption\"><h2 class='avia-caption-title '  itemprop=\"name\" >Seirbh\u00eds\u00ed Talmha\u00edochta agus Teicneola\u00edochta Talmha\u00edochta<\/h2><div class='avia-caption-content '  itemprop=\"description\" ><p>L\u00e1mhleabhair Theicni\u00fala agus Treoirleabhair Oibri\u00fach\u00e1in<\/p>\n<\/div><\/div><\/div><\/div><\/div><\/div><img decoding=\"async\" fetchpriority=\"high\" class=\"wp-image-54432 avia-img-lazy-loading-not-54432\"  src=\"https:\/\/www.star-ts.com\/wp-content\/uploads\/2019\/01\/red-tractor-wide2-1500x430.jpg\" width=\"1500\" height=\"430\" title='Feirmeoir le barra s\u00edolaithe tarrac\u00f3ra ag an bp\u00e1irc' alt='Tarrac\u00f3ir, Talmha\u00edocht'  itemprop=\"thumbnailUrl\"   \/><\/div><\/li><\/ul><\/div><\/div><div id='after_full_slider_1'  class='main_color av_default_container_wrap container_wrap sidebar_right'  ><div class='container av-section-cont-open' ><div class='template-page content  av-content-small alpha units'><div class='post-entry post-entry-type-page post-entry-121441'><div class='entry-content-wrapper clearfix'>\n\n<style type=\"text\/css\" data-created_by=\"avia_inline_auto\" id=\"style-css-av-1mmhy96-657b5ee606618087a5e92cc3dcf83847\">\n.flex_column.av-1mmhy96-657b5ee606618087a5e92cc3dcf83847{\nborder-radius:0px 0px 0px 0px;\npadding:0px 0px 0px 0px;\n}\n<\/style>\n<div  class='flex_column av-1mmhy96-657b5ee606618087a5e92cc3dcf83847 av_one_fourth  avia-builder-el-1  el_after_av_slideshow_full  el_before_av_three_fourth  avia-builder-el-first  first flex_column_div av-zero-column-padding  '     ><style type=\"text\/css\" data-created_by=\"avia_inline_auto\" id=\"style-css-av-k0qpwytm-3cf67e60498962af6572cccc4294ec69\">\n.avia-image-container.av-k0qpwytm-3cf67e60498962af6572cccc4294ec69 img.avia_image{\nbox-shadow:none;\n}\n.avia-image-container.av-k0qpwytm-3cf67e60498962af6572cccc4294ec69 .av-image-caption-overlay-center{\ncolor:#ffffff;\n}\n<\/style>\n<div  class='avia-image-container av-k0qpwytm-3cf67e60498962af6572cccc4294ec69 av-styling- avia-align-center  avia-builder-el-2  avia-builder-el-no-sibling '   itemprop=\"image\" itemscope=\"itemscope\" itemtype=\"https:\/\/schema.org\/ImageObject\" ><div class=\"avia-image-container-inner\"><div class=\"avia-image-overlay-wrap\"><img decoding=\"async\" fetchpriority=\"high\" class='wp-image-52991 avia-img-lazy-loading-not-52991 avia_image ' src=\"https:\/\/www.star-ts.com\/wp-content\/uploads\/2012\/09\/farm-animals.jpg\" alt='Talmha\u00edocht - Ba' title='ba-feirm-ainmhithe-talmha\u00edocht'  height=\"347\" width=\"520\"  itemprop=\"thumbnailUrl\" srcset=\"https:\/\/www.star-ts.com\/wp-content\/uploads\/2012\/09\/farm-animals.jpg 520w, https:\/\/www.star-ts.com\/wp-content\/uploads\/2012\/09\/farm-animals-300x200.jpg 300w\" sizes=\"(max-width: 520px) 100vw, 520px\" \/><\/div><\/div><\/div><\/div>\n\n<style type=\"text\/css\" data-created_by=\"avia_inline_auto\" id=\"style-css-av-45ko8a-55d48c9f04ee93c2c9410b45ebb1dedd\">\n.flex_column.av-45ko8a-55d48c9f04ee93c2c9410b45ebb1dedd{\nborder-radius:0px 0px 0px 0px;\npadding:0px 0px 0px 0px;\n}\n<\/style>\n<div  class='flex_column av-45ko8a-55d48c9f04ee93c2c9410b45ebb1dedd av_three_fourth  avia-builder-el-3  el_after_av_one_fourth  el_before_av_one_full  flex_column_div av-zero-column-padding  '     ><section  class='av_textblock_section av-k0qq73hi-0dfc59f5444c7bc05677446ac0ec1297 '   itemscope=\"itemscope\" itemtype=\"https:\/\/schema.org\/CreativeWork\" ><div class='avia_textblock'  itemprop=\"text\" ><h1>Aistri\u00fach\u00e1n Talmha\u00edochta agus R\u00e9itigh Agritech<\/h1>\n<p>Mar chomhlacht \u00c9ireannach, tuigimid go huath\u00fail an t\u00e1bhacht a bhaineann le talmha\u00edocht. Oibr\u00edmid le cuideachta\u00ed sna St\u00e1it Aontaithe, sa R\u00edocht Aontaithe, agus in \u00c9irinn a mhonara\u00edonn innealra, earra\u00ed bia, agus c\u00f3rais agraibhia. T\u00e1imid ag cabhr\u00fa leo f\u00e1s go hidirn\u00e1isi\u00fanta.  <\/p>\n<p>Seirbh\u00eds\u00edmid an pr\u00f3iseas aistri\u00fach\u00e1in ioml\u00e1n \u00f3 thaobh na ceann go ceann don tionscal talmha\u00edochta d\u00edrithe ar insol\u00e1int\u00ed c\u00e1il\u00edochta do na monar\u00f3ir\u00ed, d\u00e9ile\u00e1la\u00ed agus custaim\u00e9ir\u00ed deiridh. Aistr\u00edmid l\u00e1mhleabhair, l\u00e1ithre\u00e1in ghr\u00e9as\u00e1in agus br\u00f3isi\u00fair, mar sin oibr\u00edonn muid le d&#8217;fhoirne forbartha agus marga\u00edochta araon. <\/p>\n<p>Cabhra\u00edonn \u00e1r seirbh\u00eds\u00ed aistri\u00fach\u00e1in teanga le <a href=\"https:\/\/www.star-ts.com\/translation-faq\/what-is-terminology\/\" target=\"_blank\" rel=\"noopener\">t\u00e9arma\u00edocht a choinne\u00e1il,<\/a> <a href=\"https:\/\/www.star-ts.com\/ga\/seirbhisi-aistriuchain\/aistriu-doicimead\/\" target=\"_blank\" rel=\"noopener\">l\u00e1mhleabhair a chruth\u00fa<\/a> agus d&#8217;\u00e1bhar a sheachadadh ar fud an domhain. Le <a href=\"https:\/\/www.star-ts.com\/translation-services\/website-translation\/\" target=\"_blank\" rel=\"noopener\">haistri\u00fach\u00e1n l\u00e1ithre\u00e1n gr\u00e9as\u00e1in,<\/a>gheobhaidh muid do theachtaireacht chuig an ngr\u00e9as\u00e1n chomh maith.<\/p>\n<p>Is f\u00e9idir linn fi\u00fa guth-overs agus subtitling le seirbh\u00eds\u00ed aistri\u00fach\u00e1in f\u00edse a chur ar f\u00e1il chun do th\u00e1irg\u00ed a l\u00e9iri\u00fa do lucht f\u00e9achana domhanda.<\/p>\n<h2>Seirbh\u00eds\u00ed Aistri\u00fach\u00e1in Talmha\u00edochta<\/h2>\n<p><strong>Cad iad na r\u00e9ims\u00ed talmha\u00edochta a aistr\u00edmid?<\/strong><\/p>\n<ul>\n<li>Innealra Feirme<\/li>\n<li>C\u00f3rais Bogearra\u00ed Feirme<\/li>\n<li>Uathoibri\u00fa Tionscla\u00edoch &amp; r\u00f3bataic<\/li>\n<li>Fotha\u00ed &amp; Earra\u00ed Bia<\/li>\n<li>C\u00f3rais eallaigh (tr\u00e9ad agus d\u00e9ir\u00edocht)<\/li>\n<li>Eola\u00edocht barr<\/li>\n<li>T\u00e1irg\u00ed talmha\u00edochta<\/li>\n<\/ul>\n<p>I gc\u00e1s l\u00e1mhleabhair, is f\u00e9idir linn d&#8217;\u00e1bhar a aistri\u00fa agus PDF r\u00e9idh le pdf a sheachadadh chugat m\u00e1s g\u00e1, ionas gur f\u00e9idir leat muid a \u00fas\u00e1id mar ionad ilfhreastail do do chuid riachtanas cumars\u00e1ide go l\u00e9ir.<\/p>\n<p>Is f\u00e9idir len\u00e1r bhfoireann aistri\u00fach\u00e1in L\u00e1ithre\u00e1n Gr\u00e9as\u00e1in oibri\u00fa go d\u00edreach le do sti\u00farth\u00f3ir\u00ed gr\u00e9as\u00e1in \/ dearth\u00f3ir\u00ed gr\u00e9as\u00e1in chun a chinnti\u00fa go bhfuil do shu\u00edomh r\u00e9idh le haistri\u00fach\u00e1n roimh r\u00e9. Is f\u00e9idir linn seirbh\u00eds\u00ed Sinsearach a shol\u00e1thar chun a chinnti\u00fa go bhfuil do shu\u00edomh c\u00e9imeanna sna sprioc-th\u00edortha agus m\u00e1 fh\u00e1sann t\u00fa do thr\u00e1cht gr\u00e9as\u00e1in t\u00e1irg\u00ed. <\/p>\n<p>M\u00e1s mian leat tuilleadh a fhoghlaim faoi chaighde\u00e1in Eorpacha d&#8217;innealra agus tarrac\u00f3ir\u00ed talmha\u00edochta tabhair cuairt ar Shu\u00edomh Gr\u00e9as\u00e1in an Choimisi\u00fain Eorpaigh: <a href=\"https:\/\/ec.europa.eu\/growth\/sectors\/automotive\/legislation\/tractors_en\" target=\"_blank\" rel=\"noopener\">Caighde\u00e1in agus reachta\u00edocht an AE<\/a><\/p>\n<\/div><\/section><\/div>\n\n<style type=\"text\/css\" data-created_by=\"avia_inline_auto\" id=\"style-css-av-vxmh1m-14b20a94ae93457f355670d76dfb6dfc\">\n.flex_column.av-vxmh1m-14b20a94ae93457f355670d76dfb6dfc{\nborder-radius:0px 0px 0px 0px;\npadding:0px 0px 0px 0px;\n}\n<\/style>\n<div  class='flex_column av-vxmh1m-14b20a94ae93457f355670d76dfb6dfc av_one_full  avia-builder-el-5  el_after_av_three_fourth  el_before_av_one_full  first flex_column_div av-zero-column-padding  column-top-margin'     ><section  class='av_textblock_section av-k0qq73hi-0dfc59f5444c7bc05677446ac0ec1297 '   itemscope=\"itemscope\" itemtype=\"https:\/\/schema.org\/CreativeWork\" ><div class='avia_textblock'  itemprop=\"text\" ><h2>Seirbh\u00eds\u00ed Aistri\u00fach\u00e1in Talmha\u00edochta | Cliaint Dhomhanda Talmha\u00edochta<\/h2>\n<p>Oibr\u00edmid le go leor de na monar\u00f3ir\u00ed is m\u00f3 innealra talmha\u00edochta. &#8216;R\u00e9is\u00ed \u00e1r gcuid oibre ar fud earn\u00e1il Agri lena n-\u00e1ir\u00edtear Agritech agus Talmha\u00edocht araon. T\u00e1imid l\u00e1mhleabhair aistri\u00fach\u00e1in, br\u00f3isi\u00fair, l\u00e1ithre\u00e1in ghr\u00e9as\u00e1in, doicim\u00e9ad\u00fa meais\u00edn, comh\u00e9adain \u00fas\u00e1ideora agus n\u00edos m\u00f3. M\u00e1 theasta\u00edonn seirbh\u00eds\u00ed aistri\u00fach\u00e1in agraic\u00eddeacha uait &#8211; cabhr\u00f3imid leat \u00e1bhar a sheachadadh do do chustaim\u00e9ir\u00ed ina dteanga.   <\/p>\n<p><img decoding=\"async\" class=\"aligncenter size-entry_without_sidebar wp-image-36474\" src=\"https:\/\/www.star-ts.com\/wp-content\/uploads\/2019\/09\/agriculture-references-1210x165.png\" alt=\"\" width=\"1210\" height=\"165\" srcset=\"https:\/\/www.star-ts.com\/wp-content\/uploads\/2019\/09\/agriculture-references-1210x165.png 1210w, https:\/\/www.star-ts.com\/wp-content\/uploads\/2019\/09\/agriculture-references-80x10.png 80w\" sizes=\"(max-width: 1210px) 100vw, 1210px\" \/><\/p>\n<\/div><\/section><\/div>\n<div  class='flex_column av-1o4utsa-355d00da8adc176140de4239b17f79cd av_one_full  avia-builder-el-7  el_after_av_one_full  avia-builder-el-last  first flex_column_div  column-top-margin'     ><section  class='av_textblock_section av-10k7k3u-557686bf9cbab27e6266a4474b74d504 '   itemscope=\"itemscope\" itemtype=\"https:\/\/schema.org\/CreativeWork\" ><div class='avia_textblock'  itemprop=\"text\" ><div  class='avia-button-wrap avia-button-center  avia-builder-el-9  avia-builder-el-no-sibling '>\n<style type=\"text\/css\" data-created_by=\"avia_inline_auto\" id=\"style-css-av-ur44ga-7e932dd2162a6ccf76b2c47c1e8be08b\">\n#top #wrap_all .avia-button.av-ur44ga-7e932dd2162a6ccf76b2c47c1e8be08b:hover{\ncolor:white;\ntransition:all 0.4s ease-in-out;\n}\n#top #wrap_all .avia-button.av-ur44ga-7e932dd2162a6ccf76b2c47c1e8be08b:hover .avia-svg-icon svg:first-child{\nfill:white;\nstroke:white;\n}\n<\/style>\n<a href=\"https:\/\/www.star-ts.com\/ga\/dean-teagmhail\/\" class=\"avia-color-theme-color avia-font-color-theme-color avia-button avia-button-fullwidth av-ur44ga-7e932dd2162a6ccf76b2c47c1e8be08b avia-icon_select-no avia-color-theme-color\" title=\"Contact Us\" aria-label=\"Contact Us\"><span class='avia_iconbox_title' >D\u00e9an Teagmh\u00e1il linn<\/span><span class='avia_button_background avia-button avia-button-fullwidth avia-color-theme-color-highlight'><\/span><\/a><\/div>\n<\/div><\/section><\/div>\n","protected":false},"excerpt":{"rendered":"<p>Aistri\u00fach\u00e1n talmha\u00edochta agus Agraitech. Aistr\u00edmid l\u00e1mhleabhair theicni\u00fala, treoracha oibri\u00fach\u00e1in, br\u00f3isi\u00fair agus c\u00f3rais TF chun cabhr\u00fa leat an talamh a bhualadh go hidirn\u00e1isi\u00fanta. T\u00e9igh Domhanda le STAR.<\/p>\n","protected":false},"author":1,"featured_media":54432,"parent":52811,"menu_order":0,"comment_status":"closed","ping_status":"closed","template":"","meta":{"footnotes":""},"class_list":["post-121441","page","type-page","status-publish","has-post-thumbnail","hentry"],"_links":{"self":[{"href":"https:\/\/www.star-ts.com\/ga\/wp-json\/wp\/v2\/pages\/121441","targetHints":{"allow":["GET"]}}],"collection":[{"href":"https:\/\/www.star-ts.com\/ga\/wp-json\/wp\/v2\/pages"}],"about":[{"href":"https:\/\/www.star-ts.com\/ga\/wp-json\/wp\/v2\/types\/page"}],"author":[{"embeddable":true,"href":"https:\/\/www.star-ts.com\/ga\/wp-json\/wp\/v2\/users\/1"}],"replies":[{"embeddable":true,"href":"https:\/\/www.star-ts.com\/ga\/wp-json\/wp\/v2\/comments?post=121441"}],"version-history":[{"count":0,"href":"https:\/\/www.star-ts.com\/ga\/wp-json\/wp\/v2\/pages\/121441\/revisions"}],"up":[{"embeddable":true,"href":"https:\/\/www.star-ts.com\/ga\/wp-json\/wp\/v2\/pages\/52811"}],"wp:featuredmedia":[{"embeddable":true,"href":"https:\/\/www.star-ts.com\/ga\/wp-json\/wp\/v2\/media\/54432"}],"wp:attachment":[{"href":"https:\/\/www.star-ts.com\/ga\/wp-json\/wp\/v2\/media?parent=121441"}],"curies":[{"name":"wp","href":"https:\/\/api.w.org\/{rel}","templated":true}]}}