{"id":118088,"date":"2025-10-03T16:13:28","date_gmt":"2025-10-03T15:13:28","guid":{"rendered":"https:\/\/www.star-ts.com\/?page_id=118088"},"modified":"2025-10-03T16:13:39","modified_gmt":"2025-10-03T15:13:39","slug":"fttjobgaeilge","status":"publish","type":"page","link":"https:\/\/www.star-ts.com\/ga\/fttjobgaeilge\/","title":{"rendered":"Aistritheoir L\u00e1naimseartha Gaeilge"},"content":{"rendered":"<\/p>\n\n<style type=\"text\/css\" data-created_by=\"avia_inline_auto\" id=\"style-css-av-mfwx1ory-8cae0278375eda63423f2eb2243ab3ce\">\n.avia-image-container.av-mfwx1ory-8cae0278375eda63423f2eb2243ab3ce img.avia_image{\nbox-shadow:none;\n}\n.avia-image-container.av-mfwx1ory-8cae0278375eda63423f2eb2243ab3ce .av-image-caption-overlay-center{\ncolor:#ffffff;\n}\n<\/style>\n<div  class='avia-image-container av-mfwx1ory-8cae0278375eda63423f2eb2243ab3ce av-styling- avia-align-center  avia-builder-el-0  el_before_av_one_full  avia-builder-el-first '   itemprop=\"image\" itemscope=\"itemscope\" itemtype=\"https:\/\/schema.org\/ImageObject\" ><div class=\"avia-image-container-inner\"><div class=\"avia-image-overlay-wrap\"><img decoding=\"async\" fetchpriority=\"high\" class='wp-image-117106 avia-img-lazy-loading-not-117106 avia_image ' src=\"https:\/\/www.star-ts.com\/wp-content\/uploads\/freelancer-at-laptop-scaled.jpg\" alt='Professional Asian woman working at laptop, with a coffee and a light space with plants in background' title='Portrait smile beautiful business asian woman in pink suit working in office desk virtual computer. Small business owner people employee freelance online sme marketing e-commerce telemarketing concept'  height=\"1228\" width=\"2048\"  itemprop=\"thumbnailUrl\" srcset=\"https:\/\/www.star-ts.com\/wp-content\/uploads\/freelancer-at-laptop-scaled.jpg 2048w, https:\/\/www.star-ts.com\/wp-content\/uploads\/freelancer-at-laptop-300x180.jpg 300w, https:\/\/www.star-ts.com\/wp-content\/uploads\/freelancer-at-laptop-1030x618.jpg 1030w, https:\/\/www.star-ts.com\/wp-content\/uploads\/freelancer-at-laptop-80x48.jpg 80w, https:\/\/www.star-ts.com\/wp-content\/uploads\/freelancer-at-laptop-768x461.jpg 768w, https:\/\/www.star-ts.com\/wp-content\/uploads\/freelancer-at-laptop-1536x921.jpg 1536w, https:\/\/www.star-ts.com\/wp-content\/uploads\/freelancer-at-laptop-1500x900.jpg 1500w, https:\/\/www.star-ts.com\/wp-content\/uploads\/freelancer-at-laptop-705x423.jpg 705w\" sizes=\"(max-width: 2048px) 100vw, 2048px\" \/><\/div><\/div><\/div>\n\n<style type=\"text\/css\" data-created_by=\"avia_inline_auto\" id=\"style-css-av-c0pfunj-fa9e7f5d8a63c10c4b75afe63f04b86c\">\n.flex_column.av-c0pfunj-fa9e7f5d8a63c10c4b75afe63f04b86c{\nborder-radius:0px 0px 0px 0px;\npadding:0px 0px 0px 0px;\n}\n<\/style>\n<div  class='flex_column av-c0pfunj-fa9e7f5d8a63c10c4b75afe63f04b86c av_one_full  avia-builder-el-1  el_after_av_image  avia-builder-el-last  first flex_column_div av-zero-column-padding  '     ><section  class='av_textblock_section av-mfwvh3ve-0f1d34f6d6c31caadf7a47c25ed64751 '   itemscope=\"itemscope\" itemtype=\"https:\/\/schema.org\/CreativeWork\" ><div class='avia_textblock'  itemprop=\"text\" ><h1>AISTRITHEOIR L\u00c1NAIMSEARTHA GAEILGE<\/h1>\n<h2><span style=\"color: #800000;\">*POST M\u00d3R\u00c9ILIMH*<\/span>\u00a0<!-- --><\/h2>\n<p>T\u00e1imid sa t\u00f3ir ar Aistritheoir agus Profl\u00e9itheoir L\u00e1naimseartha Gaeilge!<\/p>\n<p>An bhfuil t\u00fa ag iarraidh c\u00e9im mh\u00f3r chun cinn a thabhairt i do chuid gairme mar theangeola\u00ed gairmi\u00fail?<\/p>\n<p>An bhfuil t\u00fa ag iarraidh a bheith i do bhall d\u2019fhoireann mar a mb\u00edonn tionchar ag do chuid scileanna ar chaighde\u00e1n na Gaeilge gach uile l\u00e1?<\/p>\n<p>Beidh aistri\u00fa agus profl\u00e9itheoireacht ar si\u00fal agat, ach beidh r\u00f3l n\u00edos suntasa\u00ed n\u00e1 sin agat freisin: tac\u00fa le comhghleacaithe le do shaineolas teanga, ardchaighde\u00e1n a dheimhniu i dtionscadail go leor, athbhreithni\u00fa a dh\u00e9anamh ar ch\u00e1ip\u00e9is\u00ed inmhe\u00e1nacha, meas a dh\u00e9anamh ar th\u00e1st\u00e1lacha aistri\u00fach\u00e1in, agus l\u00e9argas a thabhairt do bhaill de chuid \u00e1r bhfoirne saoraistritheoir\u00ed. M\u00e1s bre\u00e1 leat an t-aistri\u00fach\u00e1n agus m\u00e1s \u00e1il leat tionchar nithi\u00fail a bheith agat ar chaighde\u00e1n agus ar chomhoibri\u00fa, ba bhre\u00e1 linn sc\u00e9ala a fh\u00e1il uait.<\/p>\n<h3><strong>Su\u00edomh<\/strong>:<\/h3>\n<ul>\n<li>\u00d3 Chian \u2013 \u00c9ire<\/li>\n<\/ul>\n<h3><strong>Riachtanais:<br \/>\n<\/strong><\/h3>\n<ul>\n<li>BA sa Ghaeilge n\u00f3 a mhacasamhail; c\u00e1il\u00edocht aitheanta iarch\u00e9ime san Aistri\u00fach\u00e1n<\/li>\n<li>Ar a laghad taith\u00ed tr\u00ed bliana ar a bheith i d\u2019aistritheoir<\/li>\n<li>Ardscileanna Gaeilge agus B\u00e9arla; is bunt\u00e1iste \u00e9 teangacha eile a bheith agat!<\/li>\n<li>Taith\u00ed ar uirlis\u00ed CAT a \u00fas\u00e1id, go h\u00e1irithe taith\u00ed ar STAR Transit NXT m\u00e1s f\u00e9idir sin<\/li>\n<li>Is bunt\u00e1iste \u00e9 S\u00e9ala Aistri\u00fach\u00e1in Fhoras na Gaeilge a bheith agat<\/li>\n<\/ul>\n<h3><strong>Bunt\u00e1ist\u00ed:<\/strong><\/h3>\n<ul>\n<li>Tuarastal m\u00edos\u00fail bunaithe ar thaith\u00ed agus tairgi\u00falacht laeth\u00fail<\/li>\n<li>Oili\u00faint agus forbairt ghairme lean\u00fanach agus t\u00fa i do bhall d\u2019Fhoireann STAR<\/li>\n<li>Teacht ar \u00e1r gc\u00f3ras t\u00e9arma\u00edochta agus \u00e1r gcuimhn\u00ed aistri\u00fach\u00e1in \u00farscothacha<\/li>\n<li>Bheith ag oibri\u00fa de r\u00e9ir chaighde\u00e1in ch\u00e1il\u00edochta ISO9001 agus ISO17100<\/li>\n<\/ul>\n<div  class='avia-button-wrap avia-button-center  avia-builder-el-3  avia-builder-el-no-sibling '>\n<style type=\"text\/css\" data-created_by=\"avia_inline_auto\" id=\"style-css-av-8sjj5kf-d812d29e8a1017b631fabd48c7c5b3e7\">\n#top #wrap_all .avia-button.av-8sjj5kf-d812d29e8a1017b631fabd48c7c5b3e7:hover{\ncolor:white;\ntransition:all 0.4s ease-in-out;\n}\n#top #wrap_all .avia-button.av-8sjj5kf-d812d29e8a1017b631fabd48c7c5b3e7:hover .avia-svg-icon svg:first-child{\nfill:white;\nstroke:white;\n}\n<\/style>\n<a href=\"https:\/\/webforms.pipedrive.com\/f\/1rpKbIKeVeW4SxJTEHTgcpGM2460Qt4xDyWKSTT6ueyl3BXxYyVN0gJnMZvSrqBiz\" class=\"avia-color-theme-color avia-font-color-theme-color avia-button avia-button-fullwidth av-8sjj5kf-d812d29e8a1017b631fabd48c7c5b3e7 avia-icon_select-no avia-color-theme-color\" aria-label=\"D\u00e9an iarratas anseo\" target=\"_blank\" rel=\"noopener\"><span class='avia_iconbox_title' >D\u00e9an iarratas anseo<\/span><span class='avia_button_background avia-button avia-button-fullwidth avia-color-theme-color-highlight'><\/span><\/a><\/div>\n<\/div><\/section><\/div>\n","protected":false},"excerpt":{"rendered":"<p>T\u00e1imid sa t\u00f3ir ar Aistritheoir agus Profl\u00e9itheoir L\u00e1naimseartha Gaeilge!<\/p>\n<p>An bhfuil t\u00fa ag iarraidh c\u00e9im mh\u00f3r chun cinn a thabhairt i do chuid gairme mar theangeola\u00ed gairmi\u00fail?<\/p>\n<p>An bhfuil t\u00fa ag iarraidh a bheith i do bhall d\u2019fhoireann mar a mb\u00edonn tionchar ag do chuid scileanna ar chaighde\u00e1n na Gaeilge gach uile l\u00e1?<\/p>\n<p>Beidh aistri\u00fa agus profl\u00e9itheoireacht ar si\u00fal agat, ach beidh r\u00f3l n\u00edos suntasa\u00ed n\u00e1 sin agat freisin: tac\u00fa le comhghleacaithe le do shaineolas teanga, ardchaighde\u00e1n a dheimhniu i dtionscadail go leor, athbhreithni\u00fa a dh\u00e9anamh ar ch\u00e1ip\u00e9is\u00ed inmhe\u00e1nacha, meas a dh\u00e9anamh ar th\u00e1st\u00e1lacha aistri\u00fach\u00e1in, agus l\u00e9argas a thabhairt do bhaill de chuid \u00e1r bhfoirne saoraistritheoir\u00ed. M\u00e1s bre\u00e1 leat an t-aistri\u00fach\u00e1n agus m\u00e1s \u00e1il leat tionchar nithi\u00fail a bheith agat ar chaighde\u00e1n agus ar chomhoibri\u00fa, ba bhre\u00e1 linn sc\u00e9ala a fh\u00e1il uait.<\/p>\n","protected":false},"author":168,"featured_media":117102,"parent":0,"menu_order":0,"comment_status":"closed","ping_status":"closed","template":"","meta":{"footnotes":""},"class_list":["post-118088","page","type-page","status-publish","has-post-thumbnail","hentry"],"_links":{"self":[{"href":"https:\/\/www.star-ts.com\/ga\/wp-json\/wp\/v2\/pages\/118088","targetHints":{"allow":["GET"]}}],"collection":[{"href":"https:\/\/www.star-ts.com\/ga\/wp-json\/wp\/v2\/pages"}],"about":[{"href":"https:\/\/www.star-ts.com\/ga\/wp-json\/wp\/v2\/types\/page"}],"author":[{"embeddable":true,"href":"https:\/\/www.star-ts.com\/ga\/wp-json\/wp\/v2\/users\/168"}],"replies":[{"embeddable":true,"href":"https:\/\/www.star-ts.com\/ga\/wp-json\/wp\/v2\/comments?post=118088"}],"version-history":[{"count":0,"href":"https:\/\/www.star-ts.com\/ga\/wp-json\/wp\/v2\/pages\/118088\/revisions"}],"wp:featuredmedia":[{"embeddable":true,"href":"https:\/\/www.star-ts.com\/ga\/wp-json\/wp\/v2\/media\/117102"}],"wp:attachment":[{"href":"https:\/\/www.star-ts.com\/ga\/wp-json\/wp\/v2\/media?parent=118088"}],"curies":[{"name":"wp","href":"https:\/\/api.w.org\/{rel}","templated":true}]}}