{"id":116163,"date":"2025-03-13T10:30:57","date_gmt":"2025-03-13T10:30:57","guid":{"rendered":"https:\/\/www.star-ts.com\/proiseas-cailiochta-aistriuchain\/"},"modified":"2025-03-13T10:31:07","modified_gmt":"2025-03-13T10:31:07","slug":"proiseas-cailiochta-aistriuchain","status":"publish","type":"page","link":"https:\/\/www.star-ts.com\/ga\/proiseas-cailiochta-aistriuchain\/","title":{"rendered":"Pr\u00f3iseas C\u00e1il\u00edochta Aistri\u00fach\u00e1in"},"content":{"rendered":"<div  class='flex_column av-jq3fes-aefae5536da2cf7563fe37c581eb3d15 av_one_full  avia-builder-el-0  el_before_av_two_third  avia-builder-el-first  first flex_column_div  '     ><section  class='av_textblock_section av-gyklxg-f0b6b70fc10b4081d15377dff637c61a '   itemscope=\"itemscope\" itemtype=\"https:\/\/schema.org\/CreativeWork\" ><div class='avia_textblock'  itemprop=\"text\" ><h1>Pr\u00f3iseas C\u00e1il\u00edochta<\/h1>\n<\/div><\/section><br \/>\n<section  class='av_textblock_section av-fbs1xw-38ecb1de7de1f068c3d04cf1b31469f6 '   itemscope=\"itemscope\" itemtype=\"https:\/\/schema.org\/CreativeWork\" ><div class='avia_textblock'  itemprop=\"text\" ><p>C\u00e1il\u00edocht Aistri\u00fach\u00e1in ISO 9001 agus ISO 17100<\/p>\n<\/div><\/section><\/p><\/div>\n<div  class='flex_column av-1dccj8-fb98e59d2b947fd54733895aaf3950b1 av_two_third  avia-builder-el-3  el_after_av_one_full  el_before_av_one_third  first flex_column_div  column-top-margin'     ><section  class='av_textblock_section av-cebjk4-b2efd67f2941986a9402f48d4f1e8760 '   itemscope=\"itemscope\" itemtype=\"https:\/\/schema.org\/CreativeWork\" ><div class='avia_textblock'  itemprop=\"text\" ><p>\u00c9il\u00edonn aistri\u00fach\u00e1n maith aistritheoir\u00ed speisialt\u00f3ireachta tionscail agus cainteoir\u00ed \u00f3 dh\u00fachas a oibr\u00edonn ina dt\u00edr dh\u00fachais. D\u00e9anann \u00e1r bpr\u00f3iseas c\u00e1il\u00edochta aistri\u00fach\u00e1in rian\u00fa ar do dhoicim\u00e9id tr\u00ed gach c\u00e9im, \u00f3 na comhaid \u00f3n mbunfhoinse go dt\u00ed go seoltar ar ais chugat iad sa sprioctheanga(cha) ar deireadh.<\/p>\n<p>C\u00e1il\u00edocht ISO: Leagann \u00e1r <a href=\"https:\/\/www.star-ts.com\/ga\/beartas-maidir-le-caighdean-iso\/\">mbeartas c\u00e1il\u00edochta<\/a> amach \u00e1r dtiomantas d\u2019ardchaighde\u00e1n a chur ar f\u00e1il d\u00e1r gcustaim\u00e9ir\u00ed go l\u00e9ir.<\/p>\n<p>T\u00e1imid deimhnithe de r\u00e9ir ch\u00e1il\u00edocht <a href=\"https:\/\/www.star-ts.com\/ga\/cad-e-deimhniu-iso-9001\/\">ISO 9001<\/a> agus <a href=\"https:\/\/www.star-ts.com\/ga\/cad-e-deimhniu-iso-17100\/\">ISO 17100<\/a><\/p>\n<\/div><\/section><\/div>\n<style type=\"text\/css\" data-created_by=\"avia_inline_auto\" id=\"style-css-av-bhy7ec-48ed18e038f3ae077d206d052243f384\">\n.flex_column.av-bhy7ec-48ed18e038f3ae077d206d052243f384{\nborder-radius:0px 0px 0px 0px;\npadding:0px 0px 0px 0px;\n}\n<\/style>\n<div  class='flex_column av-bhy7ec-48ed18e038f3ae077d206d052243f384 av_one_third  avia-builder-el-5  el_after_av_two_third  el_before_av_one_full  flex_column_div av-zero-column-padding  column-top-margin'     ><section  class='av_textblock_section av-92wmr8-0145d7d714d433d3744b2ee7637c886b '   itemscope=\"itemscope\" itemtype=\"https:\/\/schema.org\/CreativeWork\" ><div class='avia_textblock'  itemprop=\"text\" ><p><img decoding=\"async\" class=\"alignnone size-full wp-image-9301\" title=\"Translation quality process\" src=\"https:\/\/www.star-ts.com\/wp-content\/uploads\/2014\/07\/translation-quality-process.png\" alt=\"Translation quality process\" width=\"400\" height=\"320\" srcset=\"https:\/\/www.star-ts.com\/wp-content\/uploads\/2014\/07\/translation-quality-process.png 400w, https:\/\/www.star-ts.com\/wp-content\/uploads\/2014\/07\/translation-quality-process-80x64.png 80w, https:\/\/www.star-ts.com\/wp-content\/uploads\/2014\/07\/translation-quality-process-300x240.png 300w\" sizes=\"(max-width: 400px) 100vw, 400px\" \/><\/p>\n<\/div><\/section><\/div><\/p>\n<div  class='flex_column av-7oyd3o-34f5d1c202ebf0bb4211fb6de219d2ee av_one_full  avia-builder-el-7  el_after_av_one_third  el_before_av_section  avia-builder-el-last  first flex_column_div  column-top-margin'     ><section  class='av_textblock_section av-n4uhg-84dc41450598c3d7757a61fd8f14aa6b '   itemscope=\"itemscope\" itemtype=\"https:\/\/schema.org\/CreativeWork\" ><div class='avia_textblock'  itemprop=\"text\" ><p><a href=\"https:\/\/www.star-ts.com\/ga\/beartas-maidir-le-caighdean-iso\/\">\u00c1r mBeartas C\u00e1il\u00edochta ISO<\/a><\/p>\n<p><a href=\"https:\/\/www.star-ts.com\/about\/terms-and-conditions\/\">T\u00e9arma\u00ed agus Coinn\u00edollacha<\/a><\/p>\n<\/div><\/section><\/div>\n<\/div><\/div><\/div><!-- close content main div --><\/div><\/div>\n<style type=\"text\/css\" data-created_by=\"avia_inline_auto\" id=\"style-css-av-k0gx2157-307699bb8bdeb8c22c0065ee0c218e70\">\n.avia-section.av-k0gx2157-307699bb8bdeb8c22c0065ee0c218e70{\nbackground-color:#ff7f27;\nbackground-image:unset;\n}\n<\/style>\n<div id='av_section_1'  class='avia-section av-k0gx2157-307699bb8bdeb8c22c0065ee0c218e70 main_color avia-section-default avia-no-border-styling  avia-builder-el-9  el_after_av_one_full  avia-builder-el-last  avia-bg-style-scroll container_wrap sidebar_right'  ><div class='container av-section-cont-open' ><div class='template-page content  av-content-small alpha units'><div class='post-entry post-entry-type-page post-entry-116163'><div class='entry-content-wrapper clearfix'>\n<section  class='av_textblock_section av-zffpn-9b19d1d65eda350fe1fbef528189f03e '   itemscope=\"itemscope\" itemtype=\"https:\/\/schema.org\/CreativeWork\" ><div class='avia_textblock'  itemprop=\"text\" ><h2><span style=\"color: #ffffff;\">Tosaigh Anois<\/span><\/h2>\n<div  class='avia-button-wrap av-aaau3-cfeee44110403d03542901693328eb0e-wrap avia-button-left  avia-builder-el-11  avia-builder-el-no-sibling '><a href='https:\/\/www.star-ts.com\/ga\/dean-teagmhail\/'  class='avia-button av-aaau3-cfeee44110403d03542901693328eb0e av-link-btn avia-icon_select-no avia-size-x-large avia-position-left avia-color-light'   aria-label=\"D\u00e9an Teagmh\u00e1il Linn\"><span class='avia_iconbox_title' >D\u00e9an Teagmh\u00e1il Linn<\/span><\/a><\/div>\n<\/div><\/section>\n<\/div><\/div><\/div><!-- close content main div --><\/div><\/div><div id='after_section_1'  class='main_color av_default_container_wrap container_wrap sidebar_right'  ><div class='container av-section-cont-open' ><div class='template-page content  av-content-small alpha units'><div class='post-entry post-entry-type-page post-entry-116163'><div class='entry-content-wrapper clearfix'>\n","protected":false},"excerpt":{"rendered":"<p>D\u00e9anann \u00e1r bpr\u00f3iseas c\u00e1il\u00edochta aistri\u00fach\u00e1in rian\u00fa ar do dhoicim\u00e9id tr\u00ed gach c\u00e9im, \u00f3 na comhaid \u00f3n mbunfhoinse go dt\u00ed go seoltar ar ais chugat iad sa sprioctheanga(cha) ar deireadh.<\/p>\n<p>C\u00e1il\u00edocht ISO: Leagann \u00e1r mbeartas c\u00e1il\u00edochta amach \u00e1r dtiomantas d\u2019ardchaighde\u00e1n a chur ar f\u00e1il d\u00e1r gcustaim\u00e9ir\u00ed go l\u00e9ir.<\/p>\n<p>T\u00e1imid deimhnithe de r\u00e9ir ch\u00e1il\u00edocht ISO 9001 agus ISO 17100<\/p>\n","protected":false},"author":1,"featured_media":0,"parent":0,"menu_order":3,"comment_status":"closed","ping_status":"closed","template":"","meta":{"footnotes":""},"class_list":["post-116163","page","type-page","status-publish","hentry"],"_links":{"self":[{"href":"https:\/\/www.star-ts.com\/ga\/wp-json\/wp\/v2\/pages\/116163","targetHints":{"allow":["GET"]}}],"collection":[{"href":"https:\/\/www.star-ts.com\/ga\/wp-json\/wp\/v2\/pages"}],"about":[{"href":"https:\/\/www.star-ts.com\/ga\/wp-json\/wp\/v2\/types\/page"}],"author":[{"embeddable":true,"href":"https:\/\/www.star-ts.com\/ga\/wp-json\/wp\/v2\/users\/1"}],"replies":[{"embeddable":true,"href":"https:\/\/www.star-ts.com\/ga\/wp-json\/wp\/v2\/comments?post=116163"}],"version-history":[{"count":0,"href":"https:\/\/www.star-ts.com\/ga\/wp-json\/wp\/v2\/pages\/116163\/revisions"}],"wp:attachment":[{"href":"https:\/\/www.star-ts.com\/ga\/wp-json\/wp\/v2\/media?parent=116163"}],"curies":[{"name":"wp","href":"https:\/\/api.w.org\/{rel}","templated":true}]}}