{"id":116143,"date":"2025-03-13T10:30:55","date_gmt":"2025-03-13T10:30:55","guid":{"rendered":"https:\/\/www.star-ts.com\/cad-e-dtp\/"},"modified":"2026-03-10T16:07:23","modified_gmt":"2026-03-10T16:07:23","slug":"cad-e-dtp","status":"publish","type":"page","link":"https:\/\/www.star-ts.com\/ga\/ceisteanna-coitianta\/cad-e-dtp\/","title":{"rendered":"Cad \u00e9 DTP?"},"content":{"rendered":"<div id='full_slider_1'  class='avia-fullwidth-slider main_color avia-shadow av-small-hide av-mini-hide  avia-builder-el-0  el_before_av_one_full  avia-builder-el-first   container_wrap sidebar_right'  ><div  class='avia-slideshow av-k088u2ou-a06f8320cb1e01a8df618d1c6a5a229d avia-slideshow-featured av_slideshow_full avia-slide-slider av-small-hide av-mini-hide av-slideshow-ui av-control-default av-slideshow-manual av-loop-once av-loop-manual-endless av-default-height-applied   avia-slideshow-1' data-slideshow-options=\"{&quot;animation&quot;:&quot;slide&quot;,&quot;autoplay&quot;:false,&quot;loop_autoplay&quot;:&quot;once&quot;,&quot;interval&quot;:5,&quot;loop_manual&quot;:&quot;manual-endless&quot;,&quot;autoplay_stopper&quot;:false,&quot;noNavigation&quot;:false,&quot;bg_slider&quot;:false,&quot;keep_padding&quot;:false,&quot;hoverpause&quot;:false,&quot;show_slide_delay&quot;:0}\"  itemprop=\"image\" itemscope=\"itemscope\" itemtype=\"https:\/\/schema.org\/ImageObject\" ><ul class='avia-slideshow-inner ' style='padding-bottom: 28.666666666667%;'><li  class='avia-slideshow-slide av-k088u2ou-a06f8320cb1e01a8df618d1c6a5a229d__0  av-single-slide slide-1 slide-odd'><div data-rel='slideshow-1' class='avia-slide-wrap '   ><img decoding=\"async\" fetchpriority=\"high\" class=\"wp-image-54465 avia-img-lazy-loading-not-54465\"  src=\"https:\/\/www.star-ts.com\/wp-content\/uploads\/2019\/09\/asian-programmer-1500x430.jpg\" width=\"1500\" height=\"430\" title='Desktop Publishing Person' alt=''  itemprop=\"thumbnailUrl\"   \/><\/div><\/li><\/ul><\/div><\/div><div id='after_full_slider_1'  class='main_color av_default_container_wrap container_wrap sidebar_right'  ><div class='container av-section-cont-open' ><div class='template-page content  av-content-small alpha units'><div class='post-entry post-entry-type-page post-entry-116143'><div class='entry-content-wrapper clearfix'>\n\n<style type=\"text\/css\" data-created_by=\"avia_inline_auto\" id=\"style-css-av-1w6aij-49ed57fd530eb2f001487aa84bffbb48\">\n.flex_column.av-1w6aij-49ed57fd530eb2f001487aa84bffbb48{\nborder-radius:0px 0px 0px 0px;\npadding:0px 0px 0px 0px;\n}\n<\/style>\n<div  class='flex_column av-1w6aij-49ed57fd530eb2f001487aa84bffbb48 av_one_full  avia-builder-el-1  el_after_av_slideshow_full  el_before_av_one_half  avia-builder-el-first  first flex_column_div av-zero-column-padding  '     ><section  class='av_textblock_section av-2fjb3v-9a62c68c9cd3e1855f461d7aacae9194 '   itemscope=\"itemscope\" itemtype=\"https:\/\/schema.org\/CreativeWork\" ><div class='avia_textblock'  itemprop=\"text\" ><h1>Cad \u00e9 Foilsitheoireacht Deisce? (DTP)<\/h1>\n<p>Ag cruth\u00fa doicim\u00e9ad ag baint \u00fas\u00e1id as <em>scileanna leagain amach leathanaigh<\/em> ar r\u00edomhaire.<\/p>\n<p><strong>Foilsitheoireacht Deisce<\/strong> \u2014 <strong>DTP<\/strong> \u2014 is \u00e9ard at\u00e1 i gceist n\u00e1 doicim\u00e9id a chruth\u00fa a \u00fas\u00e1ideann scileanna leagain amach leathanaigh ar r\u00edomhaire.<\/p>\n<p>Nuair a dh\u00e9anann t\u00fa teagmh\u00e1il linn le meastach\u00e1n a fh\u00e1il do do thionscadail aistri\u00fach\u00e1in, d\u2019fh\u00e9adfa\u00ed go bhfiafra\u00ed duit an dteasta\u00edonn seirbh\u00eds\u00ed DTP uait. Mura bhfuil aon chur amach agat ar an t\u00e9arma seo agus c\u00e9ard a chialla\u00edonn DTP, seo an f\u00e1th go bhf\u00e9adfadh s\u00e9 a bheith ag teast\u00e1il le haghaidh do thionscadail.<\/p>\n<\/div><\/section><\/div>\n<div  class='flex_column av-kdsp4b-492f13251f14cb2a4cb1de3832de716b av_one_half  avia-builder-el-3  el_after_av_one_full  el_before_av_one_half  first flex_column_div  column-top-margin'     ><section  class='av_textblock_section av-jn8z97-de86cb4b2e45bdd532ba0f0328aa6ac2 '   itemscope=\"itemscope\" itemtype=\"https:\/\/schema.org\/CreativeWork\" ><div class='avia_textblock'  itemprop=\"text\" ><div  class='avia-button-wrap av-48kwy3-41bf59bb988123bf7a77518fcc6eb50a-wrap avia-button-left  avia-builder-el-5  avia-builder-el-no-sibling '><a href='https:\/\/www.star-ts.com\/translation-faq\/how-do-you-price-translation-projects\/'  class='avia-button av-48kwy3-41bf59bb988123bf7a77518fcc6eb50a av-link-btn avia-icon_select-yes-left-icon avia-size-large avia-position-left avia-color-green'   aria-label=\"Conas a chuireann t\u00fa praghas ar aistri\u00fach\u00e1n?\"><span class='avia_button_icon avia_button_icon_left avia-iconfont avia-font-entypo-fontello' data-av_icon='\ue81d' data-av_iconfont='entypo-fontello' ><\/span><span class='avia_iconbox_title' >Conas a chuireann t\u00fa praghas ar aistri\u00fach\u00e1n?<\/span><\/a><\/div>\n<\/div><\/section><\/div>\n<div  class='flex_column av-kdsp4b-808038a4e5a6f8ce5c26dd47c345e89d av_one_half  avia-builder-el-6  el_after_av_one_half  el_before_av_one_full  flex_column_div  column-top-margin'     ><section  class='av_textblock_section av-jn8z97-de86cb4b2e45bdd532ba0f0328aa6ac2 '   itemscope=\"itemscope\" itemtype=\"https:\/\/schema.org\/CreativeWork\" ><div class='avia_textblock'  itemprop=\"text\" ><div  class='avia-button-wrap av-7ifor-bc03167a00fc33edbd1a0469d0541982-wrap avia-button-left  avia-builder-el-8  avia-builder-el-no-sibling '><a href='https:\/\/www.star-ts.com\/translation-faq\/what-is-translation-memory\/'  class='avia-button av-7ifor-bc03167a00fc33edbd1a0469d0541982 av-link-btn avia-icon_select-yes-left-icon avia-size-large avia-position-left avia-color-green'   aria-label=\"Cad is cuimhne aistri\u00fach\u00e1in ann?\"><span class='avia_button_icon avia_button_icon_left avia-iconfont avia-font-entypo-fontello' data-av_icon='\ue81d' data-av_iconfont='entypo-fontello' ><\/span><span class='avia_iconbox_title' >Cad is cuimhne aistri\u00fach\u00e1in ann?<\/span><\/a><\/div>\n<\/div><\/section><\/div>\n<div  class='flex_column av-kdsp4b-492f13251f14cb2a4cb1de3832de716b av_one_full  avia-builder-el-9  el_after_av_one_half  el_before_av_image  first flex_column_div  column-top-margin'     ><section  class='av_textblock_section av-jn8z97-de86cb4b2e45bdd532ba0f0328aa6ac2 '   itemscope=\"itemscope\" itemtype=\"https:\/\/schema.org\/CreativeWork\" ><div class='avia_textblock'  itemprop=\"text\" ><h2>Leagan Amach agus Dearadh<\/h2>\n<p>Tagra\u00edonn s\u00e9 do chruth\u00fa doicim\u00e9ad ag baint \u00fas\u00e1id as <strong>bogearra\u00ed leagain amach leathanaigh<\/strong>. I mbeag\u00e1n focal, baineann s\u00e9 le hatheagr\u00fa t\u00e9acs agus l\u00e9ar\u00e1id\u00ed ar fad (\u00edomh\u00e1nna n\u00f3 graif) is f\u00e9idir a dh\u00e9anamh tr\u00ed na bogearra\u00ed foilsitheoireachta cu\u00ed chun doicim\u00e9id amhail bileoga, br\u00f3isi\u00fair, l\u00e1mhleabhair, taispe\u00e1ntais sleamhn\u00e1n, su\u00edomhanna gr\u00e9as\u00e1in etc. a chruth\u00fa.<\/p>\n<p>Go hiond\u00fail, cruth\u00f3idh do ghn\u00edomhaireacht dearaidh n\u00f3 d\u2019fhoireann t\u00ed do bhundoicim\u00e9id i mB\u00e9arla (n\u00f3 cib\u00e9 bunteanga). Mar sin, beidh doicim\u00e9ad agat at\u00e1 deartha go snasta cheana f\u00e9in.<\/p>\n<\/div><\/section><\/div>\n<style type=\"text\/css\" data-created_by=\"avia_inline_auto\" id=\"style-css-av-klktej4m-170f21e26a27b47e99130cd19c65f1e4\">\n.avia-image-container.av-klktej4m-170f21e26a27b47e99130cd19c65f1e4 img.avia_image{\nbox-shadow:none;\n}\n.avia-image-container.av-klktej4m-170f21e26a27b47e99130cd19c65f1e4 .av-image-caption-overlay-center{\ncolor:#ffffff;\n}\n<\/style>\n<div  class='avia-image-container av-klktej4m-170f21e26a27b47e99130cd19c65f1e4 av-styling- avia-align-center  avia-builder-el-11  el_after_av_one_full  el_before_av_one_full '   itemprop=\"image\" itemscope=\"itemscope\" itemtype=\"https:\/\/schema.org\/ImageObject\" ><div class=\"avia-image-container-inner\"><div class=\"avia-image-overlay-wrap\"><img decoding=\"async\" fetchpriority=\"high\" class='wp-image-54314 avia-img-lazy-loading-not-54314 avia_image ' src=\"https:\/\/www.star-ts.com\/wp-content\/uploads\/2018\/04\/STAR-transit-formats-845x300.jpg\" alt='' title='File Formats'  height=\"300\" width=\"845\"  itemprop=\"thumbnailUrl\" srcset=\"https:\/\/www.star-ts.com\/wp-content\/uploads\/2018\/04\/STAR-transit-formats-845x300.jpg 845w, https:\/\/www.star-ts.com\/wp-content\/uploads\/2018\/04\/STAR-transit-formats-80x28.jpg 80w\" sizes=\"(max-width: 845px) 100vw, 845px\" \/><\/div><\/div><\/div><\/p>\n<div  class='flex_column av-hdag4b-f33246314a8b2a77d4f61d7c7bce80fd av_one_full  avia-builder-el-12  el_after_av_image  el_before_av_one_full  first flex_column_div  '     ><section  class='av_textblock_section av-gcfprv-201bc27531bfd8fda860db976ca1bb48 '   itemscope=\"itemscope\" itemtype=\"https:\/\/schema.org\/CreativeWork\" ><div class='avia_textblock'  itemprop=\"text\" ><h2>DTP Tar \u00c9is an Aistri\u00fach\u00e1in<\/h2>\n<p>Nuair a labhra\u00edmid faoi DTP, t\u00e1imid i nd\u00e1ir\u00edre ag tagairt do sheirbh\u00eds\u00ed leagain amach tar \u00e9is aistri\u00fach\u00e1in. Seo roinnt c\u00e1sanna nuair a bh\u00edonn DTP ag teast\u00e1il:<\/p>\n<ul>\n<li>T\u00e1 a strucht\u00far difri\u00fail f\u00e9in ag gach teanga, mar sin athra\u00edonn an sp\u00e1s a theasta\u00edonn chun an t\u00e9acs a chur isteach i do dhoicim\u00e9ad \u00f3 theanga amh\u00e1in go teanga eile<\/li>\n<li>Mar shampla, nuair a aistr\u00edtear \u00f3 Bh\u00e9arla go Gearm\u00e1inis, is f\u00e9idir leis an aistri\u00fach\u00e1n Gearm\u00e1inise a bheith suas le 30% n\u00edos faide. Mar sin b\u2019fh\u00e9idir nach mbeidh sp\u00e1s go leor do do th\u00e9acs i mbosca\u00ed dial\u00f3ige, in \u00edomh\u00e1nna agus i leagan amach do bhr\u00f3isi\u00fair n\u00f3 do dhoicim\u00e9id. Beidh g\u00e1 leis an leagan amach a athr\u00fa agus a shocr\u00fa<\/li>\n<li>I measc na n-athruithe simpl\u00ed dearaidh d\u2019fh\u00e9adfa\u00ed m\u00e9id picti\u00fair n\u00f3 leagan amach do dhoicim\u00e9id a athr\u00fa le go mbeadh sp\u00e1s go leor ann don aistri\u00fach\u00e1n. Go ginear\u00e1lta, molaimid d\u00e1r gcomhph\u00e1irtithe go leor sp\u00e1is bh\u00e1n a fh\u00e1g\u00e1il ina ndoicim\u00e9ad ionas go mbeidh an t\u00e9acs nua in ann sreabhadh go h\u00e9asca. Is fearr smaoineamh ar aistri\u00fach\u00e1n le linn na c\u00e9ime dearaidh n\u00e1 athruithe a dh\u00e9anamh agus an t\u00e9acs \u00e1 aistri\u00fa<\/li>\n<li>N\u00ed f\u00e9idir le cl\u00f3-aghaidheanna \u00e1irithe tac\u00fa leis na carachtair go l\u00e9ir a \u00fas\u00e1idtear i dteangacha \u00e9ags\u00fala. T\u00e1 an taith\u00ed agus an t-eolas ag \u00e1r mbainisteoir\u00ed tionscadail chun a chinneadh c\u00e9 na cl\u00f3nna is f\u00e9idir a \u00fas\u00e1id ag brath ar an spriocteanga<\/li>\n<li>Teasta\u00edonn DTP go huathoibr\u00edoch \u00f3 theangacha \u00e1irithe<\/li>\n<li>Mar shampla, t\u00e1 DTP riachtanach don Araibis toisc go scr\u00edobhtar \u00f3 dheis go cl\u00e9 \u00ed. Baineann DTP le log\u00e1n\u00fa \u00edomh\u00e1nna freisin. Tagra\u00edonn an obair seo d\u2019aistri\u00fa \u00edomh\u00e1nna n\u00f3 graf at\u00e1 san \u00e1ireamh i do ch\u00e1ip\u00e9is\u00ed. Bogfar \u00edomh\u00e1nna freisin chun \u00e9 seo a l\u00e9iri\u00fa. Teasta\u00edonn cl\u00f3nna speisialta \u00f3 theangacha na h\u00c1ise freisin<\/li>\n<li>Tar \u00e9is DTP a dh\u00e9anamh ar do chuid comhad, is f\u00e9idir linn PDFanna a chruth\u00fa at\u00e1 r\u00e9idh le priont\u00e1il<\/li>\n<\/ul>\n<p>Sol\u00e1thra\u00edmid foireann ioml\u00e1n de <a href=\"https:\/\/www.star-ts.com\/ga\/seirbhisi\/foilsitheoireacht-ilteangach-deisce-dtp\/\">sheirbh\u00eds\u00ed foilsitheoireachta ilteangacha deisce<\/a>.<\/p>\n<\/div><\/section><\/div>\n<div  class='flex_column av-e69xh7-7cffd6a74a9c12962b3f02f9642417fb av_one_full  avia-builder-el-14  el_after_av_one_full  el_before_av_one_full  first flex_column_div  column-top-margin'     ><section  class='av_textblock_section av-c1bv97-86582f43fb12ceee17d21a43f0993cfb '   itemscope=\"itemscope\" itemtype=\"https:\/\/schema.org\/CreativeWork\" ><div class='avia_textblock'  itemprop=\"text\" ><h2>Form\u00e1id\u00ed Foilsitheoireachta Ilteangacha Deisce<\/h2>\n<p>Ag brath ar an tionscadal, n\u00ed m\u00f3r do ghn\u00edomhaireachta\u00ed aistri\u00fach\u00e1in a bheith in ann oibri\u00fa le cine\u00e1lacha \u00e9ags\u00fala doicim\u00e9ad. Is f\u00e9idir leat do thionscal aistri\u00fach\u00e1in a dh\u00e9anamh ar bhealach n\u00edos tap\u00fala agus n\u00edos saoire m\u00e1 chinnt\u00edonn t\u00fa go bhfuil do <a href=\"https:\/\/www.star-ts.com\/translation-faq\/why-do-you-need-the-source-files-for-translation\/\" data-wplink-edit=\"true\">bhundoicim\u00e9id<\/a> ar fad agat.<\/p>\n<p>Na pr\u00edomhfheidhmchl\u00e1ir do DTP:<\/p>\n<ul>\n<li>Microsoft Office (Word, Excel agus PowerPoint)<\/li>\n<li>Adobe CS \/ CC (InDesign, Illustrator agus Photoshop)<\/li>\n<li>Adobe FrameMaker<\/li>\n<li>Adobe PageMaker<\/li>\n<li>QuarkXPress<\/li>\n<li>CorelDRAW agus Corel Ventura<\/li>\n<\/ul>\n<p>T\u00e1 t\u00e1bhacht ar leith ag baint le DTP san aistri\u00fach\u00e1n. Sin an f\u00e1th a gcuirimid seirbh\u00eds\u00ed DTP ar f\u00e1il ionas go nd\u00e9antar do dhoicim\u00e9id a th\u00e1irgeadh agus a sheachadadh le leagan amach gairmi\u00fail agus soil\u00e9ir.<\/p>\n<\/div><\/section><\/div>\n\n<style type=\"text\/css\" data-created_by=\"avia_inline_auto\" id=\"style-css-av-15hn6j-d30cd6a65f7ebbfc898d963bfe7db3ac\">\n.flex_column.av-15hn6j-d30cd6a65f7ebbfc898d963bfe7db3ac{\nborder-radius:0px 0px 0px 0px;\npadding:0px 0px 0px 0px;\n}\n<\/style>\n<div  class='flex_column av-15hn6j-d30cd6a65f7ebbfc898d963bfe7db3ac av_one_full  avia-builder-el-16  el_after_av_one_full  el_before_av_section  avia-builder-el-last  first flex_column_div av-zero-column-padding  column-top-margin'     ><section  class='av_textblock_section av-9j49ob-c0524efd8657907a062e6a4df9da9642 '   itemscope=\"itemscope\" itemtype=\"https:\/\/schema.org\/CreativeWork\" ><div class='avia_textblock'  itemprop=\"text\" ><h2>Seirbh\u00eds\u00ed Foilsitheoireachta Deisce don Araibis<\/h2>\n<p>Sol\u00e1thra\u00edonn \u00e1r bhfoireann sa Mhe\u00e1noirthear seirbh\u00eds\u00ed gairmi\u00fala foilsitheoireachta deisce agus leagain amach don Araibis. T\u00e1imid in ann comhaid r\u00e9idh le priont\u00e1il a shol\u00e1thar d\u00e1r gcustaim\u00e9ir\u00ed m\u00e1s g\u00e1. Foghlaim tuilleadh faoin\u00e1r <a href=\"https:\/\/www.star-ts.com\/arabic-translation\/\">Seirbh\u00eds\u00ed Aistri\u00fach\u00e1in Araibise<\/a>.<\/p>\n<p><a href=\"https:\/\/www.star-ts.com\/arabic-translation\/\"><img decoding=\"async\" class=\"alignnone wp-image-18432 size-full\" src=\"https:\/\/www.star-ts.com\/wp-content\/uploads\/2014\/07\/arabic-cta.png\" alt=\"Arabic Translation - Free Whitepaper\" width=\"634\" height=\"248\" srcset=\"https:\/\/www.star-ts.com\/wp-content\/uploads\/2014\/07\/arabic-cta.png 634w, https:\/\/www.star-ts.com\/wp-content\/uploads\/2014\/07\/arabic-cta-80x31.png 80w, https:\/\/www.star-ts.com\/wp-content\/uploads\/2014\/07\/arabic-cta-300x117.png 300w, https:\/\/www.star-ts.com\/wp-content\/uploads\/2014\/07\/arabic-cta-450x176.png 450w\" sizes=\"(max-width: 634px) 100vw, 634px\" \/><\/a><\/p>\n<\/div><\/section><\/div>\n<\/div><\/div><\/div><!-- close content main div --><\/div><\/div>\n<style type=\"text\/css\" data-created_by=\"avia_inline_auto\" id=\"style-css-av-k0gx2157-307699bb8bdeb8c22c0065ee0c218e70\">\n.avia-section.av-k0gx2157-307699bb8bdeb8c22c0065ee0c218e70{\nbackground-color:#ff7f27;\nbackground-image:unset;\n}\n<\/style>\n<div id='av_section_1'  class='avia-section av-k0gx2157-307699bb8bdeb8c22c0065ee0c218e70 main_color avia-section-default avia-no-border-styling  avia-builder-el-18  el_after_av_one_full  avia-builder-el-last  avia-bg-style-scroll container_wrap sidebar_right'  ><div class='container av-section-cont-open' ><div class='template-page content  av-content-small alpha units'><div class='post-entry post-entry-type-page post-entry-116143'><div class='entry-content-wrapper clearfix'>\n<section  class='av_textblock_section av-zffpn-9b19d1d65eda350fe1fbef528189f03e '   itemscope=\"itemscope\" itemtype=\"https:\/\/schema.org\/CreativeWork\" ><div class='avia_textblock'  itemprop=\"text\" ><h2><span style=\"color: #ffffff;\">Tosaigh Anois<\/span><\/h2>\n<div  class='avia-button-wrap av-aaau3-cfeee44110403d03542901693328eb0e-wrap avia-button-left  avia-builder-el-20  avia-builder-el-no-sibling '><a href='https:\/\/www.star-ts.com\/ga\/dean-teagmhail\/'  class='avia-button av-aaau3-cfeee44110403d03542901693328eb0e av-link-btn avia-icon_select-no avia-size-x-large avia-position-left avia-color-light'   aria-label=\"D\u00e9an Teagmh\u00e1il Linn\"><span class='avia_iconbox_title' >D\u00e9an Teagmh\u00e1il Linn<\/span><\/a><\/div>\n<\/div><\/section>\n<\/div><\/div><\/div><!-- close content main div --><\/div><\/div><div id='after_section_1'  class='main_color av_default_container_wrap container_wrap sidebar_right'  ><div class='container av-section-cont-open' ><div class='template-page content  av-content-small alpha units'><div class='post-entry post-entry-type-page post-entry-116143'><div class='entry-content-wrapper clearfix'>\n","protected":false},"excerpt":{"rendered":"","protected":false},"author":1,"featured_media":54465,"parent":121540,"menu_order":32,"comment_status":"open","ping_status":"closed","template":"","meta":{"footnotes":""},"class_list":["post-116143","page","type-page","status-publish","has-post-thumbnail","hentry"],"_links":{"self":[{"href":"https:\/\/www.star-ts.com\/ga\/wp-json\/wp\/v2\/pages\/116143","targetHints":{"allow":["GET"]}}],"collection":[{"href":"https:\/\/www.star-ts.com\/ga\/wp-json\/wp\/v2\/pages"}],"about":[{"href":"https:\/\/www.star-ts.com\/ga\/wp-json\/wp\/v2\/types\/page"}],"author":[{"embeddable":true,"href":"https:\/\/www.star-ts.com\/ga\/wp-json\/wp\/v2\/users\/1"}],"replies":[{"embeddable":true,"href":"https:\/\/www.star-ts.com\/ga\/wp-json\/wp\/v2\/comments?post=116143"}],"version-history":[{"count":0,"href":"https:\/\/www.star-ts.com\/ga\/wp-json\/wp\/v2\/pages\/116143\/revisions"}],"up":[{"embeddable":true,"href":"https:\/\/www.star-ts.com\/ga\/wp-json\/wp\/v2\/pages\/121540"}],"wp:featuredmedia":[{"embeddable":true,"href":"https:\/\/www.star-ts.com\/ga\/wp-json\/wp\/v2\/media\/54465"}],"wp:attachment":[{"href":"https:\/\/www.star-ts.com\/ga\/wp-json\/wp\/v2\/media?parent=116143"}],"curies":[{"name":"wp","href":"https:\/\/api.w.org\/{rel}","templated":true}]}}