{"id":116115,"date":"2025-03-13T10:15:59","date_gmt":"2025-03-13T10:15:59","guid":{"rendered":"https:\/\/www.star-ts.com\/seirbhisi-aistriuchain\/aistriu-doicimead\/aistriuchan-do-lamhleabhair-usaideoiri\/"},"modified":"2025-03-13T10:16:01","modified_gmt":"2025-03-13T10:16:01","slug":"aistriuchan-do-lamhleabhair-usaideoiri","status":"publish","type":"page","link":"https:\/\/www.star-ts.com\/ga\/seirbhisi-aistriuchain\/aistriu-doicimead\/aistriuchan-do-lamhleabhair-usaideoiri\/","title":{"rendered":"Aistri\u00fach\u00e1n do L\u00e1mhleabhair \u00das\u00e1ideoir\u00ed"},"content":{"rendered":"\n<p><\/p>\n\n\n\n<style type=\"text\/css\" data-created_by=\"avia_inline_auto\" id=\"style-css-av-73twj-c3981691f4c33ef52818645504feabb3\">\n.flex_column.av-73twj-c3981691f4c33ef52818645504feabb3{\nborder-radius:0px 0px 0px 0px;\npadding:0px 0px 0px 0px;\n}\n<\/style>\n<div  class='flex_column av-73twj-c3981691f4c33ef52818645504feabb3 av_one_full  avia-builder-el-0  el_before_av_one_third  avia-builder-el-first  first flex_column_div av-zero-column-padding  '     ><section  class='av_textblock_section av-t90ng3-cd005463c9a3788aaa5519f65309e9b1 '   itemscope=\"itemscope\" itemtype=\"https:\/\/schema.org\/CreativeWork\" ><div class='avia_textblock'  itemprop=\"text\" ><h1>Seirbh\u00eds\u00ed Aistri\u00fach\u00e1in do L\u00e1mhleabhair \u00das\u00e1ideoir\u00ed<\/h1>\n<\/div><\/section><br \/>\n<section  class='av_textblock_section av-pbxznn-a2b245afc50b2ccdff88d495f8c5fc7f '   itemscope=\"itemscope\" itemtype=\"https:\/\/schema.org\/CreativeWork\" ><div class='avia_textblock'  itemprop=\"text\" ><h3>Aistri\u00fach\u00e1n Ardchaighde\u00e1in do L\u00e1mhleabhair \u00das\u00e1ideoir\u00ed<\/h3>\n<p>Cuidigh le do chustaim\u00e9ir\u00ed an tairbhe is fearr a fh\u00e1il \u00f3 do chuid t\u00e1irg\u00ed.<\/p>\n<\/div><\/section><\/p><\/div><div  class='flex_column av-o6m2ub-8eba5180539f976dd8a617446d2a152f av_one_third  avia-builder-el-3  el_after_av_one_full  el_before_av_two_third  first flex_column_div  column-top-margin'     ><section  class='av_textblock_section av-m7ohtv-3f3a0a304db542c5f1f94bb944e282e8 '   itemscope=\"itemscope\" itemtype=\"https:\/\/schema.org\/CreativeWork\" ><div class='avia_textblock'  itemprop=\"text\" ><p><img decoding=\"async\" class=\"alignnone size-full wp-image-9366\" title=\"User Manual Translation\" src=\"https:\/\/www.star-ts.com\/wp-content\/uploads\/2014\/03\/user-manuals_v2.png\" alt=\"User manual translation\" width=\"400\" height=\"320\" srcset=\"https:\/\/www.star-ts.com\/wp-content\/uploads\/2014\/03\/user-manuals_v2.png 400w, https:\/\/www.star-ts.com\/wp-content\/uploads\/2014\/03\/user-manuals_v2-80x64.png 80w, https:\/\/www.star-ts.com\/wp-content\/uploads\/2014\/03\/user-manuals_v2-300x240.png 300w\" sizes=\"(max-width: 400px) 100vw, 400px\" \/><\/p>\n<\/div><\/section><\/div><\/p>\n\n<style type=\"text\/css\" data-created_by=\"avia_inline_auto\" id=\"style-css-av-lhdclv-02a2bfbc71896b131570085627188bbd\">\n.flex_column.av-lhdclv-02a2bfbc71896b131570085627188bbd{\nborder-radius:0px 0px 0px 0px;\npadding:0px 0px 0px 0px;\n}\n<\/style>\n<div  class='flex_column av-lhdclv-02a2bfbc71896b131570085627188bbd av_two_third  avia-builder-el-5  el_after_av_one_third  el_before_av_two_third  flex_column_div av-zero-column-padding  column-top-margin'     ><section  class='av_textblock_section av-iipjkz-e726187ea2e927a91453df36bbba0ffa '   itemscope=\"itemscope\" itemtype=\"https:\/\/schema.org\/CreativeWork\" ><div class='avia_textblock'  itemprop=\"text\" ><p>I margadh domhanda an lae inniu, t\u00e1 custaim\u00e9ir\u00ed ag s\u00fail le rochtain a bheith acu ar aistri\u00fach\u00e1in ardchaighde\u00e1in ar l\u00e1mhleabhair \u00fas\u00e1ideoir\u00ed le go mbeidh siad in ann iad a l\u00e9amh ina dteanga f\u00e9in. Is m\u00f3r ag custaim\u00e9ir\u00ed l\u00e1mhleabhair at\u00e1 cruinn go teicni\u00fail agus \u00e9asca le tuiscint ag an am c\u00e9anna.<\/p>\n<p>T\u00e1 os cionn n\u00e1 30 bliain de thaith\u00ed san aistri\u00fach\u00e1n ag STAR thar n\u00edos m\u00f3 n\u00e1 50 oifig ar fud an domhain. Chun cabhr\u00fa leat cumars\u00e1id \u00e9ifeachtach a dh\u00e9anamh le do chustaim\u00e9ir\u00ed nua, oibr\u00edonn \u00e1r n-aistritheoir\u00ed sna t\u00edortha ina labhra\u00edtear an spriocteanga ionas go mbeidh an t\u00e9acs deas n\u00e1d\u00fartha agus an chuma air nach aistri\u00fach\u00e1n ar chor ar bith \u00e9.<\/p>\n<\/div><\/section><\/div>\n<div  class='flex_column av-1sel5v-9be154b9d26a8cb674edf015fc1d6123 av_two_third  avia-builder-el-7  el_after_av_two_third  el_before_av_one_third  first flex_column_div  column-top-margin'     ><section  class='av_textblock_section av-fjyb3n-bfe13fd3f22a42535d061515a4ead773 '   itemscope=\"itemscope\" itemtype=\"https:\/\/schema.org\/CreativeWork\" ><div class='avia_textblock'  itemprop=\"text\" ><h3>Ionad Ilfhreastail<\/h3>\n<p>Mar chuid d\u00e1r seirbh\u00eds, cuirimid seirbh\u00eds\u00ed foilsitheoireachta deisce ar f\u00e1il freisin m\u00e1s g\u00e1. Is f\u00e9idir linn oibri\u00fa leis na pr\u00edomhfheidhmchl\u00e1ir amhail InDesign, QuarkXpress, FrameMaker agus go leor eile. T\u00e1imid in ann oibri\u00fa go d\u00edreach le do bhunchomhaid agus PDFanna r\u00e9idh le priont\u00e1il a sheachadadh d\u00edreach ar ais chugat.<\/p>\n<p>Le hoifig\u00ed ar fud an domhain, oibr\u00edmid ar gach teanga ag an am c\u00e9anna, rud a fh\u00e1gann gur <a href=\"https:\/\/www.star-ts.com\/ga\/maidir-le\/\">ionad ilfhreastail<\/a> muid do do riachtanais ilteangacha ar fad.<\/p>\n<p><a href=\"https:\/\/www.star-ts.com\/ga\/dean-teagmhail\/\">D\u00e9an teagmh\u00e1il linn inniu<\/a> agus cabhr\u00f3imid leat le do riachtanais aistri\u00fach\u00e1in ar fad!<\/p>\n<\/div><\/section><\/div>\n\n<style type=\"text\/css\" data-created_by=\"avia_inline_auto\" id=\"style-css-av-ebe0gz-60653a9516a964a0cefb23ebb02c0d4a\">\n.flex_column.av-ebe0gz-60653a9516a964a0cefb23ebb02c0d4a{\nborder-radius:0px 0px 0px 0px;\npadding:0px 0px 0px 0px;\n}\n<\/style>\n<div  class='flex_column av-ebe0gz-60653a9516a964a0cefb23ebb02c0d4a av_one_third  avia-builder-el-9  el_after_av_two_third  el_before_av_one_full  flex_column_div av-zero-column-padding  column-top-margin'     ><section  class='av_textblock_section av-ctbfb7-0d2541d81848be6ac264a82f1a4d9d7c '   itemscope=\"itemscope\" itemtype=\"https:\/\/schema.org\/CreativeWork\" ><div class='avia_textblock'  itemprop=\"text\" ><h4>Seirbh\u00eds\u00ed aistri\u00fach\u00e1in:<\/h4>\n<ul>\n<li>Doicim\u00e9ad\u00fa Tomhalt\u00f3ir\u00ed<\/li>\n<li><a href=\"https:\/\/www.star-ts.com\/translation-services\/documents\/health-and-safety\/\">L\u00e1mhleabhair Sl\u00e1inte agus S\u00e1bh\u00e1ilteachta<\/a><\/li>\n<li><a href=\"https:\/\/www.star-ts.com\/translation-services\/documents\/employee-handbooks\/\">Aistri\u00fach\u00e1n ar L\u00e1mhleabhar d\u2019Fhostaithe<\/a><\/li>\n<li><a href=\"https:\/\/www.star-ts.com\/ga\/seirbhisi-aistriuchain\/seirbhisi-aistriuchain-i-dtionscal-na-ngluaistean-teicniuil\/\">Aistri\u00fach\u00e1n Uathghluaisneach<\/a><\/li>\n<li><a href=\"https:\/\/www.star-ts.com\/ga\/seirbhisi-aistriuchain\/aistriu-doicimead\/\">Aistri\u00fa Doicim\u00e9ad<\/a><\/li>\n<li><a href=\"https:\/\/www.star-ts.com\/marketing-services\/marketing-campaigns\/e-commerce\/\">Aistri\u00fach\u00e1n ar Shu\u00edomh Gr\u00e9as\u00e1in R\u00edomhthr\u00e1cht\u00e1la<\/a><\/li>\n<\/ul>\n<\/div><\/section><\/div>\n<div  class='flex_column av-b1m1kz-7c13b296d0f83fb0afc120127b8126f9 av_one_full  avia-builder-el-11  el_after_av_one_third  avia-builder-el-last  first flex_column_div  column-top-margin'     ><section  class='av_textblock_section av-9a0b0z-eff18a9303f7b4191bb18e6aa354ffa7 '   itemscope=\"itemscope\" itemtype=\"https:\/\/schema.org\/CreativeWork\" ><div class='avia_textblock'  itemprop=\"text\" ><h3>Caighde\u00e1in Ch\u00e1il\u00edochta<\/h3>\n<p>T\u00e1 an obair a dh\u00e9anaimid deimhnithe de r\u00e9ir na gcaighde\u00e1n c\u00e1il\u00edochta idirn\u00e1isi\u00fanta. T\u00e1imid deimhnithe de r\u00e9ir ch\u00e1il\u00edocht <a href=\"https:\/\/www.star-ts.com\/ga\/cad-e-deimhniu-iso-9001\/\">ISO 9001<\/a> agus <a href=\"https:\/\/www.star-ts.com\/ga\/cad-e-deimhniu-iso-17100\/\">ISO 17100<\/a>. Is \u00e9 an ISO 9001 an caighde\u00e1n do ch\u00f3rais bainist\u00edochta c\u00e1il\u00edochta agus is sainchaighde\u00e1n \u00e9 ISO 17100 don tionscal aistri\u00fach\u00e1in.<\/p>\n<\/div><\/section><\/div>\n","protected":false},"excerpt":{"rendered":"","protected":false},"author":1,"featured_media":0,"parent":52764,"menu_order":5,"comment_status":"closed","ping_status":"closed","template":"","meta":{"footnotes":""},"class_list":["post-116115","page","type-page","status-publish","hentry"],"_links":{"self":[{"href":"https:\/\/www.star-ts.com\/ga\/wp-json\/wp\/v2\/pages\/116115","targetHints":{"allow":["GET"]}}],"collection":[{"href":"https:\/\/www.star-ts.com\/ga\/wp-json\/wp\/v2\/pages"}],"about":[{"href":"https:\/\/www.star-ts.com\/ga\/wp-json\/wp\/v2\/types\/page"}],"author":[{"embeddable":true,"href":"https:\/\/www.star-ts.com\/ga\/wp-json\/wp\/v2\/users\/1"}],"replies":[{"embeddable":true,"href":"https:\/\/www.star-ts.com\/ga\/wp-json\/wp\/v2\/comments?post=116115"}],"version-history":[{"count":0,"href":"https:\/\/www.star-ts.com\/ga\/wp-json\/wp\/v2\/pages\/116115\/revisions"}],"up":[{"embeddable":true,"href":"https:\/\/www.star-ts.com\/ga\/wp-json\/wp\/v2\/pages\/52764"}],"wp:attachment":[{"href":"https:\/\/www.star-ts.com\/ga\/wp-json\/wp\/v2\/media?parent=116115"}],"curies":[{"name":"wp","href":"https:\/\/api.w.org\/{rel}","templated":true}]}}