{"id":116061,"date":"2025-03-13T10:15:52","date_gmt":"2025-03-13T10:15:52","guid":{"rendered":"https:\/\/www.star-ts.com\/tionscail\/"},"modified":"2025-03-13T10:16:00","modified_gmt":"2025-03-13T10:16:00","slug":"tionscail","status":"publish","type":"page","link":"https:\/\/www.star-ts.com\/ga\/tionscail\/","title":{"rendered":"Tionscail"},"content":{"rendered":"<div id='full_slider_1'  class='avia-fullwidth-slider main_color avia-shadow av-medium-hide av-small-hide av-mini-hide  avia-builder-el-0  el_before_av_one_third  avia-builder-el-first   container_wrap sidebar_right'  ><div  class='avia-slideshow av-k0ghbnd3-ee020a3f2ae88ab800428e789113851e avia-slideshow-featured av_slideshow_full avia-slide-slider av-medium-hide av-small-hide av-mini-hide av-slideshow-ui av-control-default av-slideshow-manual av-loop-once av-loop-manual-endless av-default-height-applied   avia-slideshow-1' data-slideshow-options=\"{&quot;animation&quot;:&quot;slide&quot;,&quot;autoplay&quot;:false,&quot;loop_autoplay&quot;:&quot;once&quot;,&quot;interval&quot;:5,&quot;loop_manual&quot;:&quot;manual-endless&quot;,&quot;autoplay_stopper&quot;:false,&quot;noNavigation&quot;:false,&quot;bg_slider&quot;:false,&quot;keep_padding&quot;:false,&quot;hoverpause&quot;:false,&quot;show_slide_delay&quot;:0}\"  itemprop=\"image\" itemscope=\"itemscope\" itemtype=\"https:\/\/schema.org\/ImageObject\" ><ul class='avia-slideshow-inner ' style='padding-bottom: 28.666666666667%;'><li  class='avia-slideshow-slide av-k0ghbnd3-ee020a3f2ae88ab800428e789113851e__0  av-single-slide slide-1 slide-odd'><div data-rel='slideshow-1' class='avia-slide-wrap '   ><div class='av-slideshow-caption av-k0ghbnd3-ee020a3f2ae88ab800428e789113851e__0 caption_fullwidth caption_center caption_center_framed caption_framed'><div class=\"container caption_container\"><div class=\"slideshow_caption\"><div class=\"slideshow_inner_caption\"><div class=\"slideshow_align_caption\"><h2 class='avia-caption-title '  itemprop=\"name\" >Sainaistri\u00fach\u00e1n d\u2019Earn\u00e1il na Tionscla\u00edochta<\/h2><\/div><\/div><\/div><\/div><\/div><img decoding=\"async\" fetchpriority=\"high\" class=\"wp-image-54295 avia-img-lazy-loading-not-54295\"  src=\"https:\/\/www.star-ts.com\/wp-content\/uploads\/2018\/04\/document-working-1500x430.jpg\" width=\"1500\" height=\"430\" title='business woman looking at documents' alt=''  itemprop=\"thumbnailUrl\"   \/><\/div><\/li><\/ul><\/div><\/div><div id='after_full_slider_1'  class='main_color av_default_container_wrap container_wrap sidebar_right'  ><div class='container av-section-cont-open' ><div class='template-page content  av-content-small alpha units'><div class='post-entry post-entry-type-page post-entry-116061'><div class='entry-content-wrapper clearfix'>\n\n<style type=\"text\/css\" data-created_by=\"avia_inline_auto\" id=\"style-css-av-5qoc2m-e3a736c97c2e683713b60252c80c37b9\">\n.flex_column.av-5qoc2m-e3a736c97c2e683713b60252c80c37b9{\nborder-radius:0px 0px 0px 0px;\npadding:0px 0px 0px 0px;\n}\n<\/style>\n<div  class='flex_column av-5qoc2m-e3a736c97c2e683713b60252c80c37b9 av_one_third  avia-builder-el-1  el_after_av_slideshow_full  el_before_av_two_third  avia-builder-el-first  first flex_column_div av-zero-column-padding  '     ><style type=\"text\/css\" data-created_by=\"avia_inline_auto\" id=\"style-css-av-k0ghcc4e-2a80d2f79c2077716452786cac668dd9\">\n@keyframes av_boxShadowEffect_av-k0ghcc4e-2a80d2f79c2077716452786cac668dd9 {\n0%   { box-shadow:  0 0 0 0 ; opacity: 1; }\n100% { box-shadow:  0 0 10px 0 ; opacity: 1; }\n}\n.avia-image-container.av-k0ghcc4e-2a80d2f79c2077716452786cac668dd9 img.avia_image{\nbox-shadow: 0 0 10px 0 ;\n}\n.avia-image-container.av-k0ghcc4e-2a80d2f79c2077716452786cac668dd9 .av-image-caption-overlay-center{\ncolor:#ffffff;\n}\n<\/style>\n<div  class='avia-image-container av-k0ghcc4e-2a80d2f79c2077716452786cac668dd9 av-styling- avia-align-center  avia-builder-el-2  avia-builder-el-no-sibling  av-img-box-shadow av-box-shadow-not-animated'   itemprop=\"image\" itemscope=\"itemscope\" itemtype=\"https:\/\/schema.org\/ImageObject\" ><div class=\"avia-image-container-inner\"><div class=\"avia-image-overlay-wrap\"><img decoding=\"async\" loading=\"lazy\" class='wp-image-54293 avia-img-lazy-loading-54293 avia_image shadow-not-animated' src=\"https:\/\/www.star-ts.com\/wp-content\/uploads\/2018\/04\/STAR_Deutschland_GmbH-495x400.jpg\" alt='STAR Office' title='STAR office'  height=\"400\" width=\"495\"  itemprop=\"thumbnailUrl\"  \/><\/div><\/div><\/div><\/div>\n<style type=\"text\/css\" data-created_by=\"avia_inline_auto\" id=\"style-css-av-14atuwu-eb3630d98d622af72d70977760570902\">\n.flex_column.av-14atuwu-eb3630d98d622af72d70977760570902{\nborder-radius:0px 0px 0px 0px;\npadding:0px 0px 0px 0px;\n}\n<\/style>\n<div  class='flex_column av-14atuwu-eb3630d98d622af72d70977760570902 av_two_third  avia-builder-el-3  el_after_av_one_third  el_before_av_one_full  flex_column_div av-zero-column-padding  '     ><section  class='av_textblock_section av-k0ghe3jh-f418e6244f11ad1ba57e1eb2e42a5276 '   itemscope=\"itemscope\" itemtype=\"https:\/\/schema.org\/CreativeWork\" ><div class='avia_textblock'  itemprop=\"text\" ><h1>Saineolas Tiomnaithe do Thionscail<\/h1>\n<p>Oibr\u00edmid i go leor tionscal agus fosta\u00edmid aistritheoir\u00ed a bhfuil an saineolas acu do gach ceann de na tionscail sin.<\/p>\n<p>Mar chomhlacht domhanda, cuirimid seirbh\u00eds\u00ed ar f\u00e1il i n\u00edos m\u00f3 n\u00e1 200 teanga ar f\u00e1il i l\u00edon m\u00f3r c\u00f3ras agus pr\u00f3iseas tionscail. Oibr\u00edonn \u00e1r bhfoirne go dl\u00fath i gcomhph\u00e1irt\u00edocht len\u00e1r gcustaim\u00e9ir\u00ed chun r\u00e9iteach feili\u00fanach a shol\u00e1thar do gach custaim\u00e9ir agus tionscal.<\/p>\n<hr \/>\n<\/div><\/section><\/div><\/p>\n\n<style type=\"text\/css\" data-created_by=\"avia_inline_auto\" id=\"style-css-av-3spqpdq-daba2755921a91d2c247743a7cb6b88c\">\n.flex_column.av-3spqpdq-daba2755921a91d2c247743a7cb6b88c{\nborder-radius:0px 0px 0px 0px;\npadding:0px 0px 0px 0px;\n}\n<\/style>\n<div  class='flex_column av-3spqpdq-daba2755921a91d2c247743a7cb6b88c av_one_full  avia-builder-el-5  el_after_av_two_third  el_before_av_one_fourth  first flex_column_div av-zero-column-padding  column-top-margin'     ><section  class='av_textblock_section av-ko1l4jxy-6ab00f5691878d38c2130466ceef9455 '   itemscope=\"itemscope\" itemtype=\"https:\/\/schema.org\/CreativeWork\" ><div class='avia_textblock'  itemprop=\"text\" ><h2>Tionscail a mb\u00edmid ag obair iontu&#8230;<\/h2>\n<p>Sol\u00e1thra\u00edmid l\u00e1mhleabhair oibri\u00fach\u00e1in, su\u00edomhanna gr\u00e9as\u00e1in, br\u00f3isi\u00fair, bileoga eolais agus go leor eile do na tionscail seo a leanas.<\/p>\n<\/div><\/section><\/div>\n\n<style type=\"text\/css\" data-created_by=\"avia_inline_auto\" id=\"style-css-av-3mmem4e-741db8509b7951a9825c3eece64b9404\">\n.flex_column.av-3mmem4e-741db8509b7951a9825c3eece64b9404{\nborder-radius:0px 0px 0px 0px;\npadding:0px 0px 0px 0px;\n}\n<\/style>\n<div  class='flex_column av-3mmem4e-741db8509b7951a9825c3eece64b9404 av_one_fourth  avia-builder-el-7  el_after_av_one_full  el_before_av_one_fourth  first flex_column_div av-zero-column-padding  column-top-margin'     ><article  class='iconbox iconbox_left av-ko1l7j4n-42570d2dd3f3bdec7c72a5a7892b3de1  avia-builder-el-8  avia-builder-el-no-sibling '  itemscope=\"itemscope\" itemtype=\"https:\/\/schema.org\/CreativeWork\" ><div class=\"iconbox_content\"><header class=\"entry-content-header\" aria-label=\"Icon: Talmha\u00edocht \/ Teicneola\u00edocht Talmha\u00edochta\"><div class='iconbox_icon heading-color avia-iconfont avia-font-entypo-fontello' data-av_icon='\ue8b1' data-av_iconfont='entypo-fontello'  ><\/div><h3 class='iconbox_content_title '  itemprop=\"headline\" >Talmha\u00edocht \/ Teicneola\u00edocht Talmha\u00edochta<\/h3><\/header><div class='iconbox_content_container '  itemprop=\"text\" ><p>Sol\u00e1thra\u00edmid pr\u00f3iseas aistri\u00fach\u00e1in ioml\u00e1n ceann go ceann don tionscal talmha\u00edochta at\u00e1 d\u00edrithe ar thortha\u00ed ardchaighde\u00e1in do dh\u00e9ant\u00f3ir\u00ed, comhlachta\u00ed d\u00edolt\u00f3ireachta agus custaim\u00e9ir\u00ed deiridh. Aistr\u00edmid l\u00e1mhleabhair, su\u00edomhanna gr\u00e9as\u00e1in agus br\u00f3isi\u00fair, mar sin oibr\u00edmid le d\u2019fhoirne forbartha agus marga\u00edochta araon.\u00a0 <a href=\"https:\/\/www.star-ts.com\/ga\/seirbhisi-aistriuchain\/an-talmhaiocht\/\">Seirbh\u00eds\u00ed Talmha\u00edochta agus Teicneola\u00edocht Talmha\u00edochta\u00a0<\/a><\/p>\n<\/div><\/div><footer class=\"entry-footer\"><\/footer><\/article><\/div>\n\n<style type=\"text\/css\" data-created_by=\"avia_inline_auto\" id=\"style-css-av-374wb9a-0bd9b3da7d065d4e80331ecc12b88948\">\n.flex_column.av-374wb9a-0bd9b3da7d065d4e80331ecc12b88948{\nborder-radius:0px 0px 0px 0px;\npadding:0px 0px 0px 0px;\n}\n<\/style>\n<div  class='flex_column av-374wb9a-0bd9b3da7d065d4e80331ecc12b88948 av_one_fourth  avia-builder-el-9  el_after_av_one_fourth  el_before_av_one_fourth  flex_column_div av-zero-column-padding  column-top-margin'     ><article  class='iconbox iconbox_left av-ko1l8xke-8daf7ce8d8d1d7391a49c8f7a658883d  avia-builder-el-10  avia-builder-el-no-sibling '  itemscope=\"itemscope\" itemtype=\"https:\/\/schema.org\/CreativeWork\" ><div class=\"iconbox_content\"><header class=\"entry-content-header\" aria-label=\"Icon: Tionscal na nGluaiste\u00e1n\"><div class='iconbox_icon heading-color avia-iconfont avia-font-entypo-fontello' data-av_icon='\ue8da' data-av_iconfont='entypo-fontello'  ><\/div><h3 class='iconbox_content_title '  itemprop=\"headline\" >Tionscal na nGluaiste\u00e1n<\/h3><\/header><div class='iconbox_content_container '  itemprop=\"text\" ><p>T\u00e1 60% de <a href=\"https:\/\/www.star-ts.com\/about\/customer-references\/\">Dh\u00e9ant\u00f3ir\u00ed Buntrealaimh na nGluaiste\u00e1n<\/a> is fearr ar domhan ag obair linn<\/p>\n<p>Aistr\u00edmid l\u00e1mhleabhair theicni\u00fala mh\u00f3ra go tapa agus go cruinn. Mar thoradh ar \u00e1r dtaith\u00ed in <a href=\"https:\/\/www.star-ts.com\/ga\/seirbhisi-aistriuchain\/seirbhisi-aistriuchain-i-dtionscal-na-ngluaistean-teicniuil\/\">earn\u00e1il na ngluaiste\u00e1n<\/a> le 30 bliain anuas, cuirimid aistri\u00fach\u00e1in at\u00e1 cruinn \u00f3 thaobh na teicneola\u00edochta de ar f\u00e1il<\/p>\n<\/div><\/div><footer class=\"entry-footer\"><\/footer><\/article><\/div>\n\n<style type=\"text\/css\" data-created_by=\"avia_inline_auto\" id=\"style-css-av-2oykxfi-5483b3d2021a12fd099d1003188a2168\">\n.flex_column.av-2oykxfi-5483b3d2021a12fd099d1003188a2168{\nborder-radius:0px 0px 0px 0px;\npadding:0px 0px 0px 0px;\n}\n<\/style>\n<div  class='flex_column av-2oykxfi-5483b3d2021a12fd099d1003188a2168 av_one_fourth  avia-builder-el-11  el_after_av_one_fourth  el_before_av_one_fourth  flex_column_div av-zero-column-padding  column-top-margin'     ><article  class='iconbox iconbox_left av-ko1lbc26-bac6ee60cde81535542d7ca671a378eb  avia-builder-el-12  avia-builder-el-no-sibling '  itemscope=\"itemscope\" itemtype=\"https:\/\/schema.org\/CreativeWork\" ><div class=\"iconbox_content\"><header class=\"entry-content-header\" aria-label=\"Icon: Cibearshl\u00e1nd\u00e1il\"><div class='iconbox_icon heading-color avia-iconfont avia-font-entypo-fontello' data-av_icon='\ue824' data-av_iconfont='entypo-fontello'  ><\/div><h3 class='iconbox_content_title '  itemprop=\"headline\" >Cibearshl\u00e1nd\u00e1il<\/h3><\/header><div class='iconbox_content_container '  itemprop=\"text\" ><p><a href=\"https:\/\/www.star-ts.com\/ga\/seirbhisi-aistriuchain\/cibearshlandail-aistriuchan-agus-loganu\/\">Aistri\u00fach\u00e1n Bogearra\u00ed agus Log\u00e1n\u00fa:<\/a> Oibr\u00edmid le cuideachta\u00ed forbartha bogearra\u00ed agus feidhmchl\u00e1r m\u00f3r le r\u00e1 a sheachadann aistri\u00fach\u00e1n speisialt\u00f3ra d\u00e1 dt\u00e1irg\u00ed sl\u00e1nd\u00e1la. Aistr\u00edmid c\u00f3rais sl\u00e1nd\u00e1la um bogearra\u00ed mail\u00edseacha agus frithv\u00edreas i 40+ teanga.<\/p>\n<\/div><\/div><footer class=\"entry-footer\"><\/footer><\/article><\/div>\n\n<style type=\"text\/css\" data-created_by=\"avia_inline_auto\" id=\"style-css-av-14atuwu-1-7a7780de5a52032dc6c87a489b6dd50d\">\n.flex_column.av-14atuwu-1-7a7780de5a52032dc6c87a489b6dd50d{\nborder-radius:0px 0px 0px 0px;\npadding:0px 0px 0px 0px;\n}\n<\/style>\n<div  class='flex_column av-14atuwu-1-7a7780de5a52032dc6c87a489b6dd50d av_one_fourth  avia-builder-el-13  el_after_av_one_fourth  el_before_av_one_fourth  flex_column_div av-zero-column-padding  column-top-margin'     ><article  class='iconbox iconbox_left av-ko1kyygt-01a1c87537aa59bf1a18b885f5765b17  avia-builder-el-14  avia-builder-el-no-sibling '  itemscope=\"itemscope\" itemtype=\"https:\/\/schema.org\/CreativeWork\" ><div class=\"iconbox_content\"><header class=\"entry-content-header\" aria-label=\"Icon: Leictreonaic\"><div class='iconbox_icon heading-color avia-iconfont avia-font-entypo-fontello' data-av_icon='\ue8a9' data-av_iconfont='entypo-fontello'  ><\/div><h3 class='iconbox_content_title '  itemprop=\"headline\" >Leictreonaic<\/h3><\/header><div class='iconbox_content_container '  itemprop=\"text\" ><p>T\u00e1 <a href=\"https:\/\/www.star-ts.com\/translation-services\/electronics-translation\/\">leictreonaic thomhaltais<\/a> ar cheann de na tionscail is m\u00f3 f\u00e1is inniu. N\u00ed m\u00f3r d\u2019aistri\u00fach\u00e1n an tionscail leictreonaice a bheith cruinn \u00f3 thaobh na teicneola\u00edochta de agus intuigthe don chustaim\u00e9ir.<\/p>\n<\/div><\/div><footer class=\"entry-footer\"><\/footer><\/article><\/div>\n\n<style type=\"text\/css\" data-created_by=\"avia_inline_auto\" id=\"style-css-av-25r8dry-0595a1949c3254043565d930f810adc4\">\n.flex_column.av-25r8dry-0595a1949c3254043565d930f810adc4{\nborder-radius:0px 0px 0px 0px;\npadding:0px 0px 0px 0px;\n}\n<\/style>\n<div  class='flex_column av-25r8dry-0595a1949c3254043565d930f810adc4 av_one_fourth  avia-builder-el-15  el_after_av_one_fourth  el_before_av_one_fourth  first flex_column_div av-zero-column-padding  column-top-margin'     ><article  class='iconbox iconbox_left av-ko1ljuoh-ddc56a54a00ad318fb630a3f3b0b8f66  avia-builder-el-16  avia-builder-el-no-sibling '  itemscope=\"itemscope\" itemtype=\"https:\/\/schema.org\/CreativeWork\" ><div class=\"iconbox_content\"><header class=\"entry-content-header\" aria-label=\"Icon: Innealt\u00f3ireacht\"><div class='iconbox_icon heading-color avia-iconfont avia-font-entypo-fontello' data-av_icon='\ue856' data-av_iconfont='entypo-fontello'  ><\/div><h3 class='iconbox_content_title '  itemprop=\"headline\" >Innealt\u00f3ireacht<\/h3><\/header><div class='iconbox_content_container '  itemprop=\"text\" ><p>Speisialt\u00f3ir <a href=\"https:\/\/www.star-ts.com\/ga\/seirbhisi-aistriuchain\/seirbhisi-aistriuchain-innealtoireachta\/\">Seirbh\u00eds\u00ed Innealt\u00f3ireachta<\/a>. T\u00e1 aistri\u00fach\u00e1n teicni\u00fail ar cheann de na tionscail is deacra: is f\u00e9idir leis an t\u00e9arma\u00edocht a bheith casta agus caithfidh an t-aistri\u00fach\u00e1n a bheith cruinn. N\u00ed m\u00f3r d\u2019aistritheoir\u00ed an tionscal a thuiscint go hioml\u00e1n le go mbeidh siad in ann coincheapa innealt\u00f3ireachta a chur in i\u00fal go soil\u00e9ir.<\/p>\n<\/div><\/div><footer class=\"entry-footer\"><\/footer><\/article><\/div>\n\n<style type=\"text\/css\" data-created_by=\"avia_inline_auto\" id=\"style-css-av-1p20v3y-93ab19007bc6cd0156a7b7dc7c84a8c8\">\n.flex_column.av-1p20v3y-93ab19007bc6cd0156a7b7dc7c84a8c8{\nborder-radius:0px 0px 0px 0px;\npadding:0px 0px 0px 0px;\n}\n<\/style>\n<div  class='flex_column av-1p20v3y-93ab19007bc6cd0156a7b7dc7c84a8c8 av_one_fourth  avia-builder-el-17  el_after_av_one_fourth  el_before_av_one_fourth  flex_column_div av-zero-column-padding  column-top-margin'     ><article  class='iconbox iconbox_left av-ko1le6rl-0e831b804cb230a55c9cd10c910f1372  avia-builder-el-18  avia-builder-el-no-sibling '  itemscope=\"itemscope\" itemtype=\"https:\/\/schema.org\/CreativeWork\" ><div class=\"iconbox_content\"><header class=\"entry-content-header\" aria-label=\"Icon: An Rialtas\"><div class='iconbox_icon heading-color avia-iconfont avia-font-entypo-fontello' data-av_icon='\ue80b' data-av_iconfont='entypo-fontello'  ><\/div><h3 class='iconbox_content_title '  itemprop=\"headline\" >An Rialtas<\/h3><\/header><div class='iconbox_content_container '  itemprop=\"text\" ><p>Cuid\u00edonn seirbh\u00eds\u00ed aistri\u00fach\u00e1in rialtais le ranna na hearn\u00e1la poibl\u00ed cumars\u00e1id a dh\u00e9anamh le cuid mhaith daoine \u00f3 th\u00edortha \u00e9ags\u00fala ina dteangacha f\u00e9in go h\u00e9ifeachtach agus faoi shrian an bhuis\u00e9id. Oibr\u00edmid le roinnt comhlachta\u00ed san earn\u00e1il phoibl\u00ed agus <a href=\"https:\/\/www.star-ts.com\/translation-services\/government-translation-services\/\">ranna rialtais<\/a> chun doicim\u00e9id bheartais, leabhr\u00e1in eolais agus tuarasc\u00e1lacha bliant\u00fala a aistri\u00fa.<\/p>\n<\/div><\/div><footer class=\"entry-footer\"><\/footer><\/article><\/div>\n\n<style type=\"text\/css\" data-created_by=\"avia_inline_auto\" id=\"style-css-av-405tjy-638365bcf4c11d9c646d449f514f7254\">\n.flex_column.av-405tjy-638365bcf4c11d9c646d449f514f7254{\nborder-radius:0px 0px 0px 0px;\npadding:0px 0px 0px 0px;\n}\n<\/style>\n<div  class='flex_column av-405tjy-638365bcf4c11d9c646d449f514f7254 av_one_fourth  avia-builder-el-19  el_after_av_one_fourth  el_before_av_one_fourth  flex_column_div av-zero-column-padding  column-top-margin'     ><article  class='iconbox iconbox_left av-ko1lg2ke-6b5239dc8bdfd9235ab56949ef987e24  avia-builder-el-20  avia-builder-el-no-sibling '  itemscope=\"itemscope\" itemtype=\"https:\/\/schema.org\/CreativeWork\" ><div class=\"iconbox_content\"><header class=\"entry-content-header\" aria-label=\"Icon: Monara\u00edocht\"><div class='iconbox_icon heading-color avia-iconfont avia-font-entypo-fontello' data-av_icon='\ue855' data-av_iconfont='entypo-fontello'  ><\/div><h3 class='iconbox_content_title '  itemprop=\"headline\" >Monara\u00edocht<\/h3><\/header><div class='iconbox_content_container '  itemprop=\"text\" ><p>T\u00e1 STAR ar cheann de na sol\u00e1thraithe seirbh\u00eds\u00ed aistri\u00fach\u00e1in teicni\u00fala is m\u00f3 ar domhan. T\u00e1 n\u00edos m\u00f3 n\u00e1 950 speisialt\u00f3ir againn i n\u00edos m\u00f3 n\u00e1 30 t\u00edr. Mar sin, cabhr\u00f3imid leat feidhmi\u00fa go domhanda. Oibr\u00edmid leis na <a href=\"https:\/\/www.star-ts.com\/translation-services\/manufacturing-translation\/\">monar\u00f3ir\u00ed<\/a> is fearr ar domhan.<\/p>\n<\/div><\/div><footer class=\"entry-footer\"><\/footer><\/article><\/div>\n\n<style type=\"text\/css\" data-created_by=\"avia_inline_auto\" id=\"style-css-av-s7juji-f736a5387ae81ec0138456f0e1eed9be\">\n.flex_column.av-s7juji-f736a5387ae81ec0138456f0e1eed9be{\nborder-radius:0px 0px 0px 0px;\npadding:0px 0px 0px 0px;\n}\n<\/style>\n<div  class='flex_column av-s7juji-f736a5387ae81ec0138456f0e1eed9be av_one_fourth  avia-builder-el-21  el_after_av_one_fourth  el_before_av_one_full  flex_column_div av-zero-column-padding  column-top-margin'     ><\/div>\n<div  class='flex_column av-l5nz2-8f161f77530d1a61217b7933eda02a11 av_one_full  avia-builder-el-22  el_after_av_one_fourth  avia-builder-el-last  first flex_column_div  column-top-margin'     ><section  class='av_textblock_section av-1bqe266-fb96495898625f4703fafdcfaf26c0be '   itemscope=\"itemscope\" itemtype=\"https:\/\/schema.org\/CreativeWork\" ><div class='avia_textblock'  itemprop=\"text\" ><div  class='avia-button-wrap avia-button-center  avia-builder-el-24  avia-builder-el-no-sibling '>\n<style type=\"text\/css\" data-created_by=\"avia_inline_auto\" id=\"style-css-av-sbavni-204c1916ff3b7b2a5dc6a51886e97621\">\n#top #wrap_all .avia-button.av-sbavni-204c1916ff3b7b2a5dc6a51886e97621:hover{\ncolor:white;\ntransition:all 0.4s ease-in-out;\n}\n#top #wrap_all .avia-button.av-sbavni-204c1916ff3b7b2a5dc6a51886e97621:hover .avia-svg-icon svg:first-child{\nfill:white;\nstroke:white;\n}\n<\/style>\n<a href='https:\/\/www.star-ts.com\/ga\/dean-teagmhail\/' class='avia-color-theme-color avia-font-color-theme-color avia-button avia-button-fullwidth av-sbavni-204c1916ff3b7b2a5dc6a51886e97621 avia-icon_select-no avia-color-theme-color'  title=\"Contact Us\" aria-label=\"Contact Us\"><span class='avia_iconbox_title' >D\u00e9an Teagmh\u00e1il Linn<\/span><span class='avia_button_background avia-button avia-button-fullwidth avia-color-theme-color-highlight'><\/span><\/a><\/div>\n<\/div><\/section><\/div>\n","protected":false},"excerpt":{"rendered":"<p>Mar chomhlacht domhanda, cuirimid seirbh\u00eds\u00ed ar f\u00e1il i n\u00edos m\u00f3 n\u00e1 200 teanga ar f\u00e1il i l\u00edon m\u00f3r c\u00f3ras agus pr\u00f3iseas tionscail. Oibr\u00edonn \u00e1r bhfoirne go dl\u00fath i gcomhph\u00e1irt\u00edocht len\u00e1r gcustaim\u00e9ir\u00ed chun r\u00e9iteach feili\u00fanach a shol\u00e1thar do gach custaim\u00e9ir agus tionscal.<\/p>\n","protected":false},"author":1,"featured_media":54411,"parent":0,"menu_order":0,"comment_status":"closed","ping_status":"closed","template":"","meta":{"footnotes":""},"class_list":["post-116061","page","type-page","status-publish","has-post-thumbnail","hentry"],"_links":{"self":[{"href":"https:\/\/www.star-ts.com\/ga\/wp-json\/wp\/v2\/pages\/116061","targetHints":{"allow":["GET"]}}],"collection":[{"href":"https:\/\/www.star-ts.com\/ga\/wp-json\/wp\/v2\/pages"}],"about":[{"href":"https:\/\/www.star-ts.com\/ga\/wp-json\/wp\/v2\/types\/page"}],"author":[{"embeddable":true,"href":"https:\/\/www.star-ts.com\/ga\/wp-json\/wp\/v2\/users\/1"}],"replies":[{"embeddable":true,"href":"https:\/\/www.star-ts.com\/ga\/wp-json\/wp\/v2\/comments?post=116061"}],"version-history":[{"count":0,"href":"https:\/\/www.star-ts.com\/ga\/wp-json\/wp\/v2\/pages\/116061\/revisions"}],"wp:featuredmedia":[{"embeddable":true,"href":"https:\/\/www.star-ts.com\/ga\/wp-json\/wp\/v2\/media\/54411"}],"wp:attachment":[{"href":"https:\/\/www.star-ts.com\/ga\/wp-json\/wp\/v2\/media?parent=116061"}],"curies":[{"name":"wp","href":"https:\/\/api.w.org\/{rel}","templated":true}]}}