{"id":116044,"date":"2025-03-13T10:15:48","date_gmt":"2025-03-13T10:15:48","guid":{"rendered":"https:\/\/www.star-ts.com\/cen-fath-star\/"},"modified":"2025-03-13T10:16:02","modified_gmt":"2025-03-13T10:16:02","slug":"cen-fath-star","status":"publish","type":"page","link":"https:\/\/www.star-ts.com\/ga\/cen-fath-star\/","title":{"rendered":"C\u00e9n f\u00e1th STAR?"},"content":{"rendered":"<div id='full_slider_1'  class='avia-fullwidth-slider main_color avia-shadow av-small-hide av-mini-hide  avia-builder-el-0  el_before_av_one_full  avia-builder-el-first   container_wrap sidebar_right'  ><div  class='avia-slideshow av-klcao0se-fac136216d0ea1526c04dc90703d8579 avia-slideshow-featured av_slideshow_full avia-slide-slider av-small-hide av-mini-hide av-slideshow-ui av-control-default av-slideshow-manual av-loop-once av-loop-manual-endless av-default-height-applied   avia-slideshow-1' data-slideshow-options=\"{&quot;animation&quot;:&quot;slide&quot;,&quot;autoplay&quot;:false,&quot;loop_autoplay&quot;:&quot;once&quot;,&quot;interval&quot;:5,&quot;loop_manual&quot;:&quot;manual-endless&quot;,&quot;autoplay_stopper&quot;:false,&quot;noNavigation&quot;:false,&quot;bg_slider&quot;:false,&quot;keep_padding&quot;:false,&quot;hoverpause&quot;:false,&quot;show_slide_delay&quot;:0}\"  itemprop=\"image\" itemscope=\"itemscope\" itemtype=\"https:\/\/schema.org\/ImageObject\" ><ul class='avia-slideshow-inner ' style='padding-bottom: 28.666666666667%;'><li  class='avia-slideshow-slide av-klcao0se-fac136216d0ea1526c04dc90703d8579__0  av-single-slide slide-1 slide-odd'><div data-rel='slideshow-1' class='avia-slide-wrap '   ><img decoding=\"async\" fetchpriority=\"high\" class=\"wp-image-54315 avia-img-lazy-loading-not-54315\"  src=\"https:\/\/www.star-ts.com\/wp-content\/uploads\/2018\/04\/people-photos-1500x430.jpg\" width=\"1500\" height=\"430\" title='All about people.' alt=''  itemprop=\"thumbnailUrl\"   \/><\/div><\/li><\/ul><\/div><\/div><div id='after_full_slider_1'  class='main_color av_default_container_wrap container_wrap sidebar_right'  ><div class='container av-section-cont-open' ><div class='template-page content  av-content-small alpha units'><div class='post-entry post-entry-type-page post-entry-116044'><div class='entry-content-wrapper clearfix'>\n\n<style type=\"text\/css\" data-created_by=\"avia_inline_auto\" id=\"style-css-av-3ve02e2-d4cf126e183294843c387446abad501c\">\n.flex_column.av-3ve02e2-d4cf126e183294843c387446abad501c{\nborder-radius:0px 0px 0px 0px;\npadding:0px 0px 0px 0px;\n}\n<\/style>\n<div  class='flex_column av-3ve02e2-d4cf126e183294843c387446abad501c av_one_full  avia-builder-el-1  el_after_av_slideshow_full  el_before_av_one_full  avia-builder-el-first  first flex_column_div av-zero-column-padding  '     ><section  class='av_textblock_section av-fsevq2-0206f48b5518bb3f8458cbc26244d696 '   itemscope=\"itemscope\" itemtype=\"https:\/\/schema.org\/CreativeWork\" ><div class='avia_textblock'  itemprop=\"text\" ><h1>C\u00e9n f\u00e1th STAR Translation Services?<\/h1>\n<p>Oibr\u00edmid le cuideachta\u00ed ar fud na cruinne ag aistri\u00fa a n-\u00e1bhar chun cabhr\u00fa leo d\u00edolach\u00e1in idirn\u00e1isi\u00fanta a mh\u00e9ad\u00fa. Seo an m\u00e9id a deir \u00e1r gcustaim\u00e9ir\u00ed f\u00fainn.<\/p>\n<\/div><\/section><\/div>\n\n<style type=\"text\/css\" data-created_by=\"avia_inline_auto\" id=\"style-css-av-3dayke2-4c423a56193509261098345985f9c15a\">\n.flex_column.av-3dayke2-4c423a56193509261098345985f9c15a{\nborder-radius:0px 0px 0px 0px;\npadding:0px 0px 0px 0px;\n}\n<\/style>\n<div  class='flex_column av-3dayke2-4c423a56193509261098345985f9c15a av_one_full  avia-builder-el-3  el_after_av_one_full  el_before_av_one_full  first flex_column_div av-zero-column-padding  column-top-margin'     ><section  class='av_textblock_section av-3ghe2uy-4a1551541daaf496a1d20848feb579b6 '   itemscope=\"itemscope\" itemtype=\"https:\/\/schema.org\/CreativeWork\" ><div class='avia_textblock'  itemprop=\"text\" ><h2>Ionad Ilfhreastail<\/h2>\n<p>\u201cB\u00edonn cumars\u00e1id le STAR iontach \u00e9asca. Sol\u00e1thra\u00edonn siad aistri\u00fach\u00e1n, foilsitheoireacht ilteangach deisce, guth\u00fa, fotheideal\u00fa agus fi\u00fa dearadh gr\u00e9as\u00e1in san aon \u00e1it amh\u00e1in. T\u00e1 siad tapa agus is f\u00e9idir brath orthu, ionad ilfhreastail d\u00fainne; t\u00e1 siad oilte go teicni\u00fail agus t\u00e1 an saineolas \u00e1bhartha acu at\u00e1 uainn i ngach r\u00e9imse.\u201d<\/p>\n<\/div><\/section><\/div>\n\n<style type=\"text\/css\" data-created_by=\"avia_inline_auto\" id=\"style-css-av-2sz8tx6-168ec6f62b238013309eec7e95663be8\">\n.flex_column.av-2sz8tx6-168ec6f62b238013309eec7e95663be8{\nborder-radius:0px 0px 0px 0px;\npadding:0px 0px 0px 0px;\n}\n<\/style>\n<div  class='flex_column av-2sz8tx6-168ec6f62b238013309eec7e95663be8 av_one_full  avia-builder-el-5  el_after_av_one_full  el_before_av_one_full  first flex_column_div av-zero-column-padding  column-top-margin'     ><section  class='av_textblock_section av-2nneyt6-06ce277d1a68b2bd9519078b6129992f '   itemscope=\"itemscope\" itemtype=\"https:\/\/schema.org\/CreativeWork\" ><div class='avia_textblock'  itemprop=\"text\" ><h2>C\u00e1il\u00edocht Dheimhnithe<\/h2>\n<p>\u201cTugann STAR aistri\u00fach\u00e1n ar chaighde\u00e1n comhsheasmhach d\u00fainn ar chostas ioma\u00edoch agus t\u00e1 oifig\u00ed ag STAR ar fud an domhain le freastal ar \u00e1r riachtanais.\u201d\u00a0 \u201cT\u00e1 cumas iontach ag STAR \u00e1bhar fada casta a l\u00e1imhse\u00e1il: d\u2019aistrigh siad 1,000 leathanach d\u00fainn gan aon athobair.\u201d\u00a0Sin mar a chialla\u00edonn deimhni\u00fach\u00e1n ISO 9001 agus ISO 17100 d\u00fainne.<\/p>\n<\/div><\/section><\/div>\n\n<style type=\"text\/css\" data-created_by=\"avia_inline_auto\" id=\"style-css-av-2k9yjei-ca8470171b913f7bf4a8450d1dc5d62b\">\n.flex_column.av-2k9yjei-ca8470171b913f7bf4a8450d1dc5d62b{\nborder-radius:0px 0px 0px 0px;\npadding:0px 0px 0px 0px;\n}\n<\/style>\n<div  class='flex_column av-2k9yjei-ca8470171b913f7bf4a8450d1dc5d62b av_one_full  avia-builder-el-7  el_after_av_one_full  el_before_av_one_full  first flex_column_div av-zero-column-padding  column-top-margin'     ><section  class='av_textblock_section av-1sj7w4a-fbb2ca74a76f73eb719fc477c638598c '   itemscope=\"itemscope\" itemtype=\"https:\/\/schema.org\/CreativeWork\" ><div class='avia_textblock'  itemprop=\"text\" ><h2>Bainist\u00edocht Tionscadail Den Scoth<\/h2>\n<p>\u201cSol\u00e1thra\u00edonn siad bainist\u00edocht tionscadail den scoth. T\u00e1 eolas an tionscadal cruinn agus mionsonraithe agus t\u00e1 \u00e1r mbainisteoir tionscadail d\u00edrithe ar an gcustaim\u00e9ir, ionraic, agus t\u00e1 cur chuige teagmh\u00e1lach agus inrochtana acu. T\u00e1 siad le f\u00e1il ar an teileaf\u00f3n go h\u00e9asca nuair a theasta\u00edonn siad uainn.\u201d<\/p>\n<\/div><\/section><\/div>\n\n<style type=\"text\/css\" data-created_by=\"avia_inline_auto\" id=\"style-css-av-q5anwa-b2f9ddf1094e55f21880189a99002e68\">\n.flex_column.av-q5anwa-b2f9ddf1094e55f21880189a99002e68{\nborder-radius:0px 0px 0px 0px;\npadding:0px 0px 0px 0px;\n}\n<\/style>\n<div  class='flex_column av-q5anwa-b2f9ddf1094e55f21880189a99002e68 av_one_full  avia-builder-el-9  el_after_av_one_full  el_before_av_one_full  first flex_column_div av-zero-column-padding  column-top-margin'     ><section  class='av_textblock_section av-km0lpklc-d5b9cd49b88aa5edb10b90bd13f5ae9b '   itemscope=\"itemscope\" itemtype=\"https:\/\/schema.org\/CreativeWork\" ><div class='avia_textblock'  itemprop=\"text\" ><h2>L\u00e9irmheasanna Custaim\u00e9ir\u00ed<\/h2>\n<p>L\u00e9igh cad a cheapann \u00e1r gcustaim\u00e9ir\u00ed f\u00fainn ar <a href=\"https:\/\/www.star-ts.com\/ga\/leirmheasanna-custaimeiri\/\">Google Review<\/a>.<\/p>\n<\/div><\/section><\/div>\n<div  class='flex_column av-1qkfgai-9d45e6ffbf26484e88de04c9d8477737 av_one_full  avia-builder-el-11  el_after_av_one_full  avia-builder-el-last  first flex_column_div  column-top-margin'     ><section  class='av_textblock_section av-1388jei-d0e115fde34c2d3ccf1e9d36c6c2c7f8 '   itemscope=\"itemscope\" itemtype=\"https:\/\/schema.org\/CreativeWork\" ><div class='avia_textblock'  itemprop=\"text\" ><div  class='avia-button-wrap avia-button-center  avia-builder-el-13  avia-builder-el-no-sibling '>\n<style type=\"text\/css\" data-created_by=\"avia_inline_auto\" id=\"style-css-av-miyvkq-7aff80f78846ddc18bfcedfc0f422832\">\n#top #wrap_all .avia-button.av-miyvkq-7aff80f78846ddc18bfcedfc0f422832:hover{\ncolor:white;\ntransition:all 0.4s ease-in-out;\n}\n#top #wrap_all .avia-button.av-miyvkq-7aff80f78846ddc18bfcedfc0f422832:hover .avia-svg-icon svg:first-child{\nfill:white;\nstroke:white;\n}\n<\/style>\n<a href='https:\/\/www.star-ts.com\/ga\/dean-teagmhail\/' class='avia-color-theme-color avia-font-color-theme-color avia-button avia-button-fullwidth av-miyvkq-7aff80f78846ddc18bfcedfc0f422832 avia-icon_select-no avia-color-theme-color'  title=\"Contact Us\" aria-label=\"Contact Us\"><span class='avia_iconbox_title' >D\u00e9an Teagmh\u00e1il Linn<\/span><span class='avia_button_background avia-button avia-button-fullwidth avia-color-theme-color-highlight'><\/span><\/a><\/div>\n<\/div><\/section><\/div>\n","protected":false},"excerpt":{"rendered":"<p>Oibr\u00edmid le cuideachta\u00ed ar fud na cruinne ag aistri\u00fa a n-\u00e1bhar chun cabhr\u00fa leo d\u00edolach\u00e1in idirn\u00e1isi\u00fanta a mh\u00e9ad\u00fa. Seo an m\u00e9id a deir \u00e1r gcustaim\u00e9ir\u00ed f\u00fainn.<\/p>\n","protected":false},"author":1,"featured_media":0,"parent":0,"menu_order":7,"comment_status":"closed","ping_status":"closed","template":"","meta":{"footnotes":""},"class_list":["post-116044","page","type-page","status-publish","hentry"],"_links":{"self":[{"href":"https:\/\/www.star-ts.com\/ga\/wp-json\/wp\/v2\/pages\/116044","targetHints":{"allow":["GET"]}}],"collection":[{"href":"https:\/\/www.star-ts.com\/ga\/wp-json\/wp\/v2\/pages"}],"about":[{"href":"https:\/\/www.star-ts.com\/ga\/wp-json\/wp\/v2\/types\/page"}],"author":[{"embeddable":true,"href":"https:\/\/www.star-ts.com\/ga\/wp-json\/wp\/v2\/users\/1"}],"replies":[{"embeddable":true,"href":"https:\/\/www.star-ts.com\/ga\/wp-json\/wp\/v2\/comments?post=116044"}],"version-history":[{"count":0,"href":"https:\/\/www.star-ts.com\/ga\/wp-json\/wp\/v2\/pages\/116044\/revisions"}],"wp:attachment":[{"href":"https:\/\/www.star-ts.com\/ga\/wp-json\/wp\/v2\/media?parent=116044"}],"curies":[{"name":"wp","href":"https:\/\/api.w.org\/{rel}","templated":true}]}}