{"id":121648,"date":"2026-01-16T10:34:48","date_gmt":"2026-01-16T10:34:48","guid":{"rendered":"https:\/\/www.star-ts.com\/chinese-translation\/"},"modified":"2026-01-16T10:35:26","modified_gmt":"2026-01-16T10:35:26","slug":"chinese-translation","status":"publish","type":"page","link":"https:\/\/www.star-ts.com\/fi\/chinese-translation\/","title":{"rendered":"Kiinan k\u00e4\u00e4nn\u00f6spalvelut"},"content":{"rendered":"<div id='full_slider_1'  class='avia-fullwidth-slider main_color avia-shadow av-small-hide av-mini-hide  avia-builder-el-0  el_before_av_one_full  avia-builder-el-first   container_wrap sidebar_right'  ><div  class='avia-slideshow av-rwpzv1-82e281e97c25d7a532516b2b1adb0033 avia-slideshow-featured av_slideshow_full avia-slide-slider av-small-hide av-mini-hide av-slideshow-ui av-control-default av-slideshow-manual av-loop-once av-loop-manual-endless av-default-height-applied   avia-slideshow-1' data-slideshow-options=\"{&quot;animation&quot;:&quot;slide&quot;,&quot;autoplay&quot;:false,&quot;loop_autoplay&quot;:&quot;once&quot;,&quot;interval&quot;:5,&quot;loop_manual&quot;:&quot;manual-endless&quot;,&quot;autoplay_stopper&quot;:false,&quot;noNavigation&quot;:false,&quot;bg_slider&quot;:false,&quot;keep_padding&quot;:false,&quot;hoverpause&quot;:false,&quot;show_slide_delay&quot;:0}\"  itemprop=\"image\" itemscope=\"itemscope\" itemtype=\"https:\/\/schema.org\/ImageObject\" ><ul class='avia-slideshow-inner ' style='padding-bottom: 33.59375%;'><li  class='avia-slideshow-slide av-rwpzv1-82e281e97c25d7a532516b2b1adb0033__0  av-single-slide slide-1 slide-odd'><div data-rel='slideshow-1' class='avia-slide-wrap '   ><div class='av-slideshow-caption av-rwpzv1-82e281e97c25d7a532516b2b1adb0033__0 caption_fullwidth caption_center caption_center_framed caption_framed'><div class=\"container caption_container\"><div class=\"slideshow_caption\"><div class=\"slideshow_inner_caption\"><div class=\"slideshow_align_caption\"><h2 class='avia-caption-title '  itemprop=\"name\" >Kiinan k\u00e4\u00e4nn\u00f6s<\/h2><div class='avia-caption-content '  itemprop=\"description\" ><p>K\u00e4\u00e4nt\u00e4minen sek\u00e4 perinteiseen ett\u00e4 yksinkertaistettuun kiinaan<\/p>\n<\/div><\/div><\/div><\/div><\/div><\/div><img decoding=\"async\" fetchpriority=\"high\" class=\"wp-image-72280 avia-img-lazy-loading-not-72280\"  src=\"https:\/\/www.star-ts.com\/wp-content\/uploads\/2018\/07\/byodo-in-temple-314555_1280-1280x430.jpg\" width=\"1280\" height=\"430\" title='byodo-in-temple-314555_1280' alt=''  itemprop=\"thumbnailUrl\"   \/><\/div><\/li><\/ul><\/div><\/div><div id='after_full_slider_1'  class='main_color av_default_container_wrap container_wrap sidebar_right'  ><div class='container av-section-cont-open' ><div class='template-page content  av-content-small alpha units'><div class='post-entry post-entry-type-page post-entry-121648'><div class='entry-content-wrapper clearfix'>\n<div  class='flex_column av-laaj8d-0cd48a6fe1a7464398ed74cf7145a3da av_one_full  avia-builder-el-1  el_after_av_slideshow_full  el_before_av_two_third  avia-builder-el-first  first flex_column_div  '     ><section  class='av_textblock_section av-il5g65-82e5c9c24e566ec55ffa7d2090571033 '   itemscope=\"itemscope\" itemtype=\"https:\/\/schema.org\/CreativeWork\" ><div class='avia_textblock'  itemprop=\"text\" ><h1>Kiinan k\u00e4\u00e4nn\u00f6spalvelut<\/h1>\n<h3>Kiinan variantit<\/h3>\n<table>\n<tbody>\n<tr>\n<th>Maa | Alue<\/th>\n<th>Puhuttu kieli<\/th>\n<th>K\u00e4\u00e4nnetty kieli<\/th>\n<\/tr>\n<tr>\n<td>Manner-Kiina<\/td>\n<td>Mandariini<\/td>\n<td>Yksinkertaistettu kiina<\/td>\n<\/tr>\n<tr>\n<td>Taiwan<\/td>\n<td>Mandariini<\/td>\n<td>Perinteinen kiina<\/td>\n<\/tr>\n<tr>\n<td>Hongkong<\/td>\n<td>Kantoninkiina<\/td>\n<td>Perinteinen kiina<\/td>\n<\/tr>\n<tr>\n<td>Singapore<\/td>\n<td>Mandariini<\/td>\n<td>Yksinkertaistettu kiina<\/td>\n<\/tr>\n<\/tbody>\n<\/table>\n<\/div><\/section><\/div>\n<p><div  class='flex_column av-hzvf0d-40028465099509570f05831af325f2d9 av_two_third  avia-builder-el-3  el_after_av_one_full  el_before_av_one_third  first flex_column_div  column-top-margin'     ><section  class='av_textblock_section av-ftpmpp-35de4113e9ebb8d319adc981071fa552 '   itemscope=\"itemscope\" itemtype=\"https:\/\/schema.org\/CreativeWork\" ><div class='avia_textblock'  itemprop=\"text\" ><h3>Kiinan k\u00e4\u00e4nt\u00e4j\u00e4t<\/h3>\n<p>STARilla on laaja kokemus kiinan k\u00e4\u00e4nn\u00f6ksist\u00e4. Meill\u00e4 on toimistot Shanghaissa, Pekingiss\u00e4 ja Taipeissa. Tiimimme k\u00e4\u00e4nt\u00e4v\u00e4t k\u00e4sikirjoja, verkkosivustoja ja markkinointimateriaaleja tukeakseen kansainv\u00e4list\u00e4 myynti\u00e4 Kiinassa ja Taiwanissa. Olemme <a href=\"https:\/\/www.star-ts.com\/translation-faq\/what-is-iso-9001-certification\/\">ISO 9001<\/a>&#8211; ja <a href=\"https:\/\/www.star-ts.com\/translation-faq\/what-is-iso17100-certification\/\">ISO 17100<\/a> -laatustandardien mukaisesti sertifioituja.   <\/p>\n<p>Jos etsit <strong>ammattimaisia kiinan k\u00e4\u00e4nn\u00f6spalveluita<\/strong>, tarjoamme <strong>korkealaatuisia kiinan k\u00e4\u00e4nn\u00f6ksi\u00e4<\/strong> tarpeisiisi r\u00e4\u00e4t\u00e4l\u00f6ityn\u00e4. Asiantuntevien k\u00e4\u00e4nt\u00e4jiemme tiimi toimittaa kiinan k\u00e4\u00e4nn\u00f6ksi\u00e4 k\u00e4yt\u00e4nn\u00f6llisesti katsoen miss\u00e4 tahansa tiedostomuodossa varmistaen, ett\u00e4 sis\u00e4lt\u00f6si v\u00e4litet\u00e4\u00e4n tarkasti ja tehokkaasti. <\/p>\n<p>Olemme erikoistuneet asiakirjojen k\u00e4\u00e4nt\u00e4miseen alan johtavilla ohjelmistoilla, kuten <strong>QuarkXPress<\/strong>, <strong>Adobe InDesign<\/strong>, <strong>FrameMaker<\/strong>, <strong>HTML<\/strong>, <strong>XML<\/strong>, <strong>AutoCAD DXF<\/strong>, <strong>Microsoft PowerPoint<\/strong>, <strong>Excel<\/strong> ja <strong>Word<\/strong>. K\u00e4\u00e4nt\u00e4j\u00e4mme ovat taitavia k\u00e4sittelem\u00e4\u00e4n monimutkaisia teknisi\u00e4 asiakirjoja, markkinointimateriaaleja ja yritysviestint\u00e4\u00e4 varmistaen, ett\u00e4 viestisi v\u00e4litet\u00e4\u00e4n tarkasti ja kulttuurisesti merkityksellisesti. <\/p>\n<p>Palvelumme ulottuvat pelkk\u00e4\u00e4 k\u00e4\u00e4nn\u00f6st\u00e4 pidemm\u00e4lle. Tarjoamme kattavia <strong>lokalisointiratkaisuja<\/strong> sis\u00e4lt\u00f6si mukauttamiseksi Kiinan markkinoille, ottaen huomioon kielelliset vivahteet ja kulttuuriset erot. T\u00e4m\u00e4 varmistaa, ett\u00e4 materiaalisi puhuttelevat kohdeyleis\u00f6\u00e4si ja saavuttavat halutun vaikutuksen.  <\/p>\n<p>Lis\u00e4ksi tiimimme on varustettu hallitsemaan suuria projekteja tiukoilla aikatauluilla, tarjoten tehokasta ja luotettavaa palvelua laadusta tinkim\u00e4tt\u00e4. Ymm\u00e4rr\u00e4mme selke\u00e4n ja tarkan viestinn\u00e4n t\u00e4rkeyden liiketoiminnassa, ja olemme sitoutuneet auttamaan sinua menestym\u00e4\u00e4n kiinankielisill\u00e4 markkinoilla. <\/p>\n<p>Tarvitsetpa k\u00e4\u00e4nn\u00f6ksi\u00e4 <strong>teknisiin k\u00e4sikirjoihin<\/strong>, <strong>markkinointiesitteisiin<\/strong>, <strong>verkkosivustoihin<\/strong> tai <strong>yritysesityksiin<\/strong>, meill\u00e4 on asiantuntemus tuottaa poikkeuksellisia tuloksia. Luota meihin tarjoamaan <strong>ammattimaisia kiinan k\u00e4\u00e4nn\u00f6spalveluita<\/strong>, jotka vastaavat erityisvaatimuksiasi ja auttavat sinua saavuttamaan tavoitteesi.<\/p>\n<\/div><\/section><\/div>\n<style type=\"text\/css\" data-created_by=\"avia_inline_auto\" id=\"style-css-av-e8p5tp-1b5f7101e3deaeb4ff68ed270f1f88ee\">\n.flex_column.av-e8p5tp-1b5f7101e3deaeb4ff68ed270f1f88ee{\nborder-radius:0px 0px 0px 0px;\npadding:0px 0px 0px 0px;\n}\n<\/style>\n<div  class='flex_column av-e8p5tp-1b5f7101e3deaeb4ff68ed270f1f88ee av_one_third  avia-builder-el-5  el_after_av_two_third  el_before_av_one_full  flex_column_div av-zero-column-padding  column-top-margin'     ><section  class='av_textblock_section av-cndz4t-4182919ebf4c871530c7c75a2f3f3f32 '   itemscope=\"itemscope\" itemtype=\"https:\/\/schema.org\/CreativeWork\" ><div class='avia_textblock'  itemprop=\"text\" ><h4>K\u00e4\u00e4nn\u00f6spalvelut<\/h4>\n<ul>\n<li><a href=\"https:\/\/www.star-ts.com\/translation-services\/documents\/health-and-safety\/\">Ty\u00f6terveys- ja ty\u00f6turvallisuusk\u00e4sikirjat<\/a><\/li>\n<li><a href=\"https:\/\/www.star-ts.com\/translation-services\/documents\/employee-handbooks\/\">Ty\u00f6ntekij\u00f6iden k\u00e4sikirjat<\/a><\/li>\n<li><a href=\"https:\/\/www.star-ts.com\/translation-services\/automotive-industry\/\">Autoteollisuuden asiakirjat<\/a><\/li>\n<li><a href=\"https:\/\/www.star-ts.com\/fi\/documents\/\">K\u00e4ytt\u00f6- ja k\u00e4ytt\u00e4j\u00e4oppaat<\/a><\/li>\n<li><a href=\"https:\/\/www.star-ts.com\/translation-services\/government-translation-services\/\">Vuosikertomukset<\/a><\/li>\n<li><a href=\"https:\/\/www.star-ts.com\/marketing-services\/\">Verkkosivuston markkinointi<\/a><\/li>\n<\/ul>\n<\/div><\/section><\/div><\/p>\n<div  class='flex_column av-bjxkvh-8b98ce13fbf40d4d2900a26165209f6f av_one_full  avia-builder-el-7  el_after_av_one_third  el_before_av_section  avia-builder-el-last  first flex_column_div  column-top-margin'     ><section  class='av_textblock_section av-8sawi5-d176b14aa96ca6de3499a95863db8464 '   itemscope=\"itemscope\" itemtype=\"https:\/\/schema.org\/CreativeWork\" ><div class='avia_textblock'  itemprop=\"text\" ><h3>Yksinkertaistettu kiina vai perinteinen kiina?<\/h3>\n<p>Tiesitk\u00f6, ett\u00e4 kiinan kielell\u00e4 on useampi kuin yksi murre? Mink\u00e4 niist\u00e4 tarvitset yrityksellesi? <\/p>\n<p>Meilt\u00e4 kysyt\u00e4\u00e4n usein <strong>mandariinin k\u00e4\u00e4nn\u00f6st\u00e4<\/strong> tai <strong>kantonin k\u00e4\u00e4nn\u00f6st\u00e4<\/strong>; kuitenkin Kiinan tasavallan (Taiwan, p\u00e4\u00e4kaupunki: Taipei) ja Kiinan kansantasavallan (Manner-Kiina) virallisia puhuttuja kieli\u00e4 kutsutaan mandariinikiinaksi.<\/p>\n<p>Mink\u00e4 kiinan version tarvitset?<\/p>\n<p>Termi mandariini viittaa vain standardiin puhuttuun kiinaan, joka on periaatteessa sama ja keskin\u00e4isesti ymm\u00e4rrett\u00e4viss\u00e4 Taiwanissa ja Manner-Kiinassa. Kuitenkin <em>Suur-Kiinan<\/em> eri alueilla k\u00e4ytet\u00e4\u00e4n erilaisia kirjoitusj\u00e4rjestelmi\u00e4. <\/p>\n<p><strong>Perinteinen kiina<\/strong> on Taiwanissa ja Hongkongissa k\u00e4ytetty kirjoitusj\u00e4rjestelm\u00e4, kun taas Manner-Kiina ja Singapore k\u00e4ytt\u00e4v\u00e4t <strong>yksinkertaistettua kiinaa<\/strong>.<\/p>\n<h4>Kiinalaiset fontit<\/h4>\n<p>Kiinan kieli\u00e4 kirjoitetaan Han-ideogrammeilla. Jos kehit\u00e4t tuotetta Kiinan markkinoille, sinun on p\u00e4\u00e4tett\u00e4v\u00e4 paras fontti k\u00e4ytett\u00e4v\u00e4ksi asiakirjoissasi. Yleiss\u00e4\u00e4nt\u00f6n\u00e4 suosittelemme k\u00e4ytt\u00e4m\u00e4\u00e4n <em>SimSun<\/em>-fonttia. T\u00e4m\u00e4 on Arial-fontin variantti ja Unicode-yhteensopiva.   <\/p>\n<figure><a href=\"http:\/\/www.star-ts.com\/download\/cta\/star-chinese-web.pdf\"><img decoding=\"async\" src=\"https:\/\/www.star-ts.com\/wp-content\/uploads\/2014\/07\/china-cta-land.png\" alt=\"Kiinan verkkosuunnittelu, kiinan k\u00e4\u00e4nn\u00f6spalvelut\" width=\"194\" height=\"198\"\/><\/a><\/figure>\n<h4>Mik\u00e4 on paras kiinalainen fontti verkkosivustollasi k\u00e4ytett\u00e4v\u00e4ksi?<\/h4>\n<p>Lataa ilmainen e-kirjamme <a href=\"http:\/\/www.star-ts.com\/download\/cta\/star-chinese-web.pdf\">10 parasta vinkki\u00e4 kiinalaiseen verkkosuunnitteluun<\/a> saadaksesi vastauksen ja muita mielenkiintoisia vinkkej\u00e4. Tiimimme kirjoittama e-kirja auttaa tekem\u00e4\u00e4n seuraavasta kiinalaisesta verkkosivustoprojektistasi menestyksen. <\/p>\n<p>Asiakkaat kysyv\u00e4t meilt\u00e4 usein, voimmeko neuvoa heit\u00e4 tuotteiden hankinnassa Kiinasta; olemme kirjoittaneet blogiimme artikkelin Kiinasta hankinnasta.<\/p>\n<\/div><\/section><br \/>\n<section  class='av_textblock_section av-8sawi5-2-5028b60957f11a11a4cde1935587e727 '   itemscope=\"itemscope\" itemtype=\"https:\/\/schema.org\/CreativeWork\" ><div class='avia_textblock'  itemprop=\"text\" ><h3>Mit\u00e4 on yksinkertaistettu kiina?<\/h3>\n<p>Yksinkertaistettu kiina on Kiinan kirjoitettu muoto, jota k\u00e4ytet\u00e4\u00e4n Manner-Kiinassa ja Singaporessa.<\/p>\n<p>Yksinkertaistettua merkkisarjaa on k\u00e4ytetty Kiinan kansantasavallassa noin vuodesta 1950 l\u00e4htien. Sarja johdettiin vaikeammista perinteisist\u00e4 kiinalaisista merkeist\u00e4, ja se v\u00e4hensi monimutkaisuutta ja vetojen m\u00e4\u00e4r\u00e4\u00e4 parantaakseen lukutaitoa maassa. <\/p>\n<p>Kiinan kieless\u00e4 on yli 50 000 merkki\u00e4. Keskim\u00e4\u00e4r\u00e4isen ihmisen on ymm\u00e4rrett\u00e4v\u00e4 2000\u20133000 symbolia voidakseen lukea p\u00e4ivitt\u00e4ist\u00e4 sanomalehte\u00e4. <\/p>\n<h3>Mit\u00e4 on perinteinen kiina?<\/h3>\n<p>Perinteinen kiina on Kiinan kirjoitettu muoto, jota k\u00e4ytet\u00e4\u00e4n Hongkongissa ja Taiwanissa. Perinteiset kiinalaiset merkit ovat per\u00e4isin yli 3 000 vuoden takaa \u2013 varhaisessa muodossaan niit\u00e4 k\u00e4ytettiin 1200 eaa. ja ne kehittyiv\u00e4t vuosisatojen aikana nykyaikaisiksi esityksiksi, joita on k\u00e4ytetty, enemm\u00e4n tai v\u00e4hemm\u00e4n muuttumattomina, 2000 vuoden ajan. <\/p>\n<h3>Mit\u00e4 on Unicode?<\/h3>\n<p>Unicode kehitettiin mahdollistamaan tietokonej\u00e4rjestelmien kansainv\u00e4listen merkist\u00f6jen, kuten kiinan, n\u00e4ytt\u00e4minen. Unicode on paras koodausj\u00e4rjestelm\u00e4 kansainv\u00e4listen merkist\u00f6jen n\u00e4ytt\u00e4miseen useimmissa kieliss\u00e4. Esimerkiksi Adobe InDesignin kaltaiset j\u00e4rjestelm\u00e4t ovat ottaneet t\u00e4m\u00e4n k\u00e4ytt\u00f6\u00f6n mahdollistaakseen monikielisten asiakirjojen tuotannon.<\/p>\n<\/div><\/section><br \/>\n<section  class='av_textblock_section av-8sawi5-1-67e5a3909cdae81eaac8c7ae7334934e '   itemscope=\"itemscope\" itemtype=\"https:\/\/schema.org\/CreativeWork\" ><div class='avia_textblock'  itemprop=\"text\" ><h3>Kiinan mainonnan lakis\u00e4\u00e4teinen vaatimustenmukaisuus<\/h3>\n<p>Tiesitk\u00f6, ett\u00e4 Kiinan mainoslaki kielt\u00e4\u00e4 tiettyjen sanojen k\u00e4yt\u00f6n? Se kielt\u00e4\u00e4 yleisesti useita superlatiiveja. <\/p>\n<p>Tiimimme voivat tarkistaa markkinointi- ja myyntimateriaalisi ja neuvoa, miten lakis\u00e4\u00e4teiset vaatimukset parhaiten t\u00e4ytet\u00e4\u00e4n.<\/p>\n<\/div><\/section><\/p><\/div>\n<\/div><\/div><\/div><!-- close content main div --><\/div><\/div>\n<style type=\"text\/css\" data-created_by=\"avia_inline_auto\" id=\"style-css-av-k0gx2157-307699bb8bdeb8c22c0065ee0c218e70\">\n.avia-section.av-k0gx2157-307699bb8bdeb8c22c0065ee0c218e70{\nbackground-color:#ff7f27;\nbackground-image:unset;\n}\n<\/style>\n<div id='av_section_1'  class='avia-section av-k0gx2157-307699bb8bdeb8c22c0065ee0c218e70 main_color avia-section-default avia-no-border-styling  avia-builder-el-11  el_after_av_one_full  avia-builder-el-last  avia-bg-style-scroll container_wrap sidebar_right'  ><div class='container av-section-cont-open' ><div class='template-page content  av-content-small alpha units'><div class='post-entry post-entry-type-page post-entry-121648'><div class='entry-content-wrapper clearfix'>\n<section  class='av_textblock_section av-zffpn-9b19d1d65eda350fe1fbef528189f03e '   itemscope=\"itemscope\" itemtype=\"https:\/\/schema.org\/CreativeWork\" ><div class='avia_textblock'  itemprop=\"text\" ><h2><span style=\"color: #ffffff;\">Aloita nyt<\/span><\/h2>\n<div  class='avia-button-wrap av-aaau3-002efa156bbb18675abd08b781a80fa7-wrap avia-button-left  avia-builder-el-13  avia-builder-el-no-sibling '><a href='https:\/\/www.star-ts.com\/fi\/yhteystiedot\/'  class='avia-button av-aaau3-002efa156bbb18675abd08b781a80fa7 av-link-btn avia-icon_select-no avia-size-x-large avia-position-left avia-color-light'   aria-label=\"Ota yhteytt\u00e4\"><span class='avia_iconbox_title' >Ota yhteytt\u00e4<\/span><\/a><\/div>\n<\/div><\/section>\n<\/div><\/div><\/div><!-- close content main div --><\/div><\/div><div id='after_section_1'  class='main_color av_default_container_wrap container_wrap sidebar_right'  ><div class='container av-section-cont-open' ><div class='template-page content  av-content-small alpha units'><div class='post-entry post-entry-type-page post-entry-121648'><div class='entry-content-wrapper clearfix'>\n","protected":false},"excerpt":{"rendered":"<p>STARilla on laaja kokemus kiinan k\u00e4\u00e4nn\u00f6ksist\u00e4. Meill\u00e4 on toimistot Shanghaissa, Pekingiss\u00e4, Taipeissa ja Taiwanissa. Tiimimme k\u00e4\u00e4nt\u00e4v\u00e4t k\u00e4sikirjanne, verkkosivustonne ja markkinointimateriaalinne tukeakseen kansainv\u00e4list\u00e4 myyntihenkil\u00f6st\u00f6\u00e4nne Kiinassa ja Taiwanissa. Olemme ISO 9001- ja ISO 17100 -laatustandardien mukaisesti sertifioituja.   <\/p>\n","protected":false},"author":1,"featured_media":72280,"parent":0,"menu_order":2,"comment_status":"closed","ping_status":"closed","template":"","meta":{"footnotes":""},"class_list":["post-121648","page","type-page","status-publish","has-post-thumbnail","hentry"],"_links":{"self":[{"href":"https:\/\/www.star-ts.com\/fi\/wp-json\/wp\/v2\/pages\/121648","targetHints":{"allow":["GET"]}}],"collection":[{"href":"https:\/\/www.star-ts.com\/fi\/wp-json\/wp\/v2\/pages"}],"about":[{"href":"https:\/\/www.star-ts.com\/fi\/wp-json\/wp\/v2\/types\/page"}],"author":[{"embeddable":true,"href":"https:\/\/www.star-ts.com\/fi\/wp-json\/wp\/v2\/users\/1"}],"replies":[{"embeddable":true,"href":"https:\/\/www.star-ts.com\/fi\/wp-json\/wp\/v2\/comments?post=121648"}],"version-history":[{"count":0,"href":"https:\/\/www.star-ts.com\/fi\/wp-json\/wp\/v2\/pages\/121648\/revisions"}],"wp:featuredmedia":[{"embeddable":true,"href":"https:\/\/www.star-ts.com\/fi\/wp-json\/wp\/v2\/media\/72280"}],"wp:attachment":[{"href":"https:\/\/www.star-ts.com\/fi\/wp-json\/wp\/v2\/media?parent=121648"}],"curies":[{"name":"wp","href":"https:\/\/api.w.org\/{rel}","templated":true}]}}