{"id":121514,"date":"2026-01-16T10:31:50","date_gmt":"2026-01-16T10:31:50","guid":{"rendered":"https:\/\/www.star-ts.com\/translation-faq\/"},"modified":"2026-01-16T10:33:33","modified_gmt":"2026-01-16T10:33:33","slug":"translation-faq","status":"publish","type":"page","link":"https:\/\/www.star-ts.com\/fi\/translation-faq\/","title":{"rendered":"K\u00e4\u00e4nn\u00f6ksen UKK | Usein kysytyt kysymykset"},"content":{"rendered":"<div id='full_slider_1'  class='avia-fullwidth-slider main_color avia-shadow av-medium-hide av-small-hide av-mini-hide  avia-builder-el-0  el_before_av_one_full  avia-builder-el-first   container_wrap sidebar_right'  ><div  class='avia-slideshow av-njjqvq-d5a889113d83c4f76fd82ffae68ffe45 avia-slideshow-featured av_slideshow_full avia-slide-slider av-medium-hide av-small-hide av-mini-hide av-slideshow-ui av-control-default av-slideshow-manual av-loop-once av-loop-manual-endless av-default-height-applied   avia-slideshow-1' data-slideshow-options=\"{&quot;animation&quot;:&quot;slide&quot;,&quot;autoplay&quot;:false,&quot;loop_autoplay&quot;:&quot;once&quot;,&quot;interval&quot;:5,&quot;loop_manual&quot;:&quot;manual-endless&quot;,&quot;autoplay_stopper&quot;:false,&quot;noNavigation&quot;:false,&quot;bg_slider&quot;:false,&quot;keep_padding&quot;:false,&quot;hoverpause&quot;:false,&quot;show_slide_delay&quot;:0}\"  itemprop=\"image\" itemscope=\"itemscope\" itemtype=\"https:\/\/schema.org\/ImageObject\" ><ul class='avia-slideshow-inner ' style='padding-bottom: 28.666666666667%;'><li  class='avia-slideshow-slide av-njjqvq-d5a889113d83c4f76fd82ffae68ffe45__0  av-single-slide slide-1 slide-odd'><div data-rel='slideshow-1' class='avia-slide-wrap '   ><div class='av-slideshow-caption av-njjqvq-d5a889113d83c4f76fd82ffae68ffe45__0 caption_fullwidth caption_center caption_center_framed caption_framed'><div class=\"container caption_container\"><div class=\"slideshow_caption\"><div class=\"slideshow_inner_caption\"><div class=\"slideshow_align_caption\"><h2 class='avia-caption-title '  itemprop=\"name\" >Usein kysytyt kysymykset<\/h2><div class='avia-caption-content '  itemprop=\"description\" ><p>Hae useimmin kysyttyj\u00e4 kysymyksi\u00e4, joita meille esitet\u00e4\u00e4n palveluistamme.<\/p>\n<\/div><\/div><\/div><\/div><\/div><\/div><img decoding=\"async\" fetchpriority=\"high\" class=\"wp-image-72450 avia-img-lazy-loading-not-72450\"  src=\"https:\/\/www.star-ts.com\/wp-content\/uploads\/2018\/07\/FAQ-3-1500x430.jpg\" width=\"1500\" height=\"430\" title='UKK (3)' alt='UKK-sivu'  itemprop=\"thumbnailUrl\"   \/><\/div><\/li><\/ul><\/div><\/div><div id='after_full_slider_1'  class='main_color av_default_container_wrap container_wrap sidebar_right'  ><div class='container av-section-cont-open' ><div class='template-page content  av-content-small alpha units'><div class='post-entry post-entry-type-page post-entry-121514'><div class='entry-content-wrapper clearfix'>\n\n<style type=\"text\/css\" data-created_by=\"avia_inline_auto\" id=\"style-css-av-2wk9xi-60617ef0983ae8f4e91e0bacc477c677\">\n.flex_column.av-2wk9xi-60617ef0983ae8f4e91e0bacc477c677{\nborder-radius:0px 0px 0px 0px;\npadding:0px 0px 0px 0px;\n}\n<\/style>\n<div  class='flex_column av-2wk9xi-60617ef0983ae8f4e91e0bacc477c677 av_one_full  avia-builder-el-1  el_after_av_slideshow_full  el_before_av_one_half  avia-builder-el-first  first flex_column_div av-zero-column-padding  '     ><section  class='av_textblock_section av-kkffkdru-75ec6588fa9a19fc873698ea2b67ca3d '   itemscope=\"itemscope\" itemtype=\"https:\/\/schema.org\/CreativeWork\" ><div class='avia_textblock'  itemprop=\"text\" ><h1>Usein kysytyt kysymykset<\/h1>\n<p>Olemme koonneet sinulle k\u00e4\u00e4nn\u00f6ksen UKK-osioomme yleisimm\u00e4t kysymykset, joita meille esitet\u00e4\u00e4n palveluistamme. Meilt\u00e4 kysyt\u00e4\u00e4n tyypillisesti kustannuksista, prosessistamme ja siit\u00e4, miten saavutamme laadun.<\/p>\n<\/div><\/section><\/div>\n<div  class='flex_column av-khcmiu-c01f20113ea704d905eac555f9089d79 av_one_half  avia-builder-el-3  el_after_av_one_full  el_before_av_one_half  first flex_column_div  column-top-margin'     ><section  class='av_textblock_section av-idpi46-d5fc85527339d52c9c0c89410c193c75 '   itemscope=\"itemscope\" itemtype=\"https:\/\/schema.org\/CreativeWork\" ><div class='avia_textblock'  itemprop=\"text\" ><h3>Laatu<\/h3>\n<ul>\n<li><a href=\"https:\/\/www.star-ts.com\/translation-faq\/what-is-iso-9001-certification\/\">Mik\u00e4 on ISO 9001 -sertifiointi?<\/a><\/li>\n<li><a href=\"https:\/\/www.star-ts.com\/translation-faq\/what-is-iso17100-certification\/\">Mik\u00e4 on ISO 17100 -sertifiointi?<\/a><\/li>\n<li><a href=\"https:\/\/www.star-ts.com\/translation-faq\/why-do-you-proofread-with-a-second-translator\/\">Miksi oikolukette toisen k\u00e4\u00e4nt\u00e4j\u00e4n kanssa?<\/a><\/li>\n<li><a href=\"https:\/\/www.star-ts.com\/translation-faq\/what-is-the-an-caighdean-oifigiuil-standard-for-irish\/\">Mik\u00e4 on <em>An Caighde\u00e1n Oifigi\u00fail<\/em> -standardi iirin kielelle?<\/a><\/li>\n<li><a href=\"https:\/\/www.star-ts.com\/translation-faq\/what-is-a-sanity-check\/\">Mik\u00e4 on j\u00e4rkevyystarkistus?<\/a><\/li>\n<li><a href=\"https:\/\/www.star-ts.com\/translation-faq\/what-is-an-in-context-review\/\">Mik\u00e4 on kontekstisidonnainen tarkistus?<\/a><\/li>\n<li><a href=\"https:\/\/www.star-ts.com\/translation-faq\/what-is-international-english\/\">Mik\u00e4 on kansainv\u00e4linen englanti?<\/a><\/li>\n<li><a href=\"https:\/\/www.star-ts.com\/translation-faq\/what-is-transcreation\/\">Mik\u00e4 on transkreointi?<\/a><\/li>\n<li><a href=\"https:\/\/www.star-ts.com\/translation-faq\/why-is-context-important-in-translation\/\">Miksi konteksti on t\u00e4rke\u00e4 k\u00e4\u00e4nn\u00f6ksess\u00e4?<\/a><\/li>\n<li><a href=\"https:\/\/www.star-ts.com\/translation-faq\/certified-translation\/\">Mik\u00e4 on auktorisoitu k\u00e4\u00e4nn\u00f6s?<\/a><\/li>\n<\/ul>\n<\/div><\/section><\/div>\n\n<style type=\"text\/css\" data-created_by=\"avia_inline_auto\" id=\"style-css-av-grut9i-bd72b10f7ca02e37fe04c801854218c5\">\n.flex_column.av-grut9i-bd72b10f7ca02e37fe04c801854218c5{\nborder-radius:0px 0px 0px 0px;\npadding:0px 0px 0px 0px;\n}\n<\/style>\n<div  class='flex_column av-grut9i-bd72b10f7ca02e37fe04c801854218c5 av_one_half  avia-builder-el-5  el_after_av_one_half  el_before_av_one_half  flex_column_div av-zero-column-padding  column-top-margin'     ><section  class='av_textblock_section av-fowf5i-3aa5cc7ac171b3f924f396329e47db29 '   itemscope=\"itemscope\" itemtype=\"https:\/\/schema.org\/CreativeWork\" ><div class='avia_textblock'  itemprop=\"text\" ><h3>Aika ja kustannukset<\/h3>\n<ul>\n<li><a href=\"https:\/\/www.star-ts.com\/translation-faq\/how-long-does-it-take-to-translate-a-document\/\">Kuinka kauan asiakirjan k\u00e4\u00e4nt\u00e4minen kest\u00e4\u00e4?<\/a><\/li>\n<li><a href=\"https:\/\/www.star-ts.com\/translation-faq\/how-fast-can-you-translate-a-document\/\">Kuinka nopeasti voitte k\u00e4\u00e4nt\u00e4\u00e4 asiakirjan?<\/a><\/li>\n<li><a href=\"https:\/\/www.star-ts.com\/translation-faq\/why-do-you-have-minimum-charges\/\">Miksi teill\u00e4 on minimiveloitukset?<\/a><\/li>\n<li><a href=\"https:\/\/www.star-ts.com\/translation-faq\/why-does-cheap-translation-cost-more\/\">Miksi halpa k\u00e4\u00e4nn\u00f6s maksaa enemm\u00e4n?<\/a><\/li>\n<li><a href=\"https:\/\/www.star-ts.com\/translation-faq\/what-is-a-rush-translation\/\">Mik\u00e4 on pikak\u00e4\u00e4nn\u00f6s?<\/a><\/li>\n<li><a href=\"https:\/\/www.star-ts.com\/translation-faq\/why-is-test-translation-a-poor-indicator-of-quality\/\">Miksi koek\u00e4\u00e4nn\u00f6s on huono laadun mittari?<\/a><\/li>\n<li><a href=\"https:\/\/www.star-ts.com\/translation-faq\/how-do-you-price-translation-projects\/\">Miten hinnoittelette k\u00e4\u00e4nn\u00f6sprojektit?<\/a><\/li>\n<\/ul>\n<\/div><\/section><\/div>\n<p><div  class='flex_column av-et1ikm-feb0e3df5a8038437d166165afb195ea av_one_half  avia-builder-el-7  el_after_av_one_half  el_before_av_one_half  first flex_column_div  column-top-margin'     ><section  class='av_textblock_section av-d04erq-a7ecda0c064a3f4f3b460370f109541f '   itemscope=\"itemscope\" itemtype=\"https:\/\/schema.org\/CreativeWork\" ><div class='avia_textblock'  itemprop=\"text\" ><h3>Tuotteet ja prosessit<\/h3>\n<ul>\n<li><a href=\"https:\/\/www.star-ts.com\/translation-faq\/what-is-back-translation\/\">Mik\u00e4 on takaisink\u00e4\u00e4nn\u00f6s?<\/a><\/li>\n<li><a href=\"https:\/\/www.star-ts.com\/translation-faq\/why-do-you-need-the-source-files-for-translation\/\">Miksi tarvitsette l\u00e4hdetiedostot k\u00e4\u00e4nn\u00f6st\u00e4 varten?<\/a><\/li>\n<li><a href=\"https:\/\/www.star-ts.com\/translation-faq\/why-is-the-length-of-a-translation-important\/\">Miksi k\u00e4\u00e4nn\u00f6ksen pituus on t\u00e4rke\u00e4?<\/a><\/li>\n<li><a href=\"https:\/\/www.star-ts.com\/translation-faq\/app-translation-for-android-and-ios\/\">Sovellusk\u00e4\u00e4nn\u00f6s Androidille ja iOS:lle<\/a><\/li>\n<li><a href=\"https:\/\/www.star-ts.com\/translation-faq\/what-is-a-pseudo-translation\/\">Mik\u00e4 on pseudok\u00e4\u00e4nn\u00f6s?<\/a><\/li>\n<li><a href=\"https:\/\/www.star-ts.com\/translation-faq\/how-should-i-get-a-translation-reviewed\/\">Miten minun tulisi saada k\u00e4\u00e4nn\u00f6s tarkistettua?<\/a><\/li>\n<li><a href=\"https:\/\/www.star-ts.com\/fi\/translation-faq\/how-to-review-your-translations\/\">K\u00e4\u00e4nn\u00f6sten tarkistaminen<\/a><\/li>\n<li><a href=\"https:\/\/www.star-ts.com\/fi\/translation-faq\/ui-translation\/\">Miten k\u00e4\u00e4nn\u00e4tte k\u00e4ytt\u00f6liittym\u00e4t (UI)?<\/a><\/li>\n<\/ul>\n<\/div><\/section><\/div>\n<style type=\"text\/css\" data-created_by=\"avia_inline_auto\" id=\"style-css-av-bdfhye-072be1e48ae97d4bda3345c50510ab18\">\n.flex_column.av-bdfhye-072be1e48ae97d4bda3345c50510ab18{\nborder-radius:0px 0px 0px 0px;\npadding:0px 0px 0px 0px;\n}\n<\/style>\n<div  class='flex_column av-bdfhye-072be1e48ae97d4bda3345c50510ab18 av_one_half  avia-builder-el-9  el_after_av_one_half  el_before_av_one_half  flex_column_div av-zero-column-padding  column-top-margin'     ><section  class='av_textblock_section av-8re2ye-3710b0e8270936abef461c30ba592aed '   itemscope=\"itemscope\" itemtype=\"https:\/\/schema.org\/CreativeWork\" ><div class='avia_textblock'  itemprop=\"text\" ><h3>Tekniset kysymykset<\/h3>\n<ul>\n<li><a href=\"https:\/\/www.star-ts.com\/translation-faq\/what-is-dtp\/\">Mik\u00e4 on DTP?<\/a><\/li>\n<li><a href=\"https:\/\/www.star-ts.com\/translation-faq\/what-is-ocr\/\">Mik\u00e4 on OCR?<\/a><\/li>\n<li><a href=\"https:\/\/www.star-ts.com\/translation-faq\/what-is-terminology\/\">Mik\u00e4 on terminologia?<\/a><\/li>\n<li><a href=\"https:\/\/www.star-ts.com\/translation-faq\/what-is-segmentation\/\">Mik\u00e4 on segmentointi?<\/a><\/li>\n<li><a href=\"https:\/\/www.star-ts.com\/fi\/translation-faq\/bilingual-table\/\">Mik\u00e4 on kaksikielinen taulukko?<\/a><\/li>\n<li><a href=\"https:\/\/www.star-ts.com\/translation-faq\/what-is-cloud-translation\/\">Mik\u00e4 on pilvik\u00e4\u00e4nn\u00f6s?<\/a><\/li>\n<li><a href=\"https:\/\/www.star-ts.com\/translation-faq\/what-is-crowd-translation\/\">Mik\u00e4 on joukkok\u00e4\u00e4nn\u00f6s?<\/a><\/li>\n<li><a href=\"https:\/\/www.star-ts.com\/translation-faq\/what-is-machine-translation\/\">Mik\u00e4 on konek\u00e4\u00e4nn\u00f6s?<\/a><\/li>\n<li><a href=\"https:\/\/www.star-ts.com\/translation-faq\/what-is-translation-memory\/\">Mik\u00e4 on k\u00e4\u00e4nn\u00f6smuisti?<\/a><\/li>\n<li><a href=\"https:\/\/www.star-ts.com\/translation-faq\/how-does-translation-memory-work\/\">Miten k\u00e4\u00e4nn\u00f6smuisti toimii?<\/a><\/li>\n<li><a href=\"https:\/\/www.star-ts.com\/translation-faq\/how-to-translate-a-wordpress-site\/\">Miten WordPress-sivusto k\u00e4\u00e4nnet\u00e4\u00e4n<\/a><\/li>\n<li><a href=\"https:\/\/www.star-ts.com\/translation-faq\/what-is-multilingual-search-engine-submission\/\">Mik\u00e4 on monikielinen hakukonerekister\u00f6inti?<\/a><\/li>\n<li><a href=\"https:\/\/www.star-ts.com\/translation-faq\/difference-between-translation-and-localization\/\">Mit\u00e4 eroa on k\u00e4\u00e4nn\u00f6ksell\u00e4 ja lokalisoinnilla?<\/a><\/li>\n<li><a href=\"https:\/\/www.star-ts.com\/translation-faq\/what-are-crops-and-bleeds\/\">Mit\u00e4 ovat leikkuuvarat ja -merkit ja miksi ne ovat t\u00e4rkeit\u00e4?<\/a><\/li>\n<li><a href=\"https:\/\/www.star-ts.com\/translation-faq\/what-is-a-file-format-definition-ffd-file\/\">Mik\u00e4 on tiedostomuodon m\u00e4\u00e4rittelytiedosto (FFD)?<\/a><\/li>\n<li><a href=\"https:\/\/www.star-ts.com\/translation-faq\/how-world-monetary-values-are-displayed\/\">Miten maailman valuutta-arvot n\u00e4ytet\u00e4\u00e4n?<\/a><\/li>\n<\/ul>\n<\/div><\/section><\/div><\/p>\n<div  class='flex_column av-et1ikm-4-646301b6cd088cc66a5cd6e3e768d566 av_one_half  avia-builder-el-11  el_after_av_one_half  el_before_av_one_half  first flex_column_div  column-top-margin'     ><section  class='av_textblock_section av-d04erq-3-21bef2224556c5e6cd1595a81ad39524 '   itemscope=\"itemscope\" itemtype=\"https:\/\/schema.org\/CreativeWork\" ><div class='avia_textblock'  itemprop=\"text\" ><h3>Miten:<\/h3>\n<ul>\n<li><a href=\"https:\/\/www.star-ts.com\/fi\/indesign-tiedostojen-kaantaminen\/\">Miten InDesign-tiedostot k\u00e4\u00e4nnet\u00e4\u00e4n<\/a><\/li>\n<li><a href=\"https:\/\/www.star-ts.com\/translation-faq\/how-to-translate-a-wordpress-site\/\">Miten WordPress-sivusto k\u00e4\u00e4nnet\u00e4\u00e4n<\/a><\/li>\n<li><a href=\"https:\/\/www.star-ts.com\/how-do-you-translate-a-wordpress-website-with-wpml\/\">Miten k\u00e4\u00e4nn\u00e4tte WordPress-verkkosivuston WPML:ll\u00e4?<\/a><\/li>\n<li><a href=\"https:\/\/www.star-ts.com\/alchemer-translation\/\">Alchemer (SurveyGizmo) -k\u00e4\u00e4nn\u00f6spalvelut | Miten kyselyt k\u00e4\u00e4nnet\u00e4\u00e4n<\/a><\/li>\n<li><a href=\"https:\/\/www.star-ts.com\/fi\/crowdin-localization-services\/\">Crowdin-lokalisointipalvelut<\/a><\/li>\n<li><a href=\"https:\/\/www.star-ts.com\/academy\/how-to-improve-google-rank-by-deleting-web-pages\/\">Miten parantaa Googlen sijoitusta poistamalla verkkosivuja<\/a><\/li>\n<li><a href=\"https:\/\/www.star-ts.com\/fi\/translation-faq\/ui-translation\/\">K\u00e4ytt\u00f6liittymien (UI) k\u00e4\u00e4nt\u00e4minen<\/a><\/li>\n<li><a href=\"https:\/\/www.star-ts.com\/marketing-services\/marketing-campaigns\/ssi-web-translation\/\">SSI-verkkok\u00e4\u00e4nn\u00f6s<\/a><\/li>\n<li><a href=\"https:\/\/www.star-ts.com\/walkme-translation\/\">WalkMe-k\u00e4\u00e4nn\u00f6s<\/a><\/li>\n<li><a href=\"https:\/\/www.star-ts.com\/fi\/seo\/\">SEO<\/a><\/li>\n<\/ul>\n<\/div><\/section><\/div>\n<div  class='flex_column av-et1ikm-2-5b9403ca5e63aaa0fb0e758e7795aaae av_one_half  avia-builder-el-13  el_after_av_one_half  el_before_av_one_full  flex_column_div  column-top-margin'     ><section  class='av_textblock_section av-d04erq-1-7b0623745fdca9f85663cc80c45a61c4 '   itemscope=\"itemscope\" itemtype=\"https:\/\/schema.org\/CreativeWork\" ><div class='avia_textblock'  itemprop=\"text\" ><h3>Muuta<\/h3>\n<ul>\n<li><a href=\"https:\/\/www.star-ts.com\/fi\/about\/glossary\/\">Yleisten k\u00e4\u00e4nn\u00f6ksess\u00e4 k\u00e4ytettyjen termien sanasto.<\/a><\/li>\n<li><a href=\"https:\/\/www.star-ts.com\/better-english\/typewriter-fun-with-english\/\">Kirjoituskone, hauskaa englannin kanssa<\/a><\/li>\n<li><a href=\"https:\/\/www.star-ts.com\/translation\/calculator-spelling-in-different-languages\/\">Laskimen kirjoitusasut eri kielill\u00e4<\/a><\/li>\n<li><a href=\"https:\/\/www.star-ts.com\/better-english\/7-funniest-english-grammar-mistakes-infographics\/\">7 hauskinta englannin kielioppivirhett\u00e4<\/a><\/li>\n<li><a href=\"https:\/\/www.star-ts.com\/language\/free-welcome-poster-in-different-languages\/\">Ilmainen tervetuliaisjuliste 16 eri kielell\u00e4<\/a><\/li>\n<\/ul>\n<\/div><\/section><\/div>\n\n<style type=\"text\/css\" data-created_by=\"avia_inline_auto\" id=\"style-css-av-7lyb92-36794f5a27b62ca8c02c5c136288dffc\">\n.flex_column.av-7lyb92-36794f5a27b62ca8c02c5c136288dffc{\nborder-radius:0px 0px 0px 0px;\npadding:0px 0px 0px 0px;\n}\n<\/style>\n<div  class='flex_column av-7lyb92-36794f5a27b62ca8c02c5c136288dffc av_one_full  avia-builder-el-15  el_after_av_one_half  el_before_av_one_full  first flex_column_div av-zero-column-padding  column-top-margin'     ><section  class='av_textblock_section av-5txcuu-1d26cfae1ac4e978f6df9b75e8409fbd '   itemscope=\"itemscope\" itemtype=\"https:\/\/schema.org\/CreativeWork\" ><div class='avia_textblock'  itemprop=\"text\" ><h3>Mit\u00e4 asiakkaamme sanovat<\/h3>\n<p>\u201c <em>Luotettava, nopea, avoin viestint\u00e4: asiakastuki on aina tavoitettavissa\u2026nopeat vastaukset.<\/em>\u201d<\/p>\n<p>\u201c<em>Heid\u00e4n palvelunsa ja yksityiskohtiin kiinnitt\u00e4m\u00e4ns\u00e4 huomio on t\u00e4ydellist\u00e4. Lis\u00e4ksi he ovat aina valmiita ty\u00f6skentelem\u00e4\u00e4n kanssanne ja kehittym\u00e4\u00e4n. <\/em>\u201d<\/p>\n<p>\u201c<em>Heid\u00e4n laaja terminologia- ja avainsanatietokantansa tuo meille s\u00e4\u00e4st\u00f6j\u00e4.<\/em>\u201d<\/p>\n<\/div><\/section><\/div>\n<div  class='flex_column av-617pau-03f7d87942a31dd4b6e1824f912e42a0 av_one_full  avia-builder-el-17  el_after_av_one_full  avia-builder-el-last  first flex_column_div  column-top-margin'     ><section  class='av_textblock_section av-3wufja-252fabc8e4271840debb2c3dd52ea662 '   itemscope=\"itemscope\" itemtype=\"https:\/\/schema.org\/CreativeWork\" ><div class='avia_textblock'  itemprop=\"text\" ><div  class='avia-button-wrap avia-button-center  avia-builder-el-19  avia-builder-el-no-sibling '>\n<style type=\"text\/css\" data-created_by=\"avia_inline_auto\" id=\"style-css-av-1xtf2e-011d72fe73ddaa719407c373b8c32dda\">\n#top #wrap_all .avia-button.av-1xtf2e-011d72fe73ddaa719407c373b8c32dda:hover{\ncolor:white;\ntransition:all 0.4s ease-in-out;\n}\n#top #wrap_all .avia-button.av-1xtf2e-011d72fe73ddaa719407c373b8c32dda:hover .avia-svg-icon svg:first-child{\nfill:white;\nstroke:white;\n}\n<\/style>\n<a href='https:\/\/www.star-ts.com\/fi\/yhteystiedot\/' class='avia-color-theme-color avia-font-color-theme-color avia-button avia-button-fullwidth av-1xtf2e-011d72fe73ddaa719407c373b8c32dda avia-icon_select-no avia-color-theme-color'  title=\"Contact Us\" aria-label=\"Contact Us\"><span class='avia_iconbox_title' >Ota yhteytt\u00e4<\/span><span class='avia_button_background avia-button avia-button-fullwidth avia-color-theme-color-highlight'><\/span><\/a><\/div>\n<\/div><\/section><\/div>\n","protected":false},"excerpt":{"rendered":"<p>Yleisimm\u00e4t kysymykset ja vastaukset k\u00e4\u00e4nn\u00f6spalveluista.<\/p>\n","protected":false},"author":1,"featured_media":72450,"parent":0,"menu_order":5,"comment_status":"closed","ping_status":"closed","template":"","meta":{"footnotes":""},"class_list":["post-121514","page","type-page","status-publish","has-post-thumbnail","hentry"],"_links":{"self":[{"href":"https:\/\/www.star-ts.com\/fi\/wp-json\/wp\/v2\/pages\/121514","targetHints":{"allow":["GET"]}}],"collection":[{"href":"https:\/\/www.star-ts.com\/fi\/wp-json\/wp\/v2\/pages"}],"about":[{"href":"https:\/\/www.star-ts.com\/fi\/wp-json\/wp\/v2\/types\/page"}],"author":[{"embeddable":true,"href":"https:\/\/www.star-ts.com\/fi\/wp-json\/wp\/v2\/users\/1"}],"replies":[{"embeddable":true,"href":"https:\/\/www.star-ts.com\/fi\/wp-json\/wp\/v2\/comments?post=121514"}],"version-history":[{"count":0,"href":"https:\/\/www.star-ts.com\/fi\/wp-json\/wp\/v2\/pages\/121514\/revisions"}],"wp:featuredmedia":[{"embeddable":true,"href":"https:\/\/www.star-ts.com\/fi\/wp-json\/wp\/v2\/media\/72450"}],"wp:attachment":[{"href":"https:\/\/www.star-ts.com\/fi\/wp-json\/wp\/v2\/media?parent=121514"}],"curies":[{"name":"wp","href":"https:\/\/api.w.org\/{rel}","templated":true}]}}