{"id":121509,"date":"2026-01-16T10:31:40","date_gmt":"2026-01-16T10:31:40","guid":{"rendered":"https:\/\/www.star-ts.com\/about\/key-performance-solutions-limited\/"},"modified":"2026-01-16T10:32:19","modified_gmt":"2026-01-16T10:32:19","slug":"key-performance-solutions-limited","status":"publish","type":"page","link":"https:\/\/www.star-ts.com\/fi\/about\/key-performance-solutions-limited\/","title":{"rendered":"Key Performance Solutions Limited"},"content":{"rendered":"<p>\n<style type=\"text\/css\" data-created_by=\"avia_inline_auto\" id=\"style-css-av-7kvaaj-8d91a9c2430cffd72d91dcfb0a2ea4ba\">\n.flex_column.av-7kvaaj-8d91a9c2430cffd72d91dcfb0a2ea4ba{\nborder-radius:0px 0px 0px 0px;\npadding:0px 0px 0px 0px;\n}\n<\/style>\n<div  class='flex_column av-7kvaaj-8d91a9c2430cffd72d91dcfb0a2ea4ba av_one_full  avia-builder-el-0  el_before_av_one_full  avia-builder-el-first  first flex_column_div av-zero-column-padding  '     ><section  class='av_textblock_section av-3dh5gcb-0730aefb1dbce7c687c00b9a9b977315 '   itemscope=\"itemscope\" itemtype=\"https:\/\/schema.org\/CreativeWork\" ><div class='avia_textblock'  itemprop=\"text\" ><div class=\"posit\">\n<h1>Key Performance Solutions<br \/>\nT\/A STAR Translation Services<\/h1>\n<\/div>\n<\/div><\/section><br \/>\n<section  class='av_textblock_section av-1mmo4ez-a0e787cfe341df559a98ce1dadf7bceb '   itemscope=\"itemscope\" itemtype=\"https:\/\/schema.org\/CreativeWork\" ><div class='avia_textblock'  itemprop=\"text\" ><h2><strong>Yritystiedot<\/strong><\/h2>\n<p><strong>Key Performance Solutions Limited<\/strong>, yritysrekisterinumero: 358439, tarjoaa k\u00e4\u00e4nn\u00f6s- ja monikielisi\u00e4 tietopalveluita yrityksille ymp\u00e4ri maailmaa.<\/p>\n<p>Key Performance Solutions Ltd on osakeyhti\u00f6, joka on perustettu Dublinissa, Irlannissa ja rekister\u00f6ity Irlannissa.<\/p>\n<p>Se toimii seuraavilla toiminimill\u00e4&#8230;<\/p>\n<p><strong>STAR Translation Services<\/strong> yritysrekisterinumero 498394 ja <strong>STAR Technology Solutions <\/strong>yritysrekisterinumero 227710.<\/p>\n<p>Yrityst\u00e4 tukee <a href=\"https:\/\/directory.enterprise-ireland.com\/vendor\/key-performance-solutions-ltd\" target=\"_blank\" rel=\"noopener\">Enterprise Ireland<\/a> ja se on <a href=\"https:\/\/www.star-group.net\" target=\"_blank\" rel=\"noopener\">STAR Groupin (STAR AG)<\/a> j\u00e4sen Sveitsiss\u00e4<\/p>\n<p>Johtajat: <a href=\"https:\/\/www.linkedin.com\/in\/damianscattergood\/\" target=\"_blank\" rel=\"noopener\">Damian Scattergood<\/a> ja Paul Quigley<\/p>\n<p><strong>Perustaminen:<\/strong><\/p>\n<p>Key Performance Solutions perustettiin vuonna 2002. Startup oli yhteydess\u00e4 Enterprise Irelandiin alusta alkaen. <\/p>\n<p>Yritys yhdisti voimansa STAR AG:n kanssa samana vuonna ja aloitti toimintansa nimell\u00e4 STAR Translation Services pian sen j\u00e4lkeen. Siit\u00e4 l\u00e4htien yritys on kasvanut johtavaksi k\u00e4\u00e4nn\u00f6spalveluiden tarjoajaksi Irlannissa. <\/p>\n<p>Yritys k\u00e4\u00e4nt\u00e4\u00e4 yli 200 kielelle. Se tarjoaa seuraavia mediapalveluita: <\/p>\n<ul>\n<li>Verkkosivujen suunnittelu<\/li>\n<li>Verkkosivustojen k\u00e4\u00e4nn\u00f6s<\/li>\n<li>Monikieliset hakukoneoptimointipalvelut<\/li>\n<li>Asiakirjak\u00e4\u00e4nn\u00f6kset<\/li>\n<li>Monikieliset taitto- ja julkaisupalvelut<\/li>\n<li>Videok\u00e4\u00e4nn\u00f6kset ja \u00e4\u00e4niselostukset<\/li>\n<li>Ohjelmistolokalisointi<\/li>\n<\/ul>\n<p><strong>Sertifikaatit:<\/strong><\/p>\n<p><a href=\"https:\/\/directory.enterprise-ireland.com\/vendor\/key-performance-solutions-ltd\" target=\"_blank\" rel=\"noopener\">Key Performance Solutions Ltd<\/a> on sertifioitu <a href=\"https:\/\/www.star-ts.com\/translation-faq\/what-is-iso-9001-certification\/\">ISO 9001<\/a>&#8211; ja <a href=\"https:\/\/www.star-ts.com\/translation-faq\/what-is-iso17100-certification\/\">ISO 17100<\/a> -laatustandardien mukaisesti<\/p>\n<\/div><\/section><\/p><\/div><div  class='flex_column av-1kjj7vf-028537725fc0ae383d82bbc87a674ba5 av_one_full  avia-builder-el-3  el_after_av_one_full  avia-builder-el-last  first flex_column_div  column-top-margin'     ><section  class='av_textblock_section av-1252723-9d0f0c717eeebd02b26d428033f7c32a '   itemscope=\"itemscope\" itemtype=\"https:\/\/schema.org\/CreativeWork\" ><div class='avia_textblock'  itemprop=\"text\" ><div  class='avia-button-wrap avia-button-center  avia-builder-el-5  avia-builder-el-no-sibling '>\n<style type=\"text\/css\" data-created_by=\"avia_inline_auto\" id=\"style-css-av-mb87yz-eef2fca8eb5c0c160a255c81d670026b\">\n#top #wrap_all .avia-button.av-mb87yz-eef2fca8eb5c0c160a255c81d670026b:hover{\ncolor:white;\ntransition:all 0.4s ease-in-out;\n}\n#top #wrap_all .avia-button.av-mb87yz-eef2fca8eb5c0c160a255c81d670026b:hover .avia-svg-icon svg:first-child{\nfill:white;\nstroke:white;\n}\n<\/style>\n<a href=\"https:\/\/www.star-ts.com\/fi\/yhteystiedot\/\" class=\"avia-color-theme-color avia-font-color-theme-color avia-button avia-button-fullwidth av-mb87yz-eef2fca8eb5c0c160a255c81d670026b avia-icon_select-no avia-color-theme-color\" title=\"Contact Us\" aria-label=\"Contact Us\"><span class='avia_iconbox_title' >Ota yhteytt\u00e4<\/span><span class='avia_button_background avia-button avia-button-fullwidth avia-color-theme-color-highlight'><\/span><\/a><\/div>\n<\/div><\/section><\/div><\/p>\n","protected":false},"excerpt":{"rendered":"<p>Key Performance Solutions Limited tarjoaa k\u00e4\u00e4nn\u00f6s- ja monikielisi\u00e4 tietopalveluita yrityksille ymp\u00e4ri maailmaa.<\/p>\n","protected":false},"author":1,"featured_media":64706,"parent":121126,"menu_order":16,"comment_status":"closed","ping_status":"open","template":"","meta":{"footnotes":""},"class_list":["post-121509","page","type-page","status-publish","has-post-thumbnail","hentry"],"_links":{"self":[{"href":"https:\/\/www.star-ts.com\/fi\/wp-json\/wp\/v2\/pages\/121509","targetHints":{"allow":["GET"]}}],"collection":[{"href":"https:\/\/www.star-ts.com\/fi\/wp-json\/wp\/v2\/pages"}],"about":[{"href":"https:\/\/www.star-ts.com\/fi\/wp-json\/wp\/v2\/types\/page"}],"author":[{"embeddable":true,"href":"https:\/\/www.star-ts.com\/fi\/wp-json\/wp\/v2\/users\/1"}],"replies":[{"embeddable":true,"href":"https:\/\/www.star-ts.com\/fi\/wp-json\/wp\/v2\/comments?post=121509"}],"version-history":[{"count":0,"href":"https:\/\/www.star-ts.com\/fi\/wp-json\/wp\/v2\/pages\/121509\/revisions"}],"up":[{"embeddable":true,"href":"https:\/\/www.star-ts.com\/fi\/wp-json\/wp\/v2\/pages\/121126"}],"wp:featuredmedia":[{"embeddable":true,"href":"https:\/\/www.star-ts.com\/fi\/wp-json\/wp\/v2\/media\/64706"}],"wp:attachment":[{"href":"https:\/\/www.star-ts.com\/fi\/wp-json\/wp\/v2\/media?parent=121509"}],"curies":[{"name":"wp","href":"https:\/\/api.w.org\/{rel}","templated":true}]}}