{"id":121341,"date":"2026-01-05T12:36:21","date_gmt":"2026-01-05T12:36:21","guid":{"rendered":"https:\/\/www.star-ts.com\/agriculture\/"},"modified":"2026-01-05T12:37:10","modified_gmt":"2026-01-05T12:37:10","slug":"agriculture","status":"publish","type":"page","link":"https:\/\/www.star-ts.com\/fi\/agriculture\/","title":{"rendered":"Maatalouden k\u00e4\u00e4nn\u00f6spalvelut"},"content":{"rendered":"<div id='full_slider_1'  class='avia-fullwidth-slider main_color avia-shadow av-small-hide av-mini-hide  avia-builder-el-0  el_before_av_one_fourth  avia-builder-el-first   container_wrap sidebar_right'  ><div  class='avia-slideshow av-jrhph4ih-747547f69cfa624501df8afdd49fe3e4 avia-slideshow-featured av_slideshow_full avia-slide-slider av-small-hide av-mini-hide av-slideshow-ui av-control-default av-slideshow-manual av-loop-once av-loop-manual-endless av-default-height-applied   avia-slideshow-1' data-slideshow-options=\"{&quot;animation&quot;:&quot;slide&quot;,&quot;autoplay&quot;:false,&quot;loop_autoplay&quot;:&quot;once&quot;,&quot;interval&quot;:5,&quot;loop_manual&quot;:&quot;manual-endless&quot;,&quot;autoplay_stopper&quot;:false,&quot;noNavigation&quot;:false,&quot;bg_slider&quot;:false,&quot;keep_padding&quot;:false,&quot;hoverpause&quot;:false,&quot;show_slide_delay&quot;:0}\"  itemprop=\"image\" itemscope=\"itemscope\" itemtype=\"https:\/\/schema.org\/ImageObject\" ><ul class='avia-slideshow-inner ' style='padding-bottom: 28.666666666667%;'><li  class='avia-slideshow-slide av-jrhph4ih-747547f69cfa624501df8afdd49fe3e4__0  av-single-slide slide-1 slide-odd'><div data-rel='slideshow-1' class='avia-slide-wrap '   ><div class='av-slideshow-caption av-jrhph4ih-747547f69cfa624501df8afdd49fe3e4__0 caption_fullwidth caption_center caption_center_framed caption_framed'><div class=\"container caption_container\"><div class=\"slideshow_caption\"><div class=\"slideshow_inner_caption\"><div class=\"slideshow_align_caption\"><h2 class='avia-caption-title '  itemprop=\"name\" >Maatalous- ja agritekniikkapalvelut<\/h2><div class='avia-caption-content '  itemprop=\"description\" ><p>Tekniset k\u00e4sikirjat ja k\u00e4ytt\u00f6oppaat<\/p>\n<\/div><\/div><\/div><\/div><\/div><\/div><img decoding=\"async\" fetchpriority=\"high\" class=\"wp-image-72515 avia-img-lazy-loading-not-72515\"  src=\"https:\/\/www.star-ts.com\/wp-content\/uploads\/2019\/01\/red-tractor-wide2-1500x430.jpg\" width=\"1500\" height=\"430\" title='Maanviljelij\u00e4 traktorilla kylv\u00e4m\u00e4ss\u00e4 viljaa pellolle' alt='Traktori, Maatalous'  itemprop=\"thumbnailUrl\"   \/><\/div><\/li><\/ul><\/div><\/div><div id='after_full_slider_1'  class='main_color av_default_container_wrap container_wrap sidebar_right'  ><div class='container av-section-cont-open' ><div class='template-page content  av-content-small alpha units'><div class='post-entry post-entry-type-page post-entry-121341'><div class='entry-content-wrapper clearfix'>\n\n<style type=\"text\/css\" data-created_by=\"avia_inline_auto\" id=\"style-css-av-1mmhy96-657b5ee606618087a5e92cc3dcf83847\">\n.flex_column.av-1mmhy96-657b5ee606618087a5e92cc3dcf83847{\nborder-radius:0px 0px 0px 0px;\npadding:0px 0px 0px 0px;\n}\n<\/style>\n<div  class='flex_column av-1mmhy96-657b5ee606618087a5e92cc3dcf83847 av_one_fourth  avia-builder-el-1  el_after_av_slideshow_full  el_before_av_three_fourth  avia-builder-el-first  first flex_column_div av-zero-column-padding  '     ><style type=\"text\/css\" data-created_by=\"avia_inline_auto\" id=\"style-css-av-k0qpwytm-b27af011d17bc8da1ebf14bcd1e7a9a3\">\n.avia-image-container.av-k0qpwytm-b27af011d17bc8da1ebf14bcd1e7a9a3 img.avia_image{\nbox-shadow:none;\n}\n.avia-image-container.av-k0qpwytm-b27af011d17bc8da1ebf14bcd1e7a9a3 .av-image-caption-overlay-center{\ncolor:#ffffff;\n}\n<\/style>\n<div  class='avia-image-container av-k0qpwytm-b27af011d17bc8da1ebf14bcd1e7a9a3 av-styling- avia-align-center  avia-builder-el-2  avia-builder-el-no-sibling '   itemprop=\"image\" itemscope=\"itemscope\" itemtype=\"https:\/\/schema.org\/ImageObject\" ><div class=\"avia-image-container-inner\"><div class=\"avia-image-overlay-wrap\"><img decoding=\"async\" fetchpriority=\"high\" class='wp-image-65306 avia-img-lazy-loading-not-65306 avia_image ' src=\"https:\/\/www.star-ts.com\/wp-content\/uploads\/2012\/09\/farm-animals.jpg\" alt='Maatalous - Lehm\u00e4t' title='lehm\u00e4t-maatilan-el\u00e4imet-maatalous'  height=\"347\" width=\"520\"  itemprop=\"thumbnailUrl\" srcset=\"https:\/\/www.star-ts.com\/wp-content\/uploads\/2012\/09\/farm-animals.jpg 520w, https:\/\/www.star-ts.com\/wp-content\/uploads\/2012\/09\/farm-animals-300x200.jpg 300w\" sizes=\"(max-width: 520px) 100vw, 520px\" \/><\/div><\/div><\/div><\/div>\n\n<style type=\"text\/css\" data-created_by=\"avia_inline_auto\" id=\"style-css-av-45ko8a-55d48c9f04ee93c2c9410b45ebb1dedd\">\n.flex_column.av-45ko8a-55d48c9f04ee93c2c9410b45ebb1dedd{\nborder-radius:0px 0px 0px 0px;\npadding:0px 0px 0px 0px;\n}\n<\/style>\n<div  class='flex_column av-45ko8a-55d48c9f04ee93c2c9410b45ebb1dedd av_three_fourth  avia-builder-el-3  el_after_av_one_fourth  el_before_av_one_full  flex_column_div av-zero-column-padding  '     ><section  class='av_textblock_section av-k0qq73hi-0dfc59f5444c7bc05677446ac0ec1297 '   itemscope=\"itemscope\" itemtype=\"https:\/\/schema.org\/CreativeWork\" ><div class='avia_textblock'  itemprop=\"text\" ><h1>Maatalousk\u00e4\u00e4nn\u00f6kset ja agriteknologian ratkaisut<\/h1>\n<p>Irlantilaisena yrityksen\u00e4 ymm\u00e4rr\u00e4mme ainutlaatuisella tavalla maatalouden merkityksen. Ty\u00f6skentelemme Yhdysvalloissa, Isossa-Britanniassa ja Irlannissa toimivien yritysten kanssa, jotka valmistavat koneita, elintarvikkeita ja agriteknisi\u00e4 j\u00e4rjestelmi\u00e4. Autamme heit\u00e4 kasvamaan kansainv\u00e4lisesti.  <\/p>\n<p>Palvelemme maatalousalan koko k\u00e4\u00e4nn\u00f6sprosessia alusta loppuun keskittyen laadukkaisiin toimituksiin valmistajille, j\u00e4lleenmyyjille ja loppuasiakkaille. K\u00e4\u00e4nn\u00e4mme k\u00e4sikirjoja, verkkosivustoja ja esitteit\u00e4, joten teemme yhteisty\u00f6t\u00e4 sek\u00e4 kehitys- ett\u00e4 markkinointitiimienne kanssa. <\/p>\n<p>Kielik\u00e4\u00e4nn\u00f6spalvelumme auttavat <a href=\"https:\/\/www.star-ts.com\/translation-faq\/what-is-terminology\/\" target=\"_blank\" rel=\"noopener\">yll\u00e4pit\u00e4m\u00e4\u00e4n terminologiaa<\/a>, <a href=\"https:\/\/www.star-ts.com\/fi\/documents\/\" target=\"_blank\" rel=\"noopener\">luomaan k\u00e4sikirjoja<\/a> ja toimittamaan sis\u00e4lt\u00f6\u00e4nne maailmanlaajuisesti. <a href=\"https:\/\/www.star-ts.com\/translation-services\/website-translation\/\" target=\"_blank\" rel=\"noopener\">Verkkosivustojen k\u00e4\u00e4nn\u00f6sten<\/a> avulla saamme viestinne my\u00f6s verkkoon. <\/p>\n<p>Voimme tarjota jopa selostuksia ja tekstityksi\u00e4 videok\u00e4\u00e4nn\u00f6spalveluiden avulla esitell\u00e4ksemme tuotteitanne globaalille yleis\u00f6lle.<\/p>\n<h2>Maatalouden k\u00e4\u00e4nn\u00f6spalvelut<\/h2>\n<p><strong>Mit\u00e4 maatalouden aloja k\u00e4\u00e4nn\u00e4mme?<\/strong><\/p>\n<ul>\n<li>Maatalouskoneet<\/li>\n<li>Maatalouden ohjelmistoj\u00e4rjestelm\u00e4t<\/li>\n<li>Teollisuusautomaatio &amp; robotiikka<\/li>\n<li>Rehut &amp; elintarvikkeet<\/li>\n<li>Karjaj\u00e4rjestelm\u00e4t (karja ja meijeri)<\/li>\n<li>Kasvinviljelytiede<\/li>\n<li>Maataloustuotteet<\/li>\n<\/ul>\n<p>K\u00e4sikirjojen osalta voimme k\u00e4\u00e4nt\u00e4\u00e4 sis\u00e4lt\u00f6nne ja toimittaa teille painovalmiit PDF-tiedostot tarvittaessa, jotta voitte k\u00e4ytt\u00e4\u00e4 meit\u00e4 yhden luukun periaatteella kaikkiin viestint\u00e4tarpeisiinne.<\/p>\n<p>Verkkosivustojen k\u00e4\u00e4nn\u00f6stiimimme voi ty\u00f6skennell\u00e4 suoraan verkkomaistereidenne\/verkkosuunnittelijoidenne kanssa varmistaakseen, ett\u00e4 sivustonne on valmis k\u00e4\u00e4nn\u00f6st\u00e4 varten etuk\u00e4teen. Voimme tarjota SEO-palveluita varmistaaksemme, ett\u00e4 sivustonne sijoittuu kohdemaissa ja ett\u00e4 kasvatatte tuotteidenne verkkoliikennett\u00e4. <\/p>\n<p>Jos haluatte tiet\u00e4\u00e4 lis\u00e4\u00e4 maatalouskoneiden ja traktoreiden eurooppalaisista standardeista, vierailkaa Euroopan komission verkkosivustolla: <a href=\"https:\/\/ec.europa.eu\/growth\/sectors\/automotive\/legislation\/tractors_en\" target=\"_blank\" rel=\"noopener\">EU:n standardit ja lains\u00e4\u00e4d\u00e4nt\u00f6<\/a><\/p>\n<\/div><\/section><\/div>\n\n<style type=\"text\/css\" data-created_by=\"avia_inline_auto\" id=\"style-css-av-vxmh1m-14b20a94ae93457f355670d76dfb6dfc\">\n.flex_column.av-vxmh1m-14b20a94ae93457f355670d76dfb6dfc{\nborder-radius:0px 0px 0px 0px;\npadding:0px 0px 0px 0px;\n}\n<\/style>\n<div  class='flex_column av-vxmh1m-14b20a94ae93457f355670d76dfb6dfc av_one_full  avia-builder-el-5  el_after_av_three_fourth  el_before_av_one_full  first flex_column_div av-zero-column-padding  column-top-margin'     ><section  class='av_textblock_section av-k0qq73hi-0dfc59f5444c7bc05677446ac0ec1297 '   itemscope=\"itemscope\" itemtype=\"https:\/\/schema.org\/CreativeWork\" ><div class='avia_textblock'  itemprop=\"text\" ><h2>Maatalouden k\u00e4\u00e4nn\u00f6spalvelut | Globaalit maatalousasiakkaat<\/h2>\n<p>Ty\u00f6skentelemme monien johtavien maatalouskoneiden valmistajien kanssa. Ty\u00f6mme kattaa koko maatalousalan, mukaan lukien sek\u00e4 agritekniikan ett\u00e4 maatalouden. K\u00e4\u00e4nn\u00e4mme k\u00e4sikirjoja, esitteit\u00e4, verkkosivustoja, koneiden dokumentaatiota, k\u00e4ytt\u00f6liittymi\u00e4 ja paljon muuta. Jos tarvitsette agritekniikan k\u00e4\u00e4nn\u00f6spalveluita \u2013 autamme teit\u00e4 toimittamaan sis\u00e4lt\u00f6\u00e4 asiakkaillenne heid\u00e4n omalla kielell\u00e4\u00e4n.   <\/p>\n<p><img decoding=\"async\" class=\"aligncenter size-entry_without_sidebar wp-image-36474\" src=\"https:\/\/www.star-ts.com\/wp-content\/uploads\/2019\/09\/agriculture-references-1210x165.png\" alt=\"\" width=\"1210\" height=\"165\" srcset=\"https:\/\/www.star-ts.com\/wp-content\/uploads\/2019\/09\/agriculture-references-1210x165.png 1210w, https:\/\/www.star-ts.com\/wp-content\/uploads\/2019\/09\/agriculture-references-80x10.png 80w\" sizes=\"(max-width: 1210px) 100vw, 1210px\" \/><\/p>\n<\/div><\/section><\/div>\n<div  class='flex_column av-1o4utsa-355d00da8adc176140de4239b17f79cd av_one_full  avia-builder-el-7  el_after_av_one_full  avia-builder-el-last  first flex_column_div  column-top-margin'     ><section  class='av_textblock_section av-10k7k3u-557686bf9cbab27e6266a4474b74d504 '   itemscope=\"itemscope\" itemtype=\"https:\/\/schema.org\/CreativeWork\" ><div class='avia_textblock'  itemprop=\"text\" ><div  class='avia-button-wrap avia-button-center  avia-builder-el-9  avia-builder-el-no-sibling '>\n<style type=\"text\/css\" data-created_by=\"avia_inline_auto\" id=\"style-css-av-ur44ga-6f5e8bee9d2f958ba426d6e7043783d3\">\n#top #wrap_all .avia-button.av-ur44ga-6f5e8bee9d2f958ba426d6e7043783d3:hover{\ncolor:white;\ntransition:all 0.4s ease-in-out;\n}\n#top #wrap_all .avia-button.av-ur44ga-6f5e8bee9d2f958ba426d6e7043783d3:hover .avia-svg-icon svg:first-child{\nfill:white;\nstroke:white;\n}\n<\/style>\n<a href=\"https:\/\/www.star-ts.com\/fi\/yhteystiedot\/\" class=\"avia-color-theme-color avia-font-color-theme-color avia-button avia-button-fullwidth av-ur44ga-6f5e8bee9d2f958ba426d6e7043783d3 avia-icon_select-no avia-color-theme-color\" title=\"Contact Us\" aria-label=\"Contact Us\"><span class='avia_iconbox_title' >Ota yhteytt\u00e4<\/span><span class='avia_button_background avia-button avia-button-fullwidth avia-color-theme-color-highlight'><\/span><\/a><\/div>\n<\/div><\/section><\/div>\n","protected":false},"excerpt":{"rendered":"<p>K\u00e4\u00e4nn\u00f6spalvelut maataloudelle ja agritekniikalle. K\u00e4\u00e4nn\u00e4mme teknisi\u00e4 k\u00e4sikirjoja, k\u00e4ytt\u00f6oppaita, esitteit\u00e4 ja IT-j\u00e4rjestelmi\u00e4 auttaaksemme teit\u00e4 p\u00e4\u00e4sem\u00e4\u00e4n nopeasti alkuun kansainv\u00e4lisesti. Laajenna toimintaasi maailmanlaajuisesti STARin avulla.  <\/p>\n","protected":false},"author":1,"featured_media":72515,"parent":0,"menu_order":0,"comment_status":"closed","ping_status":"closed","template":"","meta":{"footnotes":""},"class_list":["post-121341","page","type-page","status-publish","has-post-thumbnail","hentry"],"_links":{"self":[{"href":"https:\/\/www.star-ts.com\/fi\/wp-json\/wp\/v2\/pages\/121341","targetHints":{"allow":["GET"]}}],"collection":[{"href":"https:\/\/www.star-ts.com\/fi\/wp-json\/wp\/v2\/pages"}],"about":[{"href":"https:\/\/www.star-ts.com\/fi\/wp-json\/wp\/v2\/types\/page"}],"author":[{"embeddable":true,"href":"https:\/\/www.star-ts.com\/fi\/wp-json\/wp\/v2\/users\/1"}],"replies":[{"embeddable":true,"href":"https:\/\/www.star-ts.com\/fi\/wp-json\/wp\/v2\/comments?post=121341"}],"version-history":[{"count":0,"href":"https:\/\/www.star-ts.com\/fi\/wp-json\/wp\/v2\/pages\/121341\/revisions"}],"wp:featuredmedia":[{"embeddable":true,"href":"https:\/\/www.star-ts.com\/fi\/wp-json\/wp\/v2\/media\/72515"}],"wp:attachment":[{"href":"https:\/\/www.star-ts.com\/fi\/wp-json\/wp\/v2\/media?parent=121341"}],"curies":[{"name":"wp","href":"https:\/\/api.w.org\/{rel}","templated":true}]}}