{"id":121334,"date":"2026-01-05T12:36:15","date_gmt":"2026-01-05T12:36:15","guid":{"rendered":"https:\/\/www.star-ts.com\/chinese-website-design-tips\/"},"modified":"2026-01-16T10:35:26","modified_gmt":"2026-01-16T10:35:26","slug":"chinese-website-design-tips","status":"publish","type":"page","link":"https:\/\/www.star-ts.com\/fi\/chinese-translation\/chinese-website-design-tips\/","title":{"rendered":"Kiinalaisen verkkosivuston suunnitteluvinkkej\u00e4"},"content":{"rendered":"<div  class='flex_column av-4kqgweb-88b7501358cb005f7ceb019c7468c5fb av_one_half  avia-builder-el-0  el_before_av_one_half  avia-builder-el-first  first flex_column_div  '     ><section  class='av_textblock_section av-3yoh81v-fd12495f7b81a3878c34c87c32277cce '   itemscope=\"itemscope\" itemtype=\"https:\/\/schema.org\/CreativeWork\" ><div class='avia_textblock'  itemprop=\"text\" ><h1>10 parasta kiinalaisen verkkosivuston suunnitteluvinkki\u00e4 \u2013 Pikaopas<\/h1>\n<\/div><\/section><br \/>\n<section  class='av_textblock_section av-3coxfab-da351d395fb653b1f3d0840148ef3b3f '   itemscope=\"itemscope\" itemtype=\"https:\/\/schema.org\/CreativeWork\" ><div class='avia_textblock'  itemprop=\"text\" ><p>Lataa ilmainen oppaasi kiinalaisen verkkosuunnittelun parhaista k\u00e4yt\u00e4nn\u00f6ist\u00e4<\/p>\n<\/div><\/section><\/p><\/div>\n<p>\n<style type=\"text\/css\" data-created_by=\"avia_inline_auto\" id=\"style-css-av-2csb7sz-2eed9f34bf7ea92e70acc895fd19c8f3\">\n.flex_column.av-2csb7sz-2eed9f34bf7ea92e70acc895fd19c8f3{\nborder-radius:0px 0px 0px 0px;\npadding:0px 0px 0px 0px;\n}\n<\/style>\n<div  class='flex_column av-2csb7sz-2eed9f34bf7ea92e70acc895fd19c8f3 av_one_half  avia-builder-el-3  el_after_av_one_half  el_before_av_two_third  flex_column_div av-zero-column-padding  '     ><style type=\"text\/css\" data-created_by=\"avia_inline_auto\" id=\"style-css-av-kevgss4b-a3d4705f78a0d08aa25d3da8f783b662\">\n.avia-image-container.av-kevgss4b-a3d4705f78a0d08aa25d3da8f783b662 img.avia_image{\nbox-shadow:none;\n}\n.avia-image-container.av-kevgss4b-a3d4705f78a0d08aa25d3da8f783b662 .av-image-caption-overlay-center{\ncolor:#ffffff;\n}\n<\/style>\n<div  class='avia-image-container av-kevgss4b-a3d4705f78a0d08aa25d3da8f783b662 av-styling- avia-align-center  avia-builder-el-4  avia-builder-el-no-sibling '   itemprop=\"image\" itemscope=\"itemscope\" itemtype=\"https:\/\/schema.org\/ImageObject\" ><div class=\"avia-image-container-inner\"><div class=\"avia-image-overlay-wrap\"><img decoding=\"async\" loading=\"lazy\" class='wp-image-64826 avia-img-lazy-loading-64826 avia_image ' src=\"https:\/\/www.star-ts.com\/wp-content\/uploads\/2012\/02\/china1.jpg\" alt='Kiinan kaupunkimaisema' title='Kiinan kaupunkimaisema'  height=\"310\" width=\"600\"  itemprop=\"thumbnailUrl\" srcset=\"https:\/\/www.star-ts.com\/wp-content\/uploads\/2012\/02\/china1.jpg 600w, https:\/\/www.star-ts.com\/wp-content\/uploads\/2012\/02\/china1-300x155.jpg 300w\" sizes=\"auto, (max-width: 600px) 100vw, 600px\" \/><\/div><\/div><\/div><\/div><div  class='flex_column av-336y1er-07e284ebd21b46e13b2addf7b633f3c2 av_two_third  avia-builder-el-5  el_after_av_one_half  el_before_av_one_third  first flex_column_div  column-top-margin'     ><section  class='av_textblock_section av-2o49fib-154078f9c95a6be373e21a6f587d90cd '   itemscope=\"itemscope\" itemtype=\"https:\/\/schema.org\/CreativeWork\" ><div class='avia_textblock'  itemprop=\"text\" ><h3>Ilmainen e-kirja<\/h3>\n<p>Onko verkkosivustosi valmis k\u00e4\u00e4nnett\u00e4v\u00e4ksi kiinaksi? Miten varmistat, ett\u00e4 se on hakukoneoptimoitu? Ja mitk\u00e4 ovat parhaat fontit k\u00e4ytett\u00e4v\u00e4ksi?  <\/p>\n<p>T\u00e4m\u00e4 pikaopas-e-kirja opastaa sinua verkkosivustosi valmistelussa Kiinan markkinoille. Olet valmis k\u00e4\u00e4nn\u00f6st\u00e4 varten heti alusta alkaen. <\/p>\n<p>Meill\u00e4 on asiantuntemus ja kokemus auttaa sinua toimittamaan tuotteesi kiinaksi, ja toimistomme sijaitsevat Pekingiss\u00e4, Shanghaissa ja Taiwanissa. Tarjoamme DTP-palveluita varmistaaksemme, ett\u00e4 tiedostosi n\u00e4ytt\u00e4v\u00e4t siisteilt\u00e4 ja ammattimaisilta. <\/p>\n<p><a href=\"https:\/\/www.star-ts.com\/download\/cta\/star-chinese-web.pdf\">Lataa kopiosi nyt<\/a>.<\/p>\n<\/div><\/section><\/div><\/p>\n\n<style type=\"text\/css\" data-created_by=\"avia_inline_auto\" id=\"style-css-av-7kiccj-5299bfee751178d6f08d49b3612589ee\">\n.flex_column.av-7kiccj-5299bfee751178d6f08d49b3612589ee{\nborder-radius:0px 0px 0px 0px;\npadding:0px 0px 0px 0px;\n}\n<\/style>\n<div  class='flex_column av-7kiccj-5299bfee751178d6f08d49b3612589ee av_one_third  avia-builder-el-7  el_after_av_two_third  el_before_av_one_full  flex_column_div av-zero-column-padding  column-top-margin'     ><section  class='av_textblock_section av-1p9kj9f-226e2a1bd618c884a11b690ed3f84cb3 '   itemscope=\"itemscope\" itemtype=\"https:\/\/schema.org\/CreativeWork\" ><div class='avia_textblock'  itemprop=\"text\" ><h4>Parhaat kiinalaisen verkkosivuston suunnitteluvinkit:<\/h4>\n<ul>\n<li>Aseta UTF\u20138<\/li>\n<li>K\u00e4yt\u00e4 kiinalaisia fontteja<\/li>\n<li>CSS: Englantilaiset fontit ensin<\/li>\n<li>SEO: Kohdemaat<\/li>\n<li>CSS: Fonttiperheen arvot<\/li>\n<li>CSS: Fontit Macille &amp; PC:lle<\/li>\n<li>Pid\u00e4 fontit yksinkertaisina<\/li>\n<\/ul>\n<\/div><\/section><\/div>\n<div  class='flex_column av-1a1vvvn-365d36fd75343438f4a86254475ca686 av_one_full  avia-builder-el-9  el_after_av_one_third  el_before_av_one_half  first flex_column_div  column-top-margin'     ><section  class='av_textblock_section av-s7aqo3-43e865736378a6d96ace9fad94f5ebde '   itemscope=\"itemscope\" itemtype=\"https:\/\/schema.org\/CreativeWork\" ><div class='avia_textblock'  itemprop=\"text\" ><p>Saatat olla kiinnostunut my\u00f6s&#8230;<\/p>\n<p><a href=\"https:\/\/www.star-ts.com\/fi\/chinese-translation\/\">Kiinan k\u00e4\u00e4nn\u00f6spalvelut<\/a><\/p>\n<p><a href=\"https:\/\/www.star-ts.com\/translation\/why-translate-chinese-for-china-and-chinese-for-taiwan\/\">Miksi k\u00e4\u00e4nt\u00e4\u00e4 sek\u00e4 Kiinan kiinaa ett\u00e4 Taiwanin kiinaa?<\/a><\/p>\n<\/div><\/section><\/div>\n\n<style type=\"text\/css\" data-created_by=\"avia_inline_auto\" id=\"style-css-av-271w8df-a42372321475063d55c500485b4d755c\">\n.flex_column.av-271w8df-a42372321475063d55c500485b4d755c{\nborder-radius:0px 0px 0px 0px;\npadding:0px 0px 0px 0px;\n}\n<\/style>\n<div  class='flex_column av-271w8df-a42372321475063d55c500485b4d755c av_one_half  avia-builder-el-11  el_after_av_one_full  el_before_av_one_half  first flex_column_div av-zero-column-padding  column-top-margin'     ><section  class='av_textblock_section av-kecpzm7g-10459406923501180c7f6f740a01db4f '   itemscope=\"itemscope\" itemtype=\"https:\/\/schema.org\/CreativeWork\" ><div class='avia_textblock'  itemprop=\"text\" ><div  class='avia-button-wrap avia-button-center  avia-builder-el-13  avia-builder-el-no-sibling '>\n<style type=\"text\/css\" data-created_by=\"avia_inline_auto\" id=\"style-css-av-1jqnm1v-93f17ef121a3c69f97d7287706f392f0\">\n#top #wrap_all .avia-button.av-1jqnm1v-93f17ef121a3c69f97d7287706f392f0:hover{\ncolor:#ffffff;\ntransition:all 0.4s ease-in-out;\n}\n#top #wrap_all .avia-button.av-1jqnm1v-93f17ef121a3c69f97d7287706f392f0:hover .avia-svg-icon svg:first-child{\nfill:#ffffff;\nstroke:#ffffff;\n}\n<\/style>\n<a href='https:\/\/www.star-ts.com\/fi\/yhteystiedot\/' class='avia-color-dark avia-font-color-black avia-button avia-button-fullwidth av-1jqnm1v-93f17ef121a3c69f97d7287706f392f0 avia-icon_select-no avia-color-dark'   aria-label=\"Ota yhteytt\u00e4\"><span class='avia_iconbox_title' >Ota yhteytt\u00e4<\/span><span class='avia_button_background avia-button avia-button-fullwidth avia-color-theme-color-subtle'><\/span><\/a><\/div>\n<\/div><\/section><\/div>\n\n<style type=\"text\/css\" data-created_by=\"avia_inline_auto\" id=\"style-css-av-1b6b7ur-3784876ce7383c13a60d2ce6ce5455df\">\n.flex_column.av-1b6b7ur-3784876ce7383c13a60d2ce6ce5455df{\nborder-radius:0px 0px 0px 0px;\npadding:0px 0px 0px 0px;\n}\n<\/style>\n<div  class='flex_column av-1b6b7ur-3784876ce7383c13a60d2ce6ce5455df av_one_half  avia-builder-el-14  el_after_av_one_half  avia-builder-el-last  flex_column_div av-zero-column-padding  column-top-margin'     ><section  class='av_textblock_section av-kecpvkh2-1fff26377e9754166b01c392c38510e9 '   itemscope=\"itemscope\" itemtype=\"https:\/\/schema.org\/CreativeWork\" ><div class='avia_textblock'  itemprop=\"text\" ><div  class='avia-button-wrap avia-button-center  avia-builder-el-16  avia-builder-el-no-sibling '>\n<style type=\"text\/css\" data-created_by=\"avia_inline_auto\" id=\"style-css-av-lwtg5f-18390e8e7e5f99898a169cdbcb75b12b\">\n#top #wrap_all .avia-button.av-lwtg5f-18390e8e7e5f99898a169cdbcb75b12b{\nbackground-color:#08a742;\nborder-color:#08a742;\ncolor:#ffffff;\ntransition:all 0.4s ease-in-out;\n}\n#top #wrap_all .avia-button.av-lwtg5f-18390e8e7e5f99898a169cdbcb75b12b:hover{\nbackground-color:#07b207;\ncolor:#ffffff;\ntransition:all 0.4s ease-in-out;\n}\n#top #wrap_all .avia-button.av-lwtg5f-18390e8e7e5f99898a169cdbcb75b12b .avia-svg-icon svg:first-child{\nfill:#ffffff;\nstroke:#ffffff;\n}\n#top #wrap_all .avia-button.av-lwtg5f-18390e8e7e5f99898a169cdbcb75b12b:hover .avia-svg-icon svg:first-child{\nfill:#ffffff;\nstroke:#ffffff;\n}\n<\/style>\n<a href='https:\/\/www.star-ts.com\/translate-now\/' class='avia-button avia-button-fullwidth av-lwtg5f-18390e8e7e5f99898a169cdbcb75b12b avia-icon_select-no avia-color-custom'   aria-label=\"Pyyd\u00e4 tarjous\"><span class='avia_iconbox_title' >Pyyd\u00e4 tarjous<\/span><\/a><\/div>\n<\/div><\/section><\/div>\n","protected":false},"excerpt":{"rendered":"","protected":false},"author":1,"featured_media":64826,"parent":121648,"menu_order":1,"comment_status":"closed","ping_status":"open","template":"","meta":{"footnotes":""},"class_list":["post-121334","page","type-page","status-publish","has-post-thumbnail","hentry"],"_links":{"self":[{"href":"https:\/\/www.star-ts.com\/fi\/wp-json\/wp\/v2\/pages\/121334","targetHints":{"allow":["GET"]}}],"collection":[{"href":"https:\/\/www.star-ts.com\/fi\/wp-json\/wp\/v2\/pages"}],"about":[{"href":"https:\/\/www.star-ts.com\/fi\/wp-json\/wp\/v2\/types\/page"}],"author":[{"embeddable":true,"href":"https:\/\/www.star-ts.com\/fi\/wp-json\/wp\/v2\/users\/1"}],"replies":[{"embeddable":true,"href":"https:\/\/www.star-ts.com\/fi\/wp-json\/wp\/v2\/comments?post=121334"}],"version-history":[{"count":0,"href":"https:\/\/www.star-ts.com\/fi\/wp-json\/wp\/v2\/pages\/121334\/revisions"}],"up":[{"embeddable":true,"href":"https:\/\/www.star-ts.com\/fi\/wp-json\/wp\/v2\/pages\/121648"}],"wp:featuredmedia":[{"embeddable":true,"href":"https:\/\/www.star-ts.com\/fi\/wp-json\/wp\/v2\/media\/64826"}],"wp:attachment":[{"href":"https:\/\/www.star-ts.com\/fi\/wp-json\/wp\/v2\/media?parent=121334"}],"curies":[{"name":"wp","href":"https:\/\/api.w.org\/{rel}","templated":true}]}}