{"id":121285,"date":"2026-01-05T12:34:34","date_gmt":"2026-01-05T12:34:34","guid":{"rendered":"https:\/\/www.star-ts.com\/seo\/"},"modified":"2026-01-05T12:34:46","modified_gmt":"2026-01-05T12:34:46","slug":"seo","status":"publish","type":"page","link":"https:\/\/www.star-ts.com\/fi\/seo\/","title":{"rendered":"SEO"},"content":{"rendered":"<div id='full_slider_1'  class='avia-fullwidth-slider main_color avia-shadow av-small-hide av-mini-hide  avia-builder-el-0  el_before_av_one_fourth  avia-builder-el-first   container_wrap sidebar_right'  ><div  class='avia-slideshow av-k0wcised-052563a3c23308dbd9d640e519120c1b avia-slideshow-featured av_slideshow_full avia-slide-slider av-small-hide av-mini-hide av-slideshow-ui av-control-default av-slideshow-manual av-loop-once av-loop-manual-endless av-default-height-applied   avia-slideshow-1' data-slideshow-options=\"{&quot;animation&quot;:&quot;slide&quot;,&quot;autoplay&quot;:false,&quot;loop_autoplay&quot;:&quot;once&quot;,&quot;interval&quot;:5,&quot;loop_manual&quot;:&quot;manual-endless&quot;,&quot;autoplay_stopper&quot;:false,&quot;noNavigation&quot;:false,&quot;bg_slider&quot;:false,&quot;keep_padding&quot;:false,&quot;hoverpause&quot;:false,&quot;show_slide_delay&quot;:0}\"  itemprop=\"image\" itemscope=\"itemscope\" itemtype=\"https:\/\/schema.org\/ImageObject\" ><ul class='avia-slideshow-inner ' style='padding-bottom: 33.59375%;'><li  class='avia-slideshow-slide av-k0wcised-052563a3c23308dbd9d640e519120c1b__0  av-single-slide slide-1 slide-odd'><div data-rel='slideshow-1' class='avia-slide-wrap '   ><div class='av-slideshow-caption av-k0wcised-052563a3c23308dbd9d640e519120c1b__0 caption_fullwidth caption_center caption_center_framed caption_framed'><div class=\"container caption_container\"><div class=\"slideshow_caption\"><div class=\"slideshow_inner_caption\"><div class=\"slideshow_align_caption\"><h2 class='avia-caption-title '  itemprop=\"name\" >Hakukoneoptimointi (SEO)<\/h2><div class='avia-caption-content '  itemprop=\"description\" ><p>L\u00f6ydy jokaisella kielell\u00e4. Monikielinen SEO (MSEO)<\/p>\n<\/div><\/div><\/div><\/div><\/div><\/div><img decoding=\"async\" fetchpriority=\"high\" class=\"wp-image-104868 avia-img-lazy-loading-not-104868\"  src=\"https:\/\/www.star-ts.com\/wp-content\/uploads\/2019\/09\/seo-1910521_1280-1280x430.jpg\" width=\"1280\" height=\"430\" title='SEO-palvelut' alt='SEO-palvelut'  itemprop=\"thumbnailUrl\"   \/><\/div><\/li><\/ul><\/div><\/div><div id='after_full_slider_1'  class='main_color av_default_container_wrap container_wrap sidebar_right'  ><div class='container av-section-cont-open' ><div class='template-page content  av-content-small alpha units'><div class='post-entry post-entry-type-page post-entry-121285'><div class='entry-content-wrapper clearfix'>\n\n<style type=\"text\/css\" data-created_by=\"avia_inline_auto\" id=\"style-css-av-290gmzu-4487e22ecdf818998fe40bb50a8d573b\">\n.flex_column.av-290gmzu-4487e22ecdf818998fe40bb50a8d573b{\nborder-radius:0px 0px 0px 0px;\npadding:0px 0px 0px 0px;\n}\n<\/style>\n<div  class='flex_column av-290gmzu-4487e22ecdf818998fe40bb50a8d573b av_one_fourth  avia-builder-el-1  el_after_av_slideshow_full  el_before_av_three_fourth  avia-builder-el-first  first flex_column_div av-zero-column-padding  '     ><style type=\"text\/css\" data-created_by=\"avia_inline_auto\" id=\"style-css-av-k0wcj2oc-3e2f48fb6f1103e0c2bf58801546ac95\">\n.avia-image-container.av-k0wcj2oc-3e2f48fb6f1103e0c2bf58801546ac95 img.avia_image{\nbox-shadow:none;\n}\n.avia-image-container.av-k0wcj2oc-3e2f48fb6f1103e0c2bf58801546ac95 .av-image-caption-overlay-center{\ncolor:#ffffff;\n}\n<\/style>\n<div  class='avia-image-container av-k0wcj2oc-3e2f48fb6f1103e0c2bf58801546ac95 av-styling- avia-align-center  avia-builder-el-2  avia-builder-el-no-sibling '   itemprop=\"image\" itemscope=\"itemscope\" itemtype=\"https:\/\/schema.org\/ImageObject\" ><div class=\"avia-image-container-inner\"><div class=\"avia-image-overlay-wrap\"><img decoding=\"async\" fetchpriority=\"high\" class='wp-image-104838 avia-img-lazy-loading-not-104838 avia_image ' src=\"https:\/\/www.star-ts.com\/wp-content\/uploads\/2019\/09\/seo-1327870_1280-1210x423.png\" alt='SEO-palvelut' title='SEO-palvelut'  height=\"423\" width=\"1210\"  itemprop=\"thumbnailUrl\"  \/><\/div><\/div><\/div><\/div>\n\n<style type=\"text\/css\" data-created_by=\"avia_inline_auto\" id=\"style-css-av-1l61uzu-61fcd1cc76782345ba70e8f45714727f\">\n.flex_column.av-1l61uzu-61fcd1cc76782345ba70e8f45714727f{\nborder-radius:0px 0px 0px 0px;\npadding:0px 0px 0px 0px;\n}\n<\/style>\n<div  class='flex_column av-1l61uzu-61fcd1cc76782345ba70e8f45714727f av_three_fourth  avia-builder-el-3  el_after_av_one_fourth  el_before_av_one_full  flex_column_div av-zero-column-padding  '     ><section  class='av_textblock_section av-k0wcn1b1-af9de80755ae13db6e013c0b3e8caeea '   itemscope=\"itemscope\" itemtype=\"https:\/\/schema.org\/CreativeWork\" ><div class='avia_textblock'  itemprop=\"text\" ><h1>Kansainv\u00e4linen SEO<\/h1>\n<p>Ennen SEO-projektin aloittamista sinun tulisi tehd\u00e4 SEO-auditointi nykyiselle sivustollesi. T\u00e4m\u00e4 antaa nopeasti kuvan nykytilanteestasi ja siit\u00e4, mihin suuntaan sinun tulee edet\u00e4. <\/p>\n<p>Jos sivustollasi on virheit\u00e4, on parasta korjata ne ennen SEO-projektin aloittamista. STARilla voimme tarjota SEO-auditointeja, sivustoauditointeja ja monikielist\u00e4 SEO:ta auttaaksemme sinua kasvattamaan globaalia liikennett\u00e4si. Oletko uusi SEO:n parissa? Opi kaksi t\u00e4rkeint\u00e4 SEO:n osa-aluetta, jotka sinun tulee tiet\u00e4\u00e4, <a href=\"https:\/\/www.star-ts.com\/business\/seo\/worlds-shortest-seo-training-course\/\">lyhyell\u00e4 SEO-videollamme<\/a>.<\/p>\n<\/div><\/section><\/div>\n\n<style type=\"text\/css\" data-created_by=\"avia_inline_auto\" id=\"style-css-av-17aw1ey-2cd62ee41f4b7e42cf8c9a9d58a7182e\">\n.flex_column.av-17aw1ey-2cd62ee41f4b7e42cf8c9a9d58a7182e{\nborder-radius:0px 0px 0px 0px;\npadding:0px 0px 0px 0px;\n}\n<\/style>\n<div  class='flex_column av-17aw1ey-2cd62ee41f4b7e42cf8c9a9d58a7182e av_one_full  avia-builder-el-5  el_after_av_three_fourth  el_before_av_one_full  first flex_column_div av-zero-column-padding  column-top-margin'     ><section  class='av_textblock_section av-k0wcr59r-2b72d98d5fe7cf272ffaf552fa42ccd8 '   itemscope=\"itemscope\" itemtype=\"https:\/\/schema.org\/CreativeWork\" ><div class='avia_textblock'  itemprop=\"text\" ><h2>Monikielinen SEO (SEO)<\/h2>\n<p>Monikielisell\u00e4 SEO:lla on useita avainvaiheita menesty\u00e4kseen. Ensimm\u00e4inen on puhdas sivusto, jota seuraa avainsanatutkimus ja sitten ammattimaiset k\u00e4\u00e4nn\u00f6spalvelut. <\/p>\n<p>Prosessista tulee sitten jatkuva prosessi, kun seuraat sivustoasi kilpailijoitasi vastaan. Sinun on teht\u00e4v\u00e4 muutoksia jatkuvasti sijoittuaksesi korkealle ja pysy\u00e4ksesi edell\u00e4 Googlen sijoituksissa. <\/p>\n<p>Sivustoasi voi parantaa useilla alueilla, mukaan lukien se, miten k\u00e4sittelet kuvia. Sinun tulisi lukea <a href=\"https:\/\/www.star-ts.com\/business\/seo\/international-seo-and-impact-of-stock-images\/\">Kuvat, kuten liput.<\/a><\/p>\n<p><a href=\"https:\/\/www.star-ts.com\/translation-faq\/what-is-multilingual-search-engine-submission\/\">Mit\u00e4 on monikielinen SEO?<\/a><\/p>\n<h3>Ole n\u00e4kyviss\u00e4 monikielisell\u00e4 hakukoneoptimoinnilla<\/h3>\n<p>Kohdemaasta riippuen sinun on tarkistettava, mik\u00e4 on paras hakukone rekister\u00f6ity\u00e4 varten. <a href=\"http:\/\/www.baidu.com\" target=\"_blank\" rel=\"noopener\">Baidu<\/a> on esimerkiksi Kiinan suurin hakukone. Joten sinun on varmistettava, ett\u00e4 olet siin\u00e4 mukana ollaksesi n\u00e4kyviss\u00e4.  <\/p>\n<p>Maailmassa on satoja hakukoneita; kun uusi verkkosivustosi on julkaistu, sinun on varmistettava, ett\u00e4 kieliversiosi on l\u00e4hetetty oikein.<\/p>\n<p>Verkkotiimimme voi l\u00e4hett\u00e4\u00e4 verkkosivustosi oikein kussakin maassa varmistaakseen maksimaalisen n\u00e4kyvyyden. Olipa kohdemaasi ja hakukone-mieltymyksesi mik\u00e4 tahansa, olipa se Google, Baidu tai Bing, anna meid\u00e4n auttaa sinua kasvattamaan online-monikielist\u00e4 l\u00e4sn\u00e4oloasi. <\/p>\n<h3>Aiheeseen liittyv\u00e4t artikkelit<\/h3>\n<p><a href=\"https:\/\/www.star-ts.com\/business\/seo\/how-to-develop-an-seo-strategy\/\">Miten kehitt\u00e4\u00e4 SEO-strategia<\/a><\/p>\n<p><a href=\"https:\/\/www.star-ts.com\/business\/seo\/worlds-shortest-seo-training-course\/\">Maailman lyhyin SEO-koulutus<\/a><\/p>\n<p><a href=\"https:\/\/www.star-ts.com\/translation\/is-there-a-limit-to-how-many-301-redirects-you-can-use-seo\/\">Onko 301-uudelleenohjauksien m\u00e4\u00e4r\u00e4ll\u00e4 rajaa? | SEO <\/a><\/p>\n<p><a href=\"https:\/\/www.star-ts.com\/business\/seo\/international-seo-and-impact-of-stock-images\/\">Kansainv\u00e4linen SEO ja kuvapankkikuvien vaikutus<\/a><\/p>\n<p><a href=\"https:\/\/www.star-ts.com\/business\/google-to-penalize-seo-experts-for-over-optimization\/\">Google varoittaa SEO-asiantuntijoita ylioptimoinnista<\/a><\/p>\n<p><a href=\"https:\/\/www.star-ts.com\/business\/seo\/killer-landing-pages-by-google\/\">Googlen tehokkaat laskeutumissivut<\/a><\/p>\n<\/div><\/section><\/div>\n\n<style type=\"text\/css\" data-created_by=\"avia_inline_auto\" id=\"style-css-av-t2qyui-1e59587698cb99310f1839fced11ee83\">\n.flex_column.av-t2qyui-1e59587698cb99310f1839fced11ee83{\nborder-radius:0px 0px 0px 0px;\npadding:0px 0px 0px 0px;\n}\n<\/style>\n<div  class='flex_column av-t2qyui-1e59587698cb99310f1839fced11ee83 av_one_full  avia-builder-el-7  el_after_av_one_full  el_before_av_one_full  first flex_column_div av-zero-column-padding  column-top-margin'     ><section  class='av_textblock_section av-k0wcurin-b969aeeef44df7bfd4d41a6a9e8b8b80 '   itemscope=\"itemscope\" itemtype=\"https:\/\/schema.org\/CreativeWork\" ><div class='avia_textblock'  itemprop=\"text\" ><h2>Miten verkkosivustosi sijoittuu?<\/h2>\n<p>Haluatko n\u00e4hd\u00e4, miten hyvin sivustosi menestyy? Tee ilmainen sivustoauditointimme, ja l\u00e4het\u00e4mme sinulle ilmaisen raportin, jotta p\u00e4\u00e4set alkuun. <\/p>\n<p>Tarjoamme asiakkaille kuukausittaisia SEO-palveluita sivustosi seurantaan ja l\u00e4het\u00e4mme sinulle s\u00e4\u00e4nn\u00f6llisi\u00e4 parannusehdotuksia auttaaksemme sinua nousemaan Googlen t\u00e4rkeill\u00e4 sijoituksilla.<\/p>\n<\/div><\/section><\/div>\n<div  class='flex_column av-1smdxca-7ef54c8c0f2a1990e904664a5da40932 av_one_full  avia-builder-el-9  el_after_av_one_full  avia-builder-el-last  first flex_column_div  column-top-margin'     ><section  class='av_textblock_section av-13f1bey-a31d5cfed7d0ec9c28b0beba5486cbc4 '   itemscope=\"itemscope\" itemtype=\"https:\/\/schema.org\/CreativeWork\" ><div class='avia_textblock'  itemprop=\"text\" ><div  class='avia-button-wrap avia-button-center  avia-builder-el-11  avia-builder-el-no-sibling '>\n<style type=\"text\/css\" data-created_by=\"avia_inline_auto\" id=\"style-css-av-1xmctm-53a5917a10453175e36611bdfd92da4e\">\n#top #wrap_all .avia-button.av-1xmctm-53a5917a10453175e36611bdfd92da4e:hover{\ncolor:white;\ntransition:all 0.4s ease-in-out;\n}\n#top #wrap_all .avia-button.av-1xmctm-53a5917a10453175e36611bdfd92da4e:hover .avia-svg-icon svg:first-child{\nfill:white;\nstroke:white;\n}\n<\/style>\n<a href=\"https:\/\/www.star-ts.com\/fi\/yhteystiedot\/\" class=\"avia-color-theme-color avia-font-color-theme-color avia-button avia-button-fullwidth av-1xmctm-53a5917a10453175e36611bdfd92da4e avia-icon_select-no avia-color-theme-color\" title=\"Contact Us\" aria-label=\"Contact Us\"><span class='avia_iconbox_title' >Ota yhteytt\u00e4<\/span><span class='avia_button_background avia-button avia-button-fullwidth avia-color-theme-color-highlight'><\/span><\/a><\/div>\n<\/div><\/section><\/div>\n","protected":false},"excerpt":{"rendered":"<p>Ennen SEO-projektin aloittamista sinun tulisi tehd\u00e4 auditointi nykyiselle sivustollesi. T\u00e4m\u00e4 antaa hyvin nopeasti kuvan nykytilanteestasi ja siit\u00e4, mihin suuntaan sinun tulee edet\u00e4. <\/p>\n<p>Jos sivustollasi on virheit\u00e4, on parasta korjata ne ennen SEO-projektin aloittamista. STARilla voimme tarjota SEO-auditointeja, sivustoauditointeja ja monikielist\u00e4 SEO:ta auttaaksemme sinua kasvattamaan globaalia liikennett\u00e4si. <\/p>\n","protected":false},"author":1,"featured_media":104868,"parent":0,"menu_order":0,"comment_status":"closed","ping_status":"closed","template":"","meta":{"footnotes":""},"class_list":["post-121285","page","type-page","status-publish","has-post-thumbnail","hentry"],"_links":{"self":[{"href":"https:\/\/www.star-ts.com\/fi\/wp-json\/wp\/v2\/pages\/121285","targetHints":{"allow":["GET"]}}],"collection":[{"href":"https:\/\/www.star-ts.com\/fi\/wp-json\/wp\/v2\/pages"}],"about":[{"href":"https:\/\/www.star-ts.com\/fi\/wp-json\/wp\/v2\/types\/page"}],"author":[{"embeddable":true,"href":"https:\/\/www.star-ts.com\/fi\/wp-json\/wp\/v2\/users\/1"}],"replies":[{"embeddable":true,"href":"https:\/\/www.star-ts.com\/fi\/wp-json\/wp\/v2\/comments?post=121285"}],"version-history":[{"count":0,"href":"https:\/\/www.star-ts.com\/fi\/wp-json\/wp\/v2\/pages\/121285\/revisions"}],"wp:featuredmedia":[{"embeddable":true,"href":"https:\/\/www.star-ts.com\/fi\/wp-json\/wp\/v2\/media\/104868"}],"wp:attachment":[{"href":"https:\/\/www.star-ts.com\/fi\/wp-json\/wp\/v2\/media?parent=121285"}],"curies":[{"name":"wp","href":"https:\/\/api.w.org\/{rel}","templated":true}]}}