{"id":121284,"date":"2026-01-05T12:34:34","date_gmt":"2026-01-05T12:34:34","guid":{"rendered":"https:\/\/www.star-ts.com\/academy\/"},"modified":"2026-01-05T12:36:03","modified_gmt":"2026-01-05T12:36:03","slug":"academy","status":"publish","type":"page","link":"https:\/\/www.star-ts.com\/fi\/academy\/","title":{"rendered":"STAR Academy | K\u00e4\u00e4nn\u00f6skoulutus"},"content":{"rendered":"<div id='full_slider_1'  class='avia-fullwidth-slider main_color avia-shadow av-medium-hide av-small-hide av-mini-hide  avia-builder-el-0  el_before_av_one_full  avia-builder-el-first   container_wrap sidebar_right'  ><div  class='avia-slideshow av-192vsf7-94638ad9e0e595de9eb7250f01eb9169 avia-slideshow-featured av_slideshow_full avia-slide-slider av-medium-hide av-small-hide av-mini-hide av-slideshow-ui av-control-default av-slideshow-manual av-loop-once av-loop-manual-endless av-default-height-applied   avia-slideshow-1' data-slideshow-options=\"{&quot;animation&quot;:&quot;slide&quot;,&quot;autoplay&quot;:false,&quot;loop_autoplay&quot;:&quot;once&quot;,&quot;interval&quot;:5,&quot;loop_manual&quot;:&quot;manual-endless&quot;,&quot;autoplay_stopper&quot;:false,&quot;noNavigation&quot;:false,&quot;bg_slider&quot;:false,&quot;keep_padding&quot;:false,&quot;hoverpause&quot;:false,&quot;show_slide_delay&quot;:0}\"  itemprop=\"image\" itemscope=\"itemscope\" itemtype=\"https:\/\/schema.org\/ImageObject\" ><ul class='avia-slideshow-inner ' style='padding-bottom: 28.666666666667%;'><li  class='avia-slideshow-slide av-192vsf7-94638ad9e0e595de9eb7250f01eb9169__0  av-single-slide slide-1 slide-odd'><div data-rel='slideshow-1' class='avia-slide-wrap '   ><div class='av-slideshow-caption av-192vsf7-94638ad9e0e595de9eb7250f01eb9169__0 caption_fullwidth caption_center caption_center_framed caption_framed'><div class=\"container caption_container\"><div class=\"slideshow_caption\"><div class=\"slideshow_inner_caption\"><div class=\"slideshow_align_caption\"><h2 class='avia-caption-title '  itemprop=\"name\" >STAR Academy | Verkkokoulutus<\/h2><div class='avia-caption-content '  itemprop=\"description\" ><p>Lokalisointi | K\u00e4\u00e4nn\u00f6s | Tuotehallinta | Teknologia<\/p>\n<\/div><\/div><\/div><\/div><\/div><\/div><img decoding=\"async\" fetchpriority=\"high\" class=\"wp-image-71930 avia-img-lazy-loading-not-71930\"  src=\"https:\/\/www.star-ts.com\/wp-content\/uploads\/2018\/04\/people-photos-1500x430.jpg\" width=\"1500\" height=\"430\" title='Kaikki ihmisist\u00e4.' alt='Ihmiset'  itemprop=\"thumbnailUrl\"   \/><\/div><\/li><\/ul><\/div><\/div><div id='after_full_slider_1'  class='main_color av_default_container_wrap container_wrap sidebar_right'  ><div class='container av-section-cont-open' ><div class='template-page content  av-content-small alpha units'><div class='post-entry post-entry-type-page post-entry-121284'><div class='entry-content-wrapper clearfix'>\n\n<style type=\"text\/css\" data-created_by=\"avia_inline_auto\" id=\"style-css-av-u8w3yb-ead17d58f227b85c215b94f1c3fd9001\">\n.flex_column.av-u8w3yb-ead17d58f227b85c215b94f1c3fd9001{\nborder-radius:0px 0px 0px 0px;\npadding:0px 0px 0px 0px;\n}\n<\/style>\n<div  class='flex_column av-u8w3yb-ead17d58f227b85c215b94f1c3fd9001 av_one_full  avia-builder-el-1  el_after_av_slideshow_full  el_before_av_one_third  avia-builder-el-first  first flex_column_div av-zero-column-padding  '     ><section  class='av_textblock_section av-kelvagi8-e13f86d2e8b71b049ab371f1ed020495 '   itemscope=\"itemscope\" itemtype=\"https:\/\/schema.org\/CreativeWork\" ><div class='avia_textblock'  itemprop=\"text\" ><h1>STAR ACADEMY : Verkkok\u00e4\u00e4nn\u00f6skoulutus<\/h1>\n<p>Ilmaisia koulutusresursseja lokalisoinnin ja k\u00e4\u00e4nn\u00f6salan ammattilaisille.<\/p>\n<\/div><\/section><\/div>\n\n<style type=\"text\/css\" data-created_by=\"avia_inline_auto\" id=\"style-css-av-ip9ejn-8c67eb0f23ca2aaba0ceafb9228bebd9\">\n.flex_column.av-ip9ejn-8c67eb0f23ca2aaba0ceafb9228bebd9{\nborder-radius:0px 0px 0px 0px;\npadding:0px 0px 0px 0px;\n}\n<\/style>\n<div  class='flex_column av-ip9ejn-8c67eb0f23ca2aaba0ceafb9228bebd9 av_one_third  avia-builder-el-3  el_after_av_one_full  el_before_av_one_third  first flex_column_div av-zero-column-padding  column-top-margin'     ><section  class='av_textblock_section av-k9coemm6-b61c57b7407162d490ba762dcb354d21 '   itemscope=\"itemscope\" itemtype=\"https:\/\/schema.org\/CreativeWork\" ><div class='avia_textblock'  itemprop=\"text\" ><h2>K\u00e4\u00e4nn\u00f6spilvi<\/h2>\n<ul>\n<li><a href=\"https:\/\/www.star-ts.com\/software\/star-translation-cloud\/how-to\/\">K\u00e4\u00e4nn\u00f6spilvikoulutus<\/a><\/li>\n<\/ul>\n<\/div><\/section><\/div>\n\n<style type=\"text\/css\" data-created_by=\"avia_inline_auto\" id=\"style-css-av-ip9ejn-18-02f96ba2795194b13cb6cf32e03a190f\">\n.flex_column.av-ip9ejn-18-02f96ba2795194b13cb6cf32e03a190f{\nborder-radius:0px 0px 0px 0px;\npadding:0px 0px 0px 0px;\n}\n<\/style>\n<div  class='flex_column av-ip9ejn-18-02f96ba2795194b13cb6cf32e03a190f av_one_third  avia-builder-el-5  el_after_av_one_third  el_before_av_one_third  flex_column_div av-zero-column-padding  column-top-margin'     ><section  class='av_textblock_section av-k9coemm6-17-59daf980ebfa2de5427d431f5b26b4ed '   itemscope=\"itemscope\" itemtype=\"https:\/\/schema.org\/CreativeWork\" ><div class='avia_textblock'  itemprop=\"text\" ><h2>Kirjoittaminen<\/h2>\n<ul>\n<li><a href=\"https:\/\/www.star-ts.com\/business\/writing-for-translation\/\">Miten kirjoittaa k\u00e4\u00e4nnett\u00e4v\u00e4ksi.<\/a><\/li>\n<li><a href=\"https:\/\/www.star-ts.com\/translation\/why-bland-marketing-is-losing-you-sales\/\">Miten kirjoittaa tehokasta myyntiteksti\u00e4<\/a><\/li>\n<li><a href=\"https:\/\/www.star-ts.com\/translation-faq\/why-is-context-important-in-translation\/\">Miksi konteksti on t\u00e4rke\u00e4<\/a><\/li>\n<\/ul>\n<\/div><\/section><\/div>\n\n<style type=\"text\/css\" data-created_by=\"avia_inline_auto\" id=\"style-css-av-ip9ejn-16-7e2f0377703d588a66446dd5c84fe915\">\n.flex_column.av-ip9ejn-16-7e2f0377703d588a66446dd5c84fe915{\nborder-radius:0px 0px 0px 0px;\npadding:0px 0px 0px 0px;\n}\n<\/style>\n<div  class='flex_column av-ip9ejn-16-7e2f0377703d588a66446dd5c84fe915 av_one_third  avia-builder-el-7  el_after_av_one_third  el_before_av_one_third  flex_column_div av-zero-column-padding  column-top-margin'     ><section  class='av_textblock_section av-k9coemm6-15-176f3c2837e7c42948ca3defb78d6cac '   itemscope=\"itemscope\" itemtype=\"https:\/\/schema.org\/CreativeWork\" ><div class='avia_textblock'  itemprop=\"text\" ><h2>Tuotehallinta<\/h2>\n<ul>\n<li><a href=\"https:\/\/www.star-ts.com\/translation\/product-manager-localization-101\/\">Lokalisoinnin perusteet<\/a><\/li>\n<li><a href=\"https:\/\/www.star-ts.com\/translation\/why-context-is-important-in-translation-2\/\">Miksi konteksti on t\u00e4rke\u00e4<\/a><\/li>\n<li><a href=\"https:\/\/www.star-ts.com\/translation\/localization\/how-to-improve-customer-experience-for-international-websites\/\">Suunnittelu: K\u00e4\u00e4nn\u00f6s ja asiakaskokemus<\/a><\/li>\n<\/ul>\n<\/div><\/section><\/div>\n\n<style type=\"text\/css\" data-created_by=\"avia_inline_auto\" id=\"style-css-av-ip9ejn-14-485a791ae3e0f16710a6cd2be991baff\">\n.flex_column.av-ip9ejn-14-485a791ae3e0f16710a6cd2be991baff{\nborder-radius:0px 0px 0px 0px;\npadding:0px 0px 0px 0px;\n}\n<\/style>\n<div  class='flex_column av-ip9ejn-14-485a791ae3e0f16710a6cd2be991baff av_one_third  avia-builder-el-9  el_after_av_one_third  el_before_av_one_third  first flex_column_div av-zero-column-padding  column-top-margin'     ><section  class='av_textblock_section av-k9coemm6-13-8a382523b8e1f2d92332765750da955a '   itemscope=\"itemscope\" itemtype=\"https:\/\/schema.org\/CreativeWork\" ><div class='avia_textblock'  itemprop=\"text\" ><h2>SEO-koulutus<\/h2>\n<ul>\n<li><a href=\"https:\/\/www.star-ts.com\/business\/seo\/how-to-develop-an-seo-strategy\/\">Miten kehitt\u00e4\u00e4 SEO-strategia<\/a><\/li>\n<li><a href=\"https:\/\/www.star-ts.com\/business\/seo\/worlds-shortest-seo-training-course\/\">Maailman lyhyin SEO-kurssi<\/a><\/li>\n<li><a href=\"https:\/\/www.star-ts.com\/academy\/how-to-improve-google-rank-by-deleting-web-pages\/\">Miten parantaa Googlen sijoitusta poistamalla sivuja<\/a><\/li>\n<li><a href=\"https:\/\/www.star-ts.com\/translation\/is-there-a-limit-to-how-many-301-redirects-you-can-use-seo\/\">Onko 301-uudelleenohjauksilla rajaa?<\/a><\/li>\n<\/ul>\n<\/div><\/section><\/div>\n\n<style type=\"text\/css\" data-created_by=\"avia_inline_auto\" id=\"style-css-av-ip9ejn-12-cc0d52bb2cb0b8458f55132949c0e1bb\">\n.flex_column.av-ip9ejn-12-cc0d52bb2cb0b8458f55132949c0e1bb{\nborder-radius:0px 0px 0px 0px;\npadding:0px 0px 0px 0px;\n}\n<\/style>\n<div  class='flex_column av-ip9ejn-12-cc0d52bb2cb0b8458f55132949c0e1bb av_one_third  avia-builder-el-11  el_after_av_one_third  el_before_av_one_third  flex_column_div av-zero-column-padding  column-top-margin'     ><section  class='av_textblock_section av-k9coemm6-11-35fb322fa93cfeb09da5a1ebb356788c '   itemscope=\"itemscope\" itemtype=\"https:\/\/schema.org\/CreativeWork\" ><div class='avia_textblock'  itemprop=\"text\" ><h2>Konek\u00e4\u00e4nn\u00f6s<\/h2>\n<ul>\n<li><a href=\"https:\/\/www.star-ts.com\/transit\/using-machine-translation-with-star-transit\/\">MT:n k\u00e4ytt\u00f6 STAR Transitin kanssa<\/a><\/li>\n<\/ul>\n<\/div><\/section><\/div>\n\n<style type=\"text\/css\" data-created_by=\"avia_inline_auto\" id=\"style-css-av-ip9ejn-10-408e15ac077b23a920e36eb28cd494b3\">\n.flex_column.av-ip9ejn-10-408e15ac077b23a920e36eb28cd494b3{\nborder-radius:0px 0px 0px 0px;\npadding:0px 0px 0px 0px;\n}\n<\/style>\n<div  class='flex_column av-ip9ejn-10-408e15ac077b23a920e36eb28cd494b3 av_one_third  avia-builder-el-13  el_after_av_one_third  el_before_av_one_third  flex_column_div av-zero-column-padding  column-top-margin'     ><section  class='av_textblock_section av-k9coemm6-9-234a615e8d6883f9a4517e0ea9c5307f '   itemscope=\"itemscope\" itemtype=\"https:\/\/schema.org\/CreativeWork\" ><div class='avia_textblock'  itemprop=\"text\" ><h2>Transit NXT<\/h2>\n<ul>\n<li><a href=\"https:\/\/www.star-ts.com\/translation\/how-to-configure-the-transit-nxt-quick-access-toolbar\/\">Miten m\u00e4\u00e4ritt\u00e4\u00e4 Transitin ty\u00f6kalupalkki<\/a><\/li>\n<li><a href=\"https:\/\/www.star-ts.com\/transit\/creating-a-project\/\">Transit NXT -projektin luominen<\/a><\/li>\n<li><a href=\"https:\/\/www.star-ts.com\/transit\/translating-text\/\">Tekstin k\u00e4\u00e4nt\u00e4minen Transitin avulla<\/a><\/li>\n<li><a href=\"https:\/\/www.star-ts.com\/transit\/quick-guide-to-transit-nxt-functions\/\">Pikaopas Transit NXT:n toimintoihin<\/a><\/li>\n<\/ul>\n<\/div><\/section><\/div>\n\n<style type=\"text\/css\" data-created_by=\"avia_inline_auto\" id=\"style-css-av-ip9ejn-8-e3c8be22d309ed8c0e512d14a17ec087\">\n.flex_column.av-ip9ejn-8-e3c8be22d309ed8c0e512d14a17ec087{\nborder-radius:0px 0px 0px 0px;\npadding:0px 0px 0px 0px;\n}\n<\/style>\n<div  class='flex_column av-ip9ejn-8-e3c8be22d309ed8c0e512d14a17ec087 av_one_third  avia-builder-el-15  el_after_av_one_third  el_before_av_one_third  first flex_column_div av-zero-column-padding  column-top-margin'     ><section  class='av_textblock_section av-k9coemm6-7-63cd9b81f14825458b1d03cb63cfb9ad '   itemscope=\"itemscope\" itemtype=\"https:\/\/schema.org\/CreativeWork\" ><div class='avia_textblock'  itemprop=\"text\" ><h2>K\u00e4\u00e4nt\u00e4j\u00e4t<\/h2>\n<ul>\n<li><a href=\"https:\/\/www.star-ts.com\/translation\/how-to-get-more-work-translator-training\/\">Miten saada lis\u00e4\u00e4 t\u00f6it\u00e4<\/a><\/li>\n<\/ul>\n<\/div><\/section><\/div>\n\n<style type=\"text\/css\" data-created_by=\"avia_inline_auto\" id=\"style-css-av-ip9ejn-6-2ef7c0db1d4bad9dc38f9406ebcf9387\">\n.flex_column.av-ip9ejn-6-2ef7c0db1d4bad9dc38f9406ebcf9387{\nborder-radius:0px 0px 0px 0px;\npadding:0px 0px 0px 0px;\n}\n<\/style>\n<div  class='flex_column av-ip9ejn-6-2ef7c0db1d4bad9dc38f9406ebcf9387 av_one_third  avia-builder-el-17  el_after_av_one_third  el_before_av_one_third  flex_column_div av-zero-column-padding  column-top-margin'     ><section  class='av_textblock_section av-k9coemm6-5-4e97023e97a75b860c25a5d0ac511efc '   itemscope=\"itemscope\" itemtype=\"https:\/\/schema.org\/CreativeWork\" ><div class='avia_textblock'  itemprop=\"text\" ><h2>Myyntikoulutus<\/h2>\n<ul>\n<li><a href=\"https:\/\/www.star-ts.com\/how-to-double-your-sales-revenue\/\">Miten kaksinkertaistaa myyntitulot<\/a><\/li>\n<\/ul>\n<\/div><\/section><\/div>\n\n<style type=\"text\/css\" data-created_by=\"avia_inline_auto\" id=\"style-css-av-ip9ejn-4-7c8e5ea05aecdd30d9bbef5c58464b14\">\n.flex_column.av-ip9ejn-4-7c8e5ea05aecdd30d9bbef5c58464b14{\nborder-radius:0px 0px 0px 0px;\npadding:0px 0px 0px 0px;\n}\n<\/style>\n<div  class='flex_column av-ip9ejn-4-7c8e5ea05aecdd30d9bbef5c58464b14 av_one_third  avia-builder-el-19  el_after_av_one_third  el_before_av_one_full  flex_column_div av-zero-column-padding  column-top-margin'     ><section  class='av_textblock_section av-k9coemm6-3-4d6d4e1213c2019b60a862f43e246bcb '   itemscope=\"itemscope\" itemtype=\"https:\/\/schema.org\/CreativeWork\" ><div class='avia_textblock'  itemprop=\"text\" ><\/div><\/section><\/div>\n\n<style type=\"text\/css\" data-created_by=\"avia_inline_auto\" id=\"style-css-av-ip9ejn-2-0e0fa06af8838cbebabc1fd72678a1e9\">\n.flex_column.av-ip9ejn-2-0e0fa06af8838cbebabc1fd72678a1e9{\nborder-radius:0px 0px 0px 0px;\npadding:0px 0px 0px 0px;\n}\n<\/style>\n<div  class='flex_column av-ip9ejn-2-0e0fa06af8838cbebabc1fd72678a1e9 av_one_full  avia-builder-el-21  el_after_av_one_third  avia-builder-el-last  first flex_column_div av-zero-column-padding  column-top-margin'     ><section  class='av_textblock_section av-k9coemm6-1-6ecb4c14a8ed022bd7ae522d7adba099 '   itemscope=\"itemscope\" itemtype=\"https:\/\/schema.org\/CreativeWork\" ><div class='avia_textblock'  itemprop=\"text\" ><h2>Selaa koulutuksia : Lokalisointi | K\u00e4\u00e4nn\u00f6s<\/h2>\n<\/div><\/section><br \/>\n<\/p><\/div>\n","protected":false},"excerpt":{"rendered":"<p>STAR Academy : Verkkok\u00e4\u00e4nn\u00f6s- ja lokalisointikoulutus. Pid\u00e4 taitosi ajan tasalla STAR Translationin, Dublinin, tarjoaman ilmaisen koulutuksen avulla.   <\/p>\n<p>Opi parantamaan k\u00e4\u00e4nn\u00f6sprosessiasi ja paljon muuta.<\/p>\n","protected":false},"author":1,"featured_media":71930,"parent":0,"menu_order":0,"comment_status":"closed","ping_status":"closed","template":"","meta":{"footnotes":""},"class_list":["post-121284","page","type-page","status-publish","has-post-thumbnail","hentry"],"_links":{"self":[{"href":"https:\/\/www.star-ts.com\/fi\/wp-json\/wp\/v2\/pages\/121284","targetHints":{"allow":["GET"]}}],"collection":[{"href":"https:\/\/www.star-ts.com\/fi\/wp-json\/wp\/v2\/pages"}],"about":[{"href":"https:\/\/www.star-ts.com\/fi\/wp-json\/wp\/v2\/types\/page"}],"author":[{"embeddable":true,"href":"https:\/\/www.star-ts.com\/fi\/wp-json\/wp\/v2\/users\/1"}],"replies":[{"embeddable":true,"href":"https:\/\/www.star-ts.com\/fi\/wp-json\/wp\/v2\/comments?post=121284"}],"version-history":[{"count":0,"href":"https:\/\/www.star-ts.com\/fi\/wp-json\/wp\/v2\/pages\/121284\/revisions"}],"wp:featuredmedia":[{"embeddable":true,"href":"https:\/\/www.star-ts.com\/fi\/wp-json\/wp\/v2\/media\/71930"}],"wp:attachment":[{"href":"https:\/\/www.star-ts.com\/fi\/wp-json\/wp\/v2\/media?parent=121284"}],"curies":[{"name":"wp","href":"https:\/\/api.w.org\/{rel}","templated":true}]}}