{"id":121228,"date":"2026-01-05T12:33:27","date_gmt":"2026-01-05T12:33:27","guid":{"rendered":"https:\/\/www.star-ts.com\/user-manuals\/"},"modified":"2026-01-05T12:35:07","modified_gmt":"2026-01-05T12:35:07","slug":"user-manuals","status":"publish","type":"page","link":"https:\/\/www.star-ts.com\/fi\/documents\/user-manuals\/","title":{"rendered":"K\u00e4ytt\u00f6oppaiden k\u00e4\u00e4nn\u00f6s"},"content":{"rendered":"\n<p><\/p>\n\n\n<p>\n<style type=\"text\/css\" data-created_by=\"avia_inline_auto\" id=\"style-css-av-73twj-c3981691f4c33ef52818645504feabb3\">\n.flex_column.av-73twj-c3981691f4c33ef52818645504feabb3{\nborder-radius:0px 0px 0px 0px;\npadding:0px 0px 0px 0px;\n}\n<\/style>\n<div  class='flex_column av-73twj-c3981691f4c33ef52818645504feabb3 av_one_full  avia-builder-el-0  el_before_av_one_third  avia-builder-el-first  first flex_column_div av-zero-column-padding  '     ><section  class='av_textblock_section av-t90ng3-cd005463c9a3788aaa5519f65309e9b1 '   itemscope=\"itemscope\" itemtype=\"https:\/\/schema.org\/CreativeWork\" ><div class='avia_textblock'  itemprop=\"text\" ><h1>K\u00e4ytt\u00f6oppaiden k\u00e4\u00e4nn\u00f6spalvelut<\/h1>\n<\/div><\/section><br \/>\n<section  class='av_textblock_section av-pbxznn-a2b245afc50b2ccdff88d495f8c5fc7f '   itemscope=\"itemscope\" itemtype=\"https:\/\/schema.org\/CreativeWork\" ><div class='avia_textblock'  itemprop=\"text\" ><h3>Laadukkaat k\u00e4\u00e4nn\u00f6kset k\u00e4ytt\u00f6oppaille<\/h3>\n<p>Auta asiakkaitasi saamaan kaikki irti tuotteistasi.<\/p>\n<\/div><\/section><\/p><\/div><div  class='flex_column av-o6m2ub-8eba5180539f976dd8a617446d2a152f av_one_third  avia-builder-el-3  el_after_av_one_full  el_before_av_two_third  first flex_column_div  column-top-margin'     ><section  class='av_textblock_section av-m7ohtv-3f3a0a304db542c5f1f94bb944e282e8 '   itemscope=\"itemscope\" itemtype=\"https:\/\/schema.org\/CreativeWork\" ><div class='avia_textblock'  itemprop=\"text\" ><p><img decoding=\"async\" class=\"alignnone size-full wp-image-9366\" title=\"K\u00e4ytt\u00f6oppaiden k\u00e4\u00e4nn\u00f6s\" src=\"https:\/\/www.star-ts.com\/wp-content\/uploads\/2014\/03\/user-manuals_v2.png\" alt=\"K\u00e4ytt\u00f6oppaan k\u00e4\u00e4nn\u00f6s\" width=\"400\" height=\"320\" srcset=\"https:\/\/www.star-ts.com\/wp-content\/uploads\/2014\/03\/user-manuals_v2.png 400w, https:\/\/www.star-ts.com\/wp-content\/uploads\/2014\/03\/user-manuals_v2-80x64.png 80w, https:\/\/www.star-ts.com\/wp-content\/uploads\/2014\/03\/user-manuals_v2-300x240.png 300w\" sizes=\"(max-width: 400px) 100vw, 400px\" \/><\/p>\n<\/div><\/section><\/div><\/p>\n\n<style type=\"text\/css\" data-created_by=\"avia_inline_auto\" id=\"style-css-av-lhdclv-02a2bfbc71896b131570085627188bbd\">\n.flex_column.av-lhdclv-02a2bfbc71896b131570085627188bbd{\nborder-radius:0px 0px 0px 0px;\npadding:0px 0px 0px 0px;\n}\n<\/style>\n<div  class='flex_column av-lhdclv-02a2bfbc71896b131570085627188bbd av_two_third  avia-builder-el-5  el_after_av_one_third  el_before_av_two_third  flex_column_div av-zero-column-padding  column-top-margin'     ><section  class='av_textblock_section av-iipjkz-e726187ea2e927a91453df36bbba0ffa '   itemscope=\"itemscope\" itemtype=\"https:\/\/schema.org\/CreativeWork\" ><div class='avia_textblock'  itemprop=\"text\" ><p>Nykyp\u00e4iv\u00e4n globaaleilla markkinoilla asiakkaat odottavat p\u00e4\u00e4sev\u00e4ns\u00e4 k\u00e4siksi laadukkaisiin k\u00e4ytt\u00f6oppaiden k\u00e4\u00e4nn\u00f6ksiin omalla kielell\u00e4\u00e4n. Asiakkaat arvostavat oppaita, jotka ovat samanaikaisesti teknisesti tarkkoja ja helppolukuisia. <\/p>\n<p>STARilla on yli 30 vuoden k\u00e4\u00e4nn\u00f6skokemus yli 50 toimistossa ymp\u00e4ri maailmaa. Auttaaksemme teit\u00e4 kommunikoimaan tehokkaasti uusien asiakkaidenne kanssa, k\u00e4\u00e4nt\u00e4j\u00e4mme ty\u00f6skentelev\u00e4t kohdemaissaan, jotta k\u00e4\u00e4nn\u00f6ksenne kuulostaa natiivitekstilt\u00e4, aivan kuten sen kuuluukin.<\/p>\n<\/div><\/section><\/div>\n<div  class='flex_column av-1sel5v-9be154b9d26a8cb674edf015fc1d6123 av_two_third  avia-builder-el-7  el_after_av_two_third  el_before_av_one_third  first flex_column_div  column-top-margin'     ><section  class='av_textblock_section av-fjyb3n-bfe13fd3f22a42535d061515a4ead773 '   itemscope=\"itemscope\" itemtype=\"https:\/\/schema.org\/CreativeWork\" ><div class='avia_textblock'  itemprop=\"text\" ><h3>Kaikki yhdest\u00e4 paikasta<\/h3>\n<p>Osana palveluamme tarjoamme my\u00f6s taitto- ja julkaisupalveluita tarvittaessa. Ty\u00f6skentelemme johtavien ohjelmistojen, kuten InDesignin, QuarkXpressin, FrameMakerin ja monien muiden kanssa. Voimme ty\u00f6skennell\u00e4 suoraan l\u00e4hdetiedostojenne kanssa ja toimittaa painovalmiit PDF-tiedostot suoraan teille.  <\/p>\n<p>Toimistojemme ansiosta ymp\u00e4ri maailmaa ty\u00f6skentelemme kaikkien kielten parissa samanaikaisesti, mik\u00e4 tekee meist\u00e4 <a href=\"https:\/\/www.star-ts.com\/fi\/about\/\">yhden luukun palvelun<\/a> kaikkiin monikielisiin tarpeisiinne.<\/p>\n<p><a href=\"https:\/\/www.star-ts.com\/fi\/yhteystiedot\/\">Ota meihin yhteytt\u00e4 t\u00e4n\u00e4\u00e4n<\/a> kaikkien k\u00e4\u00e4nn\u00f6starpeidesi osalta!<\/p>\n<\/div><\/section><\/div>\n\n<style type=\"text\/css\" data-created_by=\"avia_inline_auto\" id=\"style-css-av-ebe0gz-60653a9516a964a0cefb23ebb02c0d4a\">\n.flex_column.av-ebe0gz-60653a9516a964a0cefb23ebb02c0d4a{\nborder-radius:0px 0px 0px 0px;\npadding:0px 0px 0px 0px;\n}\n<\/style>\n<div  class='flex_column av-ebe0gz-60653a9516a964a0cefb23ebb02c0d4a av_one_third  avia-builder-el-9  el_after_av_two_third  el_before_av_one_full  flex_column_div av-zero-column-padding  column-top-margin'     ><section  class='av_textblock_section av-ctbfb7-0d2541d81848be6ac264a82f1a4d9d7c '   itemscope=\"itemscope\" itemtype=\"https:\/\/schema.org\/CreativeWork\" ><div class='avia_textblock'  itemprop=\"text\" ><h4>K\u00e4\u00e4nn\u00f6spalvelut:<\/h4>\n<ul>\n<li>Kuluttajadokumentaatio<\/li>\n<li><a href=\"https:\/\/www.star-ts.com\/translation-services\/documents\/health-and-safety\/\">Ty\u00f6terveys- ja turvallisuusoppaat<\/a><\/li>\n<li><a href=\"https:\/\/www.star-ts.com\/translation-services\/documents\/employee-handbooks\/\">Henkil\u00f6st\u00f6k\u00e4sikirjan k\u00e4\u00e4nn\u00f6s<\/a><\/li>\n<li><a href=\"https:\/\/www.star-ts.com\/translation-services\/automotive-industry\/\">Autoteollisuuden k\u00e4\u00e4nn\u00f6kset<\/a><\/li>\n<li><a href=\"https:\/\/www.star-ts.com\/fi\/documents\/\">Asiakirjak\u00e4\u00e4nn\u00f6kset<\/a><\/li>\n<li><a href=\"https:\/\/www.star-ts.com\/marketing-services\/marketing-campaigns\/e-commerce\/\">Verkkokauppasivustojen k\u00e4\u00e4nn\u00f6kset<\/a><\/li>\n<\/ul>\n<\/div><\/section><\/div>\n<div  class='flex_column av-b1m1kz-7c13b296d0f83fb0afc120127b8126f9 av_one_full  avia-builder-el-11  el_after_av_one_third  avia-builder-el-last  first flex_column_div  column-top-margin'     ><section  class='av_textblock_section av-9a0b0z-eff18a9303f7b4191bb18e6aa354ffa7 '   itemscope=\"itemscope\" itemtype=\"https:\/\/schema.org\/CreativeWork\" ><div class='avia_textblock'  itemprop=\"text\" ><h3>Laatustandardit<\/h3>\n<p>Tarjoamamme ty\u00f6 on sertifioitu kansainv\u00e4listen laatustandardien mukaisesti. Olemme <a href=\"https:\/\/www.star-ts.com\/translation-faq\/what-is-iso-9001-certification\/\">ISO 9001<\/a>&#8211; ja <a href=\"https:\/\/www.star-ts.com\/translation-faq\/what-is-iso17100-certification\/\">ISO 17100<\/a> -sertifioituja. ISO 9001 on laadunhallintaj\u00e4rjestelmien standardi ja ISO 17100 on k\u00e4\u00e4nn\u00f6salalle tarkoitettu erikoisstandardi.<\/p>\n<\/div><\/section><\/div>\n","protected":false},"excerpt":{"rendered":"","protected":false},"author":1,"featured_media":67016,"parent":121302,"menu_order":5,"comment_status":"closed","ping_status":"closed","template":"","meta":{"footnotes":""},"class_list":["post-121228","page","type-page","status-publish","has-post-thumbnail","hentry"],"_links":{"self":[{"href":"https:\/\/www.star-ts.com\/fi\/wp-json\/wp\/v2\/pages\/121228","targetHints":{"allow":["GET"]}}],"collection":[{"href":"https:\/\/www.star-ts.com\/fi\/wp-json\/wp\/v2\/pages"}],"about":[{"href":"https:\/\/www.star-ts.com\/fi\/wp-json\/wp\/v2\/types\/page"}],"author":[{"embeddable":true,"href":"https:\/\/www.star-ts.com\/fi\/wp-json\/wp\/v2\/users\/1"}],"replies":[{"embeddable":true,"href":"https:\/\/www.star-ts.com\/fi\/wp-json\/wp\/v2\/comments?post=121228"}],"version-history":[{"count":0,"href":"https:\/\/www.star-ts.com\/fi\/wp-json\/wp\/v2\/pages\/121228\/revisions"}],"up":[{"embeddable":true,"href":"https:\/\/www.star-ts.com\/fi\/wp-json\/wp\/v2\/pages\/121302"}],"wp:featuredmedia":[{"embeddable":true,"href":"https:\/\/www.star-ts.com\/fi\/wp-json\/wp\/v2\/media\/67016"}],"wp:attachment":[{"href":"https:\/\/www.star-ts.com\/fi\/wp-json\/wp\/v2\/media?parent=121228"}],"curies":[{"name":"wp","href":"https:\/\/api.w.org\/{rel}","templated":true}]}}