{"id":121213,"date":"2026-01-05T12:33:12","date_gmt":"2026-01-05T12:33:12","guid":{"rendered":"https:\/\/www.star-ts.com\/cyber-security\/"},"modified":"2026-01-05T12:34:31","modified_gmt":"2026-01-05T12:34:31","slug":"cyber-security","status":"publish","type":"page","link":"https:\/\/www.star-ts.com\/fi\/cyber-security\/","title":{"rendered":"Kyberturvallisuus | K\u00e4\u00e4nn\u00f6s ja lokalisointi"},"content":{"rendered":"<div id='full_slider_1'  class='avia-fullwidth-slider main_color avia-shadow av-small-hide av-mini-hide  avia-builder-el-0  el_before_av_one_third  avia-builder-el-first   container_wrap sidebar_right'  ><div  class='avia-slideshow av-jrhpbiij-8ee0588f97bf409c1a3209db89f05528 avia-slideshow-featured av_slideshow_full avia-slide-slider av-small-hide av-mini-hide av-slideshow-ui av-control-default av-slideshow-manual av-loop-once av-loop-manual-endless av-default-height-applied   avia-slideshow-1' data-slideshow-options=\"{&quot;animation&quot;:&quot;slide&quot;,&quot;autoplay&quot;:false,&quot;loop_autoplay&quot;:&quot;once&quot;,&quot;interval&quot;:5,&quot;loop_manual&quot;:&quot;manual-endless&quot;,&quot;autoplay_stopper&quot;:false,&quot;noNavigation&quot;:false,&quot;bg_slider&quot;:false,&quot;keep_padding&quot;:false,&quot;hoverpause&quot;:false,&quot;show_slide_delay&quot;:0}\"  itemprop=\"image\" itemscope=\"itemscope\" itemtype=\"https:\/\/schema.org\/ImageObject\" ><ul class='avia-slideshow-inner ' style='padding-bottom: 28.666666666667%;'><li  class='avia-slideshow-slide av-jrhpbiij-8ee0588f97bf409c1a3209db89f05528__0  av-single-slide slide-1 slide-odd'><div data-rel='slideshow-1' class='avia-slide-wrap '   ><div class='av-slideshow-caption av-jrhpbiij-8ee0588f97bf409c1a3209db89f05528__0 caption_fullwidth caption_center caption_center_framed caption_framed'><div class=\"container caption_container\"><div class=\"slideshow_caption\"><div class=\"slideshow_inner_caption\"><div class=\"slideshow_align_caption\"><h2 class='avia-caption-title '  itemprop=\"name\" >Kyberturvallisuus<\/h2><div class='avia-caption-content '  itemprop=\"description\" ><p>K\u00e4\u00e4nn\u00f6spalvelut turvaj\u00e4rjestelmille<\/p>\n<\/div><\/div><\/div><\/div><\/div><\/div><img decoding=\"async\" fetchpriority=\"high\" class=\"wp-image-72490 avia-img-lazy-loading-not-72490\"  src=\"https:\/\/www.star-ts.com\/wp-content\/uploads\/2018\/11\/Cyber-security-iStock-808157766-1500x430.jpg\" width=\"1500\" height=\"430\" title='J\u00e4rjestelm\u00e4turvallisuusasiantuntija ty\u00f6skentelee j\u00e4rjestelm\u00e4n ohjauskeskuksessa. Huone on t\u00e4ynn\u00e4 n\u00e4ytt\u00f6j\u00e4, jotka esitt\u00e4v\u00e4t erilaisia tietoja.' alt=''  itemprop=\"thumbnailUrl\"   \/><\/div><\/li><\/ul><\/div><\/div><div id='after_full_slider_1'  class='main_color av_default_container_wrap container_wrap sidebar_right'  ><div class='container av-section-cont-open' ><div class='template-page content  av-content-small alpha units'><div class='post-entry post-entry-type-page post-entry-121213'><div class='entry-content-wrapper clearfix'>\n\n<style type=\"text\/css\" data-created_by=\"avia_inline_auto\" id=\"style-css-av-1lxdgis-99dd9f1e37bb8b2d26a64acec6c8d04a\">\n.flex_column.av-1lxdgis-99dd9f1e37bb8b2d26a64acec6c8d04a{\nborder-radius:0px 0px 0px 0px;\npadding:0px 0px 0px 0px;\n}\n<\/style>\n<div  class='flex_column av-1lxdgis-99dd9f1e37bb8b2d26a64acec6c8d04a av_one_third  avia-builder-el-1  el_after_av_slideshow_full  el_before_av_two_third  avia-builder-el-first  first flex_column_div av-zero-column-padding  '     ><style type=\"text\/css\" data-created_by=\"avia_inline_auto\" id=\"style-css-av-k0f8ck15-c3a4783d945c0bbfab763b6b0e5c8f35\">\n.avia-image-container.av-k0f8ck15-c3a4783d945c0bbfab763b6b0e5c8f35 img.avia_image{\nbox-shadow:none;\n}\n.avia-image-container.av-k0f8ck15-c3a4783d945c0bbfab763b6b0e5c8f35 .av-image-caption-overlay-center{\ncolor:#ffffff;\n}\n<\/style>\n<div  class='avia-image-container av-k0f8ck15-c3a4783d945c0bbfab763b6b0e5c8f35 av-styling- avia-align-center  avia-builder-el-2  avia-builder-el-no-sibling '   itemprop=\"image\" itemscope=\"itemscope\" itemtype=\"https:\/\/schema.org\/ImageObject\" ><div class=\"avia-image-container-inner\"><div class=\"avia-image-overlay-wrap\"><img decoding=\"async\" fetchpriority=\"high\" class='wp-image-71880 avia-img-lazy-loading-not-71880 avia_image ' src=\"https:\/\/www.star-ts.com\/wp-content\/uploads\/2018\/04\/iStock_000018713708Small-495x400.jpg\" alt='Lokalisointipalvelut' title='Lokalisointipalvelut'  height=\"400\" width=\"495\"  itemprop=\"thumbnailUrl\"  \/><\/div><\/div><\/div><\/div>\n<p>\n<style type=\"text\/css\" data-created_by=\"avia_inline_auto\" id=\"style-css-av-14emu90-bda8a8593eebdeccf79e5813321290e3\">\n.flex_column.av-14emu90-bda8a8593eebdeccf79e5813321290e3{\nborder-radius:0px 0px 0px 0px;\npadding:0px 0px 0px 0px;\n}\n<\/style>\n<div  class='flex_column av-14emu90-bda8a8593eebdeccf79e5813321290e3 av_two_third  avia-builder-el-3  el_after_av_one_third  el_before_av_one_third  flex_column_div av-zero-column-padding  '     ><section  class='av_textblock_section av-k0f8ody5-369f3893ae6b62bd9b11c0a9a7c40776 '   itemscope=\"itemscope\" itemtype=\"https:\/\/schema.org\/CreativeWork\" ><div class='avia_textblock'  itemprop=\"text\" ><h1>Kyberturvallisuuden k\u00e4\u00e4nn\u00f6spalvelut<\/h1>\n<p>Onko j\u00e4rjestelm\u00e4si valmis maailmanlaajuiseen julkaisuun? Kyberturvallisuuden k\u00e4\u00e4nn\u00f6s- ja lokalisointipalvelumme auttavat sinua lanseeraamaan tuotteesi globaaleille markkinoille. <\/p>\n<p>Ty\u00f6skentelemme johtavien ohjelmisto- ja sovelluskehitysyritysten kanssa tarjoten erikoisk\u00e4\u00e4nn\u00f6ksi\u00e4 niiden tietoturvatuotteille. K\u00e4\u00e4nn\u00e4mme haittaohjelmien turvaj\u00e4rjestelmi\u00e4 ja virustorjuntaohjelmistoja yli 40 kielelle. <\/p>\n<p>Kehit\u00e4tp\u00e4 sitten ASP:ll\u00e4, PHP:ll\u00e4, Javalla tai natiivikokoonpanokielell\u00e4, voimme auttaa sinua k\u00e4\u00e4nt\u00e4m\u00e4\u00e4n resurssisi tuotteesi globaalia jakelua varten. Meill\u00e4 on kokemusta monista ohjelmistojen k\u00e4\u00e4nn\u00f6sj\u00e4rjestelmist\u00e4, mukaan lukien <a href=\"https:\/\/www.star-ts.com\/crowdin-localization-services\/\">CrowdIn<\/a>. K\u00e4\u00e4nn\u00f6seditorimme Transit NXT auttaa meit\u00e4 k\u00e4\u00e4nt\u00e4m\u00e4\u00e4n koodiresurssisi, ohjej\u00e4rjestelm\u00e4si, jopa offline-esitteet ja yll\u00e4pit\u00e4m\u00e4\u00e4n koodisi ja sis\u00e4lt\u00f6si rakennetta. K\u00e4\u00e4nn\u00e4mme YML-, XML-, XLIFF-tiedostoja ja paljon muuta.   <\/p>\n<p><strong>P\u00e4\u00e4tepiste on vasta alkua.<\/strong><\/p>\n<p>Tied\u00e4mme, ett\u00e4 tietoturvassa \u201cp\u00e4\u00e4tepiste\u201d on vasta alkua. Ty\u00f6skentelemme kanssasi m\u00e4\u00e4ritell\u00e4ksemme tuotteillesi erityisi\u00e4 sanastoja varmistaaksemme, ett\u00e4 br\u00e4ndisi ja tekninen asiantuntemuksesi ovat selkeit\u00e4 jokaisella kielell\u00e4. Asiantuntevat <a href=\"https:\/\/www.star-ts.com\/translation-faq\/what-is-terminology\/\">terminologianhallinta<\/a>tiimimme ja -j\u00e4rjestelm\u00e4mme auttavat tuottamaan sinulle t\u00e4ydellisen k\u00e4\u00e4nn\u00f6ksen.  <\/p>\n<p>Useimpien tuotteiden kohdalla alle 100 sanaa voi vaikuttaa ymm\u00e4rt\u00e4miseen. N\u00e4iden termien k\u00e4\u00e4nt\u00e4minen ensin antaa sinulle kilpailuedun k\u00e4\u00e4nn\u00f6sty\u00f6n aloittamisessa. <\/p>\n<p><strong>Asiantuntevat k\u00e4\u00e4nn\u00f6spalvelut kyberturvallisuusohjelmistoj\u00e4rjestelmille:<\/strong><\/p>\n<p>K\u00e4\u00e4nn\u00e4mme sis\u00e4lt\u00f6\u00e4 tietoturva-, haittaohjelmien torjunta- ja virustorjuntayrityksille Irlannissa, Isossa-Britanniassa ja Yhdysvalloissa (USA). Autamme sinua kasvamaan ja suojelemaan useampia ihmisi\u00e4 maailmanlaajuisesti. <\/p>\n<p>Ihmisk\u00e4\u00e4nt\u00e4j\u00e4mme ty\u00f6skentelev\u00e4t k\u00e4ytt\u00f6liittymien, verkkosivustojen ja verkkopohjaisten sovellusten parissa. Voimme tarjota k\u00e4ytt\u00e4j\u00e4testausta k\u00e4\u00e4nn\u00f6sprojekteillesi varmistaaksemme, ett\u00e4 ne toimivat oikein kohdemaassa. <\/p>\n<p>K\u00e4ytt\u00e4en uusimpia k\u00e4\u00e4nn\u00f6sohjelmistoja ja hallintaj\u00e4rjestelmi\u00e4 toimitamme ISO9001- ja ISO17100-sertifioitua laatua.<\/p>\n<div  class='avia-button-wrap avia-button-center  avia-builder-el-5  avia-builder-el-no-sibling '>\n<style type=\"text\/css\" data-created_by=\"avia_inline_auto\" id=\"style-css-av-x00xk4-c27d289885a50dc3c81a90255c0e733d\">\n#top #wrap_all .avia-button.av-x00xk4-c27d289885a50dc3c81a90255c0e733d:hover{\ncolor:white;\ntransition:all 0.4s ease-in-out;\n}\n#top #wrap_all .avia-button.av-x00xk4-c27d289885a50dc3c81a90255c0e733d:hover .avia-svg-icon svg:first-child{\nfill:white;\nstroke:white;\n}\n<\/style>\n<a href='https:\/\/www.star-ts.com\/download-cyber-security-checklist\/' class='avia-color-theme-color avia-font-color-theme-color avia-button avia-button-fullwidth av-x00xk4-c27d289885a50dc3c81a90255c0e733d avia-icon_select-yes-left-icon avia-color-theme-color'   aria-label=\"Lataa ohjelmistok\u00e4\u00e4nn\u00f6soppaamme kyberturvallisuusohjelmistoille\"><span class='avia_button_icon avia_button_icon_left avia-iconfont avia-font-entypo-fontello' data-av_icon='\ue812' data-av_iconfont='entypo-fontello' ><\/span><span class='avia_iconbox_title' >Lataa ohjelmistok\u00e4\u00e4nn\u00f6soppaamme kyberturvallisuusohjelmistoille<\/span><span class='avia_button_background avia-button avia-button-fullwidth avia-color-theme-color-highlight'><\/span><\/a><\/div>\n<\/div><\/section><\/div>\n<style type=\"text\/css\" data-created_by=\"avia_inline_auto\" id=\"style-css-av-1lxdgis-5-03120ab866eaa0d2e9089aa43005d6d2\">\n.flex_column.av-1lxdgis-5-03120ab866eaa0d2e9089aa43005d6d2{\nborder-radius:0px 0px 0px 0px;\npadding:0px 0px 0px 0px;\n}\n<\/style>\n<div  class='flex_column av-1lxdgis-5-03120ab866eaa0d2e9089aa43005d6d2 av_one_third  avia-builder-el-6  el_after_av_two_third  el_before_av_two_third  first flex_column_div av-zero-column-padding  column-top-margin'     ><style type=\"text\/css\" data-created_by=\"avia_inline_auto\" id=\"style-css-av-k0f8ck15-4-a35b901432a191c9ba99bf733ff1cc5b\">\n.avia-image-container.av-k0f8ck15-4-a35b901432a191c9ba99bf733ff1cc5b img.avia_image{\nbox-shadow:none;\n}\n.avia-image-container.av-k0f8ck15-4-a35b901432a191c9ba99bf733ff1cc5b .av-image-caption-overlay-center{\ncolor:#ffffff;\n}\n<\/style>\n<div  class='avia-image-container av-k0f8ck15-4-a35b901432a191c9ba99bf733ff1cc5b av-styling- avia-align-center  avia-builder-el-7  avia-builder-el-no-sibling '   itemprop=\"image\" itemscope=\"itemscope\" itemtype=\"https:\/\/schema.org\/ImageObject\" ><div class=\"avia-image-container-inner\"><div class=\"avia-image-overlay-wrap\"><img decoding=\"async\" fetchpriority=\"high\" class='wp-image-106488 avia-img-lazy-loading-not-106488 avia_image ' src=\"https:\/\/www.star-ts.com\/wp-content\/uploads\/2019\/11\/cyberireland_logo-1210x423.jpg\" alt='Cyber Ireland' title='cyberireland_logo'  height=\"423\" width=\"1210\"  itemprop=\"thumbnailUrl\"  \/><\/div><\/div><\/div><\/div><\/p>\n\n<style type=\"text\/css\" data-created_by=\"avia_inline_auto\" id=\"style-css-av-14emu90-3-4051b986a2e3b3af26063eaa72982484\">\n.flex_column.av-14emu90-3-4051b986a2e3b3af26063eaa72982484{\nborder-radius:0px 0px 0px 0px;\npadding:0px 0px 0px 0px;\n}\n<\/style>\n<div  class='flex_column av-14emu90-3-4051b986a2e3b3af26063eaa72982484 av_two_third  avia-builder-el-8  el_after_av_one_third  el_before_av_one_full  flex_column_div av-zero-column-padding  column-top-margin'     ><section  class='av_textblock_section av-k0f8ody5-2-d1fec2ad094e11937bcabfa9977517ad '   itemscope=\"itemscope\" itemtype=\"https:\/\/schema.org\/CreativeWork\" ><div class='avia_textblock'  itemprop=\"text\" ><h2>Cyber Ireland -j\u00e4senyys<\/h2>\n<p>Uskomme turvallisen digitaalisen ymp\u00e4rist\u00f6n rakentamiseen verkkoliiketoimintaa varten. Kyberturvallisuusuhat ovat kasvussa. Siksi olemme <a href=\"https:\/\/cyberireland.ie\/\" target=\"_blank\" rel=\"noopener\">Cyber Irelandin<\/a> j\u00e4sen. Klusteri kokoaa Irlannin kyberturvallisuusyritykset yhteen auttamaan mahdollisimman turvallisten j\u00e4rjestelmien ja palveluiden rakentamisessa.  <\/p>\n<p>Yhteisty\u00f6ss\u00e4 he auttavat alaa kasvamaan nopeammin ja turvallisemmin. Kyberhy\u00f6kk\u00e4ysten est\u00e4minen on ryhm\u00e4n keskeinen arvo. <\/p>\n<p><strong>Kyberturvallisuus on nopeasti kasvava ala kansainv\u00e4lisesti, johon liittyy useita mahdollisuuksia ja haasteita:<\/strong><\/p>\n<ul>\n<li>$248 miljardia maailmanlaajuisia kyberturvallisuusmenoja vuoteen 2023 menness\u00e4<\/li>\n<\/ul>\n<p><strong>Miksi Irlanti?<\/strong><\/p>\n<p>Irlannista on tullut merkitt\u00e4v\u00e4 kansainv\u00e4listen teknologia- ja turvallisuusyritysten tukikohta:<\/p>\n<ul>\n<li>Viisi suurinta maailmanlaajuista tietoturvaohjelmistoyrityst\u00e4 sijaitsee Irlannissa<\/li>\n<li>Yli 6 000 ihmist\u00e4 ty\u00f6skentelee kyberturvallisuusalalla<\/li>\n<\/ul>\n<p>K\u00e4\u00e4nn\u00f6spalvelumme auttavat kyberturvallisuusyrityksi\u00e4 toimittamaan sis\u00e4lt\u00f6\u00e4 ja suojaa maailmanlaajuisesti.<\/p>\n<p>Jos olet kiinnostunut liittym\u00e4\u00e4n Cyber Ireland -teknologiaklusteriin, vieraile heid\u00e4n virallisella verkkosivustollaan <a href=\"https:\/\/cyberireland.ie\/membership\/\" target=\"_blank\" rel=\"noopener\">Cyber Ireland Membership.<\/a><\/p>\n<\/div><\/section><\/div>\n<div  class='flex_column av-1gco8hw-1769d86974f776307500a2c979b6756c av_one_full  avia-builder-el-10  el_after_av_two_third  avia-builder-el-last  first flex_column_div  column-top-margin'     ><section  class='av_textblock_section av-166mxs4-63bcdc312f2889ed7098e4a28c5596d9 '   itemscope=\"itemscope\" itemtype=\"https:\/\/schema.org\/CreativeWork\" ><div class='avia_textblock'  itemprop=\"text\" ><div  class='avia-button-wrap avia-button-center  avia-builder-el-12  avia-builder-el-no-sibling '>\n<style type=\"text\/css\" data-created_by=\"avia_inline_auto\" id=\"style-css-av-ryk0dg-85c5e43a66d956e85d1413cf85ec819e\">\n#top #wrap_all .avia-button.av-ryk0dg-85c5e43a66d956e85d1413cf85ec819e:hover{\ncolor:white;\ntransition:all 0.4s ease-in-out;\n}\n#top #wrap_all .avia-button.av-ryk0dg-85c5e43a66d956e85d1413cf85ec819e:hover .avia-svg-icon svg:first-child{\nfill:white;\nstroke:white;\n}\n<\/style>\n<a href=\"https:\/\/www.star-ts.com\/fi\/yhteystiedot\/\" class=\"avia-color-theme-color avia-font-color-theme-color avia-button avia-button-fullwidth av-ryk0dg-85c5e43a66d956e85d1413cf85ec819e avia-icon_select-no avia-color-theme-color\" title=\"Contact Us\" aria-label=\"Contact Us\"><span class='avia_iconbox_title' >Ota yhteytt\u00e4<\/span><span class='avia_button_background avia-button avia-button-fullwidth avia-color-theme-color-highlight'><\/span><\/a><\/div>\n<\/div><\/section><\/div>\n","protected":false},"excerpt":{"rendered":"<p>Onko j\u00e4rjestelm\u00e4ohjelmistosi valmis maailmanlaajuiseen julkaisuun? Onko koodisi turvallinen ja suojattu? Kyberturvallisuuden k\u00e4\u00e4nn\u00f6spalvelumme voivat auttaa sinua lanseeraamaan tuotteesi maailmanlaajuisesti.  <\/p>\n","protected":false},"author":1,"featured_media":72490,"parent":0,"menu_order":0,"comment_status":"closed","ping_status":"closed","template":"","meta":{"footnotes":""},"class_list":["post-121213","page","type-page","status-publish","has-post-thumbnail","hentry"],"_links":{"self":[{"href":"https:\/\/www.star-ts.com\/fi\/wp-json\/wp\/v2\/pages\/121213","targetHints":{"allow":["GET"]}}],"collection":[{"href":"https:\/\/www.star-ts.com\/fi\/wp-json\/wp\/v2\/pages"}],"about":[{"href":"https:\/\/www.star-ts.com\/fi\/wp-json\/wp\/v2\/types\/page"}],"author":[{"embeddable":true,"href":"https:\/\/www.star-ts.com\/fi\/wp-json\/wp\/v2\/users\/1"}],"replies":[{"embeddable":true,"href":"https:\/\/www.star-ts.com\/fi\/wp-json\/wp\/v2\/comments?post=121213"}],"version-history":[{"count":0,"href":"https:\/\/www.star-ts.com\/fi\/wp-json\/wp\/v2\/pages\/121213\/revisions"}],"wp:featuredmedia":[{"embeddable":true,"href":"https:\/\/www.star-ts.com\/fi\/wp-json\/wp\/v2\/media\/72490"}],"wp:attachment":[{"href":"https:\/\/www.star-ts.com\/fi\/wp-json\/wp\/v2\/media?parent=121213"}],"curies":[{"name":"wp","href":"https:\/\/api.w.org\/{rel}","templated":true}]}}