{"id":121183,"date":"2026-01-05T12:32:24","date_gmt":"2026-01-05T12:32:24","guid":{"rendered":"https:\/\/www.star-ts.com\/industries\/"},"modified":"2026-01-05T12:32:48","modified_gmt":"2026-01-05T12:32:48","slug":"industries","status":"publish","type":"page","link":"https:\/\/www.star-ts.com\/fi\/industries\/","title":{"rendered":"Toimialat"},"content":{"rendered":"<div id='full_slider_1'  class='avia-fullwidth-slider main_color avia-shadow av-medium-hide av-small-hide av-mini-hide  avia-builder-el-0  el_before_av_one_third  avia-builder-el-first   container_wrap sidebar_right'  ><div  class='avia-slideshow av-k0ghbnd3-ee020a3f2ae88ab800428e789113851e avia-slideshow-featured av_slideshow_full avia-slide-slider av-medium-hide av-small-hide av-mini-hide av-slideshow-ui av-control-default av-slideshow-manual av-loop-once av-loop-manual-endless av-default-height-applied   avia-slideshow-1' data-slideshow-options=\"{&quot;animation&quot;:&quot;slide&quot;,&quot;autoplay&quot;:false,&quot;loop_autoplay&quot;:&quot;once&quot;,&quot;interval&quot;:5,&quot;loop_manual&quot;:&quot;manual-endless&quot;,&quot;autoplay_stopper&quot;:false,&quot;noNavigation&quot;:false,&quot;bg_slider&quot;:false,&quot;keep_padding&quot;:false,&quot;hoverpause&quot;:false,&quot;show_slide_delay&quot;:0}\"  itemprop=\"image\" itemscope=\"itemscope\" itemtype=\"https:\/\/schema.org\/ImageObject\" ><ul class='avia-slideshow-inner ' style='padding-bottom: 28.666666666667%;'><li  class='avia-slideshow-slide av-k0ghbnd3-ee020a3f2ae88ab800428e789113851e__0  av-single-slide slide-1 slide-odd'><div data-rel='slideshow-1' class='avia-slide-wrap '   ><div class='av-slideshow-caption av-k0ghbnd3-ee020a3f2ae88ab800428e789113851e__0 caption_fullwidth caption_center caption_center_framed caption_framed'><div class=\"container caption_container\"><div class=\"slideshow_caption\"><div class=\"slideshow_inner_caption\"><div class=\"slideshow_align_caption\"><h2 class='avia-caption-title '  itemprop=\"name\" >Erikoisk\u00e4\u00e4nn\u00f6kset toimialoille<\/h2><\/div><\/div><\/div><\/div><\/div><img decoding=\"async\" fetchpriority=\"high\" class=\"wp-image-71830 avia-img-lazy-loading-not-71830\"  src=\"https:\/\/www.star-ts.com\/wp-content\/uploads\/2018\/04\/document-working-1500x430.jpg\" width=\"1500\" height=\"430\" title='business woman looking at documents' alt=''  itemprop=\"thumbnailUrl\"   \/><\/div><\/li><\/ul><\/div><\/div><div id='after_full_slider_1'  class='main_color av_default_container_wrap container_wrap sidebar_right'  ><div class='container av-section-cont-open' ><div class='template-page content  av-content-small alpha units'><div class='post-entry post-entry-type-page post-entry-121183'><div class='entry-content-wrapper clearfix'>\n<p>\n<style type=\"text\/css\" data-created_by=\"avia_inline_auto\" id=\"style-css-av-5qoc2m-e3a736c97c2e683713b60252c80c37b9\">\n.flex_column.av-5qoc2m-e3a736c97c2e683713b60252c80c37b9{\nborder-radius:0px 0px 0px 0px;\npadding:0px 0px 0px 0px;\n}\n<\/style>\n<div  class='flex_column av-5qoc2m-e3a736c97c2e683713b60252c80c37b9 av_one_third  avia-builder-el-1  el_after_av_slideshow_full  el_before_av_two_third  avia-builder-el-first  first flex_column_div av-zero-column-padding  '     ><style type=\"text\/css\" data-created_by=\"avia_inline_auto\" id=\"style-css-av-k0ghcc4e-be546ed51094e2692412f96f6c39baf8\">\n@keyframes av_boxShadowEffect_av-k0ghcc4e-be546ed51094e2692412f96f6c39baf8 {\n0%   { box-shadow:  0 0 0 0 ; opacity: 1; }\n100% { box-shadow:  0 0 10px 0 ; opacity: 1; }\n}\n.avia-image-container.av-k0ghcc4e-be546ed51094e2692412f96f6c39baf8 img.avia_image{\nbox-shadow: 0 0 10px 0 ;\n}\n.avia-image-container.av-k0ghcc4e-be546ed51094e2692412f96f6c39baf8 .av-image-caption-overlay-center{\ncolor:#ffffff;\n}\n<\/style>\n<div  class='avia-image-container av-k0ghcc4e-be546ed51094e2692412f96f6c39baf8 av-styling- avia-align-center  avia-builder-el-2  avia-builder-el-no-sibling  av-img-box-shadow av-box-shadow-not-animated'   itemprop=\"image\" itemscope=\"itemscope\" itemtype=\"https:\/\/schema.org\/ImageObject\" ><div class=\"avia-image-container-inner\"><div class=\"avia-image-overlay-wrap\"><img decoding=\"async\" loading=\"lazy\" class='wp-image-71820 avia-img-lazy-loading-71820 avia_image shadow-not-animated' src=\"https:\/\/www.star-ts.com\/wp-content\/uploads\/2018\/04\/STAR_Deutschland_GmbH-495x400.jpg\" alt='STAR Office' title='STAR office'  height=\"400\" width=\"495\"  itemprop=\"thumbnailUrl\"  \/><\/div><\/div><\/div><\/div>\n<style type=\"text\/css\" data-created_by=\"avia_inline_auto\" id=\"style-css-av-14atuwu-eb3630d98d622af72d70977760570902\">\n.flex_column.av-14atuwu-eb3630d98d622af72d70977760570902{\nborder-radius:0px 0px 0px 0px;\npadding:0px 0px 0px 0px;\n}\n<\/style>\n<div  class='flex_column av-14atuwu-eb3630d98d622af72d70977760570902 av_two_third  avia-builder-el-3  el_after_av_one_third  el_before_av_one_full  flex_column_div av-zero-column-padding  '     ><section  class='av_textblock_section av-k0ghe3jh-f418e6244f11ad1ba57e1eb2e42a5276 '   itemscope=\"itemscope\" itemtype=\"https:\/\/schema.org\/CreativeWork\" ><div class='avia_textblock'  itemprop=\"text\" ><h1>Vankka toimialaosaaminen<\/h1>\n<p>Ty\u00f6skentelemme useilla toimialoilla ty\u00f6llist\u00e4en erikoistuneita k\u00e4\u00e4nt\u00e4ji\u00e4 kullekin.<\/p>\n<p>Globaalina yrityksen\u00e4 tuemme yli 200 kielt\u00e4 sek\u00e4 monia toimialakohtaisia j\u00e4rjestelmi\u00e4 ja prosesseja. Tiimimme ty\u00f6skentelev\u00e4t tiiviiss\u00e4 yhteisty\u00f6ss\u00e4 asiakkaidemme kanssa toimittaakseen r\u00e4\u00e4t\u00e4l\u00f6idyn ratkaisun jokaiselle asiakkaalle ja toimialalle. <\/p>\n<hr \/>\n<\/div><\/section><\/div><\/p>\n\n<style type=\"text\/css\" data-created_by=\"avia_inline_auto\" id=\"style-css-av-3spqpdq-daba2755921a91d2c247743a7cb6b88c\">\n.flex_column.av-3spqpdq-daba2755921a91d2c247743a7cb6b88c{\nborder-radius:0px 0px 0px 0px;\npadding:0px 0px 0px 0px;\n}\n<\/style>\n<div  class='flex_column av-3spqpdq-daba2755921a91d2c247743a7cb6b88c av_one_full  avia-builder-el-5  el_after_av_two_third  el_before_av_one_fourth  first flex_column_div av-zero-column-padding  column-top-margin'     ><section  class='av_textblock_section av-ko1l4jxy-6ab00f5691878d38c2130466ceef9455 '   itemscope=\"itemscope\" itemtype=\"https:\/\/schema.org\/CreativeWork\" ><div class='avia_textblock'  itemprop=\"text\" ><h2>Toimialat, joilla ty\u00f6skentelemme&#8230;<\/h2>\n<p>Tarjoamme k\u00e4ytt\u00f6oppaita, verkkosivustoja, esitteit\u00e4, tuotetietolehti\u00e4 ja paljon muuta seuraaville toimialoille.<\/p>\n<\/div><\/section><\/div>\n\n<style type=\"text\/css\" data-created_by=\"avia_inline_auto\" id=\"style-css-av-3mmem4e-741db8509b7951a9825c3eece64b9404\">\n.flex_column.av-3mmem4e-741db8509b7951a9825c3eece64b9404{\nborder-radius:0px 0px 0px 0px;\npadding:0px 0px 0px 0px;\n}\n<\/style>\n<div  class='flex_column av-3mmem4e-741db8509b7951a9825c3eece64b9404 av_one_fourth  avia-builder-el-7  el_after_av_one_full  el_before_av_one_fourth  first flex_column_div av-zero-column-padding  column-top-margin'     ><article  class='iconbox iconbox_left av-ko1l7j4n-7e7f33a816ee93ec5d61ea216c80efed  avia-builder-el-8  avia-builder-el-no-sibling '  itemscope=\"itemscope\" itemtype=\"https:\/\/schema.org\/CreativeWork\" ><div class=\"iconbox_content\"><header class=\"entry-content-header\" aria-label=\"Icon: Maatalous \/ Agriteknologia\"><div class='iconbox_icon heading-color avia-iconfont avia-font-entypo-fontello' data-av_icon='\ue8b1' data-av_iconfont='entypo-fontello'  ><\/div><h3 class='iconbox_content_title '  itemprop=\"headline\" >Maatalous \/ Agriteknologia<\/h3><\/header><div class='iconbox_content_container '  itemprop=\"text\" ><p>Palvelemme maatalousalan koko p\u00e4\u00e4st\u00e4 p\u00e4\u00e4h\u00e4n -k\u00e4\u00e4nn\u00f6sprosessia keskittyen laadukkaisiin toimituksiin valmistajille, j\u00e4lleenmyyjille ja loppuasiakkaille. K\u00e4\u00e4nn\u00e4mme k\u00e4sikirjoja, verkkosivustoja ja esitteit\u00e4, joten teemme yhteisty\u00f6t\u00e4 sek\u00e4 kehitys- ett\u00e4 markkinointitiimienne kanssa.  <a href=\"https:\/\/www.star-ts.com\/fi\/agriculture\/\">Palvelut maataloudelle ja agritekniikalle  <\/a><\/p>\n<\/div><\/div><footer class=\"entry-footer\"><\/footer><\/article><\/div>\n\n<style type=\"text\/css\" data-created_by=\"avia_inline_auto\" id=\"style-css-av-374wb9a-0bd9b3da7d065d4e80331ecc12b88948\">\n.flex_column.av-374wb9a-0bd9b3da7d065d4e80331ecc12b88948{\nborder-radius:0px 0px 0px 0px;\npadding:0px 0px 0px 0px;\n}\n<\/style>\n<div  class='flex_column av-374wb9a-0bd9b3da7d065d4e80331ecc12b88948 av_one_fourth  avia-builder-el-9  el_after_av_one_fourth  el_before_av_one_fourth  flex_column_div av-zero-column-padding  column-top-margin'     ><article  class='iconbox iconbox_left av-ko1l8xke-3da1c8d8e15dbd83d0b1ec3f6187083c  avia-builder-el-10  avia-builder-el-no-sibling '  itemscope=\"itemscope\" itemtype=\"https:\/\/schema.org\/CreativeWork\" ><div class=\"iconbox_content\"><header class=\"entry-content-header\" aria-label=\"Icon: Autoteollisuus\"><div class='iconbox_icon heading-color avia-iconfont avia-font-entypo-fontello' data-av_icon='\ue8da' data-av_iconfont='entypo-fontello'  ><\/div><h3 class='iconbox_content_title '  itemprop=\"headline\" >Autoteollisuus<\/h3><\/header><div class='iconbox_content_container '  itemprop=\"text\" ><p>60 % maailman johtavista <a href=\"https:\/\/www.star-ts.com\/about\/customer-references\/\">autoteollisuuden OEM-valmistajista<\/a> ty\u00f6skentelee kanssamme<\/p>\n<p>K\u00e4\u00e4nn\u00e4mme suuria m\u00e4\u00e4ri\u00e4 teknisi\u00e4 k\u00e4sikirjoja nopeasti ja tarkasti. Kokemuksemme <a href=\"https:\/\/www.star-ts.com\/translation-services\/automotive-industry\/\">autoteollisuudesta<\/a> viimeisten 30 vuoden ajalta tarkoittaa, ett\u00e4 toimitamme teknisesti tarkkoja k\u00e4\u00e4nn\u00f6ksi\u00e4.<\/p>\n<\/div><\/div><footer class=\"entry-footer\"><\/footer><\/article><\/div>\n\n<style type=\"text\/css\" data-created_by=\"avia_inline_auto\" id=\"style-css-av-2oykxfi-5483b3d2021a12fd099d1003188a2168\">\n.flex_column.av-2oykxfi-5483b3d2021a12fd099d1003188a2168{\nborder-radius:0px 0px 0px 0px;\npadding:0px 0px 0px 0px;\n}\n<\/style>\n<div  class='flex_column av-2oykxfi-5483b3d2021a12fd099d1003188a2168 av_one_fourth  avia-builder-el-11  el_after_av_one_fourth  el_before_av_one_fourth  flex_column_div av-zero-column-padding  column-top-margin'     ><article  class='iconbox iconbox_left av-ko1lbc26-7b678a6144272515ede9d59787532780  avia-builder-el-12  avia-builder-el-no-sibling '  itemscope=\"itemscope\" itemtype=\"https:\/\/schema.org\/CreativeWork\" ><div class=\"iconbox_content\"><header class=\"entry-content-header\" aria-label=\"Icon: Kyberturvallisuus\"><div class='iconbox_icon heading-color avia-iconfont avia-font-entypo-fontello' data-av_icon='\ue824' data-av_iconfont='entypo-fontello'  ><\/div><h3 class='iconbox_content_title '  itemprop=\"headline\" >Kyberturvallisuus<\/h3><\/header><div class='iconbox_content_container '  itemprop=\"text\" ><p><a href=\"https:\/\/www.star-ts.com\/fi\/cyber-security\/\">Ohjelmistojen k\u00e4\u00e4nn\u00f6s ja lokalisointi:<\/a> Ty\u00f6skentelemme johtavien ohjelmisto- ja sovelluskehitysyritysten kanssa toimittaen erikoisk\u00e4\u00e4nn\u00f6ksi\u00e4 niiden tietoturvatuotteille. K\u00e4\u00e4nn\u00e4mme haittaohjelmaj\u00e4rjestelmi\u00e4 ja virustorjuntaohjelmistoja yli 40 kielelle.<\/p>\n<\/div><\/div><footer class=\"entry-footer\"><\/footer><\/article><\/div>\n\n<style type=\"text\/css\" data-created_by=\"avia_inline_auto\" id=\"style-css-av-14atuwu-1-7a7780de5a52032dc6c87a489b6dd50d\">\n.flex_column.av-14atuwu-1-7a7780de5a52032dc6c87a489b6dd50d{\nborder-radius:0px 0px 0px 0px;\npadding:0px 0px 0px 0px;\n}\n<\/style>\n<div  class='flex_column av-14atuwu-1-7a7780de5a52032dc6c87a489b6dd50d av_one_fourth  avia-builder-el-13  el_after_av_one_fourth  el_before_av_one_fourth  flex_column_div av-zero-column-padding  column-top-margin'     ><article  class='iconbox iconbox_left av-ko1kyygt-4f6fa1feee97779fbf8cda11ccd117b8  avia-builder-el-14  avia-builder-el-no-sibling '  itemscope=\"itemscope\" itemtype=\"https:\/\/schema.org\/CreativeWork\" ><div class=\"iconbox_content\"><header class=\"entry-content-header\" aria-label=\"Icon: Elektroniikka\"><div class='iconbox_icon heading-color avia-iconfont avia-font-entypo-fontello' data-av_icon='\ue8a9' data-av_iconfont='entypo-fontello'  ><\/div><h3 class='iconbox_content_title '  itemprop=\"headline\" >Elektroniikka<\/h3><\/header><div class='iconbox_content_container '  itemprop=\"text\" ><p><a href=\"https:\/\/www.star-ts.com\/translation-services\/electronics-translation\/\">Kulutuselektroniikka<\/a> on yksi nopeimmin kasvavista toimialoista t\u00e4n\u00e4\u00e4n. Elektroniikkateollisuuden k\u00e4\u00e4nn\u00f6sten on oltava teknisesti tarkkoja ja asiakasyst\u00e4v\u00e4llisi\u00e4.<\/p>\n<\/div><\/div><footer class=\"entry-footer\"><\/footer><\/article><\/div>\n\n<style type=\"text\/css\" data-created_by=\"avia_inline_auto\" id=\"style-css-av-25r8dry-0595a1949c3254043565d930f810adc4\">\n.flex_column.av-25r8dry-0595a1949c3254043565d930f810adc4{\nborder-radius:0px 0px 0px 0px;\npadding:0px 0px 0px 0px;\n}\n<\/style>\n<div  class='flex_column av-25r8dry-0595a1949c3254043565d930f810adc4 av_one_fourth  avia-builder-el-15  el_after_av_one_fourth  el_before_av_one_fourth  first flex_column_div av-zero-column-padding  column-top-margin'     ><article  class='iconbox iconbox_left av-ko1ljuoh-d85a1c82ca203bf5272ae739af8db688  avia-builder-el-16  avia-builder-el-no-sibling '  itemscope=\"itemscope\" itemtype=\"https:\/\/schema.org\/CreativeWork\" ><div class=\"iconbox_content\"><header class=\"entry-content-header\" aria-label=\"Icon: Suunnittelu\"><div class='iconbox_icon heading-color avia-iconfont avia-font-entypo-fontello' data-av_icon='\ue856' data-av_iconfont='entypo-fontello'  ><\/div><h3 class='iconbox_content_title '  itemprop=\"headline\" >Suunnittelu<\/h3><\/header><div class='iconbox_content_container '  itemprop=\"text\" ><p>Erikoistuneet <a href=\"https:\/\/www.star-ts.com\/fi\/tekniikan-alan-kaannospalvelut\/\">insin\u00f6\u00f6ripalvelut<\/a>. Tekninen k\u00e4\u00e4nn\u00f6sty\u00f6 on yksi haastavimmista aloista: terminologia voi olla monimutkaista ja k\u00e4\u00e4nn\u00f6ksen on oltava tarkka. K\u00e4\u00e4nt\u00e4jien on ymm\u00e4rrett\u00e4v\u00e4 ala t\u00e4ysin, jotta he voivat v\u00e4litt\u00e4\u00e4 insin\u00f6\u00f6rikonseptit selke\u00e4sti.<\/p>\n<\/div><\/div><footer class=\"entry-footer\"><\/footer><\/article><\/div>\n\n<style type=\"text\/css\" data-created_by=\"avia_inline_auto\" id=\"style-css-av-1p20v3y-93ab19007bc6cd0156a7b7dc7c84a8c8\">\n.flex_column.av-1p20v3y-93ab19007bc6cd0156a7b7dc7c84a8c8{\nborder-radius:0px 0px 0px 0px;\npadding:0px 0px 0px 0px;\n}\n<\/style>\n<div  class='flex_column av-1p20v3y-93ab19007bc6cd0156a7b7dc7c84a8c8 av_one_fourth  avia-builder-el-17  el_after_av_one_fourth  el_before_av_one_fourth  flex_column_div av-zero-column-padding  column-top-margin'     ><article  class='iconbox iconbox_left av-ko1le6rl-448894d3be93d7dcefa5ec0688a0ed74  avia-builder-el-18  avia-builder-el-no-sibling '  itemscope=\"itemscope\" itemtype=\"https:\/\/schema.org\/CreativeWork\" ><div class=\"iconbox_content\"><header class=\"entry-content-header\" aria-label=\"Icon: Julkinen sektori\"><div class='iconbox_icon heading-color avia-iconfont avia-font-entypo-fontello' data-av_icon='\ue80b' data-av_iconfont='entypo-fontello'  ><\/div><h3 class='iconbox_content_title '  itemprop=\"headline\" >Julkinen sektori<\/h3><\/header><div class='iconbox_content_container '  itemprop=\"text\" ><p>Hallituksen k\u00e4\u00e4nn\u00f6spalvelut auttavat julkisen sektorin osastoja kommunikoimaan monien kansallisuuksien kanssa omalla kielell\u00e4\u00e4n, tehokkaasti ja budjetin puitteissa. Ty\u00f6skentelemme useiden julkisen sektorin elinten ja <a href=\"https:\/\/www.star-ts.com\/translation-services\/government-translation-services\/\">hallituksen osastojen<\/a> kanssa k\u00e4\u00e4nt\u00e4en poliittisia asiakirjoja, tiedotuslehtisi\u00e4 ja vuosikertomuksia.<\/p>\n<\/div><\/div><footer class=\"entry-footer\"><\/footer><\/article><\/div>\n\n<style type=\"text\/css\" data-created_by=\"avia_inline_auto\" id=\"style-css-av-405tjy-638365bcf4c11d9c646d449f514f7254\">\n.flex_column.av-405tjy-638365bcf4c11d9c646d449f514f7254{\nborder-radius:0px 0px 0px 0px;\npadding:0px 0px 0px 0px;\n}\n<\/style>\n<div  class='flex_column av-405tjy-638365bcf4c11d9c646d449f514f7254 av_one_fourth  avia-builder-el-19  el_after_av_one_fourth  el_before_av_one_fourth  flex_column_div av-zero-column-padding  column-top-margin'     ><article  class='iconbox iconbox_left av-ko1lg2ke-ddc6f8b873f3c6b8c99134ec201eef4b  avia-builder-el-20  avia-builder-el-no-sibling '  itemscope=\"itemscope\" itemtype=\"https:\/\/schema.org\/CreativeWork\" ><div class=\"iconbox_content\"><header class=\"entry-content-header\" aria-label=\"Icon: Valmistus\"><div class='iconbox_icon heading-color avia-iconfont avia-font-entypo-fontello' data-av_icon='\ue855' data-av_iconfont='entypo-fontello'  ><\/div><h3 class='iconbox_content_title '  itemprop=\"headline\" >Valmistus<\/h3><\/header><div class='iconbox_content_container '  itemprop=\"text\" ><p>STAR on yksi maailman suurimmista teknisten k\u00e4\u00e4nn\u00f6spalvelujen tarjoajista. Meill\u00e4 on yli 950 asiantuntijaa yli 30 maassa. Autamme sinua siis toimimaan globaalisti. Ty\u00f6skentelemme maailman johtavien <a href=\"https:\/\/www.star-ts.com\/translation-services\/manufacturing-translation\/\">valmistajien<\/a> kanssa.<\/p>\n<\/div><\/div><footer class=\"entry-footer\"><\/footer><\/article><\/div>\n\n<style type=\"text\/css\" data-created_by=\"avia_inline_auto\" id=\"style-css-av-s7juji-f736a5387ae81ec0138456f0e1eed9be\">\n.flex_column.av-s7juji-f736a5387ae81ec0138456f0e1eed9be{\nborder-radius:0px 0px 0px 0px;\npadding:0px 0px 0px 0px;\n}\n<\/style>\n<div  class='flex_column av-s7juji-f736a5387ae81ec0138456f0e1eed9be av_one_fourth  avia-builder-el-21  el_after_av_one_fourth  el_before_av_one_full  flex_column_div av-zero-column-padding  column-top-margin'     ><\/div>\n<div  class='flex_column av-l5nz2-8f161f77530d1a61217b7933eda02a11 av_one_full  avia-builder-el-22  el_after_av_one_fourth  avia-builder-el-last  first flex_column_div  column-top-margin'     ><section  class='av_textblock_section av-1bqe266-fb96495898625f4703fafdcfaf26c0be '   itemscope=\"itemscope\" itemtype=\"https:\/\/schema.org\/CreativeWork\" ><div class='avia_textblock'  itemprop=\"text\" ><div  class='avia-button-wrap avia-button-center  avia-builder-el-24  avia-builder-el-no-sibling '>\n<style type=\"text\/css\" data-created_by=\"avia_inline_auto\" id=\"style-css-av-sbavni-b6a9df109d35747396ba5f10fd65ecd1\">\n#top #wrap_all .avia-button.av-sbavni-b6a9df109d35747396ba5f10fd65ecd1:hover{\ncolor:white;\ntransition:all 0.4s ease-in-out;\n}\n#top #wrap_all .avia-button.av-sbavni-b6a9df109d35747396ba5f10fd65ecd1:hover .avia-svg-icon svg:first-child{\nfill:white;\nstroke:white;\n}\n<\/style>\n<a href='https:\/\/www.star-ts.com\/fi\/yhteystiedot\/' class='avia-color-theme-color avia-font-color-theme-color avia-button avia-button-fullwidth av-sbavni-b6a9df109d35747396ba5f10fd65ecd1 avia-icon_select-no avia-color-theme-color'  title=\"Contact Us\" aria-label=\"Contact Us\"><span class='avia_iconbox_title' >Ota yhteytt\u00e4<\/span><span class='avia_button_background avia-button avia-button-fullwidth avia-color-theme-color-highlight'><\/span><\/a><\/div>\n<\/div><\/section><\/div>\n","protected":false},"excerpt":{"rendered":"<p>Globaalina yrityksen\u00e4 tuemme yli 200 kielt\u00e4 sek\u00e4 monia toimialakohtaisia j\u00e4rjestelmi\u00e4 ja prosesseja. Tiimimme ty\u00f6skentelev\u00e4t tiiviiss\u00e4 yhteisty\u00f6ss\u00e4 asiakkaidemme kanssa toimittaakseen r\u00e4\u00e4t\u00e4l\u00f6idyn ratkaisun jokaiselle asiakkaalle ja toimialalle. <\/p>\n","protected":false},"author":1,"featured_media":72410,"parent":0,"menu_order":0,"comment_status":"closed","ping_status":"closed","template":"","meta":{"footnotes":""},"class_list":["post-121183","page","type-page","status-publish","has-post-thumbnail","hentry"],"_links":{"self":[{"href":"https:\/\/www.star-ts.com\/fi\/wp-json\/wp\/v2\/pages\/121183","targetHints":{"allow":["GET"]}}],"collection":[{"href":"https:\/\/www.star-ts.com\/fi\/wp-json\/wp\/v2\/pages"}],"about":[{"href":"https:\/\/www.star-ts.com\/fi\/wp-json\/wp\/v2\/types\/page"}],"author":[{"embeddable":true,"href":"https:\/\/www.star-ts.com\/fi\/wp-json\/wp\/v2\/users\/1"}],"replies":[{"embeddable":true,"href":"https:\/\/www.star-ts.com\/fi\/wp-json\/wp\/v2\/comments?post=121183"}],"version-history":[{"count":0,"href":"https:\/\/www.star-ts.com\/fi\/wp-json\/wp\/v2\/pages\/121183\/revisions"}],"wp:featuredmedia":[{"embeddable":true,"href":"https:\/\/www.star-ts.com\/fi\/wp-json\/wp\/v2\/media\/72410"}],"wp:attachment":[{"href":"https:\/\/www.star-ts.com\/fi\/wp-json\/wp\/v2\/media?parent=121183"}],"curies":[{"name":"wp","href":"https:\/\/api.w.org\/{rel}","templated":true}]}}