{"id":121126,"date":"2026-01-05T12:31:10","date_gmt":"2026-01-05T12:31:10","guid":{"rendered":"https:\/\/www.star-ts.com\/about\/"},"modified":"2026-01-16T10:32:34","modified_gmt":"2026-01-16T10:32:34","slug":"about","status":"publish","type":"page","link":"https:\/\/www.star-ts.com\/fi\/about\/","title":{"rendered":"Meist\u00e4"},"content":{"rendered":"<div id='full_slider_1'  class='avia-fullwidth-slider main_color avia-shadow av-small-hide av-mini-hide  avia-builder-el-0  el_before_av_one_fifth  avia-builder-el-first   container_wrap sidebar_right'  ><div  class='avia-slideshow av-k1j1h7r4-17fad0c04e97232114a4dbde8c055e8e avia-slideshow-featured av_slideshow_full avia-slide-slider av-small-hide av-mini-hide av-slideshow-ui av-control-default av-slideshow-manual av-loop-once av-loop-manual-endless av-default-height-applied   avia-slideshow-1' data-slideshow-options=\"{&quot;animation&quot;:&quot;slide&quot;,&quot;autoplay&quot;:false,&quot;loop_autoplay&quot;:&quot;once&quot;,&quot;interval&quot;:5,&quot;loop_manual&quot;:&quot;manual-endless&quot;,&quot;autoplay_stopper&quot;:false,&quot;noNavigation&quot;:false,&quot;bg_slider&quot;:false,&quot;keep_padding&quot;:false,&quot;hoverpause&quot;:false,&quot;show_slide_delay&quot;:0}\"  itemprop=\"image\" itemscope=\"itemscope\" itemtype=\"https:\/\/schema.org\/ImageObject\" ><ul class='avia-slideshow-inner ' style='padding-bottom: 28.666666666667%;'><li  class='avia-slideshow-slide av-k1j1h7r4-17fad0c04e97232114a4dbde8c055e8e__0  av-single-slide slide-1 slide-odd'><div data-rel='slideshow-1' class='avia-slide-wrap '   ><div class='av-slideshow-caption av-k1j1h7r4-17fad0c04e97232114a4dbde8c055e8e__0 caption_fullwidth caption_center caption_center_framed caption_framed'><div class=\"container caption_container\"><div class=\"slideshow_caption\"><div class=\"slideshow_inner_caption\"><div class=\"slideshow_align_caption\"><h2 class='avia-caption-title '  itemprop=\"name\" >Vauhdita globaalia myynti\u00e4<\/h2><div class='avia-caption-content '  itemprop=\"description\" ><p>Kasvata liiketoimintaasi kansainv\u00e4lisesti<\/p>\n<\/div><\/div><\/div><\/div><\/div><\/div><img decoding=\"async\" fetchpriority=\"high\" class=\"wp-image-106338 avia-img-lazy-loading-not-106338\"  src=\"https:\/\/www.star-ts.com\/wp-content\/uploads\/2019\/10\/businessman-2682712_1920-1500x430.jpg\" width=\"1500\" height=\"430\" title='liikemies ja maailmanlaajuinen k\u00e4\u00e4nn\u00f6sty\u00f6' alt='K\u00e4\u00e4nn\u00f6s | K\u00e4\u00e4nt\u00e4j\u00e4 | Maailmanlaajuinen'  itemprop=\"thumbnailUrl\"   \/><\/div><\/li><\/ul><\/div><\/div><div id='after_full_slider_1'  class='main_color av_default_container_wrap container_wrap sidebar_right'  ><div class='container av-section-cont-open' ><div class='template-page content  av-content-small alpha units'><div class='post-entry post-entry-type-page post-entry-121126'><div class='entry-content-wrapper clearfix'>\n<div  class='flex_column av-g7jxfb-6e6ec50eeb5e70e42272fb416bac5cd4 av_one_fifth  avia-builder-el-1  el_after_av_slideshow_full  el_before_av_one_fifth  avia-builder-el-first  first flex_column_div  '     ><p>\n<style type=\"text\/css\" data-created_by=\"avia_inline_auto\" id=\"style-css-av-kwxgdpfw-7de17b8b38c58f28e3cb0f4b99c9852e\">\n.avia-image-container.av-kwxgdpfw-7de17b8b38c58f28e3cb0f4b99c9852e img.avia_image{\nbox-shadow:none;\n}\n.avia-image-container.av-kwxgdpfw-7de17b8b38c58f28e3cb0f4b99c9852e .av-image-caption-overlay-center{\ncolor:#ffffff;\n}\n<\/style>\n<div  class='avia-image-container av-kwxgdpfw-7de17b8b38c58f28e3cb0f4b99c9852e av-styling- avia-align-center  avia-builder-el-2  el_before_av_textblock  avia-builder-el-first '   itemprop=\"image\" itemscope=\"itemscope\" itemtype=\"https:\/\/schema.org\/ImageObject\" ><div class=\"avia-image-container-inner\"><div class=\"avia-image-overlay-wrap\"><img decoding=\"async\" fetchpriority=\"high\" class='wp-image-107823 avia-img-lazy-loading-not-107823 avia_image ' src=\"https:\/\/www.star-ts.com\/wp-content\/uploads\/software-localization-icon.png\" alt='World Icon' title='World Icon'  height=\"59\" width=\"59\"  itemprop=\"thumbnailUrl\" srcset=\"https:\/\/www.star-ts.com\/wp-content\/uploads\/software-localization-icon.png 59w, https:\/\/www.star-ts.com\/wp-content\/uploads\/software-localization-icon-36x36.png 36w\" sizes=\"(max-width: 59px) 100vw, 59px\" \/><\/div><\/div><\/div><br \/>\n<section  class='av_textblock_section av-kwxgd5ps-a747ca99b1bcb708a8278b9e19a052d5 '   itemscope=\"itemscope\" itemtype=\"https:\/\/schema.org\/CreativeWork\" ><div class='avia_textblock'  itemprop=\"text\" ><p style=\"text-align: center;\"><strong><a href=\"https:\/\/www.star-ts.com\/about\/customer-references\/\">Asiakasreferenssit<\/a><\/strong><\/p>\n<\/div><\/section><\/p><\/div>\n<div  class='flex_column av-dq21rr-5ae656272341adcd095d03d9dc0c39f5 av_one_fifth  avia-builder-el-4  el_after_av_one_fifth  el_before_av_one_fifth  flex_column_div  '     ><p>\n<style type=\"text\/css\" data-created_by=\"avia_inline_auto\" id=\"style-css-av-bv6n3r-eba9be625a5e34125acafac487038aaa\">\n.avia-image-container.av-bv6n3r-eba9be625a5e34125acafac487038aaa img.avia_image{\nbox-shadow:none;\n}\n.avia-image-container.av-bv6n3r-eba9be625a5e34125acafac487038aaa .av-image-caption-overlay-center{\ncolor:#ffffff;\n}\n<\/style>\n<div  class='avia-image-container av-bv6n3r-eba9be625a5e34125acafac487038aaa av-styling- avia-align-center  avia-builder-el-5  el_before_av_textblock  avia-builder-el-first '   itemprop=\"image\" itemscope=\"itemscope\" itemtype=\"https:\/\/schema.org\/ImageObject\" ><div class=\"avia-image-container-inner\"><div class=\"avia-image-overlay-wrap\"><img decoding=\"async\" fetchpriority=\"high\" class='wp-image-107823 avia-img-lazy-loading-not-107823 avia_image ' src=\"https:\/\/www.star-ts.com\/wp-content\/uploads\/software-localization-icon.png\" alt='World Icon' title='World Icon'  height=\"59\" width=\"59\"  itemprop=\"thumbnailUrl\" srcset=\"https:\/\/www.star-ts.com\/wp-content\/uploads\/software-localization-icon.png 59w, https:\/\/www.star-ts.com\/wp-content\/uploads\/software-localization-icon-36x36.png 36w\" sizes=\"(max-width: 59px) 100vw, 59px\" \/><\/div><\/div><\/div><br \/>\n<section  class='av_textblock_section av-kwxgetif-bf7dd112043e0737bd068b82e9917f8d '   itemscope=\"itemscope\" itemtype=\"https:\/\/schema.org\/CreativeWork\" ><div class='avia_textblock'  itemprop=\"text\" ><p style=\"text-align: center;\"><strong><a href=\"https:\/\/www.star-ts.com\/fi\/why-star\/\">Miksi STAR?<\/a><\/strong><\/p>\n<\/div><\/section><\/p><\/div>\n<div  class='flex_column av-aopd3b-97b851b1e22c52b7e739a5f4e33e8cb6 av_one_fifth  avia-builder-el-7  el_after_av_one_fifth  el_before_av_one_fifth  flex_column_div  '     ><p>\n<style type=\"text\/css\" data-created_by=\"avia_inline_auto\" id=\"style-css-av-9jmgcn-1a5539745027c037acf0723d22bff723\">\n.avia-image-container.av-9jmgcn-1a5539745027c037acf0723d22bff723 img.avia_image{\nbox-shadow:none;\n}\n.avia-image-container.av-9jmgcn-1a5539745027c037acf0723d22bff723 .av-image-caption-overlay-center{\ncolor:#ffffff;\n}\n<\/style>\n<div  class='avia-image-container av-9jmgcn-1a5539745027c037acf0723d22bff723 av-styling- avia-align-center  avia-builder-el-8  el_before_av_textblock  avia-builder-el-first '   itemprop=\"image\" itemscope=\"itemscope\" itemtype=\"https:\/\/schema.org\/ImageObject\" ><div class=\"avia-image-container-inner\"><div class=\"avia-image-overlay-wrap\"><img decoding=\"async\" fetchpriority=\"high\" class='wp-image-107823 avia-img-lazy-loading-not-107823 avia_image ' src=\"https:\/\/www.star-ts.com\/wp-content\/uploads\/software-localization-icon.png\" alt='World Icon' title='World Icon'  height=\"59\" width=\"59\"  itemprop=\"thumbnailUrl\" srcset=\"https:\/\/www.star-ts.com\/wp-content\/uploads\/software-localization-icon.png 59w, https:\/\/www.star-ts.com\/wp-content\/uploads\/software-localization-icon-36x36.png 36w\" sizes=\"(max-width: 59px) 100vw, 59px\" \/><\/div><\/div><\/div><br \/>\n<section  class='av_textblock_section av-kwxgfger-8474580a4abc3f25c90c24fef0c2d304 '   itemscope=\"itemscope\" itemtype=\"https:\/\/schema.org\/CreativeWork\" ><div class='avia_textblock'  itemprop=\"text\" ><p style=\"text-align: center;\"><strong><a href=\"https:\/\/www.star-ts.com\/about\/blog\/\">K\u00e4\u00e4nn\u00f6sblogi<\/a><\/strong><\/p>\n<\/div><\/section><\/p><\/div>\n<div  class='flex_column av-7gvhcn-21c39b8ce51f459a56797afcc52264d9 av_one_fifth  avia-builder-el-10  el_after_av_one_fifth  el_before_av_one_fifth  flex_column_div  '     ><p>\n<style type=\"text\/css\" data-created_by=\"avia_inline_auto\" id=\"style-css-av-59hbtz-aa31e402b5f57cf2d76aae41144e883c\">\n.avia-image-container.av-59hbtz-aa31e402b5f57cf2d76aae41144e883c img.avia_image{\nbox-shadow:none;\n}\n.avia-image-container.av-59hbtz-aa31e402b5f57cf2d76aae41144e883c .av-image-caption-overlay-center{\ncolor:#ffffff;\n}\n<\/style>\n<div  class='avia-image-container av-59hbtz-aa31e402b5f57cf2d76aae41144e883c av-styling- avia-align-center  avia-builder-el-11  el_before_av_textblock  avia-builder-el-first '   itemprop=\"image\" itemscope=\"itemscope\" itemtype=\"https:\/\/schema.org\/ImageObject\" ><div class=\"avia-image-container-inner\"><div class=\"avia-image-overlay-wrap\"><img decoding=\"async\" fetchpriority=\"high\" class='wp-image-107823 avia-img-lazy-loading-not-107823 avia_image ' src=\"https:\/\/www.star-ts.com\/wp-content\/uploads\/software-localization-icon.png\" alt='World Icon' title='World Icon'  height=\"59\" width=\"59\"  itemprop=\"thumbnailUrl\" srcset=\"https:\/\/www.star-ts.com\/wp-content\/uploads\/software-localization-icon.png 59w, https:\/\/www.star-ts.com\/wp-content\/uploads\/software-localization-icon-36x36.png 36w\" sizes=\"(max-width: 59px) 100vw, 59px\" \/><\/div><\/div><\/div><br \/>\n<section  class='av_textblock_section av-kwxgfz18-65154d89f89456e53c6b01af6609dbed '   itemscope=\"itemscope\" itemtype=\"https:\/\/schema.org\/CreativeWork\" ><div class='avia_textblock'  itemprop=\"text\" ><p style=\"text-align: center;\"><strong><a href=\"https:\/\/www.star-ts.com\/about\/jobs\/\">Ty\u00f6paikat<\/a><\/strong><\/p>\n<\/div><\/section><\/p><\/div>\n<div  class='flex_column av-3hfauv-8df89ba850ba27673666b6f5a34f4d7a av_one_fifth  avia-builder-el-13  el_after_av_one_fifth  el_before_av_one_full  flex_column_div  '     ><p>\n<style type=\"text\/css\" data-created_by=\"avia_inline_auto\" id=\"style-css-av-9kcjb-ec0c17a3723c220d11091ae0a6c23b64\">\n.avia-image-container.av-9kcjb-ec0c17a3723c220d11091ae0a6c23b64 img.avia_image{\nbox-shadow:none;\n}\n.avia-image-container.av-9kcjb-ec0c17a3723c220d11091ae0a6c23b64 .av-image-caption-overlay-center{\ncolor:#ffffff;\n}\n<\/style>\n<div  class='avia-image-container av-9kcjb-ec0c17a3723c220d11091ae0a6c23b64 av-styling- avia-align-center  avia-builder-el-14  el_before_av_textblock  avia-builder-el-first '   itemprop=\"image\" itemscope=\"itemscope\" itemtype=\"https:\/\/schema.org\/ImageObject\" ><div class=\"avia-image-container-inner\"><div class=\"avia-image-overlay-wrap\"><img decoding=\"async\" fetchpriority=\"high\" class='wp-image-107823 avia-img-lazy-loading-not-107823 avia_image ' src=\"https:\/\/www.star-ts.com\/wp-content\/uploads\/software-localization-icon.png\" alt='World Icon' title='World Icon'  height=\"59\" width=\"59\"  itemprop=\"thumbnailUrl\" srcset=\"https:\/\/www.star-ts.com\/wp-content\/uploads\/software-localization-icon.png 59w, https:\/\/www.star-ts.com\/wp-content\/uploads\/software-localization-icon-36x36.png 36w\" sizes=\"(max-width: 59px) 100vw, 59px\" \/><\/div><\/div><\/div><br \/>\n<section  class='av_textblock_section av-kwxggrw6-2a65de680b1b998c2371dadc671a6613 '   itemscope=\"itemscope\" itemtype=\"https:\/\/schema.org\/CreativeWork\" ><div class='avia_textblock'  itemprop=\"text\" ><p style=\"text-align: center;\"><strong><a href=\"https:\/\/www.star-ts.com\/about\/payment\/\">Suorita maksu<\/a><\/strong><\/p>\n<\/div><\/section><\/p><\/div>\n<p>\n<style type=\"text\/css\" data-created_by=\"avia_inline_auto\" id=\"style-css-av-ahgaxz-8c8ce2147b87757624d0a0ab1bd4bb5a\">\n.flex_column.av-ahgaxz-8c8ce2147b87757624d0a0ab1bd4bb5a{\nborder-radius:0px 0px 0px 0px;\npadding:0px 0px 0px 0px;\n}\n<\/style>\n<div  class='flex_column av-ahgaxz-8c8ce2147b87757624d0a0ab1bd4bb5a av_one_full  avia-builder-el-16  el_after_av_one_fifth  el_before_av_one_half  first flex_column_div av-zero-column-padding  column-top-margin'     ><section  class='av_textblock_section av-19qrtiv-910241feb0257e42c4d374023846b3df '   itemscope=\"itemscope\" itemtype=\"https:\/\/schema.org\/CreativeWork\" ><div class='avia_textblock'  itemprop=\"text\" ><h1>Palvelut ja markkinat<\/h1>\n<p>Yli 50 toimipisteell\u00e4mme yli 30 maassa k\u00e4\u00e4nn\u00e4mme sis\u00e4lt\u00f6\u00e4si auttaaksemme sinua tavoittamaan uusia asiakkaita.<\/p>\n<p>Yli nelj\u00e4n vuosikymmenen ajan STAR on tarjonnut kielisis\u00e4lt\u00f6\u00e4 asiakkaillemme, jotka palvelevat Australiaa, Kanadaa, Tanskaa, Suomea, Irlantia, Alankomaita, Uutta-Seelantia, Norjaa, Ruotsia, Sveitsi\u00e4 ja Yhdysvaltoja.<\/p>\n<\/div><\/section><br \/>\n\n<style type=\"text\/css\" data-created_by=\"avia_inline_auto\" id=\"style-css-av-m0xn1n85-399c73c63b970737a6bb078fc418349d\">\n.avia-video.av-m0xn1n85-399c73c63b970737a6bb078fc418349d{\nbackground-image:url(https:\/\/www.star-ts.com\/wp-content\/uploads\/dynamic_avia\/avia_video_thumbnails\/youtube\/PLGqWTR_EhE\/PLGqWTR_EhE-300x169.jpg);\n}\n<\/style>\n<div  class='avia-video av-m0xn1n85-399c73c63b970737a6bb078fc418349d avia-video-16-9 av-small-hide av-mini-hide av-preview-image avia-video-load-always avia-video-html5'  itemprop=\"video\" itemtype=\"https:\/\/schema.org\/VideoObject\"  data-original_url='https:\/\/www.star-ts.com\/wp-content\/uploads\/STAR-Future-Translation.mp4'><video class='avia_video' poster=\"https:\/\/www.star-ts.com\/wp-content\/uploads\/dynamic_avia\/avia_video_thumbnails\/youtube\/PLGqWTR_EhE\/PLGqWTR_EhE-300x169.jpg\" autoplay playsinline  preload=\"auto\" muted controls id='player_121126_27508096_1263975129'><source src='https:\/\/www.star-ts.com\/wp-content\/uploads\/STAR-Future-Translation.mp4' type='video\/mp4' \/><\/video><\/div><\/p><\/div>\n<style type=\"text\/css\" data-created_by=\"avia_inline_auto\" id=\"style-css-av-17f827b-d880bef81056a72227febc38001653d8\">\n.flex_column.av-17f827b-d880bef81056a72227febc38001653d8{\nborder-radius:0px 0px 0px 0px;\npadding:0px 0px 0px 0px;\n}\n<\/style>\n<div  class='flex_column av-17f827b-d880bef81056a72227febc38001653d8 av_one_half  avia-builder-el-19  el_after_av_one_full  el_before_av_one_half  first flex_column_div av-zero-column-padding  column-top-margin'     ><section  class='av_textblock_section av-16dfw5j-90c7e7ef725fe6aa8d99d2a8ce123a52 '   itemscope=\"itemscope\" itemtype=\"https:\/\/schema.org\/CreativeWork\" ><div class='avia_textblock'  itemprop=\"text\" ><h3>Palvelut ja j\u00e4rjestelm\u00e4t<\/h3>\n<p><strong>Asiakirjat ja verkkosivustot<br \/>\n<\/strong><\/p>\n<ul>\n<li>Ammattitaitoiset k\u00e4\u00e4nn\u00f6kset asiakirjoille ja verkkosivustoille yli 200 kielell\u00e4. Ty\u00f6skentelemme hallitusten ja kaupallisten yritysten kanssa. <\/li>\n<\/ul>\n<p><strong>Myynti &amp; markkinointi <\/strong><\/p>\n<ul>\n<li>K\u00e4\u00e4nn\u00e4 esitteesi, mainoksesi ja verkkosivustosi tavoittaaksesi enemm\u00e4n kansainv\u00e4lisi\u00e4 asiakkaita.<\/li>\n<\/ul>\n<p><strong>Tekninen dokumentaatio <\/strong><\/p>\n<ul>\n<li>K\u00e4\u00e4nn\u00e4mme k\u00e4ytt\u00f6oppaita, teknisi\u00e4 tietolehti\u00e4 ja asiakirjoja auttaaksemme asiakkaita saamaan parhaan hy\u00f6dyn tuotteistasi.<\/li>\n<\/ul>\n<p><strong>Ohjelmistoj\u00e4rjestelm\u00e4t <\/strong><\/p>\n<ul>\n<li>Ty\u00f6skentelem\u00e4ll\u00e4 eri sis\u00e4ll\u00f6nhallintaj\u00e4rjestelmien, ohjelmistokehitys- ja lokalisointitiimien kanssa voimme her\u00e4tt\u00e4\u00e4 j\u00e4rjestelm\u00e4si eloon kaikkialla maailmassa.<\/li>\n<\/ul>\n<p><strong>Monikielinen taitto <\/strong><\/p>\n<ul>\n<li>Voimme auttaa sinua toimittamaan tekniset asiakirjasi ja taiton mill\u00e4 tahansa kielell\u00e4. Ty\u00f6skentelemme maailman johtavien j\u00e4rjestelmien kanssa, mukaan lukien Adobe Creative Cloud, QuarkXpress, FrameMaker ja monet muut. <\/li>\n<\/ul>\n<\/div><\/section><\/div><\/p>\n\n<style type=\"text\/css\" data-created_by=\"avia_inline_auto\" id=\"style-css-av-14k82jr-10d24a8d539c4526ea1dcbf93cf39c51\">\n.flex_column.av-14k82jr-10d24a8d539c4526ea1dcbf93cf39c51{\nborder-radius:0px 0px 0px 0px;\npadding:0px 0px 0px 0px;\n}\n<\/style>\n<div  class='flex_column av-14k82jr-10d24a8d539c4526ea1dcbf93cf39c51 av_one_half  avia-builder-el-21  el_after_av_one_half  el_before_av_one_full  flex_column_div av-zero-column-padding  column-top-margin'     ><section  class='av_textblock_section av-13e0v6v-b17e867d1a0dd1dc104186208d969720 '   itemscope=\"itemscope\" itemtype=\"https:\/\/schema.org\/CreativeWork\" ><div class='avia_textblock'  itemprop=\"text\" ><h3>Miksi STAR?<\/h3>\n<p><strong>Yhden luukun palvelu <\/strong><\/p>\n<ul>\n<li>Viestint\u00e4 on helppoa STARin kanssa. Olemme nopeita ja luotettavia, teknisesti taitavia ja meill\u00e4 on tarvitsemasi alan asiantuntemus. <\/li>\n<\/ul>\n<p><strong>Sertifioitu laatu <\/strong><\/p>\n<ul>\n<li>Tarjoamme johdonmukaista k\u00e4\u00e4nn\u00f6slaatua ja kilpailukykyisen hinnoittelun. K\u00e4yt\u00e4mme natiivik\u00e4\u00e4nt\u00e4ji\u00e4 parhaan mahdollisen k\u00e4\u00e4nn\u00f6slaadun varmistamiseksi. <\/li>\n<\/ul>\n<p><strong>Erinomainen projektinhallinta <\/strong><\/p>\n<ul>\n<li>Saat omistetun projektip\u00e4\u00e4llik\u00f6n, joka on asiakasl\u00e4ht\u00f6inen, rehellinen ja tavoitettavissa tarvittaessa. N\u00e4in pysyt aina aikataulussa. <\/li>\n<\/ul>\n<\/div><\/section><\/div>\n\n<style type=\"text\/css\" data-created_by=\"avia_inline_auto\" id=\"style-css-av-11szr5j-c8aaf4f42e6a2a60217fc689ee3ac23b\">\n.flex_column.av-11szr5j-c8aaf4f42e6a2a60217fc689ee3ac23b{\nborder-radius:0px 0px 0px 0px;\npadding:0px 0px 0px 0px;\n}\n<\/style>\n<div  class='flex_column av-11szr5j-c8aaf4f42e6a2a60217fc689ee3ac23b av_one_full  avia-builder-el-23  el_after_av_one_half  el_before_av_one_full  first flex_column_div av-zero-column-padding  column-top-margin'     ><section  class='av_textblock_section av-cug2v-bd6352501c20ef8ea669b5bfd921d3fe '   itemscope=\"itemscope\" itemtype=\"https:\/\/schema.org\/CreativeWork\" ><div class='avia_textblock'  itemprop=\"text\" ><h3>Asiakkaamme<\/h3>\n<p>Ty\u00f6skentelemme asiakkaiden kanssa digitaalisen markkinoinnin, agriteknologian, teknisen suunnittelun, koneiden ja ohjelmistojulkaisun aloilla. Asiakkaidemme joukossa ovat muun muassa <strong>BMW<\/strong>, <strong>CRH<\/strong>, <strong>Hilti<\/strong>, <strong>APC<\/strong>, <strong>Schneider Electric<\/strong>, <strong>Cummins<\/strong>, <strong>FG Wilson<\/strong>, <strong>IDA Ireland<\/strong>, <strong>International Dairy Queen<\/strong>, <strong>Kingspan<\/strong>, <strong>Tomra<\/strong>, <strong>TRW<\/strong> ja monet muut.<\/p>\n<\/div><\/section><\/div>\n\n<style type=\"text\/css\" data-created_by=\"avia_inline_auto\" id=\"style-css-av-xaamo7-d0464085e2cb199c3d8132d9bed4146b\">\n.flex_column.av-xaamo7-d0464085e2cb199c3d8132d9bed4146b{\nborder-radius:0px 0px 0px 0px;\npadding:0px 0px 0px 0px;\n}\n<\/style>\n<div  class='flex_column av-xaamo7-d0464085e2cb199c3d8132d9bed4146b av_one_full  avia-builder-el-25  el_after_av_one_full  el_before_av_one_full  first flex_column_div av-zero-column-padding  column-top-margin'     ><section  class='av_textblock_section av-kke622ts-7e15d354c96490f5cf76a88605e081d1 '   itemscope=\"itemscope\" itemtype=\"https:\/\/schema.org\/CreativeWork\" ><div class='avia_textblock'  itemprop=\"text\" ><h3>K\u00e4\u00e4nn\u00f6spalvelut<\/h3>\n<p>Olemme erikoistuneet tekniseen k\u00e4\u00e4nn\u00f6sty\u00f6h\u00f6n ja autamme asiakkaitamme toimittamaan loistavia teknisi\u00e4 julkaisuja ymp\u00e4ri maailmaa.<\/p>\n<p>K\u00e4\u00e4nn\u00f6spalvelut:<\/p>\n<ul>\n<li>WordPress, DNN Evoq, Joomla, Adobe AEM jne.<\/li>\n<li>Adobe InDesign ja FrameMaker; Microsoft Word, Excel ja PowerPoint; QuarkXpress<\/li>\n<li>XML; XLIFF; ASP; HTML ja paljon muuta<\/li>\n<\/ul>\n<\/div><\/section><br \/>\n<section  class='av_textblock_section av-ky8ydld7-8e779c11c128747cd35e54381f406fd8 '   itemscope=\"itemscope\" itemtype=\"https:\/\/schema.org\/CreativeWork\" ><div class='avia_textblock'  itemprop=\"text\" ><h3>Toiminimet<\/h3>\n<p>Yritys toimii seuraavilla nimill\u00e4.<\/p>\n<p>Virallinen yritysrekister\u00f6inti on <strong><a href=\"https:\/\/www.star-ts.com\/fi\/about\/key-performance-solutions-limited\/\">Key Performance Solutions Limited<\/a><\/strong> -nimell\u00e4.<\/p>\n<p>Toimimme kauppanimill\u00e4 <strong>STAR Translation Services<\/strong> ja <strong>STAR Technology Solutions<\/strong>.<\/p>\n<\/div><\/section><\/p><\/div>\n<div  class='flex_column av-29cxz-dd98d4a63592beefb9f457a198be344c av_one_full  avia-builder-el-28  el_after_av_one_full  avia-builder-el-last  first flex_column_div  column-top-margin'     ><section  class='av_textblock_section av-43ohg7-dbfff5385f47723fe978891c8db1db1a '   itemscope=\"itemscope\" itemtype=\"https:\/\/schema.org\/CreativeWork\" ><div class='avia_textblock'  itemprop=\"text\" ><div  class='avia-button-wrap avia-button-center  avia-builder-el-30  avia-builder-el-no-sibling '>\n<style type=\"text\/css\" data-created_by=\"avia_inline_auto\" id=\"style-css-av-29tasn-98b4d804edfedcfefe71dd063c30070d\">\n#top #wrap_all .avia-button.av-29tasn-98b4d804edfedcfefe71dd063c30070d:hover{\ncolor:white;\ntransition:all 0.4s ease-in-out;\n}\n#top #wrap_all .avia-button.av-29tasn-98b4d804edfedcfefe71dd063c30070d:hover .avia-svg-icon svg:first-child{\nfill:white;\nstroke:white;\n}\n<\/style>\n<a href='https:\/\/www.star-ts.com\/fi\/yhteystiedot\/' class='avia-color-theme-color avia-font-color-theme-color avia-button avia-button-fullwidth av-29tasn-98b4d804edfedcfefe71dd063c30070d avia-icon_select-no avia-color-theme-color'  title=\"Contact Us\" aria-label=\"Contact Us\"><span class='avia_iconbox_title' >Ota yhteytt\u00e4<\/span><span class='avia_button_background avia-button avia-button-fullwidth avia-color-theme-color-highlight'><\/span><\/a><\/div>\n<\/div><\/section><\/div>\n","protected":false},"excerpt":{"rendered":"<p>Tietoa STARista: K\u00e4\u00e4nn\u00e4mme asiakirjoja, verkkosivustoja ja esitteit\u00e4 yli 200 kielelle \u2013 Vauhdita globaalia myynti\u00e4 jo t\u00e4n\u00e4\u00e4n.<\/p>\n","protected":false},"author":1,"featured_media":106338,"parent":0,"menu_order":5,"comment_status":"closed","ping_status":"closed","template":"","meta":{"footnotes":""},"class_list":["post-121126","page","type-page","status-publish","has-post-thumbnail","hentry"],"_links":{"self":[{"href":"https:\/\/www.star-ts.com\/fi\/wp-json\/wp\/v2\/pages\/121126","targetHints":{"allow":["GET"]}}],"collection":[{"href":"https:\/\/www.star-ts.com\/fi\/wp-json\/wp\/v2\/pages"}],"about":[{"href":"https:\/\/www.star-ts.com\/fi\/wp-json\/wp\/v2\/types\/page"}],"author":[{"embeddable":true,"href":"https:\/\/www.star-ts.com\/fi\/wp-json\/wp\/v2\/users\/1"}],"replies":[{"embeddable":true,"href":"https:\/\/www.star-ts.com\/fi\/wp-json\/wp\/v2\/comments?post=121126"}],"version-history":[{"count":0,"href":"https:\/\/www.star-ts.com\/fi\/wp-json\/wp\/v2\/pages\/121126\/revisions"}],"wp:featuredmedia":[{"embeddable":true,"href":"https:\/\/www.star-ts.com\/fi\/wp-json\/wp\/v2\/media\/106338"}],"wp:attachment":[{"href":"https:\/\/www.star-ts.com\/fi\/wp-json\/wp\/v2\/media?parent=121126"}],"curies":[{"name":"wp","href":"https:\/\/api.w.org\/{rel}","templated":true}]}}