{"id":121110,"date":"2026-01-05T12:30:58","date_gmt":"2026-01-05T12:30:58","guid":{"rendered":"https:\/\/www.star-ts.com\/customer-reviews\/"},"modified":"2026-01-05T12:31:22","modified_gmt":"2026-01-05T12:31:22","slug":"customer-reviews","status":"publish","type":"page","link":"https:\/\/www.star-ts.com\/fi\/customer-reviews\/","title":{"rendered":"Asiakasarvostelut"},"content":{"rendered":"\n\n<style type=\"text\/css\" data-created_by=\"avia_inline_auto\" id=\"style-css-av-ia9rmr-3cdb3cc7a942eb948d4c44dfdcf92c7e\">\n.flex_column.av-ia9rmr-3cdb3cc7a942eb948d4c44dfdcf92c7e{\nborder-radius:0px 0px 0px 0px;\npadding:0px 0px 0px 0px;\n}\n<\/style>\n<div  class='flex_column av-ia9rmr-3cdb3cc7a942eb948d4c44dfdcf92c7e av_one_full  avia-builder-el-1  el_after_av_codeblock  el_before_av_one_full  first flex_column_div av-zero-column-padding  '     ><section  class='av_textblock_section av-klmc8pzr-3b0f8616c759a87cffafd8a2c8732d14 '   itemscope=\"itemscope\" itemtype=\"https:\/\/schema.org\/CreativeWork\" ><div class='avia_textblock'  itemprop=\"text\" ><h1>Asiakasarvostelut<\/h1>\n<p>T\u00e4ss\u00e4 mit\u00e4 asiakkaamme sanovat meist\u00e4.<\/p>\n<p><strong><a href=\"https:\/\/g.page\/startranslation\/review?rc\">Arvostele STAR Translation Googlessa<\/a><\/strong><\/p>\n<p>Haluaisimme kuulla palautettasi. Se auttaa meit\u00e4 kehittym\u00e4\u00e4n ja auttaa muita k\u00e4\u00e4nn\u00f6spalveluita etsivi\u00e4 heid\u00e4n p\u00e4\u00e4t\u00f6ksentekoprosessissaan.<\/p>\n<\/div><\/section><\/div>\n\n<style type=\"text\/css\" data-created_by=\"avia_inline_auto\" id=\"style-css-av-n1uw6b-d3fa0957191b093b48994a91f31855cb\">\n.flex_column.av-n1uw6b-d3fa0957191b093b48994a91f31855cb{\nborder-radius:0px 0px 0px 0px;\npadding:0px 0px 0px 0px;\n}\n<\/style>\n<div  class='flex_column av-n1uw6b-d3fa0957191b093b48994a91f31855cb av_one_full  avia-builder-el-3  el_after_av_one_full  avia-builder-el-last  first flex_column_div av-zero-column-padding  column-top-margin'     ><section  class='av_textblock_section av-klmcwo81-4bf23f3074e11f241e7f25b10734b452 '   itemscope=\"itemscope\" itemtype=\"https:\/\/schema.org\/CreativeWork\" ><div class='avia_textblock'  itemprop=\"text\" ><h2><strong>Googlen arvostelut:<\/strong><\/h2>\n<\/div><\/section><br \/>\n<br \/>\n<\/p><\/div>\n","protected":false},"excerpt":{"rendered":"<p>Asiakasarvostelut: T\u00e4ss\u00e4 mit\u00e4 asiakkaamme sanovat meist\u00e4. Lue asiakkaidemme Googlen arvostelut. <\/p>\n","protected":false},"author":1,"featured_media":71930,"parent":0,"menu_order":0,"comment_status":"closed","ping_status":"closed","template":"","meta":{"footnotes":""},"class_list":["post-121110","page","type-page","status-publish","has-post-thumbnail","hentry"],"_links":{"self":[{"href":"https:\/\/www.star-ts.com\/fi\/wp-json\/wp\/v2\/pages\/121110","targetHints":{"allow":["GET"]}}],"collection":[{"href":"https:\/\/www.star-ts.com\/fi\/wp-json\/wp\/v2\/pages"}],"about":[{"href":"https:\/\/www.star-ts.com\/fi\/wp-json\/wp\/v2\/types\/page"}],"author":[{"embeddable":true,"href":"https:\/\/www.star-ts.com\/fi\/wp-json\/wp\/v2\/users\/1"}],"replies":[{"embeddable":true,"href":"https:\/\/www.star-ts.com\/fi\/wp-json\/wp\/v2\/comments?post=121110"}],"version-history":[{"count":0,"href":"https:\/\/www.star-ts.com\/fi\/wp-json\/wp\/v2\/pages\/121110\/revisions"}],"wp:featuredmedia":[{"embeddable":true,"href":"https:\/\/www.star-ts.com\/fi\/wp-json\/wp\/v2\/media\/71930"}],"wp:attachment":[{"href":"https:\/\/www.star-ts.com\/fi\/wp-json\/wp\/v2\/media?parent=121110"}],"curies":[{"name":"wp","href":"https:\/\/api.w.org\/{rel}","templated":true}]}}