{"id":118541,"date":"2025-11-05T13:16:12","date_gmt":"2025-11-05T13:16:12","guid":{"rendered":"https:\/\/www.star-ts.com\/404-sivua-ei-loydy\/"},"modified":"2026-01-05T12:36:04","modified_gmt":"2026-01-05T12:36:04","slug":"404-sivua-ei-loydy","status":"publish","type":"page","link":"https:\/\/www.star-ts.com\/fi\/404-sivua-ei-loydy\/","title":{"rendered":"404 Sivua ei l\u00f6ydy"},"content":{"rendered":"<p>\n<style type=\"text\/css\" data-created_by=\"avia_inline_auto\" id=\"style-css-av-36uf6yk-b7ff538ba3d5a1084aaeadecfae7aa10\">\n.flex_column.av-36uf6yk-b7ff538ba3d5a1084aaeadecfae7aa10{\nborder-radius:0px 0px 0px 0px;\npadding:0px 0px 0px 0px;\n}\n<\/style>\n<div  class='flex_column av-36uf6yk-b7ff538ba3d5a1084aaeadecfae7aa10 av_two_fifth  avia-builder-el-0  el_before_av_three_fifth  avia-builder-el-first  first flex_column_div av-zero-column-padding  '     ><style type=\"text\/css\" data-created_by=\"avia_inline_auto\" id=\"style-css-av-kl0w7lvb-b01cbc66bbb8e8826cffcb05d7fbf06c\">\n.avia-image-container.av-kl0w7lvb-b01cbc66bbb8e8826cffcb05d7fbf06c img.avia_image{\nbox-shadow:none;\n}\n.avia-image-container.av-kl0w7lvb-b01cbc66bbb8e8826cffcb05d7fbf06c .av-image-caption-overlay-center{\ncolor:#ffffff;\n}\n<\/style>\n<div  class='avia-image-container av-kl0w7lvb-b01cbc66bbb8e8826cffcb05d7fbf06c av-styling- avia-align-center  avia-builder-el-1  avia-builder-el-no-sibling '   itemprop=\"image\" itemscope=\"itemscope\" itemtype=\"https:\/\/schema.org\/ImageObject\" ><div class=\"avia-image-container-inner\"><div class=\"avia-image-overlay-wrap\"><img decoding=\"async\" fetchpriority=\"high\" class='wp-image-70741 avia-img-lazy-loading-not-70741 avia_image ' src=\"https:\/\/www.star-ts.com\/wp-content\/uploads\/2017\/09\/Q20-thinking-2681494_640.jpg\" alt='Person looking lost and confused' title='Person looking lost and confused'  height=\"427\" width=\"640\"  itemprop=\"thumbnailUrl\" srcset=\"https:\/\/www.star-ts.com\/wp-content\/uploads\/2017\/09\/Q20-thinking-2681494_640.jpg 640w, https:\/\/www.star-ts.com\/wp-content\/uploads\/2017\/09\/Q20-thinking-2681494_640-80x53.jpg 80w, https:\/\/www.star-ts.com\/wp-content\/uploads\/2017\/09\/Q20-thinking-2681494_640-300x200.jpg 300w, https:\/\/www.star-ts.com\/wp-content\/uploads\/2017\/09\/Q20-thinking-2681494_640-450x300.jpg 450w\" sizes=\"(max-width: 640px) 100vw, 640px\" \/><\/div><\/div><\/div><\/div>\n<style type=\"text\/css\" data-created_by=\"avia_inline_auto\" id=\"style-css-av-2gf92ws-9e87b86b9ead58d67c82092f8708bed7\">\n.flex_column.av-2gf92ws-9e87b86b9ead58d67c82092f8708bed7{\nborder-radius:0px 0px 0px 0px;\npadding:0px 0px 0px 0px;\n}\n<\/style>\n<div  class='flex_column av-2gf92ws-9e87b86b9ead58d67c82092f8708bed7 av_three_fifth  avia-builder-el-2  el_after_av_two_fifth  el_before_av_one_full  flex_column_div av-zero-column-padding  '     ><section  class='av_textblock_section av-kl0wb8vs-fbd8a45f44f2bea0c0ba9a5908b873cd '   itemscope=\"itemscope\" itemtype=\"https:\/\/schema.org\/CreativeWork\" ><div class='avia_textblock'  itemprop=\"text\" ><h1>Hups!<\/h1>\n<p>Etsim\u00e4\u00e4si sivua ei l\u00f6ytynyt.<\/p>\n<p>P\u00e4ivit\u00e4mme verkkosivujamme s\u00e4\u00e4nn\u00f6llisesti ja toisinaan vaihdamme sivuille uusia sis\u00e4lt\u00f6j\u00e4.\u00a0T\u00e4ss\u00e4 on muutama suosittu sis\u00e4lt\u00f6vinkki, joilla p\u00e4\u00e4set helposti alkuun.<\/p>\n<ul>\n<li><a href=\"https:\/\/www.star-ts.com\/translation-services\/technical-translation\/\">Tekniset k\u00e4\u00e4nn\u00f6spalvelut<\/a><\/li>\n<li><a href=\"https:\/\/www.star-ts.com\/fi\/indesign-kaannos\/\">InDesign-k\u00e4\u00e4nn\u00f6s<\/a><\/li>\n<li><a href=\"https:\/\/www.star-ts.com\/how-do-you-translate-a-wordpress-website-with-wpml\/\">WordPress-k\u00e4\u00e4nn\u00f6s<\/a><\/li>\n<li><a href=\"https:\/\/www.star-ts.com\/about\/jobs\/\">Ty\u00f6paikat<\/a><\/li>\n<li><a href=\"https:\/\/cloud.star-ts.com\">STAR Translation Cloudin sis\u00e4\u00e4nkirjautuminen<\/a><\/li>\n<li><a href=\"https:\/\/www.star-ts.com\/fi\/academy\/\">Training Academy (pilvipalvelu, k\u00e4\u00e4nt\u00e4minen, lokalisointi)<\/a><\/li>\n<\/ul>\n<\/div><\/section><\/div><div  class='flex_column av-1i24h0c-2c52c862d28aed880054b134df0251a8 av_one_full  avia-builder-el-4  el_after_av_three_fifth  avia-builder-el-last  first flex_column_div  '     ><section  class='av_textblock_section av-150ywbg-43f494bcb3206b628cd80aeb78808903 '   itemscope=\"itemscope\" itemtype=\"https:\/\/schema.org\/CreativeWork\" ><div class='avia_textblock'  itemprop=\"text\" ><div  class='avia-button-wrap avia-button-center  avia-builder-el-6  avia-builder-el-no-sibling '>\n<style type=\"text\/css\" data-created_by=\"avia_inline_auto\" id=\"style-css-av-q5dcik-2948d561782271f09373e4c96dc84b10\">\n#top #wrap_all .avia-button.av-q5dcik-2948d561782271f09373e4c96dc84b10:hover{\ncolor:white;\ntransition:all 0.4s ease-in-out;\n}\n#top #wrap_all .avia-button.av-q5dcik-2948d561782271f09373e4c96dc84b10:hover .avia-svg-icon svg:first-child{\nfill:white;\nstroke:white;\n}\n<\/style>\n<a href='https:\/\/www.star-ts.com\/fi\/yhteystiedot\/' class='avia-color-theme-color avia-font-color-theme-color avia-button avia-button-fullwidth av-q5dcik-2948d561782271f09373e4c96dc84b10 avia-icon_select-no avia-color-theme-color'  title=\"Contact Us\" aria-label=\"Contact Us\"><span class='avia_iconbox_title' >Ota meihin yhteytt\u00e4<\/span><span class='avia_button_background avia-button avia-button-fullwidth avia-color-theme-color-highlight'><\/span><\/a><\/div>\n<\/div><\/section><\/div><\/p>\n","protected":false},"excerpt":{"rendered":"<p>Hups! Etsim\u00e4\u00e4si sivua ei l\u00f6ytynyt. P\u00e4ivit\u00e4mme verkkosivujamme usein ja toisinaan vaihdamme sivuille uusia sis\u00e4lt\u00f6j\u00e4. T\u00e4ll\u00f6in voi k\u00e4yd\u00e4 niin, ett\u00e4 jokin asia j\u00e4\u00e4 huomaamatta ja linkki katoaa.<\/p>\n","protected":false},"author":1,"featured_media":70741,"parent":0,"menu_order":0,"comment_status":"closed","ping_status":"closed","template":"","meta":{"footnotes":""},"class_list":["post-118541","page","type-page","status-publish","has-post-thumbnail","hentry"],"_links":{"self":[{"href":"https:\/\/www.star-ts.com\/fi\/wp-json\/wp\/v2\/pages\/118541","targetHints":{"allow":["GET"]}}],"collection":[{"href":"https:\/\/www.star-ts.com\/fi\/wp-json\/wp\/v2\/pages"}],"about":[{"href":"https:\/\/www.star-ts.com\/fi\/wp-json\/wp\/v2\/types\/page"}],"author":[{"embeddable":true,"href":"https:\/\/www.star-ts.com\/fi\/wp-json\/wp\/v2\/users\/1"}],"replies":[{"embeddable":true,"href":"https:\/\/www.star-ts.com\/fi\/wp-json\/wp\/v2\/comments?post=118541"}],"version-history":[{"count":0,"href":"https:\/\/www.star-ts.com\/fi\/wp-json\/wp\/v2\/pages\/118541\/revisions"}],"wp:featuredmedia":[{"embeddable":true,"href":"https:\/\/www.star-ts.com\/fi\/wp-json\/wp\/v2\/media\/70741"}],"wp:attachment":[{"href":"https:\/\/www.star-ts.com\/fi\/wp-json\/wp\/v2\/media?parent=118541"}],"curies":[{"name":"wp","href":"https:\/\/api.w.org\/{rel}","templated":true}]}}