{"id":118456,"date":"2025-11-05T13:16:00","date_gmt":"2025-11-05T13:16:00","guid":{"rendered":"https:\/\/www.star-ts.com\/tekniikan-alan-kaannospalvelut\/"},"modified":"2025-11-05T13:16:10","modified_gmt":"2025-11-05T13:16:10","slug":"tekniikan-alan-kaannospalvelut","status":"publish","type":"page","link":"https:\/\/www.star-ts.com\/fi\/tekniikan-alan-kaannospalvelut\/","title":{"rendered":"Tekniikan alan k\u00e4\u00e4nn\u00f6spalvelut"},"content":{"rendered":"<div id='full_slider_1'  class='avia-fullwidth-slider main_color avia-shadow   avia-builder-el-0  el_before_av_one_full  avia-builder-el-first   container_wrap sidebar_right'  ><div  class='avia-slideshow av-kna8dtog-854dd1fcaeaff948e42a2d9f92a7cf7c avia-slideshow-featured av_slideshow_full avia-slide-slider av-slideshow-ui av-control-default av-slideshow-manual av-loop-once av-loop-manual-endless av-default-height-applied   avia-slideshow-1' data-slideshow-options=\"{&quot;animation&quot;:&quot;slide&quot;,&quot;autoplay&quot;:false,&quot;loop_autoplay&quot;:&quot;once&quot;,&quot;interval&quot;:5,&quot;loop_manual&quot;:&quot;manual-endless&quot;,&quot;autoplay_stopper&quot;:false,&quot;noNavigation&quot;:false,&quot;bg_slider&quot;:false,&quot;keep_padding&quot;:false,&quot;hoverpause&quot;:false,&quot;show_slide_delay&quot;:0}\"  itemprop=\"image\" itemscope=\"itemscope\" itemtype=\"https:\/\/schema.org\/ImageObject\" ><ul class='avia-slideshow-inner ' style='padding-bottom: 28.666666666667%;'><li  class='avia-slideshow-slide av-kna8dtog-854dd1fcaeaff948e42a2d9f92a7cf7c__0  av-single-slide slide-1 slide-odd'><div data-rel='slideshow-1' class='avia-slide-wrap '   ><div class='av-slideshow-caption av-kna8dtog-854dd1fcaeaff948e42a2d9f92a7cf7c__0 caption_fullwidth caption_center caption_center_framed caption_framed'><div class=\"container caption_container\"><div class=\"slideshow_caption\"><div class=\"slideshow_inner_caption\"><div class=\"slideshow_align_caption\"><h2 class='avia-caption-title '  itemprop=\"name\" >Tekniikan alan k\u00e4\u00e4nn\u00f6spalvelut<\/h2><div class='avia-caption-content '  itemprop=\"description\" ><p>Tekninen k\u00e4\u00e4nn\u00f6s<\/p>\n<\/div><\/div><\/div><\/div><\/div><\/div><img decoding=\"async\" fetchpriority=\"high\" class=\"wp-image-71945 avia-img-lazy-loading-not-71945\"  src=\"https:\/\/www.star-ts.com\/wp-content\/uploads\/2018\/04\/engineering-hp-1500x430.jpg\" width=\"1500\" height=\"430\" title='Naispuolinen teollisuusinsin\u00f6\u00f6ri ty\u00f6skentelee tietokoneella ja suunnittelee 3D-turbiinimallia raskaan teollisuuden tehtaassa ja keskustelee samalla tablettitietokonetta k\u00e4ytt\u00e4v\u00e4n miespuolisen kollegansa kanssa.' alt='Tekniikka'  itemprop=\"thumbnailUrl\"   \/><\/div><\/li><\/ul><\/div><\/div><div id='after_full_slider_1'  class='main_color av_default_container_wrap container_wrap sidebar_right'  ><div class='container av-section-cont-open' ><div class='template-page content  av-content-small alpha units'><div class='post-entry post-entry-type-page post-entry-118456'><div class='entry-content-wrapper clearfix'>\n\n<style type=\"text\/css\" data-created_by=\"avia_inline_auto\" id=\"style-css-av-2luaqpp-8befd5bb5ad5546af01fd388b9100ef7\">\n.flex_column.av-2luaqpp-8befd5bb5ad5546af01fd388b9100ef7{\nborder-radius:0px 0px 0px 0px;\npadding:0px 0px 0px 0px;\n}\n<\/style>\n<div  class='flex_column av-2luaqpp-8befd5bb5ad5546af01fd388b9100ef7 av_one_full  avia-builder-el-1  el_after_av_slideshow_full  el_before_av_one_full  avia-builder-el-first  first flex_column_div av-zero-column-padding  '     ><section  class='av_textblock_section av-kna87eax-77535d5dd37d07e54ed7f0ef45f04b29 '   itemscope=\"itemscope\" itemtype=\"https:\/\/schema.org\/CreativeWork\" ><div class='avia_textblock'  itemprop=\"text\" ><h1>TEKNIIKAN ALAN K\u00c4\u00c4NN\u00d6SPALVELUT<\/h1>\n<p>Olemme palvelleet teknisell\u00e4 alalla vuodesta 1984 l\u00e4htien ja tarjonneet k\u00e4\u00e4nn\u00f6spalveluja ymp\u00e4ri maailman Fortune 500 -yrityksille kuten Siemensille ja Boschille. Meill\u00e4 on laaja tekninen osaaminen ja kokemusta monien merkitt\u00e4vien yritysten palvelemisesta.<\/p>\n<p>Tekninen k\u00e4\u00e4nn\u00f6s on yksi haastavimmista aloista: terminologia voi olla monimutkaista, ja k\u00e4\u00e4nn\u00f6ksen on oltava tarkka. K\u00e4\u00e4nt\u00e4jien on ymm\u00e4rrett\u00e4v\u00e4 ala kokonaisvaltaisesti, jotta he voivat v\u00e4litt\u00e4\u00e4 tekniset k\u00e4sitteet selke\u00e4sti.<\/p>\n<p>Ymm\u00e4rr\u00e4mme teknisten taitojen merkityksen k\u00e4\u00e4nn\u00f6sprosessissa. K\u00e4\u00e4nt\u00e4j\u00e4mme ovat ISO-laatuvaatimusten mukaisesti koulutettuja, ja heill\u00e4 on kokemusta teknisen tiedon kehitt\u00e4misest\u00e4. Autamme sinua laatimaan, k\u00e4\u00e4nt\u00e4m\u00e4\u00e4n ja yll\u00e4pit\u00e4m\u00e4\u00e4n teknisi\u00e4 asiakirjoja ja sanastoja.<\/p>\n<\/div><\/section><\/div>\n<div  class='flex_column av-1rhyr4t-a7ec5762ac37165fbaec7069d717e78a av_one_full  avia-builder-el-3  el_after_av_one_full  avia-builder-el-last  first flex_column_div  column-top-margin'     ><section  class='av_textblock_section av-17b9259-3f39d8f1583a21bcadeb47328adf089f '   itemscope=\"itemscope\" itemtype=\"https:\/\/schema.org\/CreativeWork\" ><div class='avia_textblock'  itemprop=\"text\" ><div  class='avia-button-wrap avia-button-center  avia-builder-el-5  avia-builder-el-no-sibling '>\n<style type=\"text\/css\" data-created_by=\"avia_inline_auto\" id=\"style-css-av-llgrp9-8cfdd47c6b716ceace546cdb4cc1c99f\">\n#top #wrap_all .avia-button.av-llgrp9-8cfdd47c6b716ceace546cdb4cc1c99f:hover{\ncolor:white;\ntransition:all 0.4s ease-in-out;\n}\n#top #wrap_all .avia-button.av-llgrp9-8cfdd47c6b716ceace546cdb4cc1c99f:hover .avia-svg-icon svg:first-child{\nfill:white;\nstroke:white;\n}\n<\/style>\n<a href='https:\/\/www.star-ts.com\/fi\/yhteystiedot\/' class='avia-color-theme-color avia-font-color-theme-color avia-button avia-button-fullwidth av-llgrp9-8cfdd47c6b716ceace546cdb4cc1c99f avia-icon_select-no avia-color-theme-color'  title=\"Contact Us\" aria-label=\"Contact Us\"><span class='avia_iconbox_title' >Ota meihin yhteytt\u00e4<\/span><span class='avia_button_background avia-button avia-button-fullwidth avia-color-theme-color-highlight'><\/span><\/a><\/div>\n<\/div><\/section><\/div>\n","protected":false},"excerpt":{"rendered":"","protected":false},"author":1,"featured_media":0,"parent":0,"menu_order":0,"comment_status":"closed","ping_status":"closed","template":"","meta":{"footnotes":""},"class_list":["post-118456","page","type-page","status-publish","hentry"],"_links":{"self":[{"href":"https:\/\/www.star-ts.com\/fi\/wp-json\/wp\/v2\/pages\/118456","targetHints":{"allow":["GET"]}}],"collection":[{"href":"https:\/\/www.star-ts.com\/fi\/wp-json\/wp\/v2\/pages"}],"about":[{"href":"https:\/\/www.star-ts.com\/fi\/wp-json\/wp\/v2\/types\/page"}],"author":[{"embeddable":true,"href":"https:\/\/www.star-ts.com\/fi\/wp-json\/wp\/v2\/users\/1"}],"replies":[{"embeddable":true,"href":"https:\/\/www.star-ts.com\/fi\/wp-json\/wp\/v2\/comments?post=118456"}],"version-history":[{"count":0,"href":"https:\/\/www.star-ts.com\/fi\/wp-json\/wp\/v2\/pages\/118456\/revisions"}],"wp:attachment":[{"href":"https:\/\/www.star-ts.com\/fi\/wp-json\/wp\/v2\/media?parent=118456"}],"curies":[{"name":"wp","href":"https:\/\/api.w.org\/{rel}","templated":true}]}}