{"id":121630,"date":"2026-01-16T10:34:09","date_gmt":"2026-01-16T10:34:09","guid":{"rendered":"https:\/\/www.star-ts.com\/chinese-translation\/"},"modified":"2026-01-16T10:34:31","modified_gmt":"2026-01-16T10:34:31","slug":"chinese-translation","status":"publish","type":"page","link":"https:\/\/www.star-ts.com\/da\/chinese-translation\/","title":{"rendered":"Kinesisk overs\u00e6ttelse"},"content":{"rendered":"<div id='full_slider_1'  class='avia-fullwidth-slider main_color avia-shadow av-small-hide av-mini-hide  avia-builder-el-0  el_before_av_one_full  avia-builder-el-first   container_wrap sidebar_right'  ><div  class='avia-slideshow av-rwpzv1-82e281e97c25d7a532516b2b1adb0033 avia-slideshow-featured av_slideshow_full avia-slide-slider av-small-hide av-mini-hide av-slideshow-ui av-control-default av-slideshow-manual av-loop-once av-loop-manual-endless av-default-height-applied   avia-slideshow-1' data-slideshow-options=\"{&quot;animation&quot;:&quot;slide&quot;,&quot;autoplay&quot;:false,&quot;loop_autoplay&quot;:&quot;once&quot;,&quot;interval&quot;:5,&quot;loop_manual&quot;:&quot;manual-endless&quot;,&quot;autoplay_stopper&quot;:false,&quot;noNavigation&quot;:false,&quot;bg_slider&quot;:false,&quot;keep_padding&quot;:false,&quot;hoverpause&quot;:false,&quot;show_slide_delay&quot;:0}\"  itemprop=\"image\" itemscope=\"itemscope\" itemtype=\"https:\/\/schema.org\/ImageObject\" ><ul class='avia-slideshow-inner ' style='padding-bottom: 33.59375%;'><li  class='avia-slideshow-slide av-rwpzv1-82e281e97c25d7a532516b2b1adb0033__0  av-single-slide slide-1 slide-odd'><div data-rel='slideshow-1' class='avia-slide-wrap '   ><div class='av-slideshow-caption av-rwpzv1-82e281e97c25d7a532516b2b1adb0033__0 caption_fullwidth caption_center caption_center_framed caption_framed'><div class=\"container caption_container\"><div class=\"slideshow_caption\"><div class=\"slideshow_inner_caption\"><div class=\"slideshow_align_caption\"><h2 class='avia-caption-title '  itemprop=\"name\" >Kinesisk overs\u00e6ttelse<\/h2><div class='avia-caption-content '  itemprop=\"description\" ><p>Overs\u00e6ttelse til b\u00e5de traditionelt kinesisk og forenklet kinesisk<\/p>\n<\/div><\/div><\/div><\/div><\/div><\/div><img decoding=\"async\" fetchpriority=\"high\" class=\"wp-image-72278 avia-img-lazy-loading-not-72278\"  src=\"https:\/\/www.star-ts.com\/wp-content\/uploads\/2018\/07\/byodo-in-temple-314555_1280-1280x430.jpg\" width=\"1280\" height=\"430\" title='byodo-in-temple-314555_1280' alt=''  itemprop=\"thumbnailUrl\"   \/><\/div><\/li><\/ul><\/div><\/div><div id='after_full_slider_1'  class='main_color av_default_container_wrap container_wrap sidebar_right'  ><div class='container av-section-cont-open' ><div class='template-page content  av-content-small alpha units'><div class='post-entry post-entry-type-page post-entry-121630'><div class='entry-content-wrapper clearfix'>\n<div  class='flex_column av-laaj8d-0cd48a6fe1a7464398ed74cf7145a3da av_one_full  avia-builder-el-1  el_after_av_slideshow_full  el_before_av_two_third  avia-builder-el-first  first flex_column_div  '     ><section  class='av_textblock_section av-il5g65-82e5c9c24e566ec55ffa7d2090571033 '   itemscope=\"itemscope\" itemtype=\"https:\/\/schema.org\/CreativeWork\" ><div class='avia_textblock'  itemprop=\"text\" ><h1>Kinesisk overs\u00e6ttelse<\/h1>\n<h3>Kinesiske varianter<\/h3>\n<table>\n<tbody>\n<tr>\n<th>Land | Region<\/th>\n<th>Talte sprog<\/th>\n<th>Oversat sprog<\/th>\n<\/tr>\n<tr>\n<td>Fastlandskina<\/td>\n<td>Mandarin<\/td>\n<td>Forenklet kinesisk<\/td>\n<\/tr>\n<tr>\n<td>Taiwan<\/td>\n<td>Mandarin<\/td>\n<td>Traditionelt kinesisk<\/td>\n<\/tr>\n<tr>\n<td>Hong Kong<\/td>\n<td>Kantonesisk<\/td>\n<td>Traditionelt kinesisk<\/td>\n<\/tr>\n<tr>\n<td>Singapore<\/td>\n<td>Mandarin<\/td>\n<td>Forenklet kinesisk<\/td>\n<\/tr>\n<\/tbody>\n<\/table>\n<\/div><\/section><\/div>\n<p><div  class='flex_column av-hzvf0d-40028465099509570f05831af325f2d9 av_two_third  avia-builder-el-3  el_after_av_one_full  el_before_av_one_third  first flex_column_div  column-top-margin'     ><section  class='av_textblock_section av-ftpmpp-35de4113e9ebb8d319adc981071fa552 '   itemscope=\"itemscope\" itemtype=\"https:\/\/schema.org\/CreativeWork\" ><div class='avia_textblock'  itemprop=\"text\" ><h3>Kinesiske overs\u00e6ttere<\/h3>\n<p>STAR har omfattende erfaring inden for kinesisk overs\u00e6ttelse. Vi har kontorer i Shanghai, Beijing og Taipei. Vores teams overs\u00e6tter manualer, websteder og marketingmateriale for at hj\u00e6lpe internationalt salg i Kina og Taiwan. Vi er <a href=\"https:\/\/www.star-ts.com\/translation-faq\/what-is-iso-9001-certification\/\">ISO 9001<\/a> og <a href=\"https:\/\/www.star-ts.com\/translation-faq\/what-is-iso17100-certification\/\">ISO 17100<\/a> kvalitetscertificerede.   <\/p>\n<p>Hvis du s\u00f8ger <strong>professionelle kinesiske overs\u00e6ttelsestjenester<\/strong>, leverer vi <strong>kinesiske overs\u00e6ttelser af h\u00f8j kvalitet<\/strong>, der er skr\u00e6ddersyet til dine behov. Vores team af ekspertovers\u00e6ttere leverer kinesiske overs\u00e6ttelser i stort set alle filformater, hvilket sikrer, at dit indhold kommunikeres pr\u00e6cist og effektivt. <\/p>\n<p>Vi er specialiseret i at overs\u00e6tte dokumenter ved hj\u00e6lp af branchens f\u00f8rende software s\u00e5som <strong>QuarkXPress<\/strong>, <strong>Adobe InDesign<\/strong>, <strong>FrameMaker<\/strong>, <strong>HTML<\/strong>, <strong>XML<\/strong>, <strong>AutoCAD DXF<\/strong>, <strong>Microsoft PowerPoint<\/strong>, <strong>Excel<\/strong> og <strong>Word<\/strong>. Vores overs\u00e6ttere er dygtige til at h\u00e5ndtere komplekse tekniske dokumenter, marketingmaterialer og virksomhedskommunikation, hvilket sikrer, at dit budskab formidles med pr\u00e6cision og kulturel relevans. <\/p>\n<p>Vores tjenester r\u00e6kker ud over simpel overs\u00e6ttelse. Vi tilbyder omfattende <strong>lokaliseringsl\u00f8sninger<\/strong> til at tilpasse dit indhold til det kinesiske marked og tager h\u00f8jde for sproglige nuancer og kulturelle forskelle. Dette sikrer, at dine materialer giver genlyd hos din m\u00e5lgruppe og opn\u00e5r den \u00f8nskede effekt.  <\/p>\n<p>Derudover er vores team rustet til at h\u00e5ndtere store projekter med stramme deadlines og levere effektiv og p\u00e5lidelig service uden at g\u00e5 p\u00e5 kompromis med kvaliteten. Vi forst\u00e5r vigtigheden af klar og pr\u00e6cis kommunikation i erhvervslivet, og vi er forpligtet til at hj\u00e6lpe dig med at f\u00e5 succes p\u00e5 det kinesisktalende marked. <\/p>\n<p>Uanset om du har brug for overs\u00e6ttelser til <strong>tekniske manualer<\/strong>, <strong>marketingbrochurer<\/strong>, <strong>websteder<\/strong> eller <strong>forretningspr\u00e6sentationer<\/strong>, har vi ekspertisen til at levere exceptionelle resultater. Stol p\u00e5, at vi leverer <strong>professionelle kinesiske overs\u00e6ttelsestjenester<\/strong>, der opfylder dine specifikke krav og hj\u00e6lper dig med at n\u00e5 dine m\u00e5l.<\/p>\n<\/div><\/section><\/div>\n<style type=\"text\/css\" data-created_by=\"avia_inline_auto\" id=\"style-css-av-e8p5tp-1b5f7101e3deaeb4ff68ed270f1f88ee\">\n.flex_column.av-e8p5tp-1b5f7101e3deaeb4ff68ed270f1f88ee{\nborder-radius:0px 0px 0px 0px;\npadding:0px 0px 0px 0px;\n}\n<\/style>\n<div  class='flex_column av-e8p5tp-1b5f7101e3deaeb4ff68ed270f1f88ee av_one_third  avia-builder-el-5  el_after_av_two_third  el_before_av_one_full  flex_column_div av-zero-column-padding  column-top-margin'     ><section  class='av_textblock_section av-cndz4t-4182919ebf4c871530c7c75a2f3f3f32 '   itemscope=\"itemscope\" itemtype=\"https:\/\/schema.org\/CreativeWork\" ><div class='avia_textblock'  itemprop=\"text\" ><h4>Overs\u00e6ttelsestjenester<\/h4>\n<ul>\n<li><a href=\"https:\/\/www.star-ts.com\/translation-services\/documents\/health-and-safety\/\">H\u00e5ndb\u00f8ger om sundhed og sikkerhed<\/a><\/li>\n<li><a href=\"https:\/\/www.star-ts.com\/translation-services\/documents\/employee-handbooks\/\">Medarbejderh\u00e5ndb\u00f8ger<\/a><\/li>\n<li><a href=\"https:\/\/www.star-ts.com\/translation-services\/automotive-industry\/\">Automobildokumenter<\/a><\/li>\n<li><a href=\"https:\/\/www.star-ts.com\/da\/documents\/\">Betjenings- og brugervejledninger<\/a><\/li>\n<li><a href=\"https:\/\/www.star-ts.com\/translation-services\/government-translation-services\/\">\u00c5rsrapporter<\/a><\/li>\n<li><a href=\"https:\/\/www.star-ts.com\/marketing-services\/\">Webstedsmarkedsf\u00f8ring<\/a><\/li>\n<\/ul>\n<\/div><\/section><\/div><\/p>\n<div  class='flex_column av-bjxkvh-8b98ce13fbf40d4d2900a26165209f6f av_one_full  avia-builder-el-7  el_after_av_one_third  el_before_av_section  avia-builder-el-last  first flex_column_div  column-top-margin'     ><section  class='av_textblock_section av-8sawi5-d176b14aa96ca6de3499a95863db8464 '   itemscope=\"itemscope\" itemtype=\"https:\/\/schema.org\/CreativeWork\" ><div class='avia_textblock'  itemprop=\"text\" ><h3>Forenklet kinesisk eller traditionelt kinesisk?<\/h3>\n<p>Vidste du, at der findes mere end \u00e9n kinesisk dialekt? Hvilken har du brug for til din virksomhed? <\/p>\n<p>Vi bliver ofte spurgt om <strong>mandarin overs\u00e6ttelse<\/strong> eller <strong>kantonesisk overs\u00e6ttelse<\/strong>; de officielle talte sprog i Republikken Kina (Taiwan, hovedstad: Taipei) og Folkerepublikken Kina (Fastlandskina) omtales dog som mandarin kinesisk.<\/p>\n<p>Hvilken version af kinesisk har du brug for?<\/p>\n<p>Udtrykket mandarin henviser kun til standardtalt kinesisk, som grundl\u00e6ggende er det samme og gensidigt forst\u00e5eligt i Taiwan og Fastlandskina. Der bruges dog forskellige skrifter i forskellige omr\u00e5der af <em>Storkina<\/em>. <\/p>\n<p><strong>Traditionelt kinesisk<\/strong> er det skriftsprog, der bruges i Taiwan og Hong Kong, hvorimod Fastlandskina og Singapore bruger <strong>forenklet kinesisk<\/strong>.<\/p>\n<h4>Kinesiske skrifttyper<\/h4>\n<p>Kinesiske sprog skrives ved hj\u00e6lp af Han-ideogrammer. Hvis du udvikler et produkt til det kinesiske marked, skal du beslutte dig for den bedste skrifttype, du vil bruge i dine dokumenter. Som en generel regel anbefaler vi at bruge <em>SimSun<\/em>. Dette er en variant af Arial-skrifttypen og er unicode-kompatibel.   <\/p>\n<figure><a href=\"http:\/\/www.star-ts.com\/download\/cta\/star-chinese-web.pdf\"><img decoding=\"async\" src=\"https:\/\/www.star-ts.com\/wp-content\/uploads\/2014\/07\/china-cta-land.png\" alt=\"Kinesisk webdesign, kinesiske overs\u00e6ttelsestjenester\" width=\"194\" height=\"198\"\/><\/a><\/figure>\n<h4>Hvilken kinesisk skrifttype er bedst at bruge p\u00e5 dit websted?<\/h4>\n<p>Download vores gratis e-bog om <a href=\"http:\/\/www.star-ts.com\/download\/cta\/star-chinese-web.pdf\">Top 10 tips til kinesisk webdesign<\/a> for at f\u00e5 svaret og andre interessante tips. Denne e-bog er skrevet af vores team og vil hj\u00e6lpe med at g\u00f8re dit n\u00e6ste kinesiske webstedsprojekt til en succes. <\/p>\n<p>Vi bliver ofte spurgt af kunder, om vi kan r\u00e5dgive dem om indk\u00f8b af produkter fra Kina; vi har skrevet en artikel om emnet sourcing fra Kina p\u00e5 vores blog.<\/p>\n<\/div><\/section><br \/>\n<section  class='av_textblock_section av-8sawi5-2-5028b60957f11a11a4cde1935587e727 '   itemscope=\"itemscope\" itemtype=\"https:\/\/schema.org\/CreativeWork\" ><div class='avia_textblock'  itemprop=\"text\" ><h3>Hvad er forenklet kinesisk?<\/h3>\n<p>Forenklet kinesisk er den skriftlige form for kinesisk, der bruges i Fastlandskina og Singapore.<\/p>\n<p>Det forenklede tegns\u00e6t er blevet brugt af Folkerepublikken Kina siden omkring 1950. S\u00e6ttet er afledt af de mere vanskelige traditionelle kinesiske tegn, og det reducerede kompleksiteten og antallet af streger for at forbedre l\u00e6sef\u00e6rdigheden i landet. <\/p>\n<p>Der er over 50.000 tegn i det kinesiske alfabet. Den gennemsnitlige person skal forst\u00e5 mellem 2000 og 3000 symboler for at kunne l\u00e6se den daglige avis. <\/p>\n<h3>Hvad er traditionelt kinesisk?<\/h3>\n<p>Traditionelt kinesisk er den skriftlige form for kinesisk, der bruges i Hong Kong og Taiwan. De traditionelle kinesiske tegn g\u00e5r mere end 3.000 \u00e5r tilbage \u2013 i deres tidlige form blev de brugt 1200 f.Kr. og udviklede sig gennem \u00e5rhundrederne til deres moderne repr\u00e6sentationer, som er blevet brugt mere eller mindre u\u00e6ndret i 2000 \u00e5r. <\/p>\n<h3>Hvad er Unicode?<\/h3>\n<p>Unicode blev udviklet for at g\u00f8re det muligt for computersystemer at vise internationale tegns\u00e6t s\u00e5som kinesisk. Unicode er det bedste kodningssystem til visning af internationale tegns\u00e6t p\u00e5 de fleste sprog. Systemer som Adobe InDesign har for eksempel vedtaget dette for at muligg\u00f8re produktion af flersprogede dokumenter.<\/p>\n<\/div><\/section><br \/>\n<section  class='av_textblock_section av-8sawi5-1-67e5a3909cdae81eaac8c7ae7334934e '   itemscope=\"itemscope\" itemtype=\"https:\/\/schema.org\/CreativeWork\" ><div class='avia_textblock'  itemprop=\"text\" ><h3>Kinesisk reklame juridisk overholdelse<\/h3>\n<p>Vidste du, at kinesisk reklamlov forbyder brugen af visse ord? Det forbyder en r\u00e6kke superlativer generelt. <\/p>\n<p>Vores teams kan gennemg\u00e5 dit marketing- og salgsmateriale for at r\u00e5dgive om, hvordan du bedst opfylder de juridiske standarder.<\/p>\n<\/div><\/section><\/p><\/div>\n<\/div><\/div><\/div><!-- close content main div --><\/div><\/div>\n<style type=\"text\/css\" data-created_by=\"avia_inline_auto\" id=\"style-css-av-k0gx2157-307699bb8bdeb8c22c0065ee0c218e70\">\n.avia-section.av-k0gx2157-307699bb8bdeb8c22c0065ee0c218e70{\nbackground-color:#ff7f27;\nbackground-image:unset;\n}\n<\/style>\n<div id='av_section_1'  class='avia-section av-k0gx2157-307699bb8bdeb8c22c0065ee0c218e70 main_color avia-section-default avia-no-border-styling  avia-builder-el-11  el_after_av_one_full  avia-builder-el-last  avia-bg-style-scroll container_wrap sidebar_right'  ><div class='container av-section-cont-open' ><div class='template-page content  av-content-small alpha units'><div class='post-entry post-entry-type-page post-entry-121630'><div class='entry-content-wrapper clearfix'>\n<section  class='av_textblock_section av-zffpn-9b19d1d65eda350fe1fbef528189f03e '   itemscope=\"itemscope\" itemtype=\"https:\/\/schema.org\/CreativeWork\" ><div class='avia_textblock'  itemprop=\"text\" ><h2><span style=\"color: #ffffff;\">Start nu<\/span><\/h2>\n<div  class='avia-button-wrap av-aaau3-07f6133cf6868dca200e76b3d72359a5-wrap avia-button-left  avia-builder-el-13  avia-builder-el-no-sibling '><a href='https:\/\/www.star-ts.com\/da\/kontakt\/'  class='avia-button av-aaau3-07f6133cf6868dca200e76b3d72359a5 av-link-btn avia-icon_select-no avia-size-x-large avia-position-left avia-color-light'   aria-label=\"Kontakt os\"><span class='avia_iconbox_title' >Kontakt os<\/span><\/a><\/div>\n<\/div><\/section>\n<\/div><\/div><\/div><!-- close content main div --><\/div><\/div><div id='after_section_1'  class='main_color av_default_container_wrap container_wrap sidebar_right'  ><div class='container av-section-cont-open' ><div class='template-page content  av-content-small alpha units'><div class='post-entry post-entry-type-page post-entry-121630'><div class='entry-content-wrapper clearfix'>\n","protected":false},"excerpt":{"rendered":"<p>STAR har omfattende erfaring inden for kinesisk overs\u00e6ttelse. Vi har kontorer i Shanghai, Beijing, Taipei og Taiwan. Vores teams overs\u00e6tter dine manualer, websteder og marketingmateriale for at hj\u00e6lpe din internationale salgsstyrke i Kina og Taiwan. Vi er ISO 9001 og ISO 17100 kvalitetscertificerede.   <\/p>\n","protected":false},"author":1,"featured_media":72278,"parent":0,"menu_order":2,"comment_status":"closed","ping_status":"closed","template":"","meta":{"footnotes":""},"class_list":["post-121630","page","type-page","status-publish","has-post-thumbnail","hentry"],"_links":{"self":[{"href":"https:\/\/www.star-ts.com\/da\/wp-json\/wp\/v2\/pages\/121630","targetHints":{"allow":["GET"]}}],"collection":[{"href":"https:\/\/www.star-ts.com\/da\/wp-json\/wp\/v2\/pages"}],"about":[{"href":"https:\/\/www.star-ts.com\/da\/wp-json\/wp\/v2\/types\/page"}],"author":[{"embeddable":true,"href":"https:\/\/www.star-ts.com\/da\/wp-json\/wp\/v2\/users\/1"}],"replies":[{"embeddable":true,"href":"https:\/\/www.star-ts.com\/da\/wp-json\/wp\/v2\/comments?post=121630"}],"version-history":[{"count":0,"href":"https:\/\/www.star-ts.com\/da\/wp-json\/wp\/v2\/pages\/121630\/revisions"}],"wp:featuredmedia":[{"embeddable":true,"href":"https:\/\/www.star-ts.com\/da\/wp-json\/wp\/v2\/media\/72278"}],"wp:attachment":[{"href":"https:\/\/www.star-ts.com\/da\/wp-json\/wp\/v2\/media?parent=121630"}],"curies":[{"name":"wp","href":"https:\/\/api.w.org\/{rel}","templated":true}]}}