{"id":121521,"date":"2026-01-16T10:32:05","date_gmt":"2026-01-16T10:32:05","guid":{"rendered":"https:\/\/www.star-ts.com\/translation-faq\/"},"modified":"2026-01-16T10:35:26","modified_gmt":"2026-01-16T10:35:26","slug":"translation-faq","status":"publish","type":"page","link":"https:\/\/www.star-ts.com\/da\/translation-faq\/","title":{"rendered":"Overs\u00e6ttelse af ofte stillede sp\u00f8rgsm\u00e5l | Ofte stillede sp\u00f8rgsm\u00e5l"},"content":{"rendered":"<div id='full_slider_1'  class='avia-fullwidth-slider main_color avia-shadow av-medium-hide av-small-hide av-mini-hide  avia-builder-el-0  el_before_av_one_full  avia-builder-el-first   container_wrap sidebar_right'  ><div  class='avia-slideshow av-njjqvq-d5a889113d83c4f76fd82ffae68ffe45 avia-slideshow-featured av_slideshow_full avia-slide-slider av-medium-hide av-small-hide av-mini-hide av-slideshow-ui av-control-default av-slideshow-manual av-loop-once av-loop-manual-endless av-default-height-applied   avia-slideshow-1' data-slideshow-options=\"{&quot;animation&quot;:&quot;slide&quot;,&quot;autoplay&quot;:false,&quot;loop_autoplay&quot;:&quot;once&quot;,&quot;interval&quot;:5,&quot;loop_manual&quot;:&quot;manual-endless&quot;,&quot;autoplay_stopper&quot;:false,&quot;noNavigation&quot;:false,&quot;bg_slider&quot;:false,&quot;keep_padding&quot;:false,&quot;hoverpause&quot;:false,&quot;show_slide_delay&quot;:0}\"  itemprop=\"image\" itemscope=\"itemscope\" itemtype=\"https:\/\/schema.org\/ImageObject\" ><ul class='avia-slideshow-inner ' style='padding-bottom: 28.666666666667%;'><li  class='avia-slideshow-slide av-njjqvq-d5a889113d83c4f76fd82ffae68ffe45__0  av-single-slide slide-1 slide-odd'><div data-rel='slideshow-1' class='avia-slide-wrap '   ><div class='av-slideshow-caption av-njjqvq-d5a889113d83c4f76fd82ffae68ffe45__0 caption_fullwidth caption_center caption_center_framed caption_framed'><div class=\"container caption_container\"><div class=\"slideshow_caption\"><div class=\"slideshow_inner_caption\"><div class=\"slideshow_align_caption\"><h2 class='avia-caption-title '  itemprop=\"name\" >Ofte stillede sp\u00f8rgsm\u00e5l<\/h2><div class='avia-caption-content '  itemprop=\"description\" ><p>S\u00f8g i de hyppigst stillede sp\u00f8rgsm\u00e5l, vi bliver stillet om vores tjenester.<\/p>\n<\/div><\/div><\/div><\/div><\/div><\/div><img decoding=\"async\" fetchpriority=\"high\" class=\"wp-image-72448 avia-img-lazy-loading-not-72448\"  src=\"https:\/\/www.star-ts.com\/wp-content\/uploads\/2018\/07\/FAQ-3-1500x430.jpg\" width=\"1500\" height=\"430\" title='FAQ (3)' alt='FAQ-side'  itemprop=\"thumbnailUrl\"   \/><\/div><\/li><\/ul><\/div><\/div><div id='after_full_slider_1'  class='main_color av_default_container_wrap container_wrap sidebar_right'  ><div class='container av-section-cont-open' ><div class='template-page content  av-content-small alpha units'><div class='post-entry post-entry-type-page post-entry-121521'><div class='entry-content-wrapper clearfix'>\n\n<style type=\"text\/css\" data-created_by=\"avia_inline_auto\" id=\"style-css-av-2wk9xi-60617ef0983ae8f4e91e0bacc477c677\">\n.flex_column.av-2wk9xi-60617ef0983ae8f4e91e0bacc477c677{\nborder-radius:0px 0px 0px 0px;\npadding:0px 0px 0px 0px;\n}\n<\/style>\n<div  class='flex_column av-2wk9xi-60617ef0983ae8f4e91e0bacc477c677 av_one_full  avia-builder-el-1  el_after_av_slideshow_full  el_before_av_one_half  avia-builder-el-first  first flex_column_div av-zero-column-padding  '     ><section  class='av_textblock_section av-kkffkdru-75ec6588fa9a19fc873698ea2b67ca3d '   itemscope=\"itemscope\" itemtype=\"https:\/\/schema.org\/CreativeWork\" ><div class='avia_textblock'  itemprop=\"text\" ><h1>Ofte stillede sp\u00f8rgsm\u00e5l<\/h1>\n<p>Vi har samlet de mest almindelige sp\u00f8rgsm\u00e5l, vi bliver stillet om vores tjenester, til dig i vores overs\u00e6ttelse af ofte stillede sp\u00f8rgsm\u00e5l. Vi bliver typisk spurgt om omkostninger, vores proces, og hvordan vi opn\u00e5r kvalitet.<\/p>\n<\/div><\/section><\/div>\n<div  class='flex_column av-khcmiu-c01f20113ea704d905eac555f9089d79 av_one_half  avia-builder-el-3  el_after_av_one_full  el_before_av_one_half  first flex_column_div  column-top-margin'     ><section  class='av_textblock_section av-idpi46-d5fc85527339d52c9c0c89410c193c75 '   itemscope=\"itemscope\" itemtype=\"https:\/\/schema.org\/CreativeWork\" ><div class='avia_textblock'  itemprop=\"text\" ><h3>Kvalitet<\/h3>\n<ul>\n<li><a href=\"https:\/\/www.star-ts.com\/translation-faq\/what-is-iso-9001-certification\/\">Hvad er ISO 9001-certificering?<\/a><\/li>\n<li><a href=\"https:\/\/www.star-ts.com\/translation-faq\/what-is-iso17100-certification\/\">Hvad er ISO 17100-certificering?<\/a><\/li>\n<li><a href=\"https:\/\/www.star-ts.com\/translation-faq\/why-do-you-proofread-with-a-second-translator\/\">Hvorfor korrekturl\u00e6ser I med en anden overs\u00e6tter?<\/a><\/li>\n<li><a href=\"https:\/\/www.star-ts.com\/translation-faq\/what-is-the-an-caighdean-oifigiuil-standard-for-irish\/\">Hvad er <em>An Caighde\u00e1n Oifigi\u00fail<\/em>-standarden for irsk?<\/a><\/li>\n<li><a href=\"https:\/\/www.star-ts.com\/translation-faq\/what-is-a-sanity-check\/\">Hvad er et sanity check?<\/a><\/li>\n<li><a href=\"https:\/\/www.star-ts.com\/translation-faq\/what-is-an-in-context-review\/\">Hvad er en kontekstuel gennemgang?<\/a><\/li>\n<li><a href=\"https:\/\/www.star-ts.com\/translation-faq\/what-is-international-english\/\">Hvad er international engelsk?<\/a><\/li>\n<li><a href=\"https:\/\/www.star-ts.com\/translation-faq\/what-is-transcreation\/\">Hvad er transkreation?<\/a><\/li>\n<li><a href=\"https:\/\/www.star-ts.com\/translation-faq\/why-is-context-important-in-translation\/\">Hvorfor er kontekst vigtig i overs\u00e6ttelse?<\/a><\/li>\n<li><a href=\"https:\/\/www.star-ts.com\/translation-faq\/certified-translation\/\">Hvad er en bekr\u00e6ftet overs\u00e6ttelse?<\/a><\/li>\n<\/ul>\n<\/div><\/section><\/div>\n\n<style type=\"text\/css\" data-created_by=\"avia_inline_auto\" id=\"style-css-av-grut9i-bd72b10f7ca02e37fe04c801854218c5\">\n.flex_column.av-grut9i-bd72b10f7ca02e37fe04c801854218c5{\nborder-radius:0px 0px 0px 0px;\npadding:0px 0px 0px 0px;\n}\n<\/style>\n<div  class='flex_column av-grut9i-bd72b10f7ca02e37fe04c801854218c5 av_one_half  avia-builder-el-5  el_after_av_one_half  el_before_av_one_half  flex_column_div av-zero-column-padding  column-top-margin'     ><section  class='av_textblock_section av-fowf5i-3aa5cc7ac171b3f924f396329e47db29 '   itemscope=\"itemscope\" itemtype=\"https:\/\/schema.org\/CreativeWork\" ><div class='avia_textblock'  itemprop=\"text\" ><h3>Tid og omkostninger<\/h3>\n<ul>\n<li><a href=\"https:\/\/www.star-ts.com\/translation-faq\/how-long-does-it-take-to-translate-a-document\/\">Hvor lang tid tager det at overs\u00e6tte et dokument?<\/a><\/li>\n<li><a href=\"https:\/\/www.star-ts.com\/translation-faq\/how-fast-can-you-translate-a-document\/\">Hvor hurtigt kan I overs\u00e6tte et dokument?<\/a><\/li>\n<li><a href=\"https:\/\/www.star-ts.com\/translation-faq\/why-do-you-have-minimum-charges\/\">Hvorfor har I minimumspriser?<\/a><\/li>\n<li><a href=\"https:\/\/www.star-ts.com\/translation-faq\/why-does-cheap-translation-cost-more\/\">Hvorfor koster billig overs\u00e6ttelse mere?<\/a><\/li>\n<li><a href=\"https:\/\/www.star-ts.com\/translation-faq\/what-is-a-rush-translation\/\">Hvad er en hasteovers\u00e6ttelse?<\/a><\/li>\n<li><a href=\"https:\/\/www.star-ts.com\/translation-faq\/why-is-test-translation-a-poor-indicator-of-quality\/\">Hvorfor er en testovers\u00e6ttelse en d\u00e5rlig indikator for kvalitet?<\/a><\/li>\n<li><a href=\"https:\/\/www.star-ts.com\/translation-faq\/how-do-you-price-translation-projects\/\">Hvordan priss\u00e6tter I overs\u00e6ttelsesprojekter?<\/a><\/li>\n<\/ul>\n<\/div><\/section><\/div>\n<p><div  class='flex_column av-et1ikm-feb0e3df5a8038437d166165afb195ea av_one_half  avia-builder-el-7  el_after_av_one_half  el_before_av_one_half  first flex_column_div  column-top-margin'     ><section  class='av_textblock_section av-d04erq-a7ecda0c064a3f4f3b460370f109541f '   itemscope=\"itemscope\" itemtype=\"https:\/\/schema.org\/CreativeWork\" ><div class='avia_textblock'  itemprop=\"text\" ><h3>Produkter og processer<\/h3>\n<ul>\n<li><a href=\"https:\/\/www.star-ts.com\/translation-faq\/what-is-back-translation\/\">Hvad er tilbagel\u00e6gningsovers\u00e6ttelse?<\/a><\/li>\n<li><a href=\"https:\/\/www.star-ts.com\/translation-faq\/why-do-you-need-the-source-files-for-translation\/\">Hvorfor har I brug for kildefilerne til overs\u00e6ttelse?<\/a><\/li>\n<li><a href=\"https:\/\/www.star-ts.com\/translation-faq\/why-is-the-length-of-a-translation-important\/\">Hvorfor er l\u00e6ngden af en overs\u00e6ttelse vigtig?<\/a><\/li>\n<li><a href=\"https:\/\/www.star-ts.com\/translation-faq\/app-translation-for-android-and-ios\/\">App-overs\u00e6ttelse til Android og iOS<\/a><\/li>\n<li><a href=\"https:\/\/www.star-ts.com\/translation-faq\/what-is-a-pseudo-translation\/\">Hvad er en pseudo-overs\u00e6ttelse?<\/a><\/li>\n<li><a href=\"https:\/\/www.star-ts.com\/translation-faq\/how-should-i-get-a-translation-reviewed\/\">Hvordan b\u00f8r jeg f\u00e5 en overs\u00e6ttelse gennemg\u00e5et?<\/a><\/li>\n<li><a href=\"https:\/\/www.star-ts.com\/da\/translation-faq\/how-to-review-your-translations\/\">S\u00e5dan gennemg\u00e5r du dine overs\u00e6ttelser<\/a><\/li>\n<li><a href=\"https:\/\/www.star-ts.com\/da\/translation-faq\/ui-translation\/\">Hvordan overs\u00e6tter I brugergr\u00e6nseflader (UI)?<\/a><\/li>\n<\/ul>\n<\/div><\/section><\/div>\n<style type=\"text\/css\" data-created_by=\"avia_inline_auto\" id=\"style-css-av-bdfhye-072be1e48ae97d4bda3345c50510ab18\">\n.flex_column.av-bdfhye-072be1e48ae97d4bda3345c50510ab18{\nborder-radius:0px 0px 0px 0px;\npadding:0px 0px 0px 0px;\n}\n<\/style>\n<div  class='flex_column av-bdfhye-072be1e48ae97d4bda3345c50510ab18 av_one_half  avia-builder-el-9  el_after_av_one_half  el_before_av_one_half  flex_column_div av-zero-column-padding  column-top-margin'     ><section  class='av_textblock_section av-8re2ye-3710b0e8270936abef461c30ba592aed '   itemscope=\"itemscope\" itemtype=\"https:\/\/schema.org\/CreativeWork\" ><div class='avia_textblock'  itemprop=\"text\" ><h3>Tekniske sp\u00f8rgsm\u00e5l<\/h3>\n<ul>\n<li><a href=\"https:\/\/www.star-ts.com\/translation-faq\/what-is-dtp\/\">Hvad er DTP?<\/a><\/li>\n<li><a href=\"https:\/\/www.star-ts.com\/translation-faq\/what-is-ocr\/\">Hvad er OCR?<\/a><\/li>\n<li><a href=\"https:\/\/www.star-ts.com\/translation-faq\/what-is-terminology\/\">Hvad er terminologi?<\/a><\/li>\n<li><a href=\"https:\/\/www.star-ts.com\/translation-faq\/what-is-segmentation\/\">Hvad er segmentering?<\/a><\/li>\n<li><a href=\"https:\/\/www.star-ts.com\/da\/translation-faq\/bilingual-table\/\">Hvad er en tosproget tabel?<\/a><\/li>\n<li><a href=\"https:\/\/www.star-ts.com\/translation-faq\/what-is-cloud-translation\/\">Hvad er cloud-overs\u00e6ttelse?<\/a><\/li>\n<li><a href=\"https:\/\/www.star-ts.com\/translation-faq\/what-is-crowd-translation\/\">Hvad er crowd-overs\u00e6ttelse?<\/a><\/li>\n<li><a href=\"https:\/\/www.star-ts.com\/translation-faq\/what-is-machine-translation\/\">Hvad er maskinovers\u00e6ttelse?<\/a><\/li>\n<li><a href=\"https:\/\/www.star-ts.com\/translation-faq\/what-is-translation-memory\/\">Hvad er overs\u00e6ttelseshukommelse?<\/a><\/li>\n<li><a href=\"https:\/\/www.star-ts.com\/translation-faq\/how-does-translation-memory-work\/\">Hvordan fungerer overs\u00e6ttelseshukommelse?<\/a><\/li>\n<li><a href=\"https:\/\/www.star-ts.com\/translation-faq\/how-to-translate-a-wordpress-site\/\">S\u00e5dan overs\u00e6ttes et WordPress-websted<\/a><\/li>\n<li><a href=\"https:\/\/www.star-ts.com\/translation-faq\/what-is-multilingual-search-engine-submission\/\">Hvad er flersproget s\u00f8gemaskineindsendelse?<\/a><\/li>\n<li><a href=\"https:\/\/www.star-ts.com\/translation-faq\/difference-between-translation-and-localization\/\">Hvad er forskellen mellem overs\u00e6ttelse og lokalisering?<\/a><\/li>\n<li><a href=\"https:\/\/www.star-ts.com\/translation-faq\/what-are-crops-and-bleeds\/\">Hvad er besk\u00e6ringer og bleed, og hvorfor er de vigtige?<\/a><\/li>\n<li><a href=\"https:\/\/www.star-ts.com\/translation-faq\/what-is-a-file-format-definition-ffd-file\/\">Hvad er en filformatdefinition (FFD)-fil?<\/a><\/li>\n<li><a href=\"https:\/\/www.star-ts.com\/translation-faq\/how-world-monetary-values-are-displayed\/\">Hvordan vises verdens monet\u00e6re v\u00e6rdier?<\/a><\/li>\n<\/ul>\n<\/div><\/section><\/div><\/p>\n<div  class='flex_column av-et1ikm-4-646301b6cd088cc66a5cd6e3e768d566 av_one_half  avia-builder-el-11  el_after_av_one_half  el_before_av_one_half  first flex_column_div  column-top-margin'     ><section  class='av_textblock_section av-d04erq-3-21bef2224556c5e6cd1595a81ad39524 '   itemscope=\"itemscope\" itemtype=\"https:\/\/schema.org\/CreativeWork\" ><div class='avia_textblock'  itemprop=\"text\" ><h3>S\u00e5dan g\u00f8r du:<\/h3>\n<ul>\n<li><a href=\"https:\/\/www.star-ts.com\/da\/saadan-oversaetter-du-indesign-filer\/\">S\u00e5dan overs\u00e6ttes InDesign-filer<\/a><\/li>\n<li><a href=\"https:\/\/www.star-ts.com\/translation-faq\/how-to-translate-a-wordpress-site\/\">S\u00e5dan overs\u00e6ttes et WordPress-websted<\/a><\/li>\n<li><a href=\"https:\/\/www.star-ts.com\/how-do-you-translate-a-wordpress-website-with-wpml\/\">Hvordan overs\u00e6tter du et WordPress-websted med WPML?<\/a><\/li>\n<li><a href=\"https:\/\/www.star-ts.com\/alchemer-translation\/\">Alchemer (SurveyGizmo) Overs\u00e6ttelsestjenester | S\u00e5dan overs\u00e6ttes unders\u00f8gelser<\/a><\/li>\n<li><a href=\"https:\/\/www.star-ts.com\/da\/crowdin-localization-services\/\">Crowdin Lokaliseringstjenester<\/a><\/li>\n<li><a href=\"https:\/\/www.star-ts.com\/academy\/how-to-improve-google-rank-by-deleting-web-pages\/\">S\u00e5dan forbedres Google-rangeringen ved at slette websider<\/a><\/li>\n<li><a href=\"https:\/\/www.star-ts.com\/da\/translation-faq\/ui-translation\/\">Overs\u00e6ttelse af brugergr\u00e6nseflader (UI)<\/a><\/li>\n<li><a href=\"https:\/\/www.star-ts.com\/marketing-services\/marketing-campaigns\/ssi-web-translation\/\">SSI-webstedsovers\u00e6ttelse<\/a><\/li>\n<li><a href=\"https:\/\/www.star-ts.com\/walkme-translation\/\">WalkMe Overs\u00e6ttelse<\/a><\/li>\n<li><a href=\"https:\/\/www.star-ts.com\/da\/seo\/\">Seo<\/a><\/li>\n<\/ul>\n<\/div><\/section><\/div>\n<div  class='flex_column av-et1ikm-2-5b9403ca5e63aaa0fb0e758e7795aaae av_one_half  avia-builder-el-13  el_after_av_one_half  el_before_av_one_full  flex_column_div  column-top-margin'     ><section  class='av_textblock_section av-d04erq-1-7b0623745fdca9f85663cc80c45a61c4 '   itemscope=\"itemscope\" itemtype=\"https:\/\/schema.org\/CreativeWork\" ><div class='avia_textblock'  itemprop=\"text\" ><h3>Andet<\/h3>\n<ul>\n<li><a href=\"https:\/\/www.star-ts.com\/da\/about\/glossary\/\">Ordliste over almindelige termer, der bruges i overs\u00e6ttelse.<\/a><\/li>\n<li><a href=\"https:\/\/www.star-ts.com\/better-english\/typewriter-fun-with-english\/\">Skrivemaskine, sjov med engelsk<\/a><\/li>\n<li><a href=\"https:\/\/www.star-ts.com\/translation\/calculator-spelling-in-different-languages\/\">Lommeregnerstavning p\u00e5 forskellige sprog<\/a><\/li>\n<li><a href=\"https:\/\/www.star-ts.com\/better-english\/7-funniest-english-grammar-mistakes-infographics\/\">7 sjoveste engelske grammatikfejl<\/a><\/li>\n<li><a href=\"https:\/\/www.star-ts.com\/language\/free-welcome-poster-in-different-languages\/\">Gratis velkomstplakat p\u00e5 16 forskellige sprog<\/a><\/li>\n<\/ul>\n<\/div><\/section><\/div>\n\n<style type=\"text\/css\" data-created_by=\"avia_inline_auto\" id=\"style-css-av-7lyb92-36794f5a27b62ca8c02c5c136288dffc\">\n.flex_column.av-7lyb92-36794f5a27b62ca8c02c5c136288dffc{\nborder-radius:0px 0px 0px 0px;\npadding:0px 0px 0px 0px;\n}\n<\/style>\n<div  class='flex_column av-7lyb92-36794f5a27b62ca8c02c5c136288dffc av_one_full  avia-builder-el-15  el_after_av_one_half  el_before_av_one_full  first flex_column_div av-zero-column-padding  column-top-margin'     ><section  class='av_textblock_section av-5txcuu-1d26cfae1ac4e978f6df9b75e8409fbd '   itemscope=\"itemscope\" itemtype=\"https:\/\/schema.org\/CreativeWork\" ><div class='avia_textblock'  itemprop=\"text\" ><h3>Hvad vores kunder siger<\/h3>\n<p>\u201c <em>P\u00e5lidelig, hurtig, \u00e5ben kommunikation: kundesupport er der altid\u2026hurtige svar.<\/em>\u201d<\/p>\n<p>\u201c<em>Deres service og sans for detaljer er perfekt. Plus, de er altid villige til at arbejde sammen med dig og forbedre sig. <\/em>\u201d<\/p>\n<p>\u201c<em>Deres store database med terminologi og n\u00f8gleord giver os besparelser.<\/em>\u201d<\/p>\n<\/div><\/section><\/div>\n<div  class='flex_column av-617pau-03f7d87942a31dd4b6e1824f912e42a0 av_one_full  avia-builder-el-17  el_after_av_one_full  avia-builder-el-last  first flex_column_div  column-top-margin'     ><section  class='av_textblock_section av-3wufja-252fabc8e4271840debb2c3dd52ea662 '   itemscope=\"itemscope\" itemtype=\"https:\/\/schema.org\/CreativeWork\" ><div class='avia_textblock'  itemprop=\"text\" ><div  class='avia-button-wrap avia-button-center  avia-builder-el-19  avia-builder-el-no-sibling '>\n<style type=\"text\/css\" data-created_by=\"avia_inline_auto\" id=\"style-css-av-1xtf2e-c69da8c7633f5e0262362aa0735f4db6\">\n#top #wrap_all .avia-button.av-1xtf2e-c69da8c7633f5e0262362aa0735f4db6:hover{\ncolor:white;\ntransition:all 0.4s ease-in-out;\n}\n#top #wrap_all .avia-button.av-1xtf2e-c69da8c7633f5e0262362aa0735f4db6:hover .avia-svg-icon svg:first-child{\nfill:white;\nstroke:white;\n}\n<\/style>\n<a href='https:\/\/www.star-ts.com\/da\/kontakt\/' class='avia-color-theme-color avia-font-color-theme-color avia-button avia-button-fullwidth av-1xtf2e-c69da8c7633f5e0262362aa0735f4db6 avia-icon_select-no avia-color-theme-color'  title=\"Contact Us\" aria-label=\"Contact Us\"><span class='avia_iconbox_title' >Kontakt os<\/span><span class='avia_button_background avia-button avia-button-fullwidth avia-color-theme-color-highlight'><\/span><\/a><\/div>\n<\/div><\/section><\/div>\n","protected":false},"excerpt":{"rendered":"<p>De mest stillede sp\u00f8rgsm\u00e5l og svar om overs\u00e6ttelsestjenester.<\/p>\n","protected":false},"author":1,"featured_media":72448,"parent":0,"menu_order":5,"comment_status":"closed","ping_status":"closed","template":"","meta":{"footnotes":""},"class_list":["post-121521","page","type-page","status-publish","has-post-thumbnail","hentry"],"_links":{"self":[{"href":"https:\/\/www.star-ts.com\/da\/wp-json\/wp\/v2\/pages\/121521","targetHints":{"allow":["GET"]}}],"collection":[{"href":"https:\/\/www.star-ts.com\/da\/wp-json\/wp\/v2\/pages"}],"about":[{"href":"https:\/\/www.star-ts.com\/da\/wp-json\/wp\/v2\/types\/page"}],"author":[{"embeddable":true,"href":"https:\/\/www.star-ts.com\/da\/wp-json\/wp\/v2\/users\/1"}],"replies":[{"embeddable":true,"href":"https:\/\/www.star-ts.com\/da\/wp-json\/wp\/v2\/comments?post=121521"}],"version-history":[{"count":0,"href":"https:\/\/www.star-ts.com\/da\/wp-json\/wp\/v2\/pages\/121521\/revisions"}],"wp:featuredmedia":[{"embeddable":true,"href":"https:\/\/www.star-ts.com\/da\/wp-json\/wp\/v2\/media\/72448"}],"wp:attachment":[{"href":"https:\/\/www.star-ts.com\/da\/wp-json\/wp\/v2\/media?parent=121521"}],"curies":[{"name":"wp","href":"https:\/\/api.w.org\/{rel}","templated":true}]}}