{"id":121477,"date":"2026-01-16T10:30:09","date_gmt":"2026-01-16T10:30:09","guid":{"rendered":"https:\/\/www.star-ts.com\/about\/key-performance-solutions-limited\/"},"modified":"2026-01-16T10:30:22","modified_gmt":"2026-01-16T10:30:22","slug":"key-performance-solutions-limited","status":"publish","type":"page","link":"https:\/\/www.star-ts.com\/da\/about\/key-performance-solutions-limited\/","title":{"rendered":"Key Performance Solutions Limited"},"content":{"rendered":"<p>\n<style type=\"text\/css\" data-created_by=\"avia_inline_auto\" id=\"style-css-av-7kvaaj-8d91a9c2430cffd72d91dcfb0a2ea4ba\">\n.flex_column.av-7kvaaj-8d91a9c2430cffd72d91dcfb0a2ea4ba{\nborder-radius:0px 0px 0px 0px;\npadding:0px 0px 0px 0px;\n}\n<\/style>\n<div  class='flex_column av-7kvaaj-8d91a9c2430cffd72d91dcfb0a2ea4ba av_one_full  avia-builder-el-0  el_before_av_one_full  avia-builder-el-first  first flex_column_div av-zero-column-padding  '     ><section  class='av_textblock_section av-3dh5gcb-0730aefb1dbce7c687c00b9a9b977315 '   itemscope=\"itemscope\" itemtype=\"https:\/\/schema.org\/CreativeWork\" ><div class='avia_textblock'  itemprop=\"text\" ><div class=\"posit\">\n<h1>Key Performance Solutions<br \/>\nT\/A STAR Translation Services<\/h1>\n<\/div>\n<\/div><\/section><br \/>\n<section  class='av_textblock_section av-1mmo4ez-a0e787cfe341df559a98ce1dadf7bceb '   itemscope=\"itemscope\" itemtype=\"https:\/\/schema.org\/CreativeWork\" ><div class='avia_textblock'  itemprop=\"text\" ><h2><strong>Virksomhedsoplysninger<\/strong><\/h2>\n<p><strong>Key Performance Solutions Limited<\/strong>, virksomhedsregistreringsnummer: 358439, leverer overs\u00e6ttelses- og flersprogede informationstjenester til virksomheder over hele verden.<\/p>\n<p>Key Performance Solutions Ltd er et aktieselskab, der er grundlagt i Dublin, Irland og registreret i Irland.<\/p>\n<p>Det handler under f\u00f8lgende handelsnavne &#8230;<\/p>\n<p><strong>STAR Translation Services<\/strong> virksomhedsregistreringsnummer 498394 og <strong>STAR Technology Solutions <\/strong>virksomhedsregistreringsnummer 227710.<\/p>\n<p>Virksomheden st\u00f8ttes af <a href=\"https:\/\/directory.enterprise-ireland.com\/vendor\/key-performance-solutions-ltd\" target=\"_blank\" rel=\"noopener\">Enterprise Ireland<\/a> og er medlem af <a href=\"https:\/\/www.star-group.net\" target=\"_blank\" rel=\"noopener\">STAR Group (STAR AG)<\/a> i Schweiz<\/p>\n<p>Direkt\u00f8rer: <a href=\"https:\/\/www.linkedin.com\/in\/damianscattergood\/\" target=\"_blank\" rel=\"noopener\">Damian Scattergood<\/a> og Paul Quigley<\/p>\n<p><strong>Grundl\u00e6ggelse:<\/strong><\/p>\n<p>Key Performance Solutions blev grundlagt i 2002. Startuppen var fra dag \u00e9t knyttet til Enterprise Ireland. <\/p>\n<p>Virksomheden slog sig sammen med STAR AG det \u00e5r og begyndte kort efter at handle som STAR Translation Services. Siden da er virksomheden vokset til at blive en f\u00f8rende leverand\u00f8r af overs\u00e6ttelsestjenester i Irland. <\/p>\n<p>Virksomheden overs\u00e6tter til over 200 sprog. Den leverer f\u00f8lgende medietjenester: <\/p>\n<ul>\n<li>Webdesign<\/li>\n<li>Overs\u00e6ttelse af hjemmesider<\/li>\n<li>Flersprogede SEO-tjenester<\/li>\n<li>Dokumentovers\u00e6ttelse<\/li>\n<li>Flersprogede Desktop Publishing-tjenester<\/li>\n<li>Videoovers\u00e6ttelse og voice-overs<\/li>\n<li>Lokalisering af software<\/li>\n<\/ul>\n<p><strong>Certificeringer:<\/strong><\/p>\n<p><a href=\"https:\/\/directory.enterprise-ireland.com\/vendor\/key-performance-solutions-ltd\" target=\"_blank\" rel=\"noopener\">Key Performance Solutions Ltd<\/a> er certificeret i henhold til <a href=\"https:\/\/www.star-ts.com\/translation-faq\/what-is-iso-9001-certification\/\">ISO 9001<\/a> og <a href=\"https:\/\/www.star-ts.com\/translation-faq\/what-is-iso17100-certification\/\">ISO 17100<\/a> kvalitetsstandarder<\/p>\n<\/div><\/section><\/p><\/div><div  class='flex_column av-1kjj7vf-028537725fc0ae383d82bbc87a674ba5 av_one_full  avia-builder-el-3  el_after_av_one_full  avia-builder-el-last  first flex_column_div  column-top-margin'     ><section  class='av_textblock_section av-1252723-9d0f0c717eeebd02b26d428033f7c32a '   itemscope=\"itemscope\" itemtype=\"https:\/\/schema.org\/CreativeWork\" ><div class='avia_textblock'  itemprop=\"text\" ><div  class='avia-button-wrap avia-button-center  avia-builder-el-5  avia-builder-el-no-sibling '>\n<style type=\"text\/css\" data-created_by=\"avia_inline_auto\" id=\"style-css-av-mb87yz-8cf1891e88a5cb528f93f20cc2907c1f\">\n#top #wrap_all .avia-button.av-mb87yz-8cf1891e88a5cb528f93f20cc2907c1f:hover{\ncolor:white;\ntransition:all 0.4s ease-in-out;\n}\n#top #wrap_all .avia-button.av-mb87yz-8cf1891e88a5cb528f93f20cc2907c1f:hover .avia-svg-icon svg:first-child{\nfill:white;\nstroke:white;\n}\n<\/style>\n<a href=\"https:\/\/www.star-ts.com\/da\/kontakt\/\" class=\"avia-color-theme-color avia-font-color-theme-color avia-button avia-button-fullwidth av-mb87yz-8cf1891e88a5cb528f93f20cc2907c1f avia-icon_select-no avia-color-theme-color\" title=\"Contact Us\" aria-label=\"Contact Us\"><span class='avia_iconbox_title' >Kontakt os<\/span><span class='avia_button_background avia-button avia-button-fullwidth avia-color-theme-color-highlight'><\/span><\/a><\/div>\n<\/div><\/section><\/div><\/p>\n","protected":false},"excerpt":{"rendered":"<p>Key Performance Solutions Limited leverer overs\u00e6ttelses- og flersprogede informationstjenester til virksomheder over hele verden.<\/p>\n","protected":false},"author":1,"featured_media":64704,"parent":121077,"menu_order":16,"comment_status":"closed","ping_status":"open","template":"","meta":{"footnotes":""},"class_list":["post-121477","page","type-page","status-publish","has-post-thumbnail","hentry"],"_links":{"self":[{"href":"https:\/\/www.star-ts.com\/da\/wp-json\/wp\/v2\/pages\/121477","targetHints":{"allow":["GET"]}}],"collection":[{"href":"https:\/\/www.star-ts.com\/da\/wp-json\/wp\/v2\/pages"}],"about":[{"href":"https:\/\/www.star-ts.com\/da\/wp-json\/wp\/v2\/types\/page"}],"author":[{"embeddable":true,"href":"https:\/\/www.star-ts.com\/da\/wp-json\/wp\/v2\/users\/1"}],"replies":[{"embeddable":true,"href":"https:\/\/www.star-ts.com\/da\/wp-json\/wp\/v2\/comments?post=121477"}],"version-history":[{"count":0,"href":"https:\/\/www.star-ts.com\/da\/wp-json\/wp\/v2\/pages\/121477\/revisions"}],"up":[{"embeddable":true,"href":"https:\/\/www.star-ts.com\/da\/wp-json\/wp\/v2\/pages\/121077"}],"wp:featuredmedia":[{"embeddable":true,"href":"https:\/\/www.star-ts.com\/da\/wp-json\/wp\/v2\/media\/64704"}],"wp:attachment":[{"href":"https:\/\/www.star-ts.com\/da\/wp-json\/wp\/v2\/media?parent=121477"}],"curies":[{"name":"wp","href":"https:\/\/api.w.org\/{rel}","templated":true}]}}