{"id":121363,"date":"2026-01-05T12:36:45","date_gmt":"2026-01-05T12:36:45","guid":{"rendered":"https:\/\/www.star-ts.com\/seo\/"},"modified":"2026-01-05T12:37:10","modified_gmt":"2026-01-05T12:37:10","slug":"seo","status":"publish","type":"page","link":"https:\/\/www.star-ts.com\/da\/seo\/","title":{"rendered":"Seo"},"content":{"rendered":"<div id='full_slider_1'  class='avia-fullwidth-slider main_color avia-shadow av-small-hide av-mini-hide  avia-builder-el-0  el_before_av_one_fourth  avia-builder-el-first   container_wrap sidebar_right'  ><div  class='avia-slideshow av-k0wcised-052563a3c23308dbd9d640e519120c1b avia-slideshow-featured av_slideshow_full avia-slide-slider av-small-hide av-mini-hide av-slideshow-ui av-control-default av-slideshow-manual av-loop-once av-loop-manual-endless av-default-height-applied   avia-slideshow-1' data-slideshow-options=\"{&quot;animation&quot;:&quot;slide&quot;,&quot;autoplay&quot;:false,&quot;loop_autoplay&quot;:&quot;once&quot;,&quot;interval&quot;:5,&quot;loop_manual&quot;:&quot;manual-endless&quot;,&quot;autoplay_stopper&quot;:false,&quot;noNavigation&quot;:false,&quot;bg_slider&quot;:false,&quot;keep_padding&quot;:false,&quot;hoverpause&quot;:false,&quot;show_slide_delay&quot;:0}\"  itemprop=\"image\" itemscope=\"itemscope\" itemtype=\"https:\/\/schema.org\/ImageObject\" ><ul class='avia-slideshow-inner ' style='padding-bottom: 33.59375%;'><li  class='avia-slideshow-slide av-k0wcised-052563a3c23308dbd9d640e519120c1b__0  av-single-slide slide-1 slide-odd'><div data-rel='slideshow-1' class='avia-slide-wrap '   ><div class='av-slideshow-caption av-k0wcised-052563a3c23308dbd9d640e519120c1b__0 caption_fullwidth caption_center caption_center_framed caption_framed'><div class=\"container caption_container\"><div class=\"slideshow_caption\"><div class=\"slideshow_inner_caption\"><div class=\"slideshow_align_caption\"><h2 class='avia-caption-title '  itemprop=\"name\" >S\u00f8gemaskineoptimering (SEO)<\/h2><div class='avia-caption-content '  itemprop=\"description\" ><p>Findes p\u00e5 alle sprog. Flersproget SEO (MSEO)<\/p>\n<\/div><\/div><\/div><\/div><\/div><\/div><img decoding=\"async\" fetchpriority=\"high\" class=\"wp-image-104866 avia-img-lazy-loading-not-104866\"  src=\"https:\/\/www.star-ts.com\/wp-content\/uploads\/2019\/09\/seo-1910521_1280-1280x430.jpg\" width=\"1280\" height=\"430\" title='SEO-services' alt='SEO-services'  itemprop=\"thumbnailUrl\"   \/><\/div><\/li><\/ul><\/div><\/div><div id='after_full_slider_1'  class='main_color av_default_container_wrap container_wrap sidebar_right'  ><div class='container av-section-cont-open' ><div class='template-page content  av-content-small alpha units'><div class='post-entry post-entry-type-page post-entry-121363'><div class='entry-content-wrapper clearfix'>\n\n<style type=\"text\/css\" data-created_by=\"avia_inline_auto\" id=\"style-css-av-290gmzu-4487e22ecdf818998fe40bb50a8d573b\">\n.flex_column.av-290gmzu-4487e22ecdf818998fe40bb50a8d573b{\nborder-radius:0px 0px 0px 0px;\npadding:0px 0px 0px 0px;\n}\n<\/style>\n<div  class='flex_column av-290gmzu-4487e22ecdf818998fe40bb50a8d573b av_one_fourth  avia-builder-el-1  el_after_av_slideshow_full  el_before_av_three_fourth  avia-builder-el-first  first flex_column_div av-zero-column-padding  '     ><style type=\"text\/css\" data-created_by=\"avia_inline_auto\" id=\"style-css-av-k0wcj2oc-3337d0f0c94b9556bf15194b941a6c37\">\n.avia-image-container.av-k0wcj2oc-3337d0f0c94b9556bf15194b941a6c37 img.avia_image{\nbox-shadow:none;\n}\n.avia-image-container.av-k0wcj2oc-3337d0f0c94b9556bf15194b941a6c37 .av-image-caption-overlay-center{\ncolor:#ffffff;\n}\n<\/style>\n<div  class='avia-image-container av-k0wcj2oc-3337d0f0c94b9556bf15194b941a6c37 av-styling- avia-align-center  avia-builder-el-2  avia-builder-el-no-sibling '   itemprop=\"image\" itemscope=\"itemscope\" itemtype=\"https:\/\/schema.org\/ImageObject\" ><div class=\"avia-image-container-inner\"><div class=\"avia-image-overlay-wrap\"><img decoding=\"async\" fetchpriority=\"high\" class='wp-image-104836 avia-img-lazy-loading-not-104836 avia_image ' src=\"https:\/\/www.star-ts.com\/wp-content\/uploads\/2019\/09\/seo-1327870_1280-1210x423.png\" alt='SEO-services' title='SEO-services'  height=\"423\" width=\"1210\"  itemprop=\"thumbnailUrl\"  \/><\/div><\/div><\/div><\/div>\n\n<style type=\"text\/css\" data-created_by=\"avia_inline_auto\" id=\"style-css-av-1l61uzu-61fcd1cc76782345ba70e8f45714727f\">\n.flex_column.av-1l61uzu-61fcd1cc76782345ba70e8f45714727f{\nborder-radius:0px 0px 0px 0px;\npadding:0px 0px 0px 0px;\n}\n<\/style>\n<div  class='flex_column av-1l61uzu-61fcd1cc76782345ba70e8f45714727f av_three_fourth  avia-builder-el-3  el_after_av_one_fourth  el_before_av_one_full  flex_column_div av-zero-column-padding  '     ><section  class='av_textblock_section av-k0wcn1b1-af9de80755ae13db6e013c0b3e8caeea '   itemscope=\"itemscope\" itemtype=\"https:\/\/schema.org\/CreativeWork\" ><div class='avia_textblock'  itemprop=\"text\" ><h1>International SEO<\/h1>\n<p>F\u00f8r du starter et SEO-projekt, skal du foretage en SEO-overv\u00e5gning p\u00e5 dit nuv\u00e6rende websted. Dette giver dig hurtigt en status p\u00e5, hvor du er, og hvor du skal hen. <\/p>\n<p>Hvis der er nogen fejl p\u00e5 dit websted er det bedst at l\u00f8se dem, f\u00f8r du starter din SEO projekt. Hos STAR kan vi tilbyde SEO-audits, websteds-audits og flersproget SEO for at hj\u00e6lpe dig med at \u00f8ge din globale trafik. Ny til SEO? L\u00e6r de to vigtigste aspekter af SEO du beh\u00f8ver at vide om i vores <a href=\"https:\/\/www.star-ts.com\/business\/seo\/worlds-shortest-seo-training-course\/\">korte video om SEO<\/a>.<\/p>\n<\/div><\/section><\/div>\n\n<style type=\"text\/css\" data-created_by=\"avia_inline_auto\" id=\"style-css-av-17aw1ey-2cd62ee41f4b7e42cf8c9a9d58a7182e\">\n.flex_column.av-17aw1ey-2cd62ee41f4b7e42cf8c9a9d58a7182e{\nborder-radius:0px 0px 0px 0px;\npadding:0px 0px 0px 0px;\n}\n<\/style>\n<div  class='flex_column av-17aw1ey-2cd62ee41f4b7e42cf8c9a9d58a7182e av_one_full  avia-builder-el-5  el_after_av_three_fourth  el_before_av_one_full  first flex_column_div av-zero-column-padding  column-top-margin'     ><section  class='av_textblock_section av-k0wcr59r-2b72d98d5fe7cf272ffaf552fa42ccd8 '   itemscope=\"itemscope\" itemtype=\"https:\/\/schema.org\/CreativeWork\" ><div class='avia_textblock'  itemprop=\"text\" ><h2>Flersproget SEO (SEO)<\/h2>\n<p>Flersproget SEO har en r\u00e6kke vigtige skridt til at blive en succes. Den f\u00f8rste er et rent websted, efterfulgt af s\u00f8geord forskning og derefter professionelle overs\u00e6ttelsestjenester. <\/p>\n<p>Processen bliver derefter en l\u00f8bende proces, som du overv\u00e5ger dit websted mod din konkurrence. Du skal l\u00f8bende foretage \u00e6ndringer for at rangere h\u00f8jt og v\u00e6re p\u00e5 forkant i Googles rangeringsspil. <\/p>\n<p>Der er en r\u00e6kke omr\u00e5der, du kan forbedre dit websted, herunder hvordan du h\u00e5ndterer Du b\u00f8r <a href=\"https:\/\/www.star-ts.com\/business\/seo\/international-seo-and-impact-of-stock-images\/\">l\u00e6se billeder s\u00e5som flag.<\/a><\/p>\n<p><a href=\"https:\/\/www.star-ts.com\/translation-faq\/what-is-multilingual-search-engine-submission\/\">Hvad er flersproget SEO?<\/a><\/p>\n<h3>V\u00e6r synlig med flersproget s\u00f8gemaskineoptimering<\/h3>\n<p>Afh\u00e6ngigt af det land, du m\u00e5lretter mod, skal du kontrollere, hvilken s\u00f8gemaskine der er den bedste s\u00f8gemaskine at registrere sig med. <a href=\"http:\/\/www.baidu.com\" target=\"_blank\" rel=\"noopener\">Baidu<\/a> er den st\u00f8rste s\u00f8gemaskine i Kina, for eksempel.  S\u00e5 du er n\u00f8dt til at sikre, at du er p\u00e5 dette for at v\u00e6re synlig.<\/p>\n<p>Der er hundredvis af s\u00f8gemaskiner rundt om i verden; n\u00e5r din nye hjemmeside er lanceret, skal du sikre, at dine sprogversioner indsendes korrekt.<\/p>\n<p>Vores webteam kan indsende din hjemmeside korrekt i hvert land for at sikre maksimal synlighed. Uanset hvad dit m\u00e5l land og s\u00f8gemaskine pr\u00e6ference v\u00e6re det Google, Baidu eller Bing, s\u00e5 lad os hj\u00e6lpe dig med at vokse din online flersproget tilstedev\u00e6relse. <\/p>\n<h3>Relaterede artikler<\/h3>\n<p><a href=\"https:\/\/www.star-ts.com\/business\/seo\/how-to-develop-an-seo-strategy\/\">Hvordan man udvikler en SEO strategi<\/a><\/p>\n<p><a href=\"https:\/\/www.star-ts.com\/business\/seo\/worlds-shortest-seo-training-course\/\">Verdens korteste SEO Kursus<\/a><\/p>\n<p><a href=\"https:\/\/www.star-ts.com\/translation\/is-there-a-limit-to-how-many-301-redirects-you-can-use-seo\/\">Er der en gr\u00e6nse for, hvor mange 301 omdirigeringer du kan bruge? | Seo <\/a><\/p>\n<p><a href=\"https:\/\/www.star-ts.com\/business\/seo\/international-seo-and-impact-of-stock-images\/\">International SEO og virkningen af Stock Images<\/a><\/p>\n<p><a href=\"https:\/\/www.star-ts.com\/business\/google-to-penalize-seo-experts-for-over-optimization\/\">Google advarer SEO Eksperter for Over-optimering<\/a><\/p>\n<p><a href=\"https:\/\/www.star-ts.com\/business\/seo\/killer-landing-pages-by-google\/\">Killer Destinationssider af Google<\/a><\/p>\n<\/div><\/section><\/div>\n\n<style type=\"text\/css\" data-created_by=\"avia_inline_auto\" id=\"style-css-av-t2qyui-1e59587698cb99310f1839fced11ee83\">\n.flex_column.av-t2qyui-1e59587698cb99310f1839fced11ee83{\nborder-radius:0px 0px 0px 0px;\npadding:0px 0px 0px 0px;\n}\n<\/style>\n<div  class='flex_column av-t2qyui-1e59587698cb99310f1839fced11ee83 av_one_full  avia-builder-el-7  el_after_av_one_full  el_before_av_one_full  first flex_column_div av-zero-column-padding  column-top-margin'     ><section  class='av_textblock_section av-k0wcurin-b969aeeef44df7bfd4d41a6a9e8b8b80 '   itemscope=\"itemscope\" itemtype=\"https:\/\/schema.org\/CreativeWork\" ><div class='avia_textblock'  itemprop=\"text\" ><h2>Hvordan din hjemmeside rang?<\/h2>\n<p>Vil du se, hvor godt dit websted klarer sig? Tag vores gratis site revision, og vi sender dig en gratis rapport for at f\u00e5 dig i gang. <\/p>\n<p>Vi leverer m\u00e5nedlige SEO-tjenester til kunder til at overv\u00e5ge dit websted, og sende dig regelm\u00e6ssige forbedringer for at hj\u00e6lpe dig med at bev\u00e6ge sig op i alle vigtige Google r\u00e6kker.<\/p>\n<\/div><\/section><\/div>\n<div  class='flex_column av-1smdxca-7ef54c8c0f2a1990e904664a5da40932 av_one_full  avia-builder-el-9  el_after_av_one_full  avia-builder-el-last  first flex_column_div  column-top-margin'     ><section  class='av_textblock_section av-13f1bey-a31d5cfed7d0ec9c28b0beba5486cbc4 '   itemscope=\"itemscope\" itemtype=\"https:\/\/schema.org\/CreativeWork\" ><div class='avia_textblock'  itemprop=\"text\" ><div  class='avia-button-wrap avia-button-center  avia-builder-el-11  avia-builder-el-no-sibling '>\n<style type=\"text\/css\" data-created_by=\"avia_inline_auto\" id=\"style-css-av-1xmctm-41a831976e1e61818b3c84eca43a8d88\">\n#top #wrap_all .avia-button.av-1xmctm-41a831976e1e61818b3c84eca43a8d88:hover{\ncolor:white;\ntransition:all 0.4s ease-in-out;\n}\n#top #wrap_all .avia-button.av-1xmctm-41a831976e1e61818b3c84eca43a8d88:hover .avia-svg-icon svg:first-child{\nfill:white;\nstroke:white;\n}\n<\/style>\n<a href=\"https:\/\/www.star-ts.com\/da\/kontakt\/\" class=\"avia-color-theme-color avia-font-color-theme-color avia-button avia-button-fullwidth av-1xmctm-41a831976e1e61818b3c84eca43a8d88 avia-icon_select-no avia-color-theme-color\" title=\"Contact Us\" aria-label=\"Contact Us\"><span class='avia_iconbox_title' >Kontakt os<\/span><span class='avia_button_background avia-button avia-button-fullwidth avia-color-theme-color-highlight'><\/span><\/a><\/div>\n<\/div><\/section><\/div>\n","protected":false},"excerpt":{"rendered":"<p>F\u00f8r du starter en SEO-projekt, b\u00f8r du g\u00f8re en revision p\u00e5 dit nuv\u00e6rende websted. Dette meget hurtigt giver dig en status p\u00e5, hvor du er, og hvor du skal hen. <\/p>\n<p>Hvis der er nogen fejl p\u00e5 dit websted er det bedst at l\u00f8se dem, f\u00f8r du startede din SEO projekt. Hos STAR kan vi tilbyde SEO-audits, websteds-audits og flersproget SEO for at hj\u00e6lpe dig med at \u00f8ge din globale trafik.<\/p>\n","protected":false},"author":1,"featured_media":104866,"parent":0,"menu_order":0,"comment_status":"closed","ping_status":"closed","template":"","meta":{"footnotes":""},"class_list":["post-121363","page","type-page","status-publish","has-post-thumbnail","hentry"],"_links":{"self":[{"href":"https:\/\/www.star-ts.com\/da\/wp-json\/wp\/v2\/pages\/121363","targetHints":{"allow":["GET"]}}],"collection":[{"href":"https:\/\/www.star-ts.com\/da\/wp-json\/wp\/v2\/pages"}],"about":[{"href":"https:\/\/www.star-ts.com\/da\/wp-json\/wp\/v2\/types\/page"}],"author":[{"embeddable":true,"href":"https:\/\/www.star-ts.com\/da\/wp-json\/wp\/v2\/users\/1"}],"replies":[{"embeddable":true,"href":"https:\/\/www.star-ts.com\/da\/wp-json\/wp\/v2\/comments?post=121363"}],"version-history":[{"count":0,"href":"https:\/\/www.star-ts.com\/da\/wp-json\/wp\/v2\/pages\/121363\/revisions"}],"wp:featuredmedia":[{"embeddable":true,"href":"https:\/\/www.star-ts.com\/da\/wp-json\/wp\/v2\/media\/104866"}],"wp:attachment":[{"href":"https:\/\/www.star-ts.com\/da\/wp-json\/wp\/v2\/media?parent=121363"}],"curies":[{"name":"wp","href":"https:\/\/api.w.org\/{rel}","templated":true}]}}