{"id":121233,"date":"2026-01-05T12:33:31","date_gmt":"2026-01-05T12:33:31","guid":{"rendered":"https:\/\/www.star-ts.com\/user-manuals\/"},"modified":"2026-01-05T12:35:24","modified_gmt":"2026-01-05T12:35:24","slug":"user-manuals","status":"publish","type":"page","link":"https:\/\/www.star-ts.com\/da\/documents\/user-manuals\/","title":{"rendered":"Overs\u00e6ttelse af brugervejledninger"},"content":{"rendered":"\n<p><\/p>\n\n\n<p>\n<style type=\"text\/css\" data-created_by=\"avia_inline_auto\" id=\"style-css-av-73twj-c3981691f4c33ef52818645504feabb3\">\n.flex_column.av-73twj-c3981691f4c33ef52818645504feabb3{\nborder-radius:0px 0px 0px 0px;\npadding:0px 0px 0px 0px;\n}\n<\/style>\n<div  class='flex_column av-73twj-c3981691f4c33ef52818645504feabb3 av_one_full  avia-builder-el-0  el_before_av_one_third  avia-builder-el-first  first flex_column_div av-zero-column-padding  '     ><section  class='av_textblock_section av-t90ng3-cd005463c9a3788aaa5519f65309e9b1 '   itemscope=\"itemscope\" itemtype=\"https:\/\/schema.org\/CreativeWork\" ><div class='avia_textblock'  itemprop=\"text\" ><h1>Overs\u00e6ttelsesservices til brugervejledninger<\/h1>\n<\/div><\/section><br \/>\n<section  class='av_textblock_section av-pbxznn-a2b245afc50b2ccdff88d495f8c5fc7f '   itemscope=\"itemscope\" itemtype=\"https:\/\/schema.org\/CreativeWork\" ><div class='avia_textblock'  itemprop=\"text\" ><h3>H\u00f8jkvalitetsovers\u00e6ttelse af brugervejledninger<\/h3>\n<p>Hj\u00e6lp dine kunder med at f\u00e5 mest muligt ud af dine produkter.<\/p>\n<\/div><\/section><\/p><\/div><div  class='flex_column av-o6m2ub-8eba5180539f976dd8a617446d2a152f av_one_third  avia-builder-el-3  el_after_av_one_full  el_before_av_two_third  first flex_column_div  column-top-margin'     ><section  class='av_textblock_section av-m7ohtv-3f3a0a304db542c5f1f94bb944e282e8 '   itemscope=\"itemscope\" itemtype=\"https:\/\/schema.org\/CreativeWork\" ><div class='avia_textblock'  itemprop=\"text\" ><p><img decoding=\"async\" class=\"alignnone size-full wp-image-9366\" title=\"Overs\u00e6ttelse af brugervejledninger\" src=\"https:\/\/www.star-ts.com\/wp-content\/uploads\/2014\/03\/user-manuals_v2.png\" alt=\"Overs\u00e6ttelse af brugervejledning\" width=\"400\" height=\"320\" srcset=\"https:\/\/www.star-ts.com\/wp-content\/uploads\/2014\/03\/user-manuals_v2.png 400w, https:\/\/www.star-ts.com\/wp-content\/uploads\/2014\/03\/user-manuals_v2-80x64.png 80w, https:\/\/www.star-ts.com\/wp-content\/uploads\/2014\/03\/user-manuals_v2-300x240.png 300w\" sizes=\"(max-width: 400px) 100vw, 400px\" \/><\/p>\n<\/div><\/section><\/div><\/p>\n\n<style type=\"text\/css\" data-created_by=\"avia_inline_auto\" id=\"style-css-av-lhdclv-02a2bfbc71896b131570085627188bbd\">\n.flex_column.av-lhdclv-02a2bfbc71896b131570085627188bbd{\nborder-radius:0px 0px 0px 0px;\npadding:0px 0px 0px 0px;\n}\n<\/style>\n<div  class='flex_column av-lhdclv-02a2bfbc71896b131570085627188bbd av_two_third  avia-builder-el-5  el_after_av_one_third  el_before_av_two_third  flex_column_div av-zero-column-padding  column-top-margin'     ><section  class='av_textblock_section av-iipjkz-e726187ea2e927a91453df36bbba0ffa '   itemscope=\"itemscope\" itemtype=\"https:\/\/schema.org\/CreativeWork\" ><div class='avia_textblock'  itemprop=\"text\" ><p>P\u00e5 nutidens globale marked forventer kunderne at have adgang til h\u00f8jkvalitetsovers\u00e6ttelse af brugervejledninger p\u00e5 deres eget sprog. Kunderne s\u00e6tter pris p\u00e5 manualer, der er teknisk pr\u00e6cise og lette at forst\u00e5 p\u00e5 samme tid. <\/p>\n<p>STAR har over 30 \u00e5rs overs\u00e6ttelseserfaring p\u00e5 tv\u00e6rs af mere end 50 kontorer verden over. For at hj\u00e6lpe dig med at kommunikere effektivt med dine nye kunder arbejder vores overs\u00e6ttere i deres respektive lande, s\u00e5 din overs\u00e6ttelse vil lyde som et originalt dokument, som det b\u00f8r v\u00e6re.<\/p>\n<\/div><\/section><\/div>\n<div  class='flex_column av-1sel5v-9be154b9d26a8cb674edf015fc1d6123 av_two_third  avia-builder-el-7  el_after_av_two_third  el_before_av_one_third  first flex_column_div  column-top-margin'     ><section  class='av_textblock_section av-fjyb3n-bfe13fd3f22a42535d061515a4ead773 '   itemscope=\"itemscope\" itemtype=\"https:\/\/schema.org\/CreativeWork\" ><div class='avia_textblock'  itemprop=\"text\" ><h3>One-stop-shop<\/h3>\n<p>Som en del af vores service tilbyder vi ogs\u00e5 desktop publishing-services, hvis det er n\u00f8dvendigt. Vi kan arbejde med de f\u00f8rende apps som InDesign, QuarkXpress, FrameMaker og mange flere. Vi kan arbejde direkte med dine kildefiler og levere printklare PDF&#8217;er direkte tilbage til dig.  <\/p>\n<p>Med kontorer over hele verden arbejder vi p\u00e5 alle sprog samtidigt, hvilket g\u00f8r os til en <a href=\"https:\/\/www.star-ts.com\/da\/about\/\">one-stop shop<\/a> for alle dine flersprogede behov.<\/p>\n<p><a href=\"https:\/\/www.star-ts.com\/da\/kontakt\/\">Kontakt os i dag<\/a> for alle dine overs\u00e6ttelsesbehov!<\/p>\n<\/div><\/section><\/div>\n\n<style type=\"text\/css\" data-created_by=\"avia_inline_auto\" id=\"style-css-av-ebe0gz-60653a9516a964a0cefb23ebb02c0d4a\">\n.flex_column.av-ebe0gz-60653a9516a964a0cefb23ebb02c0d4a{\nborder-radius:0px 0px 0px 0px;\npadding:0px 0px 0px 0px;\n}\n<\/style>\n<div  class='flex_column av-ebe0gz-60653a9516a964a0cefb23ebb02c0d4a av_one_third  avia-builder-el-9  el_after_av_two_third  el_before_av_one_full  flex_column_div av-zero-column-padding  column-top-margin'     ><section  class='av_textblock_section av-ctbfb7-0d2541d81848be6ac264a82f1a4d9d7c '   itemscope=\"itemscope\" itemtype=\"https:\/\/schema.org\/CreativeWork\" ><div class='avia_textblock'  itemprop=\"text\" ><h4>Overs\u00e6ttelsesservices:<\/h4>\n<ul>\n<li>Forbrugerdokumentation<\/li>\n<li><a href=\"https:\/\/www.star-ts.com\/translation-services\/documents\/health-and-safety\/\">Manualer om sundhed og sikkerhed<\/a><\/li>\n<li><a href=\"https:\/\/www.star-ts.com\/translation-services\/documents\/employee-handbooks\/\">Overs\u00e6ttelse af personaleh\u00e5ndbog<\/a><\/li>\n<li><a href=\"https:\/\/www.star-ts.com\/translation-services\/automotive-industry\/\">Bil overs\u00e6ttelse<\/a><\/li>\n<li><a href=\"https:\/\/www.star-ts.com\/da\/documents\/\">Overs\u00e6ttelse af dokumenter<\/a><\/li>\n<li><a href=\"https:\/\/www.star-ts.com\/marketing-services\/marketing-campaigns\/e-commerce\/\">Overs\u00e6ttelse af e-handelswebsted<\/a><\/li>\n<\/ul>\n<\/div><\/section><\/div>\n<div  class='flex_column av-b1m1kz-7c13b296d0f83fb0afc120127b8126f9 av_one_full  avia-builder-el-11  el_after_av_one_third  avia-builder-el-last  first flex_column_div  column-top-margin'     ><section  class='av_textblock_section av-9a0b0z-eff18a9303f7b4191bb18e6aa354ffa7 '   itemscope=\"itemscope\" itemtype=\"https:\/\/schema.org\/CreativeWork\" ><div class='avia_textblock'  itemprop=\"text\" ><h3>Kvalitetsstandarder<\/h3>\n<p>Det arbejde, vi leverer, er certificeret i henhold til internationale kvalitetsstandarder. Vi er <a href=\"https:\/\/www.star-ts.com\/translation-faq\/what-is-iso-9001-certification\/\">ISO 9001<\/a> og <a href=\"https:\/\/www.star-ts.com\/translation-faq\/what-is-iso17100-certification\/\">ISO 17100<\/a> certificeret. ISO 9001 er standarden for kvalitetsstyringssystemer, og ISO 17100 er en specialiststandard for overs\u00e6ttelsesbranchen.<\/p>\n<\/div><\/section><\/div>\n","protected":false},"excerpt":{"rendered":"","protected":false},"author":1,"featured_media":67014,"parent":121308,"menu_order":5,"comment_status":"closed","ping_status":"closed","template":"","meta":{"footnotes":""},"class_list":["post-121233","page","type-page","status-publish","has-post-thumbnail","hentry"],"_links":{"self":[{"href":"https:\/\/www.star-ts.com\/da\/wp-json\/wp\/v2\/pages\/121233","targetHints":{"allow":["GET"]}}],"collection":[{"href":"https:\/\/www.star-ts.com\/da\/wp-json\/wp\/v2\/pages"}],"about":[{"href":"https:\/\/www.star-ts.com\/da\/wp-json\/wp\/v2\/types\/page"}],"author":[{"embeddable":true,"href":"https:\/\/www.star-ts.com\/da\/wp-json\/wp\/v2\/users\/1"}],"replies":[{"embeddable":true,"href":"https:\/\/www.star-ts.com\/da\/wp-json\/wp\/v2\/comments?post=121233"}],"version-history":[{"count":0,"href":"https:\/\/www.star-ts.com\/da\/wp-json\/wp\/v2\/pages\/121233\/revisions"}],"up":[{"embeddable":true,"href":"https:\/\/www.star-ts.com\/da\/wp-json\/wp\/v2\/pages\/121308"}],"wp:featuredmedia":[{"embeddable":true,"href":"https:\/\/www.star-ts.com\/da\/wp-json\/wp\/v2\/media\/67014"}],"wp:attachment":[{"href":"https:\/\/www.star-ts.com\/da\/wp-json\/wp\/v2\/media?parent=121233"}],"curies":[{"name":"wp","href":"https:\/\/api.w.org\/{rel}","templated":true}]}}