{"id":121214,"date":"2026-01-05T12:33:12","date_gmt":"2026-01-05T12:33:12","guid":{"rendered":"https:\/\/www.star-ts.com\/agriculture\/"},"modified":"2026-01-05T12:33:56","modified_gmt":"2026-01-05T12:33:56","slug":"agriculture","status":"publish","type":"page","link":"https:\/\/www.star-ts.com\/da\/agriculture\/","title":{"rendered":"Overs\u00e6ttelse af landbrug"},"content":{"rendered":"<div id='full_slider_1'  class='avia-fullwidth-slider main_color avia-shadow av-small-hide av-mini-hide  avia-builder-el-0  el_before_av_one_fourth  avia-builder-el-first   container_wrap sidebar_right'  ><div  class='avia-slideshow av-jrhph4ih-747547f69cfa624501df8afdd49fe3e4 avia-slideshow-featured av_slideshow_full avia-slide-slider av-small-hide av-mini-hide av-slideshow-ui av-control-default av-slideshow-manual av-loop-once av-loop-manual-endless av-default-height-applied   avia-slideshow-1' data-slideshow-options=\"{&quot;animation&quot;:&quot;slide&quot;,&quot;autoplay&quot;:false,&quot;loop_autoplay&quot;:&quot;once&quot;,&quot;interval&quot;:5,&quot;loop_manual&quot;:&quot;manual-endless&quot;,&quot;autoplay_stopper&quot;:false,&quot;noNavigation&quot;:false,&quot;bg_slider&quot;:false,&quot;keep_padding&quot;:false,&quot;hoverpause&quot;:false,&quot;show_slide_delay&quot;:0}\"  itemprop=\"image\" itemscope=\"itemscope\" itemtype=\"https:\/\/schema.org\/ImageObject\" ><ul class='avia-slideshow-inner ' style='padding-bottom: 28.666666666667%;'><li  class='avia-slideshow-slide av-jrhph4ih-747547f69cfa624501df8afdd49fe3e4__0  av-single-slide slide-1 slide-odd'><div data-rel='slideshow-1' class='avia-slide-wrap '   ><div class='av-slideshow-caption av-jrhph4ih-747547f69cfa624501df8afdd49fe3e4__0 caption_fullwidth caption_center caption_center_framed caption_framed'><div class=\"container caption_container\"><div class=\"slideshow_caption\"><div class=\"slideshow_inner_caption\"><div class=\"slideshow_align_caption\"><h2 class='avia-caption-title '  itemprop=\"name\" >Landbrugs- og agriteknologitjenester<\/h2><div class='avia-caption-content '  itemprop=\"description\" ><p>Tekniske manualer og betjeningsvejledninger<\/p>\n<\/div><\/div><\/div><\/div><\/div><\/div><img decoding=\"async\" fetchpriority=\"high\" class=\"wp-image-72513 avia-img-lazy-loading-not-72513\"  src=\"https:\/\/www.star-ts.com\/wp-content\/uploads\/2019\/01\/red-tractor-wide2-1500x430.jpg\" width=\"1500\" height=\"430\" title='Landmand med traktor, der s\u00e5r afgr\u00f8der p\u00e5 marken' alt='Traktor, landbrug'  itemprop=\"thumbnailUrl\"   \/><\/div><\/li><\/ul><\/div><\/div><div id='after_full_slider_1'  class='main_color av_default_container_wrap container_wrap sidebar_right'  ><div class='container av-section-cont-open' ><div class='template-page content  av-content-small alpha units'><div class='post-entry post-entry-type-page post-entry-121214'><div class='entry-content-wrapper clearfix'>\n\n<style type=\"text\/css\" data-created_by=\"avia_inline_auto\" id=\"style-css-av-1mmhy96-657b5ee606618087a5e92cc3dcf83847\">\n.flex_column.av-1mmhy96-657b5ee606618087a5e92cc3dcf83847{\nborder-radius:0px 0px 0px 0px;\npadding:0px 0px 0px 0px;\n}\n<\/style>\n<div  class='flex_column av-1mmhy96-657b5ee606618087a5e92cc3dcf83847 av_one_fourth  avia-builder-el-1  el_after_av_slideshow_full  el_before_av_three_fourth  avia-builder-el-first  first flex_column_div av-zero-column-padding  '     ><style type=\"text\/css\" data-created_by=\"avia_inline_auto\" id=\"style-css-av-k0qpwytm-be28f063491c597ce1e7f03529ff75e3\">\n.avia-image-container.av-k0qpwytm-be28f063491c597ce1e7f03529ff75e3 img.avia_image{\nbox-shadow:none;\n}\n.avia-image-container.av-k0qpwytm-be28f063491c597ce1e7f03529ff75e3 .av-image-caption-overlay-center{\ncolor:#ffffff;\n}\n<\/style>\n<div  class='avia-image-container av-k0qpwytm-be28f063491c597ce1e7f03529ff75e3 av-styling- avia-align-center  avia-builder-el-2  avia-builder-el-no-sibling '   itemprop=\"image\" itemscope=\"itemscope\" itemtype=\"https:\/\/schema.org\/ImageObject\" ><div class=\"avia-image-container-inner\"><div class=\"avia-image-overlay-wrap\"><img decoding=\"async\" fetchpriority=\"high\" class='wp-image-65304 avia-img-lazy-loading-not-65304 avia_image ' src=\"https:\/\/www.star-ts.com\/wp-content\/uploads\/2012\/09\/farm-animals.jpg\" alt='Landbrug - K\u00f8er' title='k\u00f8er-landbrugsdyr-landbrug'  height=\"347\" width=\"520\"  itemprop=\"thumbnailUrl\" srcset=\"https:\/\/www.star-ts.com\/wp-content\/uploads\/2012\/09\/farm-animals.jpg 520w, https:\/\/www.star-ts.com\/wp-content\/uploads\/2012\/09\/farm-animals-300x200.jpg 300w\" sizes=\"(max-width: 520px) 100vw, 520px\" \/><\/div><\/div><\/div><\/div>\n\n<style type=\"text\/css\" data-created_by=\"avia_inline_auto\" id=\"style-css-av-45ko8a-55d48c9f04ee93c2c9410b45ebb1dedd\">\n.flex_column.av-45ko8a-55d48c9f04ee93c2c9410b45ebb1dedd{\nborder-radius:0px 0px 0px 0px;\npadding:0px 0px 0px 0px;\n}\n<\/style>\n<div  class='flex_column av-45ko8a-55d48c9f04ee93c2c9410b45ebb1dedd av_three_fourth  avia-builder-el-3  el_after_av_one_fourth  el_before_av_one_full  flex_column_div av-zero-column-padding  '     ><section  class='av_textblock_section av-k0qq73hi-0dfc59f5444c7bc05677446ac0ec1297 '   itemscope=\"itemscope\" itemtype=\"https:\/\/schema.org\/CreativeWork\" ><div class='avia_textblock'  itemprop=\"text\" ><h1>Landbrugsovers\u00e6ttelse og agriteknologil\u00f8sninger<\/h1>\n<p>Som en irsk virksomhed forst\u00e5r vi vigtigheden af landbrug. Vi arbejder med virksomheder i USA, Storbritannien og Irland, der fremstiller maskiner, f\u00f8devarer og agriteknologiske systemer. Vi hj\u00e6lper dem med at vokse internationalt.  <\/p>\n<p>Vi servicerer den komplette end-to-end-overs\u00e6ttelsesproces for landbrugsindustrien med fokus p\u00e5 kvalitetsleverancer til producenter, forhandlere og slutkunder. Vi overs\u00e6tter manualer, hjemmesider og brochurer, s\u00e5 vi arbejder sammen med b\u00e5de dine udviklings- og marketingteams. <\/p>\n<p>Vores sprogovers\u00e6ttelsestjenester hj\u00e6lper med at <a href=\"https:\/\/www.star-ts.com\/translation-faq\/what-is-terminology\/\" target=\"_blank\" rel=\"noopener\">vedligeholde terminologi<\/a>, <a href=\"https:\/\/www.star-ts.com\/translation-services\/documents\/\" target=\"_blank\" rel=\"noopener\">oprette manualer<\/a> og levere dit indhold over hele verden. Med <a href=\"https:\/\/www.star-ts.com\/translation-services\/website-translation\/\" target=\"_blank\" rel=\"noopener\">hjemmesideovers\u00e6ttelse<\/a> f\u00e5r vi ogs\u00e5 dit budskab ud p\u00e5 nettet. <\/p>\n<p>Vi kan endda levere voice-overs og undertekster med videoovers\u00e6ttelsestjenester for at demonstrere dine produkter til et globalt publikum.<\/p>\n<h2>Overs\u00e6ttelse af landbrug<\/h2>\n<p><strong>Hvilke landbrugsomr\u00e5der overs\u00e6tter vi?<\/strong><\/p>\n<ul>\n<li>Landbrugsmaskiner<\/li>\n<li>Landbrugssoftwaresystemer<\/li>\n<li>Industriel automatisering og robotteknologi<\/li>\n<li>Foder og f\u00f8devarer<\/li>\n<li>Kv\u00e6gsystemer (bes\u00e6tning og mejeri)<\/li>\n<li>Afgr\u00f8devidenskab<\/li>\n<li>Landbrugsprodukter<\/li>\n<\/ul>\n<p>Til manualer kan vi overs\u00e6tte dit indhold og levere trykklare PDF&#8217;er til dig, hvis det er n\u00f8dvendigt, s\u00e5 du kan bruge os som en one-stop-shop til alle dine kommunikationsbehov.<\/p>\n<p>Vores hjemmesideovers\u00e6ttelsesteam kan arbejde direkte sammen med dine webmastere\/webdesignere for at sikre, at dit websted er klar til overs\u00e6ttelse p\u00e5 forh\u00e5nd. Vi kan levere SEO-tjenester for at sikre, at dit websted rangerer i de p\u00e5g\u00e6ldende lande, og at du \u00f8ger din produkts web-trafik. <\/p>\n<p>Hvis du vil vide mere om europ\u00e6iske standarder for landbrugsmaskiner og traktorer, kan du bes\u00f8ge Europa-Kommissionens websted: <a href=\"https:\/\/ec.europa.eu\/growth\/sectors\/automotive\/legislation\/tractors_en\" target=\"_blank\" rel=\"noopener\">EU-standarder og -lovgivning<\/a><\/p>\n<\/div><\/section><\/div>\n\n<style type=\"text\/css\" data-created_by=\"avia_inline_auto\" id=\"style-css-av-vxmh1m-14b20a94ae93457f355670d76dfb6dfc\">\n.flex_column.av-vxmh1m-14b20a94ae93457f355670d76dfb6dfc{\nborder-radius:0px 0px 0px 0px;\npadding:0px 0px 0px 0px;\n}\n<\/style>\n<div  class='flex_column av-vxmh1m-14b20a94ae93457f355670d76dfb6dfc av_one_full  avia-builder-el-5  el_after_av_three_fourth  el_before_av_one_full  first flex_column_div av-zero-column-padding  column-top-margin'     ><section  class='av_textblock_section av-k0qq73hi-0dfc59f5444c7bc05677446ac0ec1297 '   itemscope=\"itemscope\" itemtype=\"https:\/\/schema.org\/CreativeWork\" ><div class='avia_textblock'  itemprop=\"text\" ><h2>Landbrugsovers\u00e6ttelsestjenester | Globale landbrugskunder<\/h2>\n<p>Vi arbejder med mange af de f\u00f8rende producenter af landbrugsmaskiner. Vores arbejde sp\u00e6nder over hele landbrugssektoren, herunder b\u00e5de agriteknologi og landbrug. Vi overs\u00e6tter manualer, brochurer, hjemmesider, maskindokumentation, brugergr\u00e6nseflader og meget mere. Hvis du har brug for agriteknologiske overs\u00e6ttelsestjenester, hj\u00e6lper vi dig med at levere indhold til dine kunder p\u00e5 deres sprog.   <\/p>\n<p><img decoding=\"async\" class=\"aligncenter size-entry_without_sidebar wp-image-36474\" src=\"https:\/\/www.star-ts.com\/wp-content\/uploads\/2019\/09\/agriculture-references-1210x165.png\" alt=\"\" width=\"1210\" height=\"165\" srcset=\"https:\/\/www.star-ts.com\/wp-content\/uploads\/2019\/09\/agriculture-references-1210x165.png 1210w, https:\/\/www.star-ts.com\/wp-content\/uploads\/2019\/09\/agriculture-references-80x10.png 80w\" sizes=\"(max-width: 1210px) 100vw, 1210px\" \/><\/p>\n<\/div><\/section><\/div>\n<div  class='flex_column av-1o4utsa-355d00da8adc176140de4239b17f79cd av_one_full  avia-builder-el-7  el_after_av_one_full  avia-builder-el-last  first flex_column_div  column-top-margin'     ><section  class='av_textblock_section av-10k7k3u-557686bf9cbab27e6266a4474b74d504 '   itemscope=\"itemscope\" itemtype=\"https:\/\/schema.org\/CreativeWork\" ><div class='avia_textblock'  itemprop=\"text\" ><div  class='avia-button-wrap avia-button-center  avia-builder-el-9  avia-builder-el-no-sibling '>\n<style type=\"text\/css\" data-created_by=\"avia_inline_auto\" id=\"style-css-av-ur44ga-ff14ff87709d194795865388943251fd\">\n#top #wrap_all .avia-button.av-ur44ga-ff14ff87709d194795865388943251fd:hover{\ncolor:white;\ntransition:all 0.4s ease-in-out;\n}\n#top #wrap_all .avia-button.av-ur44ga-ff14ff87709d194795865388943251fd:hover .avia-svg-icon svg:first-child{\nfill:white;\nstroke:white;\n}\n<\/style>\n<a href=\"https:\/\/www.star-ts.com\/da\/kontakt\/\" class=\"avia-color-theme-color avia-font-color-theme-color avia-button avia-button-fullwidth av-ur44ga-ff14ff87709d194795865388943251fd avia-icon_select-no avia-color-theme-color\" title=\"Contact Us\" aria-label=\"Contact Us\"><span class='avia_iconbox_title' >Kontakt os<\/span><span class='avia_button_background avia-button avia-button-fullwidth avia-color-theme-color-highlight'><\/span><\/a><\/div>\n<\/div><\/section><\/div>\n","protected":false},"excerpt":{"rendered":"<p>Overs\u00e6ttelse til landbrug og agriteknologi. Vi overs\u00e6tter tekniske manualer, betjeningsvejledninger, brochurer og it-systemer for at hj\u00e6lpe dig med at komme godt fra start internationalt. Bliv global med STAR.  <\/p>\n","protected":false},"author":1,"featured_media":72513,"parent":0,"menu_order":0,"comment_status":"closed","ping_status":"closed","template":"","meta":{"footnotes":""},"class_list":["post-121214","page","type-page","status-publish","has-post-thumbnail","hentry"],"_links":{"self":[{"href":"https:\/\/www.star-ts.com\/da\/wp-json\/wp\/v2\/pages\/121214","targetHints":{"allow":["GET"]}}],"collection":[{"href":"https:\/\/www.star-ts.com\/da\/wp-json\/wp\/v2\/pages"}],"about":[{"href":"https:\/\/www.star-ts.com\/da\/wp-json\/wp\/v2\/types\/page"}],"author":[{"embeddable":true,"href":"https:\/\/www.star-ts.com\/da\/wp-json\/wp\/v2\/users\/1"}],"replies":[{"embeddable":true,"href":"https:\/\/www.star-ts.com\/da\/wp-json\/wp\/v2\/comments?post=121214"}],"version-history":[{"count":0,"href":"https:\/\/www.star-ts.com\/da\/wp-json\/wp\/v2\/pages\/121214\/revisions"}],"wp:featuredmedia":[{"embeddable":true,"href":"https:\/\/www.star-ts.com\/da\/wp-json\/wp\/v2\/media\/72513"}],"wp:attachment":[{"href":"https:\/\/www.star-ts.com\/da\/wp-json\/wp\/v2\/media?parent=121214"}],"curies":[{"name":"wp","href":"https:\/\/api.w.org\/{rel}","templated":true}]}}