{"id":121153,"date":"2026-01-05T12:31:47","date_gmt":"2026-01-05T12:31:47","guid":{"rendered":"https:\/\/www.star-ts.com\/industries\/"},"modified":"2026-01-05T12:33:02","modified_gmt":"2026-01-05T12:33:02","slug":"industries","status":"publish","type":"page","link":"https:\/\/www.star-ts.com\/da\/industries\/","title":{"rendered":"Industrier"},"content":{"rendered":"<div id='full_slider_1'  class='avia-fullwidth-slider main_color avia-shadow av-medium-hide av-small-hide av-mini-hide  avia-builder-el-0  el_before_av_one_third  avia-builder-el-first   container_wrap sidebar_right'  ><div  class='avia-slideshow av-k0ghbnd3-ee020a3f2ae88ab800428e789113851e avia-slideshow-featured av_slideshow_full avia-slide-slider av-medium-hide av-small-hide av-mini-hide av-slideshow-ui av-control-default av-slideshow-manual av-loop-once av-loop-manual-endless av-default-height-applied   avia-slideshow-1' data-slideshow-options=\"{&quot;animation&quot;:&quot;slide&quot;,&quot;autoplay&quot;:false,&quot;loop_autoplay&quot;:&quot;once&quot;,&quot;interval&quot;:5,&quot;loop_manual&quot;:&quot;manual-endless&quot;,&quot;autoplay_stopper&quot;:false,&quot;noNavigation&quot;:false,&quot;bg_slider&quot;:false,&quot;keep_padding&quot;:false,&quot;hoverpause&quot;:false,&quot;show_slide_delay&quot;:0}\"  itemprop=\"image\" itemscope=\"itemscope\" itemtype=\"https:\/\/schema.org\/ImageObject\" ><ul class='avia-slideshow-inner ' style='padding-bottom: 28.666666666667%;'><li  class='avia-slideshow-slide av-k0ghbnd3-ee020a3f2ae88ab800428e789113851e__0  av-single-slide slide-1 slide-odd'><div data-rel='slideshow-1' class='avia-slide-wrap '   ><div class='av-slideshow-caption av-k0ghbnd3-ee020a3f2ae88ab800428e789113851e__0 caption_fullwidth caption_center caption_center_framed caption_framed'><div class=\"container caption_container\"><div class=\"slideshow_caption\"><div class=\"slideshow_inner_caption\"><div class=\"slideshow_align_caption\"><h2 class='avia-caption-title '  itemprop=\"name\" >Specialistovers\u00e6ttelse til industrien<\/h2><\/div><\/div><\/div><\/div><\/div><img decoding=\"async\" fetchpriority=\"high\" class=\"wp-image-71828 avia-img-lazy-loading-not-71828\"  src=\"https:\/\/www.star-ts.com\/wp-content\/uploads\/2018\/04\/document-working-1500x430.jpg\" width=\"1500\" height=\"430\" title='business woman looking at documents' alt=''  itemprop=\"thumbnailUrl\"   \/><\/div><\/li><\/ul><\/div><\/div><div id='after_full_slider_1'  class='main_color av_default_container_wrap container_wrap sidebar_right'  ><div class='container av-section-cont-open' ><div class='template-page content  av-content-small alpha units'><div class='post-entry post-entry-type-page post-entry-121153'><div class='entry-content-wrapper clearfix'>\n<p>\n<style type=\"text\/css\" data-created_by=\"avia_inline_auto\" id=\"style-css-av-5qoc2m-e3a736c97c2e683713b60252c80c37b9\">\n.flex_column.av-5qoc2m-e3a736c97c2e683713b60252c80c37b9{\nborder-radius:0px 0px 0px 0px;\npadding:0px 0px 0px 0px;\n}\n<\/style>\n<div  class='flex_column av-5qoc2m-e3a736c97c2e683713b60252c80c37b9 av_one_third  avia-builder-el-1  el_after_av_slideshow_full  el_before_av_two_third  avia-builder-el-first  first flex_column_div av-zero-column-padding  '     ><style type=\"text\/css\" data-created_by=\"avia_inline_auto\" id=\"style-css-av-k0ghcc4e-eb800ac78328240176467de65ddde5f9\">\n@keyframes av_boxShadowEffect_av-k0ghcc4e-eb800ac78328240176467de65ddde5f9 {\n0%   { box-shadow:  0 0 0 0 ; opacity: 1; }\n100% { box-shadow:  0 0 10px 0 ; opacity: 1; }\n}\n.avia-image-container.av-k0ghcc4e-eb800ac78328240176467de65ddde5f9 img.avia_image{\nbox-shadow: 0 0 10px 0 ;\n}\n.avia-image-container.av-k0ghcc4e-eb800ac78328240176467de65ddde5f9 .av-image-caption-overlay-center{\ncolor:#ffffff;\n}\n<\/style>\n<div  class='avia-image-container av-k0ghcc4e-eb800ac78328240176467de65ddde5f9 av-styling- avia-align-center  avia-builder-el-2  avia-builder-el-no-sibling  av-img-box-shadow av-box-shadow-not-animated'   itemprop=\"image\" itemscope=\"itemscope\" itemtype=\"https:\/\/schema.org\/ImageObject\" ><div class=\"avia-image-container-inner\"><div class=\"avia-image-overlay-wrap\"><img decoding=\"async\" loading=\"lazy\" class='wp-image-71818 avia-img-lazy-loading-71818 avia_image shadow-not-animated' src=\"https:\/\/www.star-ts.com\/wp-content\/uploads\/2018\/04\/STAR_Deutschland_GmbH-495x400.jpg\" alt='STAR Office' title='STAR office'  height=\"400\" width=\"495\"  itemprop=\"thumbnailUrl\"  \/><\/div><\/div><\/div><\/div>\n<style type=\"text\/css\" data-created_by=\"avia_inline_auto\" id=\"style-css-av-14atuwu-eb3630d98d622af72d70977760570902\">\n.flex_column.av-14atuwu-eb3630d98d622af72d70977760570902{\nborder-radius:0px 0px 0px 0px;\npadding:0px 0px 0px 0px;\n}\n<\/style>\n<div  class='flex_column av-14atuwu-eb3630d98d622af72d70977760570902 av_two_third  avia-builder-el-3  el_after_av_one_third  el_before_av_one_full  flex_column_div av-zero-column-padding  '     ><section  class='av_textblock_section av-k0ghe3jh-f418e6244f11ad1ba57e1eb2e42a5276 '   itemscope=\"itemscope\" itemtype=\"https:\/\/schema.org\/CreativeWork\" ><div class='avia_textblock'  itemprop=\"text\" ><h1>Dedikeret brancheekspertise<\/h1>\n<p>Vi arbejder inden for flere industrier og ans\u00e6tter specialiserede overs\u00e6ttere til hver enkelt.<\/p>\n<p>Som en global virksomhed underst\u00f8tter vi over 200 sprog og mange industrisystemer og -processer. Vores teams arbejder t\u00e6t sammen med vores kunder for at levere en skr\u00e6ddersyet l\u00f8sning til hver kunde og industri. <\/p>\n<hr \/>\n<\/div><\/section><\/div><\/p>\n\n<style type=\"text\/css\" data-created_by=\"avia_inline_auto\" id=\"style-css-av-3spqpdq-daba2755921a91d2c247743a7cb6b88c\">\n.flex_column.av-3spqpdq-daba2755921a91d2c247743a7cb6b88c{\nborder-radius:0px 0px 0px 0px;\npadding:0px 0px 0px 0px;\n}\n<\/style>\n<div  class='flex_column av-3spqpdq-daba2755921a91d2c247743a7cb6b88c av_one_full  avia-builder-el-5  el_after_av_two_third  el_before_av_one_fourth  first flex_column_div av-zero-column-padding  column-top-margin'     ><section  class='av_textblock_section av-ko1l4jxy-6ab00f5691878d38c2130466ceef9455 '   itemscope=\"itemscope\" itemtype=\"https:\/\/schema.org\/CreativeWork\" ><div class='avia_textblock'  itemprop=\"text\" ><h2>Industrier, vi arbejder i&#8230;<\/h2>\n<p>Vi leverer betjeningsvejledninger, websteder, brochurer, datablade og meget mere til f\u00f8lgende industrier.<\/p>\n<\/div><\/section><\/div>\n\n<style type=\"text\/css\" data-created_by=\"avia_inline_auto\" id=\"style-css-av-3mmem4e-741db8509b7951a9825c3eece64b9404\">\n.flex_column.av-3mmem4e-741db8509b7951a9825c3eece64b9404{\nborder-radius:0px 0px 0px 0px;\npadding:0px 0px 0px 0px;\n}\n<\/style>\n<div  class='flex_column av-3mmem4e-741db8509b7951a9825c3eece64b9404 av_one_fourth  avia-builder-el-7  el_after_av_one_full  el_before_av_one_fourth  first flex_column_div av-zero-column-padding  column-top-margin'     ><article  class='iconbox iconbox_left av-ko1l7j4n-7456688557d7e60fdf81eb15aa4d3c97  avia-builder-el-8  avia-builder-el-no-sibling '  itemscope=\"itemscope\" itemtype=\"https:\/\/schema.org\/CreativeWork\" ><div class=\"iconbox_content\"><header class=\"entry-content-header\" aria-label=\"Icon: Landbrug \/ Agritech\"><div class='iconbox_icon heading-color avia-iconfont avia-font-entypo-fontello' data-av_icon='\ue8b1' data-av_iconfont='entypo-fontello'  ><\/div><h3 class='iconbox_content_title '  itemprop=\"headline\" >Landbrug \/ Agritech<\/h3><\/header><div class='iconbox_content_container '  itemprop=\"text\" ><p>Vi servicerer den komplette end-to-end overs\u00e6ttelsesproces for landbrugsindustrien med fokus p\u00e5 kvalitetsleverancer til producenter, forhandlere og slutkunder. Vi overs\u00e6tter manualer, websteder og brochurer, s\u00e5 vi arbejder sammen med b\u00e5de dine udviklings- og marketingteams.  <a href=\"https:\/\/www.star-ts.com\/da\/agriculture\/\">Tjenester til landbrug og agriteknologi <\/a><\/p>\n<\/div><\/div><footer class=\"entry-footer\"><\/footer><\/article><\/div>\n\n<style type=\"text\/css\" data-created_by=\"avia_inline_auto\" id=\"style-css-av-374wb9a-0bd9b3da7d065d4e80331ecc12b88948\">\n.flex_column.av-374wb9a-0bd9b3da7d065d4e80331ecc12b88948{\nborder-radius:0px 0px 0px 0px;\npadding:0px 0px 0px 0px;\n}\n<\/style>\n<div  class='flex_column av-374wb9a-0bd9b3da7d065d4e80331ecc12b88948 av_one_fourth  avia-builder-el-9  el_after_av_one_fourth  el_before_av_one_fourth  flex_column_div av-zero-column-padding  column-top-margin'     ><article  class='iconbox iconbox_left av-ko1l8xke-7a88cbdcc128c71440af76b0b6b70d08  avia-builder-el-10  avia-builder-el-no-sibling '  itemscope=\"itemscope\" itemtype=\"https:\/\/schema.org\/CreativeWork\" ><div class=\"iconbox_content\"><header class=\"entry-content-header\" aria-label=\"Icon: Automotive\"><div class='iconbox_icon heading-color avia-iconfont avia-font-entypo-fontello' data-av_icon='\ue8da' data-av_iconfont='entypo-fontello'  ><\/div><h3 class='iconbox_content_title '  itemprop=\"headline\" >Automotive<\/h3><\/header><div class='iconbox_content_container '  itemprop=\"text\" ><p>60 % af verdens f\u00f8rende <a href=\"https:\/\/www.star-ts.com\/about\/customer-references\/\">automotive OEM&#8217;er<\/a> arbejder sammen med os<\/p>\n<p>Vi overs\u00e6tter tekniske manualer i store volumener hurtigt og pr\u00e6cist. Vores erfaring i <a href=\"https:\/\/www.star-ts.com\/translation-services\/automotive-industry\/\">automotive-sektoren<\/a> gennem de sidste 30 \u00e5r betyder, at vi leverer teknisk pr\u00e6cise overs\u00e6ttelser<\/p>\n<\/div><\/div><footer class=\"entry-footer\"><\/footer><\/article><\/div>\n\n<style type=\"text\/css\" data-created_by=\"avia_inline_auto\" id=\"style-css-av-2oykxfi-5483b3d2021a12fd099d1003188a2168\">\n.flex_column.av-2oykxfi-5483b3d2021a12fd099d1003188a2168{\nborder-radius:0px 0px 0px 0px;\npadding:0px 0px 0px 0px;\n}\n<\/style>\n<div  class='flex_column av-2oykxfi-5483b3d2021a12fd099d1003188a2168 av_one_fourth  avia-builder-el-11  el_after_av_one_fourth  el_before_av_one_fourth  flex_column_div av-zero-column-padding  column-top-margin'     ><article  class='iconbox iconbox_left av-ko1lbc26-61acd504d9dd3d740fdbffffc3e4d619  avia-builder-el-12  avia-builder-el-no-sibling '  itemscope=\"itemscope\" itemtype=\"https:\/\/schema.org\/CreativeWork\" ><div class=\"iconbox_content\"><header class=\"entry-content-header\" aria-label=\"Icon: Cybersecurity\"><div class='iconbox_icon heading-color avia-iconfont avia-font-entypo-fontello' data-av_icon='\ue824' data-av_iconfont='entypo-fontello'  ><\/div><h3 class='iconbox_content_title '  itemprop=\"headline\" >Cybersecurity<\/h3><\/header><div class='iconbox_content_container '  itemprop=\"text\" ><p><a href=\"https:\/\/www.star-ts.com\/da\/cyber-security\/\">Softwareovers\u00e6ttelse og -lokalisering:<\/a> Vi arbejder sammen med f\u00f8rende software- og applikationsudviklingsvirksomheder og leverer specialiserede overs\u00e6ttelser til deres sikkerhedsprodukter. Vi overs\u00e6tter malware-systemer og antivirussoftware p\u00e5 mere end 40 sprog.<\/p>\n<\/div><\/div><footer class=\"entry-footer\"><\/footer><\/article><\/div>\n\n<style type=\"text\/css\" data-created_by=\"avia_inline_auto\" id=\"style-css-av-14atuwu-1-7a7780de5a52032dc6c87a489b6dd50d\">\n.flex_column.av-14atuwu-1-7a7780de5a52032dc6c87a489b6dd50d{\nborder-radius:0px 0px 0px 0px;\npadding:0px 0px 0px 0px;\n}\n<\/style>\n<div  class='flex_column av-14atuwu-1-7a7780de5a52032dc6c87a489b6dd50d av_one_fourth  avia-builder-el-13  el_after_av_one_fourth  el_before_av_one_fourth  flex_column_div av-zero-column-padding  column-top-margin'     ><article  class='iconbox iconbox_left av-ko1kyygt-11f6a9ad6ce478323943b279eb731caf  avia-builder-el-14  avia-builder-el-no-sibling '  itemscope=\"itemscope\" itemtype=\"https:\/\/schema.org\/CreativeWork\" ><div class=\"iconbox_content\"><header class=\"entry-content-header\" aria-label=\"Icon: Elektronik\"><div class='iconbox_icon heading-color avia-iconfont avia-font-entypo-fontello' data-av_icon='\ue8a9' data-av_iconfont='entypo-fontello'  ><\/div><h3 class='iconbox_content_title '  itemprop=\"headline\" >Elektronik<\/h3><\/header><div class='iconbox_content_container '  itemprop=\"text\" ><p><a href=\"https:\/\/www.star-ts.com\/translation-services\/electronics-translation\/\">Forbrugerelektronik<\/a> er en af de hurtigst voksende industrier i dag. Overs\u00e6ttelse af elektronikindustrien skal v\u00e6re teknisk pr\u00e6cis og kundevenlig.<\/p>\n<\/div><\/div><footer class=\"entry-footer\"><\/footer><\/article><\/div>\n\n<style type=\"text\/css\" data-created_by=\"avia_inline_auto\" id=\"style-css-av-25r8dry-0595a1949c3254043565d930f810adc4\">\n.flex_column.av-25r8dry-0595a1949c3254043565d930f810adc4{\nborder-radius:0px 0px 0px 0px;\npadding:0px 0px 0px 0px;\n}\n<\/style>\n<div  class='flex_column av-25r8dry-0595a1949c3254043565d930f810adc4 av_one_fourth  avia-builder-el-15  el_after_av_one_fourth  el_before_av_one_fourth  first flex_column_div av-zero-column-padding  column-top-margin'     ><article  class='iconbox iconbox_left av-ko1ljuoh-31fa9e974334f68d39aac3a2896d305e  avia-builder-el-16  avia-builder-el-no-sibling '  itemscope=\"itemscope\" itemtype=\"https:\/\/schema.org\/CreativeWork\" ><div class=\"iconbox_content\"><header class=\"entry-content-header\" aria-label=\"Icon: Ingeni\u00f8rvirksomhed\"><div class='iconbox_icon heading-color avia-iconfont avia-font-entypo-fontello' data-av_icon='\ue856' data-av_iconfont='entypo-fontello'  ><\/div><h3 class='iconbox_content_title '  itemprop=\"headline\" >Ingeni\u00f8rvirksomhed<\/h3><\/header><div class='iconbox_content_container '  itemprop=\"text\" ><p>Specialiserede <a href=\"https:\/\/www.star-ts.com\/da\/oversaettelse-til-teknik-og-produktion\/\">ingeni\u00f8rtjenester<\/a>. Teknisk overs\u00e6ttelse er en af de sv\u00e6reste industrier: terminologien kan v\u00e6re kompleks, og overs\u00e6ttelsen skal v\u00e6re pr\u00e6cis. Overs\u00e6ttere skal fuldt ud forst\u00e5 branchen for at kunne kommunikere ingeni\u00f8rkoncepter tydeligt.<\/p>\n<\/div><\/div><footer class=\"entry-footer\"><\/footer><\/article><\/div>\n\n<style type=\"text\/css\" data-created_by=\"avia_inline_auto\" id=\"style-css-av-1p20v3y-93ab19007bc6cd0156a7b7dc7c84a8c8\">\n.flex_column.av-1p20v3y-93ab19007bc6cd0156a7b7dc7c84a8c8{\nborder-radius:0px 0px 0px 0px;\npadding:0px 0px 0px 0px;\n}\n<\/style>\n<div  class='flex_column av-1p20v3y-93ab19007bc6cd0156a7b7dc7c84a8c8 av_one_fourth  avia-builder-el-17  el_after_av_one_fourth  el_before_av_one_fourth  flex_column_div av-zero-column-padding  column-top-margin'     ><article  class='iconbox iconbox_left av-ko1le6rl-420fb43c6f9923b72d07a42742764881  avia-builder-el-18  avia-builder-el-no-sibling '  itemscope=\"itemscope\" itemtype=\"https:\/\/schema.org\/CreativeWork\" ><div class=\"iconbox_content\"><header class=\"entry-content-header\" aria-label=\"Icon: Regeringen\"><div class='iconbox_icon heading-color avia-iconfont avia-font-entypo-fontello' data-av_icon='\ue80b' data-av_iconfont='entypo-fontello'  ><\/div><h3 class='iconbox_content_title '  itemprop=\"headline\" >Regeringen<\/h3><\/header><div class='iconbox_content_container '  itemprop=\"text\" ><p>Offentlige overs\u00e6ttelsestjenester hj\u00e6lper offentlige sektorafdelinger med at kommunikere med mange nationaliteter p\u00e5 deres lokale sprog, effektivt og inden for budgettet. Vi arbejder med en r\u00e6kke offentlige organer og <a href=\"https:\/\/www.star-ts.com\/translation-services\/government-translation-services\/\">ministerier<\/a>, der overs\u00e6tter politikdokumenter, informationsh\u00e6fter og \u00e5rsrapporter.<\/p>\n<\/div><\/div><footer class=\"entry-footer\"><\/footer><\/article><\/div>\n\n<style type=\"text\/css\" data-created_by=\"avia_inline_auto\" id=\"style-css-av-405tjy-638365bcf4c11d9c646d449f514f7254\">\n.flex_column.av-405tjy-638365bcf4c11d9c646d449f514f7254{\nborder-radius:0px 0px 0px 0px;\npadding:0px 0px 0px 0px;\n}\n<\/style>\n<div  class='flex_column av-405tjy-638365bcf4c11d9c646d449f514f7254 av_one_fourth  avia-builder-el-19  el_after_av_one_fourth  el_before_av_one_fourth  flex_column_div av-zero-column-padding  column-top-margin'     ><article  class='iconbox iconbox_left av-ko1lg2ke-4707a5dc636d2ab19d679dbe177d186f  avia-builder-el-20  avia-builder-el-no-sibling '  itemscope=\"itemscope\" itemtype=\"https:\/\/schema.org\/CreativeWork\" ><div class=\"iconbox_content\"><header class=\"entry-content-header\" aria-label=\"Icon: Fremstilling\"><div class='iconbox_icon heading-color avia-iconfont avia-font-entypo-fontello' data-av_icon='\ue855' data-av_iconfont='entypo-fontello'  ><\/div><h3 class='iconbox_content_title '  itemprop=\"headline\" >Fremstilling<\/h3><\/header><div class='iconbox_content_container '  itemprop=\"text\" ><p>STAR er en af verdens st\u00f8rste udbydere af tekniske overs\u00e6ttelsestjenester. Vi har mere end 950 specialister i over 30 lande. S\u00e5 vi hj\u00e6lper dig med at levere globalt. Vi arbejder med verdens f\u00f8rende <a href=\"https:\/\/www.star-ts.com\/translation-services\/manufacturing-translation\/\">producenter<\/a>.<\/p>\n<\/div><\/div><footer class=\"entry-footer\"><\/footer><\/article><\/div>\n\n<style type=\"text\/css\" data-created_by=\"avia_inline_auto\" id=\"style-css-av-s7juji-f736a5387ae81ec0138456f0e1eed9be\">\n.flex_column.av-s7juji-f736a5387ae81ec0138456f0e1eed9be{\nborder-radius:0px 0px 0px 0px;\npadding:0px 0px 0px 0px;\n}\n<\/style>\n<div  class='flex_column av-s7juji-f736a5387ae81ec0138456f0e1eed9be av_one_fourth  avia-builder-el-21  el_after_av_one_fourth  el_before_av_one_full  flex_column_div av-zero-column-padding  column-top-margin'     ><\/div>\n<div  class='flex_column av-l5nz2-8f161f77530d1a61217b7933eda02a11 av_one_full  avia-builder-el-22  el_after_av_one_fourth  avia-builder-el-last  first flex_column_div  column-top-margin'     ><section  class='av_textblock_section av-1bqe266-fb96495898625f4703fafdcfaf26c0be '   itemscope=\"itemscope\" itemtype=\"https:\/\/schema.org\/CreativeWork\" ><div class='avia_textblock'  itemprop=\"text\" ><div  class='avia-button-wrap avia-button-center  avia-builder-el-24  avia-builder-el-no-sibling '>\n<style type=\"text\/css\" data-created_by=\"avia_inline_auto\" id=\"style-css-av-sbavni-5f2a9c30715de164e8fc5ef943f5034b\">\n#top #wrap_all .avia-button.av-sbavni-5f2a9c30715de164e8fc5ef943f5034b:hover{\ncolor:white;\ntransition:all 0.4s ease-in-out;\n}\n#top #wrap_all .avia-button.av-sbavni-5f2a9c30715de164e8fc5ef943f5034b:hover .avia-svg-icon svg:first-child{\nfill:white;\nstroke:white;\n}\n<\/style>\n<a href='https:\/\/www.star-ts.com\/da\/kontakt\/' class='avia-color-theme-color avia-font-color-theme-color avia-button avia-button-fullwidth av-sbavni-5f2a9c30715de164e8fc5ef943f5034b avia-icon_select-no avia-color-theme-color'  title=\"Contact Us\" aria-label=\"Contact Us\"><span class='avia_iconbox_title' >Kontakt os<\/span><span class='avia_button_background avia-button avia-button-fullwidth avia-color-theme-color-highlight'><\/span><\/a><\/div>\n<\/div><\/section><\/div>\n","protected":false},"excerpt":{"rendered":"<p>Som en global virksomhed underst\u00f8tter vi over 200 sprog og mange industrisystemer og -processer. Vores teams arbejder t\u00e6t sammen med vores kunder for at levere en skr\u00e6ddersyet l\u00f8sning til hver kunde og industri. <\/p>\n","protected":false},"author":1,"featured_media":72408,"parent":0,"menu_order":0,"comment_status":"closed","ping_status":"closed","template":"","meta":{"footnotes":""},"class_list":["post-121153","page","type-page","status-publish","has-post-thumbnail","hentry"],"_links":{"self":[{"href":"https:\/\/www.star-ts.com\/da\/wp-json\/wp\/v2\/pages\/121153","targetHints":{"allow":["GET"]}}],"collection":[{"href":"https:\/\/www.star-ts.com\/da\/wp-json\/wp\/v2\/pages"}],"about":[{"href":"https:\/\/www.star-ts.com\/da\/wp-json\/wp\/v2\/types\/page"}],"author":[{"embeddable":true,"href":"https:\/\/www.star-ts.com\/da\/wp-json\/wp\/v2\/users\/1"}],"replies":[{"embeddable":true,"href":"https:\/\/www.star-ts.com\/da\/wp-json\/wp\/v2\/comments?post=121153"}],"version-history":[{"count":0,"href":"https:\/\/www.star-ts.com\/da\/wp-json\/wp\/v2\/pages\/121153\/revisions"}],"wp:featuredmedia":[{"embeddable":true,"href":"https:\/\/www.star-ts.com\/da\/wp-json\/wp\/v2\/media\/72408"}],"wp:attachment":[{"href":"https:\/\/www.star-ts.com\/da\/wp-json\/wp\/v2\/media?parent=121153"}],"curies":[{"name":"wp","href":"https:\/\/api.w.org\/{rel}","templated":true}]}}