{"id":121105,"date":"2026-01-05T12:30:54","date_gmt":"2026-01-05T12:30:54","guid":{"rendered":"https:\/\/www.star-ts.com\/chinese-website-design-tips\/"},"modified":"2026-01-16T10:34:32","modified_gmt":"2026-01-16T10:34:32","slug":"chinese-website-design-tips","status":"publish","type":"page","link":"https:\/\/www.star-ts.com\/da\/chinese-translation\/chinese-website-design-tips\/","title":{"rendered":"Tip til kinesisk webdesign"},"content":{"rendered":"<div  class='flex_column av-4kqgweb-88b7501358cb005f7ceb019c7468c5fb av_one_half  avia-builder-el-0  el_before_av_one_half  avia-builder-el-first  first flex_column_div  '     ><section  class='av_textblock_section av-3yoh81v-fd12495f7b81a3878c34c87c32277cce '   itemscope=\"itemscope\" itemtype=\"https:\/\/schema.org\/CreativeWork\" ><div class='avia_textblock'  itemprop=\"text\" ><h1>Top 10 kinesiske Web Design Tips &#8211; En hurtig guide<\/h1>\n<\/div><\/section><br \/>\n<section  class='av_textblock_section av-3coxfab-da351d395fb653b1f3d0840148ef3b3f '   itemscope=\"itemscope\" itemtype=\"https:\/\/schema.org\/CreativeWork\" ><div class='avia_textblock'  itemprop=\"text\" ><p>Download din gratis vejledning om bedste praksis for kinesisk webdesign<\/p>\n<\/div><\/section><\/p><\/div>\n<p>\n<style type=\"text\/css\" data-created_by=\"avia_inline_auto\" id=\"style-css-av-2csb7sz-2eed9f34bf7ea92e70acc895fd19c8f3\">\n.flex_column.av-2csb7sz-2eed9f34bf7ea92e70acc895fd19c8f3{\nborder-radius:0px 0px 0px 0px;\npadding:0px 0px 0px 0px;\n}\n<\/style>\n<div  class='flex_column av-2csb7sz-2eed9f34bf7ea92e70acc895fd19c8f3 av_one_half  avia-builder-el-3  el_after_av_one_half  el_before_av_two_third  flex_column_div av-zero-column-padding  '     ><style type=\"text\/css\" data-created_by=\"avia_inline_auto\" id=\"style-css-av-kevgss4b-f3789ac59d678b0e014347f76acc469b\">\n.avia-image-container.av-kevgss4b-f3789ac59d678b0e014347f76acc469b img.avia_image{\nbox-shadow:none;\n}\n.avia-image-container.av-kevgss4b-f3789ac59d678b0e014347f76acc469b .av-image-caption-overlay-center{\ncolor:#ffffff;\n}\n<\/style>\n<div  class='avia-image-container av-kevgss4b-f3789ac59d678b0e014347f76acc469b av-styling- avia-align-center  avia-builder-el-4  avia-builder-el-no-sibling '   itemprop=\"image\" itemscope=\"itemscope\" itemtype=\"https:\/\/schema.org\/ImageObject\" ><div class=\"avia-image-container-inner\"><div class=\"avia-image-overlay-wrap\"><img decoding=\"async\" loading=\"lazy\" class='wp-image-64824 avia-img-lazy-loading-64824 avia_image ' src=\"https:\/\/www.star-ts.com\/wp-content\/uploads\/2012\/02\/china1.jpg\" alt='Kinas bybillede' title='Kinas bybillede'  height=\"310\" width=\"600\"  itemprop=\"thumbnailUrl\" srcset=\"https:\/\/www.star-ts.com\/wp-content\/uploads\/2012\/02\/china1.jpg 600w, https:\/\/www.star-ts.com\/wp-content\/uploads\/2012\/02\/china1-300x155.jpg 300w\" sizes=\"auto, (max-width: 600px) 100vw, 600px\" \/><\/div><\/div><\/div><\/div><div  class='flex_column av-336y1er-07e284ebd21b46e13b2addf7b633f3c2 av_two_third  avia-builder-el-5  el_after_av_one_half  el_before_av_one_third  first flex_column_div  column-top-margin'     ><section  class='av_textblock_section av-2o49fib-154078f9c95a6be373e21a6f587d90cd '   itemscope=\"itemscope\" itemtype=\"https:\/\/schema.org\/CreativeWork\" ><div class='avia_textblock'  itemprop=\"text\" ><h3>Gratis e-bog<\/h3>\n<p>Er din hjemmeside klar til at blive oversat til kinesisk? Hvordan kan du sikre dig, at det er SEO-klar? Og hvad er de bedste skrifttyper at bruge?  <\/p>\n<p>Denne hurtige guide e-bog vil guide dig gennem processen med at f\u00e5 din hjemmeside klar til det kinesiske marked. Du vil v\u00e6re klar til overs\u00e6ttelse fra dag \u00e9t. <\/p>\n<p>Vi har ekspertisen og erfaringen til at hj\u00e6lpe dig med at levere dine produkter til det kinesiske sprog med kontorer i Beijing, Shanghai og Taiwan. Vi leverer tjenester til udgivelse af station\u00e6re pc&#8217;er for at sikre, at dine filer ser rene og professionelle ud. <\/p>\n<p><a href=\"https:\/\/www.star-ts.com\/download\/cta\/star-chinese-web.pdf\">Hent din kopi nu<\/a>.<\/p>\n<\/div><\/section><\/div><\/p>\n\n<style type=\"text\/css\" data-created_by=\"avia_inline_auto\" id=\"style-css-av-7kiccj-5299bfee751178d6f08d49b3612589ee\">\n.flex_column.av-7kiccj-5299bfee751178d6f08d49b3612589ee{\nborder-radius:0px 0px 0px 0px;\npadding:0px 0px 0px 0px;\n}\n<\/style>\n<div  class='flex_column av-7kiccj-5299bfee751178d6f08d49b3612589ee av_one_third  avia-builder-el-7  el_after_av_two_third  el_before_av_one_full  flex_column_div av-zero-column-padding  column-top-margin'     ><section  class='av_textblock_section av-1p9kj9f-226e2a1bd618c884a11b690ed3f84cb3 '   itemscope=\"itemscope\" itemtype=\"https:\/\/schema.org\/CreativeWork\" ><div class='avia_textblock'  itemprop=\"text\" ><h4>Top kinesisk webdesign tips:<\/h4>\n<ul>\n<li>S\u00e6t UTF-8<\/li>\n<li>Brug kinesiske skrifttyper<\/li>\n<li>CSS: Engelske skrifttyper F\u00f8rst<\/li>\n<li>SEO: M\u00e5llande<\/li>\n<li>CSS: Skrifttypefamiliev\u00e6rdier<\/li>\n<li>CSS: Skrifttyper til Mac og pc<\/li>\n<li>G\u00f8r skrifttyper enkle<\/li>\n<\/ul>\n<\/div><\/section><\/div>\n<div  class='flex_column av-1a1vvvn-365d36fd75343438f4a86254475ca686 av_one_full  avia-builder-el-9  el_after_av_one_third  el_before_av_one_half  first flex_column_div  column-top-margin'     ><section  class='av_textblock_section av-s7aqo3-43e865736378a6d96ace9fad94f5ebde '   itemscope=\"itemscope\" itemtype=\"https:\/\/schema.org\/CreativeWork\" ><div class='avia_textblock'  itemprop=\"text\" ><p>Du er m\u00e5ske interesseret i&#8230;<\/p>\n<p><a href=\"https:\/\/www.star-ts.com\/da\/chinese-translation\/\">Kinesiske overs\u00e6ttelsestjenester<\/a><\/p>\n<p><a href=\"https:\/\/www.star-ts.com\/translation\/why-translate-chinese-for-china-and-chinese-for-taiwan\/\">Hvorfor overs\u00e6tte b\u00e5de til kinesisk for Kina og kinesisk for Taiwan?<\/a><\/p>\n<\/div><\/section><\/div>\n\n<style type=\"text\/css\" data-created_by=\"avia_inline_auto\" id=\"style-css-av-271w8df-a42372321475063d55c500485b4d755c\">\n.flex_column.av-271w8df-a42372321475063d55c500485b4d755c{\nborder-radius:0px 0px 0px 0px;\npadding:0px 0px 0px 0px;\n}\n<\/style>\n<div  class='flex_column av-271w8df-a42372321475063d55c500485b4d755c av_one_half  avia-builder-el-11  el_after_av_one_full  el_before_av_one_half  first flex_column_div av-zero-column-padding  column-top-margin'     ><section  class='av_textblock_section av-kecpzm7g-10459406923501180c7f6f740a01db4f '   itemscope=\"itemscope\" itemtype=\"https:\/\/schema.org\/CreativeWork\" ><div class='avia_textblock'  itemprop=\"text\" ><div  class='avia-button-wrap avia-button-center  avia-builder-el-13  avia-builder-el-no-sibling '>\n<style type=\"text\/css\" data-created_by=\"avia_inline_auto\" id=\"style-css-av-1jqnm1v-1a43806800f273d144b8d77c8c3316df\">\n#top #wrap_all .avia-button.av-1jqnm1v-1a43806800f273d144b8d77c8c3316df:hover{\ncolor:#ffffff;\ntransition:all 0.4s ease-in-out;\n}\n#top #wrap_all .avia-button.av-1jqnm1v-1a43806800f273d144b8d77c8c3316df:hover .avia-svg-icon svg:first-child{\nfill:#ffffff;\nstroke:#ffffff;\n}\n<\/style>\n<a href='https:\/\/www.star-ts.com\/da\/kontakt\/' class='avia-color-dark avia-font-color-black avia-button avia-button-fullwidth av-1jqnm1v-1a43806800f273d144b8d77c8c3316df avia-icon_select-no avia-color-dark'   aria-label=\"Kontakt os\"><span class='avia_iconbox_title' >Kontakt os<\/span><span class='avia_button_background avia-button avia-button-fullwidth avia-color-theme-color-subtle'><\/span><\/a><\/div>\n<\/div><\/section><\/div>\n\n<style type=\"text\/css\" data-created_by=\"avia_inline_auto\" id=\"style-css-av-1b6b7ur-3784876ce7383c13a60d2ce6ce5455df\">\n.flex_column.av-1b6b7ur-3784876ce7383c13a60d2ce6ce5455df{\nborder-radius:0px 0px 0px 0px;\npadding:0px 0px 0px 0px;\n}\n<\/style>\n<div  class='flex_column av-1b6b7ur-3784876ce7383c13a60d2ce6ce5455df av_one_half  avia-builder-el-14  el_after_av_one_half  avia-builder-el-last  flex_column_div av-zero-column-padding  column-top-margin'     ><section  class='av_textblock_section av-kecpvkh2-1fff26377e9754166b01c392c38510e9 '   itemscope=\"itemscope\" itemtype=\"https:\/\/schema.org\/CreativeWork\" ><div class='avia_textblock'  itemprop=\"text\" ><div  class='avia-button-wrap avia-button-center  avia-builder-el-16  avia-builder-el-no-sibling '>\n<style type=\"text\/css\" data-created_by=\"avia_inline_auto\" id=\"style-css-av-lwtg5f-337b153f87133ff94716a2854a61eb8f\">\n#top #wrap_all .avia-button.av-lwtg5f-337b153f87133ff94716a2854a61eb8f{\nbackground-color:#08a742;\nborder-color:#08a742;\ncolor:#ffffff;\ntransition:all 0.4s ease-in-out;\n}\n#top #wrap_all .avia-button.av-lwtg5f-337b153f87133ff94716a2854a61eb8f:hover{\nbackground-color:#07b207;\ncolor:#ffffff;\ntransition:all 0.4s ease-in-out;\n}\n#top #wrap_all .avia-button.av-lwtg5f-337b153f87133ff94716a2854a61eb8f .avia-svg-icon svg:first-child{\nfill:#ffffff;\nstroke:#ffffff;\n}\n#top #wrap_all .avia-button.av-lwtg5f-337b153f87133ff94716a2854a61eb8f:hover .avia-svg-icon svg:first-child{\nfill:#ffffff;\nstroke:#ffffff;\n}\n<\/style>\n<a href='https:\/\/www.star-ts.com\/translate-now\/' class='avia-button avia-button-fullwidth av-lwtg5f-337b153f87133ff94716a2854a61eb8f avia-icon_select-no avia-color-custom'   aria-label=\"F\u00e5 et tilbud\"><span class='avia_iconbox_title' >F\u00e5 et tilbud<\/span><\/a><\/div>\n<\/div><\/section><\/div>\n","protected":false},"excerpt":{"rendered":"","protected":false},"author":1,"featured_media":64824,"parent":121630,"menu_order":1,"comment_status":"closed","ping_status":"open","template":"","meta":{"footnotes":""},"class_list":["post-121105","page","type-page","status-publish","has-post-thumbnail","hentry"],"_links":{"self":[{"href":"https:\/\/www.star-ts.com\/da\/wp-json\/wp\/v2\/pages\/121105","targetHints":{"allow":["GET"]}}],"collection":[{"href":"https:\/\/www.star-ts.com\/da\/wp-json\/wp\/v2\/pages"}],"about":[{"href":"https:\/\/www.star-ts.com\/da\/wp-json\/wp\/v2\/types\/page"}],"author":[{"embeddable":true,"href":"https:\/\/www.star-ts.com\/da\/wp-json\/wp\/v2\/users\/1"}],"replies":[{"embeddable":true,"href":"https:\/\/www.star-ts.com\/da\/wp-json\/wp\/v2\/comments?post=121105"}],"version-history":[{"count":0,"href":"https:\/\/www.star-ts.com\/da\/wp-json\/wp\/v2\/pages\/121105\/revisions"}],"up":[{"embeddable":true,"href":"https:\/\/www.star-ts.com\/da\/wp-json\/wp\/v2\/pages\/121630"}],"wp:featuredmedia":[{"embeddable":true,"href":"https:\/\/www.star-ts.com\/da\/wp-json\/wp\/v2\/media\/64824"}],"wp:attachment":[{"href":"https:\/\/www.star-ts.com\/da\/wp-json\/wp\/v2\/media?parent=121105"}],"curies":[{"name":"wp","href":"https:\/\/api.w.org\/{rel}","templated":true}]}}