{"id":121099,"date":"2026-01-05T12:30:48","date_gmt":"2026-01-05T12:30:48","guid":{"rendered":"https:\/\/www.star-ts.com\/italian-translation\/"},"modified":"2026-01-05T12:36:04","modified_gmt":"2026-01-05T12:36:04","slug":"italian-translation","status":"publish","type":"page","link":"https:\/\/www.star-ts.com\/da\/italian-translation\/","title":{"rendered":"Italienske overs\u00e6ttelsestjenester"},"content":{"rendered":"<div id='full_slider_1'  class='avia-fullwidth-slider main_color avia-shadow av-small-hide av-mini-hide  avia-builder-el-0  el_before_av_two_third  avia-builder-el-first   container_wrap sidebar_right'  ><div  class='avia-slideshow av-mggbciub-4906ccaab6f52a4016b7e35c1ab58fe5 avia-slideshow-featured av_slideshow_full avia-slide-slider av-small-hide av-mini-hide av-slideshow-ui av-control-default av-slideshow-manual av-loop-once av-loop-manual-endless av-default-height-applied   avia-slideshow-1' data-slideshow-options=\"{&quot;animation&quot;:&quot;slide&quot;,&quot;autoplay&quot;:false,&quot;loop_autoplay&quot;:&quot;once&quot;,&quot;interval&quot;:5,&quot;loop_manual&quot;:&quot;manual-endless&quot;,&quot;autoplay_stopper&quot;:false,&quot;noNavigation&quot;:false,&quot;bg_slider&quot;:false,&quot;keep_padding&quot;:false,&quot;hoverpause&quot;:false,&quot;show_slide_delay&quot;:0}\"  itemprop=\"image\" itemscope=\"itemscope\" itemtype=\"https:\/\/schema.org\/ImageObject\" ><ul class='avia-slideshow-inner ' style='padding-bottom: 28.666666666667%;'><li  class='avia-slideshow-slide av-mggbciub-4906ccaab6f52a4016b7e35c1ab58fe5__0  av-single-slide slide-1 slide-odd'><div data-rel='slideshow-1' class='avia-slide-wrap '   ><div class='av-slideshow-caption av-mggbciub-4906ccaab6f52a4016b7e35c1ab58fe5__0 caption_fullwidth caption_center caption_center_framed caption_framed'><div class=\"container caption_container\"><div class=\"slideshow_caption\"><div class=\"slideshow_inner_caption\"><div class=\"slideshow_align_caption\"><h2 class='avia-caption-title '  itemprop=\"name\" >Italiensk overs\u00e6ttelse<\/h2><div class='avia-caption-content '  itemprop=\"description\" ><p>Italienske overs\u00e6ttere med specialiseret overs\u00e6ttelsesekspertise<\/p>\n<\/div><\/div><\/div><\/div><\/div><\/div><img decoding=\"async\" fetchpriority=\"high\" class=\"wp-image-106036 avia-img-lazy-loading-not-106036\"  src=\"https:\/\/www.star-ts.com\/wp-content\/uploads\/2019\/10\/colosseum-792202_1920-1500x430.jpg\" width=\"1500\" height=\"430\" title='colosseum-792202_1920' alt=''  itemprop=\"thumbnailUrl\"   \/><\/div><\/li><\/ul><\/div><\/div><div id='after_full_slider_1'  class='main_color av_default_container_wrap container_wrap sidebar_right'  ><div class='container av-section-cont-open' ><div class='template-page content  av-content-small alpha units'><div class='post-entry post-entry-type-page post-entry-121099'><div class='entry-content-wrapper clearfix'>\n<div  class='flex_column av-ilvt8h-88928bace25b60efea3c41b35e93dd00 av_two_third  avia-builder-el-1  el_after_av_slideshow_full  el_before_av_one_third  avia-builder-el-first  first flex_column_div  '     ><section  class='av_textblock_section av-gxnloh-4be6cd4544b286ef6b169302885a97ce '   itemscope=\"itemscope\" itemtype=\"https:\/\/schema.org\/CreativeWork\" ><div class='avia_textblock'  itemprop=\"text\" ><h1>Italiensk overs\u00e6ttelse til tekniske maskiner og softwarelokalisering<\/h1>\n<p><em><strong>\u00d8nsker du at ekspandere til det italienske marked?<\/strong><\/em><\/p>\n<p>Vi specialiserer os i italienske overs\u00e6ttelsestjenester til producenter, softwareudviklere og ingeni\u00f8rvirksomheder, der har brug for pr\u00e6cision, hastighed og brancheekspertise.<\/p>\n<p>Vores italienske overs\u00e6ttere er uddannet i teknisk dokumentation og softwarelokalisering. Vi overs\u00e6tter manualer, produktkataloger, UI-strenge, hj\u00e6lpefiler og websteder \u2013 og sikrer, at dit indhold er n\u00f8jagtigt, overholder kravene og er klar til italiensktalende brugere. <\/p>\n<p>Hver overs\u00e6ttelse opfylder ISO 9001- og ISO 17100-standarderne, hvilket giver dig tillid til kvalitet og konsistens. Uanset om du lancerer industrielt udstyr eller lokaliserer kompleks software, hj\u00e6lper vi dig med at kommunikere klart og professionelt p\u00e5 italiensk.<\/p>\n<\/div><\/section><\/div>\n\n<style type=\"text\/css\" data-created_by=\"avia_inline_auto\" id=\"style-css-av-g0u6td-5902bd3b44119ebc2d127ad175088249\">\n.flex_column.av-g0u6td-5902bd3b44119ebc2d127ad175088249{\nborder-radius:0px 0px 0px 0px;\npadding:0px 0px 0px 0px;\n}\n<\/style>\n<div  class='flex_column av-g0u6td-5902bd3b44119ebc2d127ad175088249 av_one_third  avia-builder-el-3  el_after_av_two_third  el_before_av_one_full  flex_column_div av-zero-column-padding  '     ><section  class='av_textblock_section av-e6ui4h-91d0cbb8c2c397969e0413ebf3970f08 '   itemscope=\"itemscope\" itemtype=\"https:\/\/schema.org\/CreativeWork\" ><div class='avia_textblock'  itemprop=\"text\" ><h4>Overs\u00e6ttelsestjenester<\/h4>\n<ul>\n<li><a href=\"https:\/\/www.star-ts.com\/translation-services\/documents\/health-and-safety\/\">Manualer om sundhed og sikkerhed<\/a><\/li>\n<li><a href=\"https:\/\/www.star-ts.com\/translation-services\/documents\/employee-handbooks\/\">Medarbejderh\u00e5ndb\u00f8ger<\/a><\/li>\n<li><a href=\"https:\/\/www.star-ts.com\/translation-services\/automotive-industry\/\">Automobildokumenter<\/a><\/li>\n<li><a href=\"https:\/\/www.star-ts.com\/da\/documents\/\">Tekniske publikationer<\/a><\/li>\n<li><a href=\"https:\/\/www.star-ts.com\/translation-services\/government-translation-services\/\">Dokumenter fra den offentlige sektor<\/a><\/li>\n<li><a href=\"https:\/\/www.star-ts.com\/marketing-services\/marketing-campaigns\/e-commerce\/\">E-handelswebsteder<\/a><\/li>\n<\/ul>\n<\/div><\/section><\/div>\n<div  class='flex_column av-cpt7k1-f770121aaf86fd446cecdcd0d7b1c9b2 av_one_full  avia-builder-el-5  el_after_av_one_third  avia-builder-el-last  first flex_column_div  column-top-margin'     ><section  class='av_textblock_section av-13x9rl-85b2f2d7747e2e6e7022bd29c235976e '   itemscope=\"itemscope\" itemtype=\"https:\/\/schema.org\/CreativeWork\" ><div class='avia_textblock'  itemprop=\"text\" ><h2>Professionelle italienske overs\u00e6ttere med teknisk pr\u00e6cision<\/h2>\n<p>N\u00e5r n\u00f8jagtighed er vigtig, og budgetterne er stramme, har du brug for en partner, der forst\u00e5r b\u00e5de dit sprog og din branche. Vores italienske overs\u00e6ttelsesteam har dyb ekspertise inden for tekniske og ingeni\u00f8rm\u00e6ssige sektorer \u2013 hvilket sikrer, at dit indhold taler klart, selvsikkert og korrekt. <\/p>\n<p>Vi prioriterer teknisk terminologi fra starten, s\u00e5 dit budskab forbliver skarpt og konsistent p\u00e5 tv\u00e6rs af alle dokumenter. Uanset om du er inden for bilindustrien, fremstilling eller industriel design, har vi hjulpet m\u00e6rker som Ferrari med at levere fejlfri kommunikation, der skaber resultater. <\/p>\n<h3>Problemfri overs\u00e6ttelse p\u00e5 tv\u00e6rs af alle filformater<\/h3>\n<p>Dine ingeni\u00f8rer og designere arbejder h\u00e5rdt for at opbygge fantastisk indhold \u2013 vi s\u00f8rger for, at det overs\u00e6ttes perfekt. Vi samarbejder direkte med dine teams for at levere pr\u00e6cise engelsk-til-italiensk overs\u00e6ttelser, der bevarer mening, layout og hensigt. <\/p>\n<p>Fra QuarkXPress til InDesign, FrameMaker til AutoCAD DXF og alt derimellem \u2013 vores specialister h\u00e5ndterer stort set alle filformater med lethed, herunder HTML, XML, PowerPoint, Excel og Word.<\/p>\n<\/div><\/section><br \/>\n<section  class='av_textblock_section av-9ngav5-681dead2643294b869269fba23ef3d90 '   itemscope=\"itemscope\" itemtype=\"https:\/\/schema.org\/CreativeWork\" ><div class='avia_textblock'  itemprop=\"text\" ><h2><strong>Italiensk som nationalsprog<\/strong><\/h2>\n<p>P\u00e5 trods af \u00e5rhundreders enorm litter\u00e6r produktion m\u00e5tte italienerne vente til Italiens samling i 1861 for at f\u00e5 et officielt f\u00e6lles sprog. Toscana-italiensk blev valgt til denne rolle, selvom kun et lille mindretal af befolkningen talte denne dialekt p\u00e5 det tidspunkt. De fleste italienere talte deres egne regionale dialekter. I dag er det italienske sprog rigt og udtryksfuldt, hvilket kr\u00e6ver komplekse verbumsb\u00f8jninger, og italienerne er stolte af at bruge det.   <\/p>\n<p>Teknologi kan v\u00e6re ansvarlig for introduktionen af mange l\u00e5nte engelske ord, som nu bruges frit i b\u00e5de formelle og uformelle samtaler. I stedet for at insistere p\u00e5 korrekte overs\u00e6ttelser af engelsk terminologi bruger italienerne ofte engelske ord, som de er, og endda oph\u00f8jer deres status til &#8220;moderne.&#8221; <\/p>\n<h3><strong>Italiensk sprog og musik<\/strong><\/h3>\n<p>Enhver, der har studeret eller spillet musik, er bekendt med ord som crescendo, forte og tempo. Italiensk har altid v\u00e6ret sproget for opera-librettoer og er stadig universelt anerkendt som den klassiske musiks sprog. Men hvorfor kaldes italiensk &#8220;la bella lingua&#8221; (det smukke sprog)? Den syngende effekt af italiensk kommer fra dets udtale: de fleste ord har en accent p\u00e5 den n\u00e6stsidste stavelse og ender med en vokal, hvilket f\u00e5r sproget til at lyde s\u00f8dt og lyrisk for fremmede \u00f8rer.   <\/p>\n<h3><strong>Italienere: Et folk af helgener, digtere, s\u00f8folk og&#8230;<\/strong><\/h3>\n<p>Dette ber\u00f8mte motto definerer italienerne godt og afspejler Belpaeses religi\u00f8se og historiske r\u00f8dder. For at omskrive Winston Churchills udtalelse om, at italienere taber krige, som om de var fodboldkampe, og fodboldkampe, som om de var krige, vil jeg ogs\u00e5 tilf\u00f8je, at italienere er passionerede fodboldkommentatorer, lige s\u00e5 voldsomme og inkarnerede, som de er eksperter i politik. Italiens position ved Middelhavet har efterladt det \u00e5bent for invasion gennem \u00e5rhundreder, hvilket har gjort det dygtigt til at rumme andre kulturer.  <\/p>\n<p>Italienere kan klage over \u00e6ndringer i deres kultur og sprog, men de er en varm og im\u00f8dekommende befolkning, der har l\u00e6rt at blive beriget af mangfoldighed snarere end at bek\u00e6mpe den. Den italienske journalist Beppe Severgnini skrev, at et r\u00f8dt lys i et vejkryds er mere et forslag end en ordre, fordi italienere foretr\u00e6kker at t\u00e6nke frem for at f\u00e5 at vide, hvad de skal g\u00f8re. Udl\u00e6ndinge kan betragte dette som en trussel mod sikkerheden, men italienerne man\u00f8vrerer generelt dygtigt gennem labyrinten af trafiklys, regler, love og traditionelle m\u00e5der at g\u00f8re tingene p\u00e5.  <\/p>\n<h3><strong>Italiensk sprog og kommunikation<\/strong><\/h3>\n<p>Man kan h\u00e6vde, at det universelle sprog i Italien ikke er italiensk, men gestik. Denne &#8216;handy&#8217; kommunikationsmetode hj\u00e6lper italienere med at blive forst\u00e5et i udlandet, selv n\u00e5r de ikke taler sproget. Udl\u00e6ndinge b\u00f8r huske dette, n\u00e5r de bes\u00f8ger Italien \u2013 italienere er ikke p\u00e5virket af nerv\u00f8se tr\u00e6kninger; snarere er de meget kommunikative mennesker, der ikke er bange for at komme fysisk t\u00e6t p\u00e5, n\u00e5r de kommunikerer. Folkets varme m\u00e6rkes \u00f8jeblikkeligt, is\u00e6r n\u00e5r man deler et m\u00e5ltid eller et glas vin, som er bredt anerkendt som blandt de bedste i verden.<\/p>\n<\/div><\/section><br \/>\n<section  class='av_textblock_section av-67uxe9-ed20f529947e3450b57db5e7e8a710d6 '   itemscope=\"itemscope\" itemtype=\"https:\/\/schema.org\/CreativeWork\" ><div class='avia_textblock'  itemprop=\"text\" ><p><a href=\"https:\/\/www.star-ts.com\/languages\/free-translation-resources\/how-to-say-i-love-you\/\">S\u00e5dan siger du jeg elsker dig p\u00e5 italiensk<\/a><\/p>\n<p><a href=\"https:\/\/www.star-ts.com\/languages\/free-translation-resources\/\">Gratis overs\u00e6ttelsesressourcer<\/a><\/p>\n<\/div><\/section><\/p><\/div>\n","protected":false},"excerpt":{"rendered":"<p>\u00d8nsker du at ekspandere til det italienske marked?<\/p>\n<p>Vi specialiserer os i italienske overs\u00e6ttelsestjenester til producenter, softwareudviklere og ingeni\u00f8rvirksomheder, der har brug for pr\u00e6cision, hastighed og brancheekspertise.<\/p>\n","protected":false},"author":1,"featured_media":106036,"parent":0,"menu_order":14,"comment_status":"closed","ping_status":"closed","template":"","meta":{"footnotes":""},"class_list":["post-121099","page","type-page","status-publish","has-post-thumbnail","hentry"],"_links":{"self":[{"href":"https:\/\/www.star-ts.com\/da\/wp-json\/wp\/v2\/pages\/121099","targetHints":{"allow":["GET"]}}],"collection":[{"href":"https:\/\/www.star-ts.com\/da\/wp-json\/wp\/v2\/pages"}],"about":[{"href":"https:\/\/www.star-ts.com\/da\/wp-json\/wp\/v2\/types\/page"}],"author":[{"embeddable":true,"href":"https:\/\/www.star-ts.com\/da\/wp-json\/wp\/v2\/users\/1"}],"replies":[{"embeddable":true,"href":"https:\/\/www.star-ts.com\/da\/wp-json\/wp\/v2\/comments?post=121099"}],"version-history":[{"count":0,"href":"https:\/\/www.star-ts.com\/da\/wp-json\/wp\/v2\/pages\/121099\/revisions"}],"wp:featuredmedia":[{"embeddable":true,"href":"https:\/\/www.star-ts.com\/da\/wp-json\/wp\/v2\/media\/106036"}],"wp:attachment":[{"href":"https:\/\/www.star-ts.com\/da\/wp-json\/wp\/v2\/media?parent=121099"}],"curies":[{"name":"wp","href":"https:\/\/api.w.org\/{rel}","templated":true}]}}