{"id":121077,"date":"2026-01-05T12:29:48","date_gmt":"2026-01-05T12:29:48","guid":{"rendered":"https:\/\/www.star-ts.com\/about\/"},"modified":"2026-01-16T10:30:25","modified_gmt":"2026-01-16T10:30:25","slug":"about","status":"publish","type":"page","link":"https:\/\/www.star-ts.com\/da\/about\/","title":{"rendered":"Om"},"content":{"rendered":"<div id='full_slider_1'  class='avia-fullwidth-slider main_color avia-shadow av-small-hide av-mini-hide  avia-builder-el-0  el_before_av_one_fifth  avia-builder-el-first   container_wrap sidebar_right'  ><div  class='avia-slideshow av-k1j1h7r4-17fad0c04e97232114a4dbde8c055e8e avia-slideshow-featured av_slideshow_full avia-slide-slider av-small-hide av-mini-hide av-slideshow-ui av-control-default av-slideshow-manual av-loop-once av-loop-manual-endless av-default-height-applied   avia-slideshow-1' data-slideshow-options=\"{&quot;animation&quot;:&quot;slide&quot;,&quot;autoplay&quot;:false,&quot;loop_autoplay&quot;:&quot;once&quot;,&quot;interval&quot;:5,&quot;loop_manual&quot;:&quot;manual-endless&quot;,&quot;autoplay_stopper&quot;:false,&quot;noNavigation&quot;:false,&quot;bg_slider&quot;:false,&quot;keep_padding&quot;:false,&quot;hoverpause&quot;:false,&quot;show_slide_delay&quot;:0}\"  itemprop=\"image\" itemscope=\"itemscope\" itemtype=\"https:\/\/schema.org\/ImageObject\" ><ul class='avia-slideshow-inner ' style='padding-bottom: 28.666666666667%;'><li  class='avia-slideshow-slide av-k1j1h7r4-17fad0c04e97232114a4dbde8c055e8e__0  av-single-slide slide-1 slide-odd'><div data-rel='slideshow-1' class='avia-slide-wrap '   ><div class='av-slideshow-caption av-k1j1h7r4-17fad0c04e97232114a4dbde8c055e8e__0 caption_fullwidth caption_center caption_center_framed caption_framed'><div class=\"container caption_container\"><div class=\"slideshow_caption\"><div class=\"slideshow_inner_caption\"><div class=\"slideshow_align_caption\"><h2 class='avia-caption-title '  itemprop=\"name\" >S\u00e6t skub i det globale salg<\/h2><div class='avia-caption-content '  itemprop=\"description\" ><p>Udvid din virksomhed internationalt<\/p>\n<\/div><\/div><\/div><\/div><\/div><\/div><img decoding=\"async\" fetchpriority=\"high\" class=\"wp-image-106336 avia-img-lazy-loading-not-106336\"  src=\"https:\/\/www.star-ts.com\/wp-content\/uploads\/2019\/10\/businessman-2682712_1920-1500x430.jpg\" width=\"1500\" height=\"430\" title='businessman-translation-world' alt='Overs\u00e6ttelse | Overs\u00e6tter | Verdensomsp\u00e6ndende'  itemprop=\"thumbnailUrl\"   \/><\/div><\/li><\/ul><\/div><\/div><div id='after_full_slider_1'  class='main_color av_default_container_wrap container_wrap sidebar_right'  ><div class='container av-section-cont-open' ><div class='template-page content  av-content-small alpha units'><div class='post-entry post-entry-type-page post-entry-121077'><div class='entry-content-wrapper clearfix'>\n<div  class='flex_column av-g7jxfb-6e6ec50eeb5e70e42272fb416bac5cd4 av_one_fifth  avia-builder-el-1  el_after_av_slideshow_full  el_before_av_one_fifth  avia-builder-el-first  first flex_column_div  '     ><p>\n<style type=\"text\/css\" data-created_by=\"avia_inline_auto\" id=\"style-css-av-kwxgdpfw-e161e2939315ab9ee4a38ffb9f7b29cb\">\n.avia-image-container.av-kwxgdpfw-e161e2939315ab9ee4a38ffb9f7b29cb img.avia_image{\nbox-shadow:none;\n}\n.avia-image-container.av-kwxgdpfw-e161e2939315ab9ee4a38ffb9f7b29cb .av-image-caption-overlay-center{\ncolor:#ffffff;\n}\n<\/style>\n<div  class='avia-image-container av-kwxgdpfw-e161e2939315ab9ee4a38ffb9f7b29cb av-styling- avia-align-center  avia-builder-el-2  el_before_av_textblock  avia-builder-el-first '   itemprop=\"image\" itemscope=\"itemscope\" itemtype=\"https:\/\/schema.org\/ImageObject\" ><div class=\"avia-image-container-inner\"><div class=\"avia-image-overlay-wrap\"><img decoding=\"async\" fetchpriority=\"high\" class='wp-image-107821 avia-img-lazy-loading-not-107821 avia_image ' src=\"https:\/\/www.star-ts.com\/wp-content\/uploads\/software-localization-icon.png\" alt='World Icon' title='World Icon'  height=\"59\" width=\"59\"  itemprop=\"thumbnailUrl\" srcset=\"https:\/\/www.star-ts.com\/wp-content\/uploads\/software-localization-icon.png 59w, https:\/\/www.star-ts.com\/wp-content\/uploads\/software-localization-icon-36x36.png 36w\" sizes=\"(max-width: 59px) 100vw, 59px\" \/><\/div><\/div><\/div><br \/>\n<section  class='av_textblock_section av-kwxgd5ps-a747ca99b1bcb708a8278b9e19a052d5 '   itemscope=\"itemscope\" itemtype=\"https:\/\/schema.org\/CreativeWork\" ><div class='avia_textblock'  itemprop=\"text\" ><p style=\"text-align: center;\"><strong><a href=\"https:\/\/www.star-ts.com\/about\/customer-references\/\">Kunderelationer<\/a><\/strong><\/p>\n<\/div><\/section><\/p><\/div>\n<div  class='flex_column av-dq21rr-5ae656272341adcd095d03d9dc0c39f5 av_one_fifth  avia-builder-el-4  el_after_av_one_fifth  el_before_av_one_fifth  flex_column_div  '     ><p>\n<style type=\"text\/css\" data-created_by=\"avia_inline_auto\" id=\"style-css-av-bv6n3r-e31e91e4842e84d9871ce0e168e5c2c5\">\n.avia-image-container.av-bv6n3r-e31e91e4842e84d9871ce0e168e5c2c5 img.avia_image{\nbox-shadow:none;\n}\n.avia-image-container.av-bv6n3r-e31e91e4842e84d9871ce0e168e5c2c5 .av-image-caption-overlay-center{\ncolor:#ffffff;\n}\n<\/style>\n<div  class='avia-image-container av-bv6n3r-e31e91e4842e84d9871ce0e168e5c2c5 av-styling- avia-align-center  avia-builder-el-5  el_before_av_textblock  avia-builder-el-first '   itemprop=\"image\" itemscope=\"itemscope\" itemtype=\"https:\/\/schema.org\/ImageObject\" ><div class=\"avia-image-container-inner\"><div class=\"avia-image-overlay-wrap\"><img decoding=\"async\" fetchpriority=\"high\" class='wp-image-107821 avia-img-lazy-loading-not-107821 avia_image ' src=\"https:\/\/www.star-ts.com\/wp-content\/uploads\/software-localization-icon.png\" alt='World Icon' title='World Icon'  height=\"59\" width=\"59\"  itemprop=\"thumbnailUrl\" srcset=\"https:\/\/www.star-ts.com\/wp-content\/uploads\/software-localization-icon.png 59w, https:\/\/www.star-ts.com\/wp-content\/uploads\/software-localization-icon-36x36.png 36w\" sizes=\"(max-width: 59px) 100vw, 59px\" \/><\/div><\/div><\/div><br \/>\n<section  class='av_textblock_section av-kwxgetif-bf7dd112043e0737bd068b82e9917f8d '   itemscope=\"itemscope\" itemtype=\"https:\/\/schema.org\/CreativeWork\" ><div class='avia_textblock'  itemprop=\"text\" ><p style=\"text-align: center;\"><strong><a href=\"https:\/\/www.star-ts.com\/da\/why-star\/\">Hvorfor STAR?<\/a><\/strong><\/p>\n<\/div><\/section><\/p><\/div>\n<div  class='flex_column av-aopd3b-97b851b1e22c52b7e739a5f4e33e8cb6 av_one_fifth  avia-builder-el-7  el_after_av_one_fifth  el_before_av_one_fifth  flex_column_div  '     ><p>\n<style type=\"text\/css\" data-created_by=\"avia_inline_auto\" id=\"style-css-av-9jmgcn-96edfc0d0a6cc179773df563179eee60\">\n.avia-image-container.av-9jmgcn-96edfc0d0a6cc179773df563179eee60 img.avia_image{\nbox-shadow:none;\n}\n.avia-image-container.av-9jmgcn-96edfc0d0a6cc179773df563179eee60 .av-image-caption-overlay-center{\ncolor:#ffffff;\n}\n<\/style>\n<div  class='avia-image-container av-9jmgcn-96edfc0d0a6cc179773df563179eee60 av-styling- avia-align-center  avia-builder-el-8  el_before_av_textblock  avia-builder-el-first '   itemprop=\"image\" itemscope=\"itemscope\" itemtype=\"https:\/\/schema.org\/ImageObject\" ><div class=\"avia-image-container-inner\"><div class=\"avia-image-overlay-wrap\"><img decoding=\"async\" fetchpriority=\"high\" class='wp-image-107821 avia-img-lazy-loading-not-107821 avia_image ' src=\"https:\/\/www.star-ts.com\/wp-content\/uploads\/software-localization-icon.png\" alt='World Icon' title='World Icon'  height=\"59\" width=\"59\"  itemprop=\"thumbnailUrl\" srcset=\"https:\/\/www.star-ts.com\/wp-content\/uploads\/software-localization-icon.png 59w, https:\/\/www.star-ts.com\/wp-content\/uploads\/software-localization-icon-36x36.png 36w\" sizes=\"(max-width: 59px) 100vw, 59px\" \/><\/div><\/div><\/div><br \/>\n<section  class='av_textblock_section av-kwxgfger-8474580a4abc3f25c90c24fef0c2d304 '   itemscope=\"itemscope\" itemtype=\"https:\/\/schema.org\/CreativeWork\" ><div class='avia_textblock'  itemprop=\"text\" ><p style=\"text-align: center;\"><strong><a href=\"https:\/\/www.star-ts.com\/about\/blog\/\">Overs\u00e6ttelsesblog<\/a><\/strong><\/p>\n<\/div><\/section><\/p><\/div>\n<div  class='flex_column av-7gvhcn-21c39b8ce51f459a56797afcc52264d9 av_one_fifth  avia-builder-el-10  el_after_av_one_fifth  el_before_av_one_fifth  flex_column_div  '     ><p>\n<style type=\"text\/css\" data-created_by=\"avia_inline_auto\" id=\"style-css-av-59hbtz-b376b34a43d01be5bb2f80099201d9e8\">\n.avia-image-container.av-59hbtz-b376b34a43d01be5bb2f80099201d9e8 img.avia_image{\nbox-shadow:none;\n}\n.avia-image-container.av-59hbtz-b376b34a43d01be5bb2f80099201d9e8 .av-image-caption-overlay-center{\ncolor:#ffffff;\n}\n<\/style>\n<div  class='avia-image-container av-59hbtz-b376b34a43d01be5bb2f80099201d9e8 av-styling- avia-align-center  avia-builder-el-11  el_before_av_textblock  avia-builder-el-first '   itemprop=\"image\" itemscope=\"itemscope\" itemtype=\"https:\/\/schema.org\/ImageObject\" ><div class=\"avia-image-container-inner\"><div class=\"avia-image-overlay-wrap\"><img decoding=\"async\" fetchpriority=\"high\" class='wp-image-107821 avia-img-lazy-loading-not-107821 avia_image ' src=\"https:\/\/www.star-ts.com\/wp-content\/uploads\/software-localization-icon.png\" alt='World Icon' title='World Icon'  height=\"59\" width=\"59\"  itemprop=\"thumbnailUrl\" srcset=\"https:\/\/www.star-ts.com\/wp-content\/uploads\/software-localization-icon.png 59w, https:\/\/www.star-ts.com\/wp-content\/uploads\/software-localization-icon-36x36.png 36w\" sizes=\"(max-width: 59px) 100vw, 59px\" \/><\/div><\/div><\/div><br \/>\n<section  class='av_textblock_section av-kwxgfz18-65154d89f89456e53c6b01af6609dbed '   itemscope=\"itemscope\" itemtype=\"https:\/\/schema.org\/CreativeWork\" ><div class='avia_textblock'  itemprop=\"text\" ><p style=\"text-align: center;\"><strong><a href=\"https:\/\/www.star-ts.com\/about\/jobs\/\">Karrierer<\/a><\/strong><\/p>\n<\/div><\/section><\/p><\/div>\n<div  class='flex_column av-3hfauv-8df89ba850ba27673666b6f5a34f4d7a av_one_fifth  avia-builder-el-13  el_after_av_one_fifth  el_before_av_one_full  flex_column_div  '     ><p>\n<style type=\"text\/css\" data-created_by=\"avia_inline_auto\" id=\"style-css-av-9kcjb-0f128d24eed3cb2445caca13ed235e42\">\n.avia-image-container.av-9kcjb-0f128d24eed3cb2445caca13ed235e42 img.avia_image{\nbox-shadow:none;\n}\n.avia-image-container.av-9kcjb-0f128d24eed3cb2445caca13ed235e42 .av-image-caption-overlay-center{\ncolor:#ffffff;\n}\n<\/style>\n<div  class='avia-image-container av-9kcjb-0f128d24eed3cb2445caca13ed235e42 av-styling- avia-align-center  avia-builder-el-14  el_before_av_textblock  avia-builder-el-first '   itemprop=\"image\" itemscope=\"itemscope\" itemtype=\"https:\/\/schema.org\/ImageObject\" ><div class=\"avia-image-container-inner\"><div class=\"avia-image-overlay-wrap\"><img decoding=\"async\" fetchpriority=\"high\" class='wp-image-107821 avia-img-lazy-loading-not-107821 avia_image ' src=\"https:\/\/www.star-ts.com\/wp-content\/uploads\/software-localization-icon.png\" alt='World Icon' title='World Icon'  height=\"59\" width=\"59\"  itemprop=\"thumbnailUrl\" srcset=\"https:\/\/www.star-ts.com\/wp-content\/uploads\/software-localization-icon.png 59w, https:\/\/www.star-ts.com\/wp-content\/uploads\/software-localization-icon-36x36.png 36w\" sizes=\"(max-width: 59px) 100vw, 59px\" \/><\/div><\/div><\/div><br \/>\n<section  class='av_textblock_section av-kwxggrw6-2a65de680b1b998c2371dadc671a6613 '   itemscope=\"itemscope\" itemtype=\"https:\/\/schema.org\/CreativeWork\" ><div class='avia_textblock'  itemprop=\"text\" ><p style=\"text-align: center;\"><strong><a href=\"https:\/\/www.star-ts.com\/about\/payment\/\">Foretag en betaling<\/a><\/strong><\/p>\n<\/div><\/section><\/p><\/div>\n<p>\n<style type=\"text\/css\" data-created_by=\"avia_inline_auto\" id=\"style-css-av-ahgaxz-8c8ce2147b87757624d0a0ab1bd4bb5a\">\n.flex_column.av-ahgaxz-8c8ce2147b87757624d0a0ab1bd4bb5a{\nborder-radius:0px 0px 0px 0px;\npadding:0px 0px 0px 0px;\n}\n<\/style>\n<div  class='flex_column av-ahgaxz-8c8ce2147b87757624d0a0ab1bd4bb5a av_one_full  avia-builder-el-16  el_after_av_one_fifth  el_before_av_one_half  first flex_column_div av-zero-column-padding  column-top-margin'     ><section  class='av_textblock_section av-19qrtiv-910241feb0257e42c4d374023846b3df '   itemscope=\"itemscope\" itemtype=\"https:\/\/schema.org\/CreativeWork\" ><div class='avia_textblock'  itemprop=\"text\" ><h1>Tjenester og markeder<\/h1>\n<p>Med mere end 50 kontorer i over 30 lande overs\u00e6tter vi dit indhold for at hj\u00e6lpe dig med at n\u00e5 ud til nye kunder.<\/p>\n<p>I over fire \u00e5rtier har STAR leveret sprogligt indhold til vores kunder i Australien, Canada, Danmark, Finland, Irland, Holland, New Zealand, Norge, Sverige, Schweiz og USA.<\/p>\n<\/div><\/section><br \/>\n\n<style type=\"text\/css\" data-created_by=\"avia_inline_auto\" id=\"style-css-av-m0xn1n85-d40d37be1ac2af5a38801d01496002c9\">\n.avia-video.av-m0xn1n85-d40d37be1ac2af5a38801d01496002c9{\nbackground-image:url(https:\/\/www.star-ts.com\/wp-content\/uploads\/dynamic_avia\/avia_video_thumbnails\/youtube\/PLGqWTR_EhE\/PLGqWTR_EhE-300x169.jpg);\n}\n<\/style>\n<div  class='avia-video av-m0xn1n85-d40d37be1ac2af5a38801d01496002c9 avia-video-16-9 av-small-hide av-mini-hide av-preview-image avia-video-load-always avia-video-html5'  itemprop=\"video\" itemtype=\"https:\/\/schema.org\/VideoObject\"  data-original_url='https:\/\/www.star-ts.com\/wp-content\/uploads\/STAR-Future-Translation.mp4'><video class='avia_video' poster=\"https:\/\/www.star-ts.com\/wp-content\/uploads\/dynamic_avia\/avia_video_thumbnails\/youtube\/PLGqWTR_EhE\/PLGqWTR_EhE-300x169.jpg\" autoplay playsinline  preload=\"auto\" muted controls id='player_121077_633423967_869761812'><source src='https:\/\/www.star-ts.com\/wp-content\/uploads\/STAR-Future-Translation.mp4' type='video\/mp4' \/><\/video><\/div><\/p><\/div>\n<style type=\"text\/css\" data-created_by=\"avia_inline_auto\" id=\"style-css-av-17f827b-d880bef81056a72227febc38001653d8\">\n.flex_column.av-17f827b-d880bef81056a72227febc38001653d8{\nborder-radius:0px 0px 0px 0px;\npadding:0px 0px 0px 0px;\n}\n<\/style>\n<div  class='flex_column av-17f827b-d880bef81056a72227febc38001653d8 av_one_half  avia-builder-el-19  el_after_av_one_full  el_before_av_one_half  first flex_column_div av-zero-column-padding  column-top-margin'     ><section  class='av_textblock_section av-16dfw5j-90c7e7ef725fe6aa8d99d2a8ce123a52 '   itemscope=\"itemscope\" itemtype=\"https:\/\/schema.org\/CreativeWork\" ><div class='avia_textblock'  itemprop=\"text\" ><h3>Tjenester og systemer<\/h3>\n<p><strong>Dokumenter og websteder<br \/>\n<\/strong><\/p>\n<ul>\n<li>Professionel overs\u00e6ttelse af dokumenter og websteder p\u00e5 over 200 sprog. Vi arbejder med statslige og kommercielle virksomheder. <\/li>\n<\/ul>\n<p><strong>Salg og marketing <\/strong><\/p>\n<ul>\n<li>Overs\u00e6t dine brochurer, reklamer og websted for at n\u00e5 ud til flere internationale kunder.<\/li>\n<\/ul>\n<p><strong>Teknisk dokumentation <\/strong><\/p>\n<ul>\n<li>Vi overs\u00e6tter manualer, tekniske datablade og dokumenter for at hj\u00e6lpe kunderne med at f\u00e5 mest muligt ud af dine produkter.<\/li>\n<\/ul>\n<p><strong>Softwaresystemer <\/strong><\/p>\n<ul>\n<li>I samarbejde med forskellige content management-systemer, softwareudviklings- og lokaliseringsteams kan vi bringe dit system til live over hele kloden.<\/li>\n<\/ul>\n<p><strong>Flersproget desktop-publicering <\/strong><\/p>\n<ul>\n<li>Vi kan hj\u00e6lpe dig med at levere dine tekniske dokumenter og layout p\u00e5 ethvert sprog. Vi arbejder med verdens f\u00f8rende systemer, herunder Adobe Creative Cloud, QuarkXpress, FrameMaker og mange flere. <\/li>\n<\/ul>\n<\/div><\/section><\/div><\/p>\n\n<style type=\"text\/css\" data-created_by=\"avia_inline_auto\" id=\"style-css-av-14k82jr-10d24a8d539c4526ea1dcbf93cf39c51\">\n.flex_column.av-14k82jr-10d24a8d539c4526ea1dcbf93cf39c51{\nborder-radius:0px 0px 0px 0px;\npadding:0px 0px 0px 0px;\n}\n<\/style>\n<div  class='flex_column av-14k82jr-10d24a8d539c4526ea1dcbf93cf39c51 av_one_half  avia-builder-el-21  el_after_av_one_half  el_before_av_one_full  flex_column_div av-zero-column-padding  column-top-margin'     ><section  class='av_textblock_section av-13e0v6v-b17e867d1a0dd1dc104186208d969720 '   itemscope=\"itemscope\" itemtype=\"https:\/\/schema.org\/CreativeWork\" ><div class='avia_textblock'  itemprop=\"text\" ><h3>Hvorfor STAR?<\/h3>\n<p><strong>One-stop-shop <\/strong><\/p>\n<ul>\n<li>Kommunikationen er nem med STAR. Vi er hurtige og p\u00e5lidelige, teknisk dygtige og har den relevante sektorekspertise, du har brug for. <\/li>\n<\/ul>\n<p><strong>Certificeret kvalitet <\/strong><\/p>\n<ul>\n<li>Vi leverer ensartet overs\u00e6ttelseskvalitet og konkurrencedygtige priser. Vi bruger indf\u00f8dte overs\u00e6ttere for den h\u00f8jest mulige overs\u00e6ttelseskvalitet. <\/li>\n<\/ul>\n<p><strong>Fremragende projektledelse <\/strong><\/p>\n<ul>\n<li>Du f\u00e5r en dedikeret projektleder, som er kundefokuseret, \u00e6rlig og tilg\u00e6ngelig, n\u00e5r du har brug for dem. S\u00e5 du er altid p\u00e5 rette spor. <\/li>\n<\/ul>\n<\/div><\/section><\/div>\n\n<style type=\"text\/css\" data-created_by=\"avia_inline_auto\" id=\"style-css-av-11szr5j-c8aaf4f42e6a2a60217fc689ee3ac23b\">\n.flex_column.av-11szr5j-c8aaf4f42e6a2a60217fc689ee3ac23b{\nborder-radius:0px 0px 0px 0px;\npadding:0px 0px 0px 0px;\n}\n<\/style>\n<div  class='flex_column av-11szr5j-c8aaf4f42e6a2a60217fc689ee3ac23b av_one_full  avia-builder-el-23  el_after_av_one_half  el_before_av_one_full  first flex_column_div av-zero-column-padding  column-top-margin'     ><section  class='av_textblock_section av-cug2v-bd6352501c20ef8ea669b5bfd921d3fe '   itemscope=\"itemscope\" itemtype=\"https:\/\/schema.org\/CreativeWork\" ><div class='avia_textblock'  itemprop=\"text\" ><h3>Vores kunder<\/h3>\n<p>Vi arbejder med kunder inden for digital markedsf\u00f8ring, ag-tech, teknisk ingeni\u00f8rarbejde, maskiner og softwareudgivelse. Kunderne omfatter <strong>BMW<\/strong>, <strong>CRH<\/strong>, <strong>Hilti<\/strong>, <strong>APC<\/strong>, <strong>Schneider Electric<\/strong>, <strong>Cummins<\/strong>, <strong>FG Wilson<\/strong>, <strong>IDA Ireland<\/strong>, <strong>International Dairy Queen<\/strong>, <strong>Kingspan<\/strong>, <strong>Tomra<\/strong>, <strong>TRW<\/strong> og mange flere.<\/p>\n<\/div><\/section><\/div>\n\n<style type=\"text\/css\" data-created_by=\"avia_inline_auto\" id=\"style-css-av-xaamo7-d0464085e2cb199c3d8132d9bed4146b\">\n.flex_column.av-xaamo7-d0464085e2cb199c3d8132d9bed4146b{\nborder-radius:0px 0px 0px 0px;\npadding:0px 0px 0px 0px;\n}\n<\/style>\n<div  class='flex_column av-xaamo7-d0464085e2cb199c3d8132d9bed4146b av_one_full  avia-builder-el-25  el_after_av_one_full  el_before_av_one_full  first flex_column_div av-zero-column-padding  column-top-margin'     ><section  class='av_textblock_section av-kke622ts-7e15d354c96490f5cf76a88605e081d1 '   itemscope=\"itemscope\" itemtype=\"https:\/\/schema.org\/CreativeWork\" ><div class='avia_textblock'  itemprop=\"text\" ><h3>Overs\u00e6ttelsestjenester<\/h3>\n<p>Vi er specialiseret i teknisk overs\u00e6ttelse og hj\u00e6lper vores kunder med at levere geniale tekniske publikationer over hele kloden.<\/p>\n<p>Overs\u00e6ttelsestjenester til:<\/p>\n<ul>\n<li>WordPress, DNN Evoq, Joomla, Adobe AEM osv.<\/li>\n<li>Adobe InDesign og FrameMaker; Microsoft Word, Excel og PowerPoint; QuarkXpress<\/li>\n<li>XML; XLIFF; ASP; HTML og meget mere<\/li>\n<\/ul>\n<\/div><\/section><br \/>\n<section  class='av_textblock_section av-ky8ydld7-8e779c11c128747cd35e54381f406fd8 '   itemscope=\"itemscope\" itemtype=\"https:\/\/schema.org\/CreativeWork\" ><div class='avia_textblock'  itemprop=\"text\" ><h3>Handelsnavne<\/h3>\n<p>Virksomheden handler under f\u00f8lgende navne.<\/p>\n<p>Den officielle virksomhedsregistrering er under <strong><a href=\"https:\/\/www.star-ts.com\/da\/about\/key-performance-solutions-limited\/\">Key Performance Solutions Limited<\/a><\/strong>.<\/p>\n<p>Vi handler under handelsnavnene <strong>STAR Translation Services<\/strong> og <strong>STAR Technology Solutions<\/strong>.<\/p>\n<\/div><\/section><\/p><\/div>\n<div  class='flex_column av-29cxz-dd98d4a63592beefb9f457a198be344c av_one_full  avia-builder-el-28  el_after_av_one_full  avia-builder-el-last  first flex_column_div  column-top-margin'     ><section  class='av_textblock_section av-43ohg7-dbfff5385f47723fe978891c8db1db1a '   itemscope=\"itemscope\" itemtype=\"https:\/\/schema.org\/CreativeWork\" ><div class='avia_textblock'  itemprop=\"text\" ><div  class='avia-button-wrap avia-button-center  avia-builder-el-30  avia-builder-el-no-sibling '>\n<style type=\"text\/css\" data-created_by=\"avia_inline_auto\" id=\"style-css-av-29tasn-05ba683c23524369db9246c6343ed55f\">\n#top #wrap_all .avia-button.av-29tasn-05ba683c23524369db9246c6343ed55f:hover{\ncolor:white;\ntransition:all 0.4s ease-in-out;\n}\n#top #wrap_all .avia-button.av-29tasn-05ba683c23524369db9246c6343ed55f:hover .avia-svg-icon svg:first-child{\nfill:white;\nstroke:white;\n}\n<\/style>\n<a href='https:\/\/www.star-ts.com\/da\/kontakt\/' class='avia-color-theme-color avia-font-color-theme-color avia-button avia-button-fullwidth av-29tasn-05ba683c23524369db9246c6343ed55f avia-icon_select-no avia-color-theme-color'  title=\"Contact Us\" aria-label=\"Contact Us\"><span class='avia_iconbox_title' >Kontakt os<\/span><span class='avia_button_background avia-button avia-button-fullwidth avia-color-theme-color-highlight'><\/span><\/a><\/div>\n<\/div><\/section><\/div>\n","protected":false},"excerpt":{"rendered":"<p>Om STAR: Vi overs\u00e6tter dokumenter, websteder og brochurer til mere end 200 sprog \u2013 S\u00e6t skub i det globale salg i dag.<\/p>\n","protected":false},"author":1,"featured_media":106336,"parent":0,"menu_order":5,"comment_status":"closed","ping_status":"closed","template":"","meta":{"footnotes":""},"class_list":["post-121077","page","type-page","status-publish","has-post-thumbnail","hentry"],"_links":{"self":[{"href":"https:\/\/www.star-ts.com\/da\/wp-json\/wp\/v2\/pages\/121077","targetHints":{"allow":["GET"]}}],"collection":[{"href":"https:\/\/www.star-ts.com\/da\/wp-json\/wp\/v2\/pages"}],"about":[{"href":"https:\/\/www.star-ts.com\/da\/wp-json\/wp\/v2\/types\/page"}],"author":[{"embeddable":true,"href":"https:\/\/www.star-ts.com\/da\/wp-json\/wp\/v2\/users\/1"}],"replies":[{"embeddable":true,"href":"https:\/\/www.star-ts.com\/da\/wp-json\/wp\/v2\/comments?post=121077"}],"version-history":[{"count":0,"href":"https:\/\/www.star-ts.com\/da\/wp-json\/wp\/v2\/pages\/121077\/revisions"}],"wp:featuredmedia":[{"embeddable":true,"href":"https:\/\/www.star-ts.com\/da\/wp-json\/wp\/v2\/media\/106336"}],"wp:attachment":[{"href":"https:\/\/www.star-ts.com\/da\/wp-json\/wp\/v2\/media?parent=121077"}],"curies":[{"name":"wp","href":"https:\/\/api.w.org\/{rel}","templated":true}]}}