{"id":121035,"date":"2026-01-05T12:26:07","date_gmt":"2026-01-05T12:26:07","guid":{"rendered":"https:\/\/www.star-ts.com\/how-to-review-your-translations\/"},"modified":"2026-01-16T10:32:34","modified_gmt":"2026-01-16T10:32:34","slug":"how-to-review-your-translations","status":"publish","type":"page","link":"https:\/\/www.star-ts.com\/da\/translation-faq\/how-to-review-your-translations\/","title":{"rendered":"S\u00e5dan gennemg\u00e5r du dine overs\u00e6ttelser"},"content":{"rendered":"<div id='full_slider_1'  class='avia-fullwidth-slider main_color avia-shadow av-small-hide av-mini-hide  avia-builder-el-0  el_before_av_one_full  avia-builder-el-first   container_wrap sidebar_right'  ><div  class='avia-slideshow av-8jfjbyo-cdb3f20ddfde4925e002224412ea6d06 avia-slideshow-featured av_slideshow_full avia-slide-slider av-small-hide av-mini-hide av-slideshow-ui av-control-default av-slideshow-manual av-loop-once av-loop-manual-endless av-default-height-applied   avia-slideshow-1' data-slideshow-options=\"{&quot;animation&quot;:&quot;slide&quot;,&quot;autoplay&quot;:false,&quot;loop_autoplay&quot;:&quot;once&quot;,&quot;interval&quot;:5,&quot;loop_manual&quot;:&quot;manual-endless&quot;,&quot;autoplay_stopper&quot;:false,&quot;noNavigation&quot;:false,&quot;bg_slider&quot;:false,&quot;keep_padding&quot;:false,&quot;hoverpause&quot;:false,&quot;show_slide_delay&quot;:0}\"  itemprop=\"image\" itemscope=\"itemscope\" itemtype=\"https:\/\/schema.org\/ImageObject\" ><ul class='avia-slideshow-inner ' style='padding-bottom: 28.666666666667%;'><li  class='avia-slideshow-slide av-8jfjbyo-cdb3f20ddfde4925e002224412ea6d06__0  av-single-slide slide-1 slide-odd'><div data-rel='slideshow-1' class='avia-slide-wrap '   ><div class='av-slideshow-caption av-8jfjbyo-cdb3f20ddfde4925e002224412ea6d06__0 caption_fullwidth caption_center caption_center_framed caption_framed'><div class=\"container caption_container\"><div class=\"slideshow_caption\"><div class=\"slideshow_inner_caption\"><div class=\"slideshow_align_caption\"><h2 class='avia-caption-title '  itemprop=\"name\" >Gennemg\u00e5 dine overs\u00e6ttelser<\/h2><div class='avia-caption-content '  itemprop=\"description\" ><p>Bedste praksis for fremragende overs\u00e6ttelse.<\/p>\n<\/div><\/div><\/div><\/div><\/div><\/div><img decoding=\"async\" fetchpriority=\"high\" class=\"wp-image-72423 avia-img-lazy-loading-not-72423\"  src=\"https:\/\/www.star-ts.com\/wp-content\/uploads\/2018\/07\/checking-reviews-1500x430.jpg\" width=\"1500\" height=\"430\" title='Kontrol af et papir' alt='Kvalitetskontrol'  itemprop=\"thumbnailUrl\"   \/><\/div><\/li><\/ul><\/div><\/div><div id='after_full_slider_1'  class='main_color av_default_container_wrap container_wrap sidebar_right'  ><div class='container av-section-cont-open' ><div class='template-page content  av-content-small alpha units'><div class='post-entry post-entry-type-page post-entry-121035'><div class='entry-content-wrapper clearfix'>\n<div  class='flex_column av-qzf428-60f9928dcb0e43d6940f42f35f8fecf4 av_one_full  avia-builder-el-1  el_after_av_slideshow_full  el_before_av_image  avia-builder-el-first  first flex_column_div  '     ><section  class='av_textblock_section av-78r9si8-a385aabe7493ad23d434450b50507cdd '   itemscope=\"itemscope\" itemtype=\"https:\/\/schema.org\/CreativeWork\" ><div class='avia_textblock'  itemprop=\"text\" ><h1>Nu hvor du lige har f\u00e6rdiggjort din overs\u00e6ttelse, hvordan tjekker du den s\u00e5?<\/h1>\n<p>Der er flere m\u00e5der at gennemg\u00e5 og tjekke din overs\u00e6ttelse p\u00e5 for at sikre, at den er perfekt. Hver har sin egen proces og sine egne fordele. <\/p>\n<ul class=\"tik\">\n<li>STAR kan levere den komplette overs\u00e6ttelses- og gennemgangsproces<\/li>\n<li>Du kan f\u00e5 dine egne interne medarbejdere til at tjekke overs\u00e6ttelsen<\/li>\n<li>Du kan f\u00e5 dine lokale teams til at tjekke overs\u00e6ttelsen<\/li>\n<\/ul>\n<p>For at opn\u00e5 det bedste resultat, n\u00e5r du udf\u00f8rer gennemgange, kan det v\u00e6re fordelagtigt at have en dom\u00e6neekspert til at gennemg\u00e5 overs\u00e6ttelserne.<\/p>\n<p>Lad os vide, hvis du beslutter dig for at f\u00e5 din overs\u00e6ttelse gennemg\u00e5et internt af en person, der har sproget som modersm\u00e5l, s\u00e5 vi kan tilbyde dig den bedste gennemgangsproces for dit projekt og inkludere dette trin i projektets livscyklus og tidsplan.<\/p>\n<h3>Overs\u00e6ttelse er til en vis grad pr\u00e6ferencebestemt<\/h3>\n<p>Alle har deres egen m\u00e5de at kommunikere p\u00e5, med stilistiske pr\u00e6ferencer og foretrukne formuleringer. Ens personlige pr\u00e6ferencer er ikke n\u00f8dvendigvis mere korrekte end en anden persons, og der er mere end \u00e9n rigtig m\u00e5de at udtrykke den samme id\u00e9 p\u00e5. Overs\u00e6tteren siger m\u00e5ske, at en person sidder ved sit &#8220;skrivebord&#8221; p\u00e5 &#8220;kontoret&#8221;, mens en korrekturl\u00e6ser foretr\u00e6kker at sige, at denne person sidder ved sin &#8220;arbejdsstation&#8221; p\u00e5 &#8220;virksomhedens omr\u00e5de&#8221;. Men i bund og grund betyder disse to udsagn det samme.<\/p>\n<\/div><\/section><\/div>\n\n<style type=\"text\/css\" data-created_by=\"avia_inline_auto\" id=\"style-css-av-klqu91kq-a6ec2ce4393dd21b4499d4dcbaaa95fd\">\n.avia-image-container.av-klqu91kq-a6ec2ce4393dd21b4499d4dcbaaa95fd img.avia_image{\nbox-shadow:none;\n}\n.avia-image-container.av-klqu91kq-a6ec2ce4393dd21b4499d4dcbaaa95fd .av-image-caption-overlay-center{\ncolor:#ffffff;\n}\n<\/style>\n<div  class='avia-image-container av-klqu91kq-a6ec2ce4393dd21b4499d4dcbaaa95fd av-styling- avia-align-center  avia-builder-el-3  el_after_av_one_full  el_before_av_one_full '   itemprop=\"image\" itemscope=\"itemscope\" itemtype=\"https:\/\/schema.org\/ImageObject\" ><div class=\"avia-image-container-inner\"><div class=\"avia-image-overlay-wrap\"><img decoding=\"async\" loading=\"lazy\" class='wp-image-68869 avia-img-lazy-loading-68869 avia_image ' src=\"https:\/\/www.star-ts.com\/wp-content\/uploads\/2015\/04\/faq-review-translation-graphic.png\" alt='Tjekliste til gennemgang af overs\u00e6ttelse' title='Tjekliste til gennemgang af overs\u00e6ttelse'  height=\"400\" width=\"400\"  itemprop=\"thumbnailUrl\" srcset=\"https:\/\/www.star-ts.com\/wp-content\/uploads\/2015\/04\/faq-review-translation-graphic.png 400w, https:\/\/www.star-ts.com\/wp-content\/uploads\/2015\/04\/faq-review-translation-graphic-80x80.png 80w, https:\/\/www.star-ts.com\/wp-content\/uploads\/2015\/04\/faq-review-translation-graphic-300x300.png 300w, https:\/\/www.star-ts.com\/wp-content\/uploads\/2015\/04\/faq-review-translation-graphic-36x36.png 36w, https:\/\/www.star-ts.com\/wp-content\/uploads\/2015\/04\/faq-review-translation-graphic-180x180.png 180w, https:\/\/www.star-ts.com\/wp-content\/uploads\/2015\/04\/faq-review-translation-graphic-120x120.png 120w\" sizes=\"auto, (max-width: 400px) 100vw, 400px\" \/><\/div><\/div><\/div>\n<div  class='flex_column av-6quf774-58e48da22027bdf1bd6c465f6465cc6f av_one_full  avia-builder-el-4  el_after_av_image  el_before_av_one_full  first flex_column_div  '     ><section  class='av_textblock_section av-6elwkpc-e71e3de490e210529967f6988d0b15e0 '   itemscope=\"itemscope\" itemtype=\"https:\/\/schema.org\/CreativeWork\" ><div class='avia_textblock'  itemprop=\"text\" ><div class=\"uxf\">\n<h3>Overs\u00e6ttelser af god kvalitet: overs\u00e6ttere og korrekturl\u00e6sere<\/h3>\n<p>I l\u00f8bet af sine 35 \u00e5rs erfaring har STAR udviklet gennempr\u00f8vede processer til at levere kvalitetsovers\u00e6ttelser. Professionelle overs\u00e6ttelsesteams best\u00e5ende af overs\u00e6ttere og uafh\u00e6ngige korrekturl\u00e6sere vil producere gode overs\u00e6ttelser med f\u00f8lgende karakteristika: <\/p>\n<ul class=\"tik\">\n<li>den oversatte tekst er <strong>grammatisk korrekt<\/strong> og har ingen sl\u00e5fejl eller stavefejl<\/li>\n<li>den oversatte tekst er en <strong>n\u00f8jagtig overs\u00e6ttelse<\/strong> af dens kildetekst<\/li>\n<li>den oversatte tekst <strong>l\u00e6ses flydende<\/strong> for m\u00e5lgruppen<\/li>\n<li>den oversatte tekst <strong>tjener det samme form\u00e5l som kildeteksten<\/strong> tilsigtet, men p\u00e5 en m\u00e5de, der overbeviser m\u00e5lgruppen om, at teksten oprindeligt er skrevet til dem<\/li>\n<\/ul>\n<p>Men selvom overs\u00e6ttelseskvaliteten er god, passer den m\u00e5ske ikke altid 100 % til kundens pr\u00e6ferencer.<\/p>\n<\/div>\n<\/div><\/section><\/div>\n<div  class='flex_column av-kv90k0-b21ec8c94aaa4839acd89911935843e2 av_one_full  avia-builder-el-6  el_after_av_one_full  el_before_av_one_full  first flex_column_div  column-top-margin'     ><section  class='av_textblock_section av-igi5ps-5deb6507b3f251b118fd77e978dda04c '   itemscope=\"itemscope\" itemtype=\"https:\/\/schema.org\/CreativeWork\" ><div class='avia_textblock'  itemprop=\"text\" ><div class=\"uxf\">\n<h3>Gennemgange af ikke-sproglige fagfolk<\/h3>\n<p>Ikke-sproglige fagfolk eller dom\u00e6neekspert korrekturl\u00e6sere bruger ofte <a href=\"https:\/\/www.star-ts.com\/translation-faq\/what-is-terminology\/\">pr\u00e6ferentiel terminologi<\/a> og pr\u00e6ferentiel stil, der afspejler den m\u00e5de, kunder og brugere typisk kommunikerer p\u00e5. De kan give sikkerhed for, at overs\u00e6ttelsen l\u00e6ses flydende p\u00e5 deres sprog, og at den bruger det passende ordforr\u00e5d og terminologi for branchen. De kan ogs\u00e5 sikre, at overs\u00e6ttelsen tjener det korrekte form\u00e5l.  <\/p>\n<p>Ikke-sproglige fagfolk er dog tilb\u00f8jelige til at introducere grammatik- og stavefejl i gennemgangene. Deres gennemgange er ogs\u00e5 ofte mindre tro mod den originale kilde og kan derfor til en vis grad betragtes mere som <a href=\"https:\/\/www.star-ts.com\/translation-faq\/difference-between-translation-and-localization\/\">lokaliseringer<\/a> eller <a href=\"https:\/\/www.star-ts.com\/translation-faq\/what-is-transcreation\/\">transkreationer<\/a>. At v\u00e6re mindre tro mod den originale kilde kan v\u00e6re fantastisk ud fra et salgs- og marketingperspektiv; det kan dog \u00e5bne virksomheden for utilsigtede juridiske, garanti-, sundheds- og sikkerhedsm\u00e6ssige eller kontraktm\u00e6ssige forpligtelser.  <\/p>\n<\/div>\n<\/div><\/section><\/div>\n<div  class='flex_column av-4sj0dbk-259c5d6513f4f16d9210d9e0519dbe03 av_one_full  avia-builder-el-8  el_after_av_one_full  el_before_av_one_full  first flex_column_div  column-top-margin'     ><section  class='av_textblock_section av-4df96j4-5f03d32d0ca0ec24440b800d3e32fbda '   itemscope=\"itemscope\" itemtype=\"https:\/\/schema.org\/CreativeWork\" ><div class='avia_textblock'  itemprop=\"text\" ><h3>Bedste praksis<\/h3>\n<p>Hvis du beslutter dig for at f\u00e5 din f\u00f8lsomme marketing- og salgsdokumentation gennemg\u00e5et, b\u00f8r du f\u00f8lge bedste praksis for at sikre kvaliteten af den endelige publikation:<\/p>\n<ol>\n<li>F\u00e5 STAR professionelle overs\u00e6ttere og professionelle korrekturl\u00e6sere til at oprette overs\u00e6ttelserne.<\/li>\n<li>F\u00e5 en lokal dom\u00e6neekspert til at gennemg\u00e5 og opdatere overs\u00e6ttelserne.<\/li>\n<li>F\u00e5 STAR professionelle overs\u00e6ttere til at tjekke grammatikken og stavningen af rettelserne samt kontrollere, at gennemgangene stadig er tro mod den originale tekst og anvendes konsekvent i hele materialet.<\/li>\n<\/ol>\n<blockquote>\n<p>Vi anbefaler, at gennemgange kun udf\u00f8res, n\u00e5r det er n\u00f8dvendigt, da dom\u00e6neeksperterne vil bruge ekstra tid, og overs\u00e6tterne kan p\u00e5drage sig yderligere tid og omkostninger ved at kontrollere \u00e6ndringerne.<\/p>\n<\/blockquote>\n<\/div><\/section><\/div>\n<p><div  class='flex_column av-3pyu38w-7f04681147175b29b3731c6e30cbdfb5 av_one_full  avia-builder-el-10  el_after_av_one_full  el_before_av_one_full  first flex_column_div  column-top-margin'     ><section  class='av_textblock_section av-3k3cx68-b073e531571dc2d14ebf4b87660e8119 '   itemscope=\"itemscope\" itemtype=\"https:\/\/schema.org\/CreativeWork\" ><div class='avia_textblock'  itemprop=\"text\" ><h3>STAR Online Review Portal \u2013 WebEdit<\/h3>\n<p><a href=\"https:\/\/www.star-ts.com\/software\/webcheck-online-review-system\/\">WebEdit<\/a> er et effektivt v\u00e6rkt\u00f8j, der giver dig mulighed for at gennemg\u00e5 dine overs\u00e6ttelser via en dedikeret online gennemgangsportal, der hj\u00e6lper med at str\u00f8mline indholdsgennemgangen. Dette hj\u00e6lper med at reducere de ekstra omkostninger og den tid, der bruges p\u00e5 gennemgangsprocesser, og giver mulighed for en direkte integration af \u00e6ndringerne. <\/p>\n<h4>Hvordan fungerer det?<\/h4>\n<p>STAR indl\u00e6ser de oversatte filer online og giver dig adgang til dem. Efter at have logget ind p\u00e5 portalen kan din korrekturl\u00e6ser se overs\u00e6ttelserne side om side med kildeindholdet i et integreret vindue og arbejde direkte p\u00e5 de oversatte filer for at udf\u00f8re de n\u00f8dvendige redigeringer. Den brugervenlige gr\u00e6nseflade g\u00f8r det meget nemt og hurtigt at gennemg\u00e5 dine oversatte dokumenter i WebEdit, og den synkroniserede tosprogede visning sikrer en bedre n\u00f8jagtighed af gennemgangen.  <\/p>\n<p>Derudover giver WebEdit en direkte gr\u00e6nseflade til STARs arbejdsformat, s\u00e5 n\u00e5r \u00e6ndringerne er indsat af din korrekturl\u00e6ser og kontrolleret af vores overs\u00e6ttelsesteams, gemmes og lagres de foretrukne overs\u00e6ttelser straks til genbrug i dine fremtidige overs\u00e6ttelser. Dette fjerner ogs\u00e5 fuldst\u00e6ndigt behovet for en tidskr\u00e6vende manuel implementering af \u00e6ndringer fra PDF&#8217;er tilbage til de oversatte filer og holder derfor ekstra tid og omkostninger p\u00e5 et minimum. <\/p>\n<p>WebEdit vil forenkle din <a href=\"https:\/\/www.star-ts.com\/software\/webcheck-online-review-system\/\">gennemgangsproces<\/a>: det undg\u00e5r udveksling af filer under gennemgangsfasen, sporer de \u00e6ndringer, der er tilf\u00f8jet automatisk, og centraliserer alle de filer, der er n\u00f8dvendige for gennemgangen p\u00e5 en enkelt platform. Dette garanterer en hurtigere udf\u00f8relse af gennemgangskomponenten og af de overordnede projekter.<\/p>\n<\/div><\/section><br \/>\n\n<style type=\"text\/css\" data-created_by=\"avia_inline_auto\" id=\"style-css-av-m9vawuxb-c564776915ebd0bfa5e3edf13bc2b8ac\">\n.avia-image-container.av-m9vawuxb-c564776915ebd0bfa5e3edf13bc2b8ac img.avia_image{\nbox-shadow:none;\n}\n.avia-image-container.av-m9vawuxb-c564776915ebd0bfa5e3edf13bc2b8ac .av-image-caption-overlay-center{\ncolor:#ffffff;\n}\n<\/style>\n<div  class='avia-image-container av-m9vawuxb-c564776915ebd0bfa5e3edf13bc2b8ac av-styling- avia-align-center  avia-builder-el-12  el_after_av_textblock  avia-builder-el-last '   itemprop=\"image\" itemscope=\"itemscope\" itemtype=\"https:\/\/schema.org\/ImageObject\" ><div class=\"avia-image-container-inner\"><div class=\"avia-image-overlay-wrap\"><img decoding=\"async\" fetchpriority=\"high\" class='wp-image-116594 avia-img-lazy-loading-not-116594 avia_image ' src=\"https:\/\/www.star-ts.com\/wp-content\/uploads\/WebEdit-Editor.png\" alt='CLM WebEdit-billede, der viser en dokumentovers\u00e6ttelse, der redigeres.' title='WebEdit-editor'  height=\"649\" width=\"1808\"  itemprop=\"thumbnailUrl\" srcset=\"https:\/\/www.star-ts.com\/wp-content\/uploads\/WebEdit-Editor.png 1808w, https:\/\/www.star-ts.com\/wp-content\/uploads\/WebEdit-Editor-300x108.png 300w, https:\/\/www.star-ts.com\/wp-content\/uploads\/WebEdit-Editor-1030x370.png 1030w, https:\/\/www.star-ts.com\/wp-content\/uploads\/WebEdit-Editor-80x29.png 80w, https:\/\/www.star-ts.com\/wp-content\/uploads\/WebEdit-Editor-768x276.png 768w, https:\/\/www.star-ts.com\/wp-content\/uploads\/WebEdit-Editor-1536x551.png 1536w, https:\/\/www.star-ts.com\/wp-content\/uploads\/WebEdit-Editor-1500x538.png 1500w, https:\/\/www.star-ts.com\/wp-content\/uploads\/WebEdit-Editor-705x253.png 705w\" sizes=\"(max-width: 1808px) 100vw, 1808px\" \/><\/div><\/div><\/div><\/p><\/div><div  class='flex_column av-2v43t2o-56236c1114edc86542e6631e89893e66 av_one_full  avia-builder-el-13  el_after_av_one_full  avia-builder-el-last  first flex_column_div  column-top-margin'     ><section  class='av_textblock_section av-2cfxf3k-2c51ff6c85de38b3cac7497106ca7f69 '   itemscope=\"itemscope\" itemtype=\"https:\/\/schema.org\/CreativeWork\" ><div class='avia_textblock'  itemprop=\"text\" ><div class=\"uxf\">\n<h3>Gennemgange i Word, PDF, Excel osv.<\/h3>\n<p>En mere <em>traditionel<\/em> tilgang er at gennemg\u00e5 dine overs\u00e6ttelser i det originale filformat eller via PDF&#8217;er ved hj\u00e6lp af <strong>registrer \u00e6ndringer<\/strong> eller kommenteringsv\u00e6rkt\u00f8jer.<\/p>\n<p>Det er dog sv\u00e6rere at holde styr p\u00e5 \u00e6ndringer med nogle filtyper. For eksempel er \u00e6ndringer i Excel og PowerPoint ikke s\u00e5 lette at identificere som i Word. Processen er mere kompleks, n\u00e5r man har at g\u00f8re med designfiler (f.eks. InDesign-filer), hvor \u00e6ndringerne er markeret p\u00e5 PDF&#8217;en og derefter skal implementeres tilbage i InDesign-filerne af vores team.  <\/p>\n<p>Generelt vil denne gennemgangstilgang tilf\u00f8je nogle ekstra omkostninger og kan bremse et projekt. Dette skyldes, at vores team skal h\u00e5ndtere en mere kompleks proces. Vi skal implementere dine \u00e6ndringer, opdatere vores overs\u00e6ttelseshukommelsessystem og derefter reproducere nye filer til dig p\u00e5 de forskellige sprog igen.  <\/p>\n<p>N\u00e5r online gennemgang ikke er mulig, er dette, selvom det er sv\u00e6rere, stadig den bedste branchepraksis for gennemgang af overs\u00e6ttelse.<\/p>\n<\/div>\n<\/div><\/section><br \/>\n<section  class='av_textblock_section av-1l8f2nk-bbfa43956144674e1638417b4f7086ff '   itemscope=\"itemscope\" itemtype=\"https:\/\/schema.org\/CreativeWork\" ><div class='avia_textblock'  itemprop=\"text\" ><p><a href=\"https:\/\/www.star-ts.com\/translation-faq\/how-do-you-price-translation-projects\/\">Hvordan priss\u00e6tter du overs\u00e6ttelse?<\/a><\/p>\n<p><a href=\"https:\/\/www.star-ts.com\/translation-faq\/what-is-segmentation\/\">Hvad er segmentering?<\/a><\/p>\n<p><a href=\"https:\/\/www.star-ts.com\/translation-faq\/how-should-i-get-a-translation-reviewed\/\">Hvordan f\u00e5r man en overs\u00e6ttelse gennemg\u00e5et?<\/a><\/p>\n<\/div><\/section><\/p><\/div><\/p>\n","protected":false},"excerpt":{"rendered":"","protected":false},"author":1,"featured_media":72423,"parent":121521,"menu_order":40,"comment_status":"closed","ping_status":"open","template":"","meta":{"footnotes":""},"class_list":["post-121035","page","type-page","status-publish","has-post-thumbnail","hentry"],"_links":{"self":[{"href":"https:\/\/www.star-ts.com\/da\/wp-json\/wp\/v2\/pages\/121035","targetHints":{"allow":["GET"]}}],"collection":[{"href":"https:\/\/www.star-ts.com\/da\/wp-json\/wp\/v2\/pages"}],"about":[{"href":"https:\/\/www.star-ts.com\/da\/wp-json\/wp\/v2\/types\/page"}],"author":[{"embeddable":true,"href":"https:\/\/www.star-ts.com\/da\/wp-json\/wp\/v2\/users\/1"}],"replies":[{"embeddable":true,"href":"https:\/\/www.star-ts.com\/da\/wp-json\/wp\/v2\/comments?post=121035"}],"version-history":[{"count":0,"href":"https:\/\/www.star-ts.com\/da\/wp-json\/wp\/v2\/pages\/121035\/revisions"}],"up":[{"embeddable":true,"href":"https:\/\/www.star-ts.com\/da\/wp-json\/wp\/v2\/pages\/121521"}],"wp:featuredmedia":[{"embeddable":true,"href":"https:\/\/www.star-ts.com\/da\/wp-json\/wp\/v2\/media\/72423"}],"wp:attachment":[{"href":"https:\/\/www.star-ts.com\/da\/wp-json\/wp\/v2\/media?parent=121035"}],"curies":[{"name":"wp","href":"https:\/\/api.w.org\/{rel}","templated":true}]}}