{"id":121017,"date":"2026-01-05T12:25:45","date_gmt":"2026-01-05T12:25:45","guid":{"rendered":"https:\/\/www.star-ts.com\/portuguese-translation\/"},"modified":"2026-01-05T12:36:04","modified_gmt":"2026-01-05T12:36:04","slug":"portuguese-translation","status":"publish","type":"page","link":"https:\/\/www.star-ts.com\/da\/portuguese-translation\/","title":{"rendered":"Portugisiske overs\u00e6ttelsestjenester"},"content":{"rendered":"<div id='full_slider_1'  class='avia-fullwidth-slider main_color avia-shadow av-small-hide av-mini-hide  avia-builder-el-0  el_before_av_one_full  avia-builder-el-first   container_wrap sidebar_right'  ><div  class='avia-slideshow av-k1bz0k8y-d6a10d0fcf52edb7497ca81573baf273 avia-slideshow-featured av_slideshow_full avia-slide-slider av-small-hide av-mini-hide av-slideshow-ui av-control-default av-slideshow-manual av-loop-once av-loop-manual-endless av-default-height-applied   avia-slideshow-1' data-slideshow-options=\"{&quot;animation&quot;:&quot;slide&quot;,&quot;autoplay&quot;:false,&quot;loop_autoplay&quot;:&quot;once&quot;,&quot;interval&quot;:5,&quot;loop_manual&quot;:&quot;manual-endless&quot;,&quot;autoplay_stopper&quot;:false,&quot;noNavigation&quot;:false,&quot;bg_slider&quot;:false,&quot;keep_padding&quot;:false,&quot;hoverpause&quot;:false,&quot;show_slide_delay&quot;:0}\"  itemprop=\"image\" itemscope=\"itemscope\" itemtype=\"https:\/\/schema.org\/ImageObject\" ><ul class='avia-slideshow-inner ' style='padding-bottom: 28.666666666667%;'><li  class='avia-slideshow-slide av-k1bz0k8y-d6a10d0fcf52edb7497ca81573baf273__0  av-single-slide slide-1 slide-odd'><div data-rel='slideshow-1' class='avia-slide-wrap '   ><div class='av-slideshow-caption av-k1bz0k8y-d6a10d0fcf52edb7497ca81573baf273__0 caption_fullwidth caption_center caption_center_framed caption_framed'><div class=\"container caption_container\"><div class=\"slideshow_caption\"><div class=\"slideshow_inner_caption\"><div class=\"slideshow_align_caption\"><h2 class='avia-caption-title '  itemprop=\"name\" >Portugisisk overs\u00e6ttelse<\/h2><div class='avia-caption-content '  itemprop=\"description\" ><p>Engelsk til portugisiske overs\u00e6ttelsestjenester<\/p>\n<\/div><\/div><\/div><\/div><\/div><\/div><img decoding=\"async\" fetchpriority=\"high\" class=\"wp-image-105346 avia-img-lazy-loading-not-105346\"  src=\"https:\/\/www.star-ts.com\/wp-content\/uploads\/2019\/10\/lisbon-4379656_1920-1500x430.jpg\" width=\"1500\" height=\"430\" title='lisbon-4379656_1920' alt=''  itemprop=\"thumbnailUrl\"   \/><\/div><\/li><\/ul><\/div><\/div><div id='after_full_slider_1'  class='main_color av_default_container_wrap container_wrap sidebar_right'  ><div class='container av-section-cont-open' ><div class='template-page content  av-content-small alpha units'><div class='post-entry post-entry-type-page post-entry-121017'><div class='entry-content-wrapper clearfix'>\n\n<style type=\"text\/css\" data-created_by=\"avia_inline_auto\" id=\"style-css-av-wtlix-ca1b1ebab2de92ccaa8bbc7d1625a2f3\">\n.flex_column.av-wtlix-ca1b1ebab2de92ccaa8bbc7d1625a2f3{\nborder-radius:0px 0px 0px 0px;\npadding:0px 0px 0px 0px;\n}\n<\/style>\n<div  class='flex_column av-wtlix-ca1b1ebab2de92ccaa8bbc7d1625a2f3 av_one_full  avia-builder-el-1  el_after_av_slideshow_full  el_before_av_one_third  avia-builder-el-first  first flex_column_div av-zero-column-padding  '     ><section  class='av_textblock_section av-3r4q49-360bed6de8da72e6cc229de8efeda86c '   itemscope=\"itemscope\" itemtype=\"https:\/\/schema.org\/CreativeWork\" ><div class='avia_textblock'  itemprop=\"text\" ><h1>Portugisiske overs\u00e6ttelsestjenester<\/h1>\n<p>Professionel kvalitet Engelsk til portugisisk overs\u00e6ttelsestjenester til Brasilien og Portugal.<\/p>\n<p>Overs\u00e6ttelsestjenester til websteder og dokumenter<\/p>\n<\/div><\/section><\/div>\n<div  class='flex_column av-u2knx5-d5e04fb0e4de8d9d257ed1b15c4788e2 av_one_third  avia-builder-el-3  el_after_av_one_full  el_before_av_two_third  first flex_column_div  column-top-margin'     ><style type=\"text\/css\" data-created_by=\"avia_inline_auto\" id=\"style-css-av-kyn7fphz-baa433d3fe97453f6f0cc9e8a2ee487c\">\n.avia-image-container.av-kyn7fphz-baa433d3fe97453f6f0cc9e8a2ee487c img.avia_image{\nbox-shadow:none;\n}\n.avia-image-container.av-kyn7fphz-baa433d3fe97453f6f0cc9e8a2ee487c .av-image-caption-overlay-center{\ncolor:#ffffff;\n}\n<\/style>\n<div  class='avia-image-container av-kyn7fphz-baa433d3fe97453f6f0cc9e8a2ee487c av-styling- avia-align-center  avia-builder-el-4  avia-builder-el-no-sibling '   itemprop=\"image\" itemscope=\"itemscope\" itemtype=\"https:\/\/schema.org\/ImageObject\" ><div class=\"avia-image-container-inner\"><div class=\"avia-image-overlay-wrap\"><img decoding=\"async\" fetchpriority=\"high\" class='wp-image-66459 avia-img-lazy-loading-not-66459 avia_image ' src=\"https:\/\/www.star-ts.com\/wp-content\/uploads\/2014\/07\/portugal.jpg\" alt='Portugal' title='Portugal'  height=\"300\" width=\"400\"  itemprop=\"thumbnailUrl\" srcset=\"https:\/\/www.star-ts.com\/wp-content\/uploads\/2014\/07\/portugal.jpg 400w, https:\/\/www.star-ts.com\/wp-content\/uploads\/2014\/07\/portugal-80x60.jpg 80w, https:\/\/www.star-ts.com\/wp-content\/uploads\/2014\/07\/portugal-300x225.jpg 300w\" sizes=\"(max-width: 400px) 100vw, 400px\" \/><\/div><\/div><\/div><\/div>\n<div  class='flex_column av-oacit5-023256199d356008d6380f8a5068e3d6 av_two_third  avia-builder-el-5  el_after_av_one_third  el_before_av_one_full  flex_column_div  column-top-margin'     ><section  class='av_textblock_section av-lz09jt-21ed3c532b5ea359e07eeb3625115422 '   itemscope=\"itemscope\" itemtype=\"https:\/\/schema.org\/CreativeWork\" ><div class='avia_textblock'  itemprop=\"text\" ><h3>Portugisisk-talende verden<\/h3>\n<p>Leverer engelsk til europ\u00e6isk portugisisk overs\u00e6ttelse og engelsk til brasiliansk portugisisk overs\u00e6ttelse. Vi er <a href=\"https:\/\/www.star-ts.com\/translation-faq\/what-is-iso-9001-certification\/\">ISO 9001<\/a> og <a href=\"https:\/\/www.star-ts.com\/translation-faq\/what-is-iso17100-certification\/\">ISO 17100<\/a> kvalitetscertificeret. <\/p>\n<h3>Europ\u00e6iske og brasilianske portugisiske overs\u00e6ttelsestjenester<\/h3>\n<p>Hvis du har brug for en portugisisk overs\u00e6tter, kan vi hj\u00e6lpe. Alle vores overs\u00e6ttere er indf\u00f8dte sprogbrugere, der bor i landet. Ved at ans\u00e6tte indf\u00f8dte portugisiske talere med specialiseret overs\u00e6ttelsesekspertise kan vi levere en komplet l\u00f8sning til dig til alle dine flersprogede krav.  <\/p>\n<p>Vi g\u00f8r selv de mest komplekse portugisiske overs\u00e6ttelsesjob lettere for dig. L\u00e6s vores <a href=\"https:\/\/www.star-ts.com\/about\/terms-and-conditions\/quality-process\/\">Kvalitetsproces<\/a><\/p>\n<\/div><\/section><\/div>\n<p><div  class='flex_column av-hod4vt-4eae53b696f90c202b84a43805fdd1dc av_one_full  avia-builder-el-7  el_after_av_two_third  el_before_av_one_full  first flex_column_div  column-top-margin'     ><section  class='av_textblock_section av-gdp6hl-5311c7a381b9d6b4d779508796dd854b '   itemscope=\"itemscope\" itemtype=\"https:\/\/schema.org\/CreativeWork\" ><div class='avia_textblock'  itemprop=\"text\" ><h3>Portugisisk Desktop Publishing<\/h3>\n<h4>Filformater<\/h4>\n<p>STAR kan levere portugisisk overs\u00e6ttelse i stort set alle filformater. Vores teams er eksperter i QuarkXPress, Adobe InDesign og FrameMaker, <abbr title=\"Hypertext Markup Language\">HTML<\/abbr>, <abbr title=\"Extensible Markup Language\">XML<\/abbr>, AutoCAD <abbr title=\"Drawing Exchange Format\">DXF<\/abbr>, Microsoft PowerPoint, Excel, Word<abbr>, og mere<\/abbr>. <\/p>\n<h4>Automotive og teknisk ekspertise<\/h4>\n<p>STAR har arbejdet med kunder som BMW, DaimlerChrysler, Mowag og Tag Heuer i over 20 \u00e5r og har stor erfaring inden for bil- og teknisk ingeni\u00f8rsektor. Vores overs\u00e6ttelsesteams ekspertise leverer de bedste tekniske overs\u00e6ttelser til dine projekter. Dette er en n\u00f8glefaktor i leveringen af kvalitetstjenester til dine kunder.  <\/p>\n<p>L\u00e6s mere om vores tekniske overs\u00e6ttelse til <a href=\"https:\/\/www.star-ts.com\/translation-services\/automotive-industry\/\">Automotive<\/a> industrien og <a href=\"https:\/\/www.star-ts.com\/da\/oversaettelse-til-teknik-og-produktion\/\">Engineering<\/a> sektorerne.<\/p>\n<\/div><\/section><\/div>\n<style type=\"text\/css\" data-created_by=\"avia_inline_auto\" id=\"style-css-av-kysw95-020b9a72006617c88478bf2fea5f6251\">\n.flex_column.av-kysw95-020b9a72006617c88478bf2fea5f6251{\nborder-radius:0px 0px 0px 0px;\npadding:0px 0px 0px 0px;\n}\n<\/style>\n<div  class='flex_column av-kysw95-020b9a72006617c88478bf2fea5f6251 av_one_full  avia-builder-el-9  el_after_av_one_full  el_before_av_one_full  first flex_column_div av-zero-column-padding  column-top-margin'     ><section  class='av_textblock_section av-jjbbux-29064c49f31dc292ab3f62360d22c284 '   itemscope=\"itemscope\" itemtype=\"https:\/\/schema.org\/CreativeWork\" ><div class='avia_textblock'  itemprop=\"text\" ><h3 style=\"text-align: center;\"><strong>Overs\u00e6ttelsestjenester<\/strong><\/h3>\n<p style=\"text-align: center;\"><a href=\"https:\/\/www.star-ts.com\/translation-services\/documents\/health-and-safety\/\">Manualer om sundhed og sikkerhed<\/a><\/p>\n<p style=\"text-align: center;\"><a href=\"https:\/\/www.star-ts.com\/translation-services\/documents\/employee-handbooks\/\">Medarbejderh\u00e5ndb\u00f8ger<\/a><\/p>\n<p style=\"text-align: center;\"><a href=\"https:\/\/www.star-ts.com\/translation-services\/automotive-industry\/\">Automotive dokumenter<\/a><\/p>\n<p style=\"text-align: center;\"><a href=\"https:\/\/www.star-ts.com\/da\/documents\/\">Tekniske publikationer og manualer<\/a><\/p>\n<p style=\"text-align: center;\"><a href=\"https:\/\/www.star-ts.com\/translation-services\/government-translation-services\/\">Dokumenter fra den offentlige sektor<\/a><\/p>\n<p style=\"text-align: center;\"><a href=\"https:\/\/www.star-ts.com\/marketing-services\/marketing-campaigns\/e-commerce\/\">E-handelswebsteder<\/a><\/p>\n<\/div><\/section><\/div><\/p>\n<div  class='flex_column av-jmf1l-428b9533dc0e2e8e7c9d8810176c0342 av_one_full  avia-builder-el-11  el_after_av_one_full  avia-builder-el-last  first flex_column_div  column-top-margin'     ><section  class='av_textblock_section av-htosp-b5d3e9d832907d3ed5e88101924b3810 '   itemscope=\"itemscope\" itemtype=\"https:\/\/schema.org\/CreativeWork\" ><div class='avia_textblock'  itemprop=\"text\" ><div  class='avia-button-wrap avia-button-center  avia-builder-el-13  avia-builder-el-no-sibling '>\n<style type=\"text\/css\" data-created_by=\"avia_inline_auto\" id=\"style-css-av-355m6h-e1bc4efc6c7070a5ba9dc7b0e2b92770\">\n#top #wrap_all .avia-button.av-355m6h-e1bc4efc6c7070a5ba9dc7b0e2b92770:hover{\ncolor:white;\ntransition:all 0.4s ease-in-out;\n}\n#top #wrap_all .avia-button.av-355m6h-e1bc4efc6c7070a5ba9dc7b0e2b92770:hover .avia-svg-icon svg:first-child{\nfill:white;\nstroke:white;\n}\n<\/style>\n<a href='https:\/\/www.star-ts.com\/da\/kontakt\/' class='avia-color-theme-color avia-font-color-theme-color avia-button avia-button-fullwidth av-355m6h-e1bc4efc6c7070a5ba9dc7b0e2b92770 avia-icon_select-no avia-color-theme-color'  title=\"Contact Us\" aria-label=\"Contact Us\"><span class='avia_iconbox_title' >Kontakt os<\/span><span class='avia_button_background avia-button avia-button-fullwidth avia-color-theme-color-highlight'><\/span><\/a><\/div>\n<\/div><\/section><\/div>\n","protected":false},"excerpt":{"rendered":"<p>Hvis du har brug for en portugisisk overs\u00e6tter, kan vi hj\u00e6lpe. Alle vores overs\u00e6ttere er indf\u00f8dte sprogbrugere, der bor i landet. Ved at ans\u00e6tte indf\u00f8dte portugisiske talere med specialiseret overs\u00e6ttelsesekspertise kan vi levere en komplet l\u00f8sning til dig til alle dine flersprogede krav.  <\/p>\n","protected":false},"author":1,"featured_media":66459,"parent":0,"menu_order":21,"comment_status":"closed","ping_status":"closed","template":"","meta":{"footnotes":""},"class_list":["post-121017","page","type-page","status-publish","has-post-thumbnail","hentry"],"_links":{"self":[{"href":"https:\/\/www.star-ts.com\/da\/wp-json\/wp\/v2\/pages\/121017","targetHints":{"allow":["GET"]}}],"collection":[{"href":"https:\/\/www.star-ts.com\/da\/wp-json\/wp\/v2\/pages"}],"about":[{"href":"https:\/\/www.star-ts.com\/da\/wp-json\/wp\/v2\/types\/page"}],"author":[{"embeddable":true,"href":"https:\/\/www.star-ts.com\/da\/wp-json\/wp\/v2\/users\/1"}],"replies":[{"embeddable":true,"href":"https:\/\/www.star-ts.com\/da\/wp-json\/wp\/v2\/comments?post=121017"}],"version-history":[{"count":0,"href":"https:\/\/www.star-ts.com\/da\/wp-json\/wp\/v2\/pages\/121017\/revisions"}],"wp:featuredmedia":[{"embeddable":true,"href":"https:\/\/www.star-ts.com\/da\/wp-json\/wp\/v2\/media\/66459"}],"wp:attachment":[{"href":"https:\/\/www.star-ts.com\/da\/wp-json\/wp\/v2\/media?parent=121017"}],"curies":[{"name":"wp","href":"https:\/\/api.w.org\/{rel}","templated":true}]}}