{"id":118373,"date":"2025-11-05T13:15:49","date_gmt":"2025-11-05T13:15:49","guid":{"rendered":"https:\/\/www.star-ts.com\/oversaettelse-af-indesign\/"},"modified":"2026-01-05T12:37:11","modified_gmt":"2026-01-05T12:37:11","slug":"indesign-translation","status":"publish","type":"page","link":"https:\/\/www.star-ts.com\/da\/indesign-translation\/","title":{"rendered":"Overs\u00e6ttelse af InDesign"},"content":{"rendered":"<div id='full_slider_1'  class='avia-fullwidth-slider main_color avia-shadow av-small-hide av-mini-hide  avia-builder-el-0  el_before_av_one_fourth  avia-builder-el-first   container_wrap sidebar_right'  ><div  class='avia-slideshow av-k0htd4fn-04ceb3e4a363ca6759d6816031123232 avia-slideshow-featured av_slideshow_full avia-slide-slider av-small-hide av-mini-hide av-slideshow-ui av-control-default av-slideshow-manual av-loop-once av-loop-manual-endless av-default-height-applied   avia-slideshow-1' data-slideshow-options=\"{&quot;animation&quot;:&quot;slide&quot;,&quot;autoplay&quot;:false,&quot;loop_autoplay&quot;:&quot;once&quot;,&quot;interval&quot;:5,&quot;loop_manual&quot;:&quot;manual-endless&quot;,&quot;autoplay_stopper&quot;:false,&quot;noNavigation&quot;:false,&quot;bg_slider&quot;:false,&quot;keep_padding&quot;:false,&quot;hoverpause&quot;:false,&quot;show_slide_delay&quot;:0}\"  itemprop=\"image\" itemscope=\"itemscope\" itemtype=\"https:\/\/schema.org\/ImageObject\" ><ul class='avia-slideshow-inner ' style='padding-bottom: 28.666666666667%;'><li  class='avia-slideshow-slide av-k0htd4fn-04ceb3e4a363ca6759d6816031123232__0  av-single-slide slide-1 slide-odd'><div data-rel='slideshow-1' class='avia-slide-wrap '   ><div class='av-slideshow-caption av-k0htd4fn-04ceb3e4a363ca6759d6816031123232__0 caption_fullwidth caption_center caption_center_framed caption_framed'><div class=\"container caption_container\"><div class=\"slideshow_caption\"><div class=\"slideshow_inner_caption\"><div class=\"slideshow_align_caption\"><h2 class='avia-caption-title '  itemprop=\"name\" >Overs\u00e6ttelse af Adobe InDesign<\/h2><div class='avia-caption-content '  itemprop=\"description\" ><p>InDesign og Creative Suite-overs\u00e6ttelsestjenester<\/p>\n<\/div><\/div><\/div><\/div><\/div><\/div><img decoding=\"async\" fetchpriority=\"high\" class=\"wp-image-71953 avia-img-lazy-loading-not-71953\"  src=\"https:\/\/www.star-ts.com\/wp-content\/uploads\/2018\/05\/website-man-sm-1500x430.jpg\" width=\"1500\" height=\"430\" title='Young business man using laptop and digital tablet cityscape background' alt=''  itemprop=\"thumbnailUrl\"   \/><\/div><\/li><\/ul><\/div><\/div><div id='after_full_slider_1'  class='main_color av_default_container_wrap container_wrap sidebar_right'  ><div class='container av-section-cont-open' ><div class='template-page content  av-content-small alpha units'><div class='post-entry post-entry-type-page post-entry-118373'><div class='entry-content-wrapper clearfix'>\n<p>\n<style type=\"text\/css\" data-created_by=\"avia_inline_auto\" id=\"style-css-av-2a3a3h4-66691fb72e2366e3532a9d0c877dd8ef\">\n.flex_column.av-2a3a3h4-66691fb72e2366e3532a9d0c877dd8ef{\nborder-radius:0px 0px 0px 0px;\npadding:0px 0px 0px 0px;\n}\n<\/style>\n<div  class='flex_column av-2a3a3h4-66691fb72e2366e3532a9d0c877dd8ef av_one_fourth  avia-builder-el-1  el_after_av_slideshow_full  el_before_av_three_fourth  avia-builder-el-first  first flex_column_div av-zero-column-padding  '     ><p>\n<style type=\"text\/css\" data-created_by=\"avia_inline_auto\" id=\"style-css-av-1msvheg-3c9c5c8ffab2bc7361fc3422dc2788a8\">\n@keyframes av_boxShadowEffect_av-1msvheg-3c9c5c8ffab2bc7361fc3422dc2788a8 {\n0%   { box-shadow:  0 0 0 0 ; opacity: 1; }\n100% { box-shadow:  0 0 10px 0 ; opacity: 1; }\n}\n.avia-image-container.av-1msvheg-3c9c5c8ffab2bc7361fc3422dc2788a8 img.avia_image{\nbox-shadow: 0 0 10px 0 ;\n}\n.avia-image-container.av-1msvheg-3c9c5c8ffab2bc7361fc3422dc2788a8 .av-image-caption-overlay-center{\ncolor:#ffffff;\n}\n<\/style>\n<div  class='avia-image-container av-1msvheg-3c9c5c8ffab2bc7361fc3422dc2788a8 av-styling- avia-align-center  avia-builder-el-2  el_before_av_textblock  avia-builder-el-first  av-img-box-shadow av-box-shadow-not-animated'   itemprop=\"image\" itemscope=\"itemscope\" itemtype=\"https:\/\/schema.org\/ImageObject\" ><div class=\"avia-image-container-inner\"><div class=\"avia-image-overlay-wrap\"><img decoding=\"async\" fetchpriority=\"high\" class='wp-image-104746 avia-img-lazy-loading-not-104746 avia_image shadow-not-animated' src=\"https:\/\/www.star-ts.com\/wp-content\/uploads\/2019\/09\/indesign-2.png\" alt='Adobe InDesign Logo. Adobe InDesign Translation Services.' title='Adobe InDesign Logo. Adobe InDesign Translation Services.'  height=\"202\" width=\"204\"  itemprop=\"thumbnailUrl\" srcset=\"https:\/\/www.star-ts.com\/wp-content\/uploads\/2019\/09\/indesign-2.png 204w, https:\/\/www.star-ts.com\/wp-content\/uploads\/2019\/09\/indesign-2-80x80.png 80w, https:\/\/www.star-ts.com\/wp-content\/uploads\/2019\/09\/indesign-2-36x36.png 36w\" sizes=\"(max-width: 204px) 100vw, 204px\" \/><\/div><\/div><\/div><br \/>\n<section  class='av_textblock_section av-19wlnvc-234d2223b3425224e0c348506bbf4b79 '   itemscope=\"itemscope\" itemtype=\"https:\/\/schema.org\/CreativeWork\" ><div class='avia_textblock'  itemprop=\"text\" ><div  class='avia-button-wrap avia-button-center  avia-builder-el-4  avia-builder-el-no-sibling '>\n<style type=\"text\/css\" data-created_by=\"avia_inline_auto\" id=\"style-css-av-t900jc-f9646113af5992f812bd12b51491cef1\">\n#top #wrap_all .avia-button.av-t900jc-f9646113af5992f812bd12b51491cef1:hover{\ncolor:white;\ntransition:all 0.4s ease-in-out;\n}\n#top #wrap_all .avia-button.av-t900jc-f9646113af5992f812bd12b51491cef1:hover .avia-svg-icon svg:first-child{\nfill:white;\nstroke:white;\n}\n<\/style>\n<a href='https:\/\/www.star-ts.com\/da\/kontakt\/' class='avia-color-theme-color avia-font-color-theme-color avia-button avia-button-fullwidth av-t900jc-f9646113af5992f812bd12b51491cef1 avia-icon_select-no avia-color-theme-color'  title=\"Contact Us\" aria-label=\"Contact Us\"><span class='avia_iconbox_title' >Kontakt os<\/span><span class='avia_button_background avia-button avia-button-fullwidth avia-color-theme-color-highlight'><\/span><\/a><\/div>\n<\/div><\/section><\/p><\/div>\n<style type=\"text\/css\" data-created_by=\"avia_inline_auto\" id=\"style-css-av-19z1jg8-bec1d66ad28576f5d9c4c8e83a3ec044\">\n.flex_column.av-19z1jg8-bec1d66ad28576f5d9c4c8e83a3ec044{\nborder-radius:0px 0px 0px 0px;\npadding:0px 0px 0px 0px;\n}\n<\/style>\n<div  class='flex_column av-19z1jg8-bec1d66ad28576f5d9c4c8e83a3ec044 av_three_fourth  avia-builder-el-5  el_after_av_one_fourth  el_before_av_one_full  flex_column_div av-zero-column-padding  '     ><section  class='av_textblock_section av-sc0lmg-b8667a3bb80d1b1316ce5cab858181b6 '   itemscope=\"itemscope\" itemtype=\"https:\/\/schema.org\/CreativeWork\" ><div class='avia_textblock'  itemprop=\"text\" ><h1>InDesign-overs\u00e6ttelsestjenester<\/h1>\n<p><a href=\"https:\/\/www.adobe.com\/us\/products\/indesign.html\" target=\"_blank\" rel=\"noopener\">Adobe InDesign<\/a> er verdens f\u00f8rende inden for flersproget dokumentoprettelse. Hvis du designer manualer, brochurer, datablade eller flyers, har det kraften og fleksibiliteten til at levere fantastiske resultater. <\/p>\n<p>InDesign er aktiveret til at underst\u00f8tte globale skrifttyper og tekstretning og er ideel til internationale publikationer.<\/p>\n<p>Hvis du har brug for en InDesign-overs\u00e6tter, er du det rette sted. Vi har stor erfaring med InDesign. Vi overs\u00e6tter InDesign-dokumenter dagligt til alle sprog, du kan forestille dig. Vi arbejder p\u00e5 europ\u00e6iske sprog som fransk, tysk og italiensk til mere komplekse scriptsprog som arabisk, thai, kinesisk og koreansk.   <\/p>\n<p>Vores teams arbejder med mange versioner af InDesign. Vi arbejder med Creative Suite og desktopversioner af InDesign. Hvis du ikke er sikker p\u00e5, hvilken version du har, kan du sp\u00f8rge vores team. Vi fort\u00e6ller dig <a href=\"https:\/\/www.star-ts.com\/da\/faster-translation-whitepaper\/\">den bedste proces til at f\u00e5 den oversat<\/a>.<\/p>\n<\/div><\/section><\/div>\n<style type=\"text\/css\" data-created_by=\"avia_inline_auto\" id=\"style-css-av-1a2m52w-b83f1c54d951f0392c0aa285ebdb339e\">\n.flex_column.av-1a2m52w-b83f1c54d951f0392c0aa285ebdb339e{\nborder-radius:0px 0px 0px 0px;\npadding:0px 0px 0px 0px;\n}\n<\/style>\n<div  class='flex_column av-1a2m52w-b83f1c54d951f0392c0aa285ebdb339e av_one_full  avia-builder-el-7  el_after_av_three_fourth  el_before_av_one_full  first flex_column_div av-zero-column-padding  column-top-margin'     ><section  class='av_textblock_section av-k0rzllxw-42687d21481d6a04d691a1e1bbd3fbe9 '   itemscope=\"itemscope\" itemtype=\"https:\/\/schema.org\/CreativeWork\" ><div class='avia_textblock'  itemprop=\"text\" ><h2>Dokumentstruktur-beskyttelse<\/h2>\n<p>Vores InDesign-overs\u00e6ttelsesarbejdsgang g\u00f8r det muligt for os at arbejde med dine InDesign-filer og beskytte dine dokumentlayouter og -strukturer. Det, du f\u00e5r tilbage, er en n\u00f8jagtig kopi af det, du sender os p\u00e5 det nye sprog. Vi kan endda levere trykklare PDF-formater til dig, hvis du har brug for dem.  <\/p>\n<p>Vi arbejder direkte med .IDML-filer, hvilket fjerner alt klippe- og inds\u00e6tningsarbejde for dig.<\/p>\n<p>Vores redigeringssystem Transit NXT g\u00f8r det muligt for vores overs\u00e6ttere at arbejde direkte p\u00e5 IDML, samtidig med at dokumentformatet og -strukturen beskyttes.<\/p>\n<\/div><\/section><\/div>\n<style type=\"text\/css\" data-created_by=\"avia_inline_auto\" id=\"style-css-av-151fxp4-e9bc2857fcce791a3061669fbc050ee5\">\n.flex_column.av-151fxp4-e9bc2857fcce791a3061669fbc050ee5{\nborder-radius:0px 0px 0px 0px;\npadding:0px 0px 0px 0px;\n}\n<\/style>\n<div  class='flex_column av-151fxp4-e9bc2857fcce791a3061669fbc050ee5 av_one_full  avia-builder-el-9  el_after_av_one_full  el_before_av_one_full  first flex_column_div av-zero-column-padding  column-top-margin'     ><div  class='avia-video av-mi8wlxqo-d46c041abc5d437355644820b9e6dd5b avia-video-16-9 av-html5-fullscreen-btn av-no-preview-image avia-video-load-always av-lazyload-immediate av-lazyload-video-embed'  itemprop=\"video\" itemtype=\"https:\/\/schema.org\/VideoObject\"  data-original_url='https:\/\/www.youtube.com\/watch?v=mNg37lZVyPA'><script type='text\/html' class='av-video-tmpl'><div class='avia-iframe-wrap'><iframe title=\"InDesign Services for Translation\" width=\"1500\" height=\"844\" src=\"https:\/\/www.youtube.com\/embed\/mNg37lZVyPA?feature=oembed&autoplay=1&loop=1&controls=0&mute=1&playlist=mNg37lZVyPA\" frameborder=\"0\" allow=\"accelerometer; autoplay; clipboard-write; encrypted-media; gyroscope; picture-in-picture; web-share\" referrerpolicy=\"strict-origin-when-cross-origin\" allowfullscreen><\/iframe><\/div><\/script><div class='av-click-to-play-overlay'><div class=\"avia_playpause_icon\"><\/div><\/div><\/div><\/div>\n<style type=\"text\/css\" data-created_by=\"avia_inline_auto\" id=\"style-css-av-wy2e8o-d00c8526bfbba508f575e1e411730e2e\">\n.flex_column.av-wy2e8o-d00c8526bfbba508f575e1e411730e2e{\nborder-radius:0px 0px 0px 0px;\npadding:0px 0px 0px 0px;\n}\n<\/style>\n<div  class='flex_column av-wy2e8o-d00c8526bfbba508f575e1e411730e2e av_one_full  avia-builder-el-11  el_after_av_one_full  avia-builder-el-last  first flex_column_div av-zero-column-padding  column-top-margin'     ><section  class='av_textblock_section av-mi8wz059-16108927c359848f4bebbfa60403e4ef '   itemscope=\"itemscope\" itemtype=\"https:\/\/schema.org\/CreativeWork\" ><div class='avia_textblock'  itemprop=\"text\" ><h2>Desktop Publishing-tjenester til Adobe InDesign<\/h2>\n<p>Efter overs\u00e6ttelse og korrekturl\u00e6sning kan vi udf\u00f8re det endelige layout og desktop publishing for dig. Overs\u00e6ttelse er typisk l\u00e6ngere p\u00e5 andre sprog, s\u00e5 dit layout vil kr\u00e6ve nogle justeringer og rettelser efter overs\u00e6ttelsen. Vores teams kan udf\u00f8re <a href=\"https:\/\/www.star-ts.com\/services\/desktop-publishing-dtp\/\">desktop publishing (DTP)<\/a> efter overs\u00e6ttelsen for dig p\u00e5 enten Mac eller PC. Vi har erfarne teams p\u00e5 sprog som arabisk, s\u00e5 du ved, at du f\u00e5r rene, klar-til-brug-filer.   <\/p>\n<p>Outline-skrifttyper: Hvis du har brug for outlinede billeder eller skrifttyper, kan vi producere dem til dine printere.<\/p>\n<h2>InDesign-overs\u00e6ttelse og sprogsupport<\/h2>\n<p>Med 50 globale kontorer underst\u00f8tter vi over 200 sprog. Vi kan guide dig gennem processen og give dig <a href=\"https:\/\/www.star-ts.com\/da\/faster-translation-whitepaper\/\">r\u00e5dgivning om bedste praksis<\/a> om, hvordan du bedst forbereder dine dokumenter til overs\u00e6ttelse.<\/p>\n<\/div><\/section><\/div><\/p>\n","protected":false},"excerpt":{"rendered":"<p>STAR leverer overs\u00e6ttelsestjenester til Adobe InDesign, der underst\u00f8tter 200 sprog. Vi arbejder direkte med .IDML-filer og kan returnere trykklare filer til dig p\u00e5 alle sprog. Ring til os i dag for et tilbud p\u00e5 dit InDesign-overs\u00e6ttelsesprojekt. +353 1 8365614<\/p>\n","protected":false},"author":1,"featured_media":104746,"parent":0,"menu_order":0,"comment_status":"closed","ping_status":"closed","template":"","meta":{"footnotes":""},"class_list":["post-118373","page","type-page","status-publish","has-post-thumbnail","hentry"],"_links":{"self":[{"href":"https:\/\/www.star-ts.com\/da\/wp-json\/wp\/v2\/pages\/118373","targetHints":{"allow":["GET"]}}],"collection":[{"href":"https:\/\/www.star-ts.com\/da\/wp-json\/wp\/v2\/pages"}],"about":[{"href":"https:\/\/www.star-ts.com\/da\/wp-json\/wp\/v2\/types\/page"}],"author":[{"embeddable":true,"href":"https:\/\/www.star-ts.com\/da\/wp-json\/wp\/v2\/users\/1"}],"replies":[{"embeddable":true,"href":"https:\/\/www.star-ts.com\/da\/wp-json\/wp\/v2\/comments?post=118373"}],"version-history":[{"count":0,"href":"https:\/\/www.star-ts.com\/da\/wp-json\/wp\/v2\/pages\/118373\/revisions"}],"wp:featuredmedia":[{"embeddable":true,"href":"https:\/\/www.star-ts.com\/da\/wp-json\/wp\/v2\/media\/104746"}],"wp:attachment":[{"href":"https:\/\/www.star-ts.com\/da\/wp-json\/wp\/v2\/media?parent=118373"}],"curies":[{"name":"wp","href":"https:\/\/api.w.org\/{rel}","templated":true}]}}